{"id":6962,"date":"2024-03-06T18:09:00","date_gmt":"2024-03-06T18:09:00","guid":{"rendered":"https:\/\/picockpit.com\/raspberry-pi\/?page_id=6962"},"modified":"2024-03-19T07:52:49","modified_gmt":"2024-03-19T07:52:49","slug":"video-streaming-app","status":"publish","type":"page","link":"https:\/\/picockpit.com\/raspberry-pi\/de\/video-streaming-applikation\/","title":{"rendered":"Video-Streaming-App"},"content":{"rendered":"<figure class=\"wp-block-image size-full\"><img loading=\"lazy\" decoding=\"async\" width=\"1024\" height=\"322\" src=\"https:\/\/picockpit.com\/raspberry-pi\/wp-content\/uploads\/2024\/03\/Video-Streaming-App-PiCockpit.jpg\" alt=\"Video Streaming App Titelbild\" class=\"wp-image-6963\" srcset=\"https:\/\/picockpit.com\/raspberry-pi\/wp-content\/uploads\/2024\/03\/Video-Streaming-App-PiCockpit.jpg 1024w, https:\/\/picockpit.com\/raspberry-pi\/wp-content\/uploads\/2024\/03\/Video-Streaming-App-PiCockpit-300x94.jpg 300w, https:\/\/picockpit.com\/raspberry-pi\/wp-content\/uploads\/2024\/03\/Video-Streaming-App-PiCockpit-768x242.jpg 768w, https:\/\/picockpit.com\/raspberry-pi\/wp-content\/uploads\/2024\/03\/Video-Streaming-App-PiCockpit-18x6.jpg 18w, https:\/\/picockpit.com\/raspberry-pi\/wp-content\/uploads\/2024\/03\/Video-Streaming-App-PiCockpit-24x8.jpg 24w, https:\/\/picockpit.com\/raspberry-pi\/wp-content\/uploads\/2024\/03\/Video-Streaming-App-PiCockpit-36x11.jpg 36w, https:\/\/picockpit.com\/raspberry-pi\/wp-content\/uploads\/2024\/03\/Video-Streaming-App-PiCockpit-48x15.jpg 48w\" sizes=\"auto, (max-width: 1024px) 100vw, 1024px\" \/><\/figure>\n\n\n\n<p>Mit der PiCockpit Video Streaming App k\u00f6nnen Sie von \u00fcberall auf der Welt einen Live-Feed Ihrer Raspberry Pi Kamera abrufen. Alles was Sie brauchen ist eine Internetverbindung.<\/p>\n\n\n\n<h2 class=\"wp-block-heading\">Installation und Einrichtung<\/h2>\n\n\n\n<p>Vergewissern Sie sich zun\u00e4chst, dass Sie bereits <a href=\"https:\/\/picockpit.com\/raspberry-pi\/installation-of-picockpit\/\">PiCockpit auf Ihrem Raspberry Pi installiert<\/a>.<\/p>\n\n\n\n<p>Schalten Sie Ihren Raspberry Pi aus und schlie\u00dfen Sie die Kamera an.<\/p>\n\n\n\n<p>Die Video-Streaming-App funktioniert mit Kameras, die an den CSI- (oder MIPI-) Ports angeschlossen sind, und mit Kameras, die an den USB-Port angeschlossen sind.<\/p>\n\n\n\n<p><\/p>\n\n\n<div class=\"wp-block-image\">\n<figure class=\"aligncenter size-large is-resized\"><img loading=\"lazy\" decoding=\"async\" width=\"1024\" height=\"533\" src=\"https:\/\/picockpit.com\/raspberry-pi\/wp-content\/uploads\/2024\/03\/photo_2024-03-05_11-03-07-1024x533.png\" alt=\"\" class=\"wp-image-6958\" style=\"width:475px\" srcset=\"https:\/\/picockpit.com\/raspberry-pi\/wp-content\/uploads\/2024\/03\/photo_2024-03-05_11-03-07-1024x533.png 1024w, https:\/\/picockpit.com\/raspberry-pi\/wp-content\/uploads\/2024\/03\/photo_2024-03-05_11-03-07-300x156.png 300w, https:\/\/picockpit.com\/raspberry-pi\/wp-content\/uploads\/2024\/03\/photo_2024-03-05_11-03-07-768x400.png 768w, https:\/\/picockpit.com\/raspberry-pi\/wp-content\/uploads\/2024\/03\/photo_2024-03-05_11-03-07-18x9.png 18w, https:\/\/picockpit.com\/raspberry-pi\/wp-content\/uploads\/2024\/03\/photo_2024-03-05_11-03-07-24x12.png 24w, https:\/\/picockpit.com\/raspberry-pi\/wp-content\/uploads\/2024\/03\/photo_2024-03-05_11-03-07-36x19.png 36w, https:\/\/picockpit.com\/raspberry-pi\/wp-content\/uploads\/2024\/03\/photo_2024-03-05_11-03-07-48x25.png 48w, https:\/\/picockpit.com\/raspberry-pi\/wp-content\/uploads\/2024\/03\/photo_2024-03-05_11-03-07.png 1266w\" sizes=\"auto, (max-width: 1024px) 100vw, 1024px\" \/><\/figure>\n<\/div>\n\n\n<p><\/p>\n\n\n\n<p>Nachdem Sie die Kamera eingesteckt haben, k\u00f6nnen Sie Ihren Raspberry Pi wieder einschalten.<\/p>\n\n\n\n<p>Navigieren Sie nun zur Raspberry Pi Video Streaming App und Sie sollten sehen, dass der Live-Feed auf der Weboberfl\u00e4che angezeigt wird.<\/p>\n\n\n\n<p><\/p>\n\n\n<div class=\"wp-block-image\">\n<figure class=\"aligncenter size-large is-resized\"><img loading=\"lazy\" decoding=\"async\" width=\"1024\" height=\"551\" src=\"https:\/\/picockpit.com\/raspberry-pi\/wp-content\/uploads\/2024\/03\/PiCockpit-Camera-1024x551.png\" alt=\"\" class=\"wp-image-6957\" style=\"width:475px\" srcset=\"https:\/\/picockpit.com\/raspberry-pi\/wp-content\/uploads\/2024\/03\/PiCockpit-Camera-1024x551.png 1024w, https:\/\/picockpit.com\/raspberry-pi\/wp-content\/uploads\/2024\/03\/PiCockpit-Camera-300x162.png 300w, https:\/\/picockpit.com\/raspberry-pi\/wp-content\/uploads\/2024\/03\/PiCockpit-Camera-768x414.png 768w, https:\/\/picockpit.com\/raspberry-pi\/wp-content\/uploads\/2024\/03\/PiCockpit-Camera-1536x827.png 1536w, https:\/\/picockpit.com\/raspberry-pi\/wp-content\/uploads\/2024\/03\/PiCockpit-Camera-18x10.png 18w, https:\/\/picockpit.com\/raspberry-pi\/wp-content\/uploads\/2024\/03\/PiCockpit-Camera-24x13.png 24w, https:\/\/picockpit.com\/raspberry-pi\/wp-content\/uploads\/2024\/03\/PiCockpit-Camera-36x19.png 36w, https:\/\/picockpit.com\/raspberry-pi\/wp-content\/uploads\/2024\/03\/PiCockpit-Camera-48x26.png 48w, https:\/\/picockpit.com\/raspberry-pi\/wp-content\/uploads\/2024\/03\/PiCockpit-Camera.png 1907w\" sizes=\"auto, (max-width: 1024px) 100vw, 1024px\" \/><\/figure>\n<\/div>\n\n\n<p><\/p>\n\n\n\n<p>Auf dem Bildschirm werden sowohl der Name der Kamera als auch die Live-\u00dcbertragung angezeigt.<\/p>\n\n\n\n<h2 class=\"wp-block-heading\">Mehrere Kameras<\/h2>\n\n\n\n<p>Wenn Sie mehr als eine Kamera angeschlossen haben, k\u00f6nnen Sie ausw\u00e4hlen, welches Bild angezeigt werden soll. Klicken Sie dazu einfach auf die Anzeige, die Sie sehen m\u00f6chten, und die vergr\u00f6\u00dferte Darstellung wird angezeigt.<\/p>\n\n\n\n<p><\/p>\n\n\n\n<figure class=\"wp-block-image size-large\"><img loading=\"lazy\" decoding=\"async\" width=\"1024\" height=\"510\" src=\"https:\/\/picockpit.com\/raspberry-pi\/wp-content\/uploads\/2024\/03\/image-1024x510.png\" alt=\"\" class=\"wp-image-6970\" srcset=\"https:\/\/picockpit.com\/raspberry-pi\/wp-content\/uploads\/2024\/03\/image-1024x510.png 1024w, https:\/\/picockpit.com\/raspberry-pi\/wp-content\/uploads\/2024\/03\/image-300x149.png 300w, https:\/\/picockpit.com\/raspberry-pi\/wp-content\/uploads\/2024\/03\/image-768x382.png 768w, https:\/\/picockpit.com\/raspberry-pi\/wp-content\/uploads\/2024\/03\/image-1536x764.png 1536w, https:\/\/picockpit.com\/raspberry-pi\/wp-content\/uploads\/2024\/03\/image-18x9.png 18w, https:\/\/picockpit.com\/raspberry-pi\/wp-content\/uploads\/2024\/03\/image-24x12.png 24w, https:\/\/picockpit.com\/raspberry-pi\/wp-content\/uploads\/2024\/03\/image-36x18.png 36w, https:\/\/picockpit.com\/raspberry-pi\/wp-content\/uploads\/2024\/03\/image-48x24.png 48w, https:\/\/picockpit.com\/raspberry-pi\/wp-content\/uploads\/2024\/03\/image.png 1917w\" sizes=\"auto, (max-width: 1024px) 100vw, 1024px\" \/><\/figure>\n\n\n\n<p><\/p>\n\n\n\n<h2 class=\"wp-block-heading\">Kostenlose vs. Pro-Pl\u00e4ne<\/h2>\n\n\n\n<p>Wenn Sie einen kostenlosen Plan haben, bietet die App Zugang zu 30 Minuten Videostreaming \u00fcber verschiedene Kameras pro Tag. <\/p>\n\n\n\n<p>Wenn Sie also zwei Kameras haben, ist Ihr Live-Feed auf 15 Minuten pro Tag beschr\u00e4nkt.<\/p>\n\n\n\n<p>Mit dem Pro-Plan k\u00f6nnen Sie unbegrenztes Videostreaming \u00fcber eine unbegrenzte Anzahl von Kameras genie\u00dfen.<\/p>\n\n\n\n<h2 class=\"wp-block-heading\">Sicherheit und Verschl\u00fcsselung<\/h2>\n\n\n\n<p>Unsere Video-Streaming-App basiert auf WebRTC, wodurch die Nutzer auf Echtzeitkommunikation im Browser zugreifen k\u00f6nnen. <\/p>\n\n\n\n<p>WebRTC verwendet drei Spezifikationen f\u00fcr seine Verschl\u00fcsselung: Secure Real-Time Protocol (SRTP), sicherer Schl\u00fcsselaustausch und sichere Signalisierung.<\/p>\n\n\n\n<p>Dar\u00fcber hinaus verwenden wir einen TURNS-Server, wobei das \"S\" f\u00fcr sicher steht, \u00e4hnlich wie bei HTTPS, um das gleiche Ma\u00df an Sicherheit zu gew\u00e4hrleisten.<\/p>\n\n\n\n<h2 class=\"wp-block-heading\">Schlussfolgerung<\/h2>\n\n\n\n<p>Wenn Sie Fragen haben oder auf Probleme sto\u00dfen, z\u00f6gern Sie nicht, uns zu kontaktieren, und wir werden Ihnen helfen, die Video Streaming App zum Laufen zu bringen!<\/p>\n<div class=\"shariff shariff-align-center shariff-widget-align-left shariff-buttonstretch\"><ul class=\"shariff-buttons theme-white orientation-horizontal buttonsize-medium\"><li class=\"shariff-button twitter shariff-nocustomcolor\" style=\"background-color:#595959\"><a href=\"https:\/\/twitter.com\/share?url=https%3A%2F%2Fpicockpit.com%2Fraspberry-pi%2Fde%2Fvideo-streaming-applikation%2F&text=Video%20Streaming%20App\" title=\"Bei X teilen\" aria-label=\"Bei X teilen\" role=\"button\" rel=\"noopener nofollow\" class=\"shariff-link\" style=\"; background-color:#000; color:#000\" target=\"_blank\"><span class=\"shariff-icon\" style=\"fill:#000\"><svg width=\"32px\" height=\"20px\" xmlns=\"http:\/\/www.w3.org\/2000\/svg\" viewbox=\"0 0 24 24\"><path fill=\"#000\" d=\"M14.258 10.152L23.176 0h-2.113l-7.747 8.813L7.133 0H0l9.352 13.328L0 23.973h2.113l8.176-9.309 6.531 9.309h7.133zm-2.895 3.293l-.949-1.328L2.875 1.56h3.246l6.086 8.523.945 1.328 7.91 11.078h-3.246zm0 0\"\/><\/svg><\/span><span class=\"shariff-text\" style=\"color:#000\">teilen<\/span>&nbsp;<\/a><\/li><li class=\"shariff-button facebook shariff-nocustomcolor\" style=\"background-color:#4273c8\"><a href=\"https:\/\/www.facebook.com\/sharer\/sharer.php?u=https%3A%2F%2Fpicockpit.com%2Fraspberry-pi%2Fde%2Fvideo-streaming-applikation%2F\" title=\"Bei Facebook teilen\" aria-label=\"Bei Facebook teilen\" role=\"button\" rel=\"nofollow\" class=\"shariff-link\" style=\"; background-color:#3b5998; color:#3b5998\" target=\"_blank\"><span class=\"shariff-icon\" style=\"fill:#3b5998\"><svg width=\"32px\" height=\"20px\" xmlns=\"http:\/\/www.w3.org\/2000\/svg\" viewbox=\"0 0 18 32\"><path fill=\"#3b5998\" d=\"M17.1 0.2v4.7h-2.8q-1.5 0-2.1 0.6t-0.5 1.9v3.4h5.2l-0.7 5.3h-4.5v13.6h-5.5v-13.6h-4.5v-5.3h4.5v-3.9q0-3.3 1.9-5.2t5-1.8q2.6 0 4.1 0.2z\"\/><\/svg><\/span><span class=\"shariff-text\" style=\"color:#3b5998\">teilen<\/span>&nbsp;<\/a><\/li><li class=\"shariff-button telegram shariff-nocustomcolor\" style=\"background-color:#4084A6\"><a href=\"https:\/\/telegram.me\/share\/url?url=https%3A%2F%2Fpicockpit.com%2Fraspberry-pi%2Fde%2Fvideo-streaming-applikation%2F&text=Video%20Streaming%20App\" title=\"Bei Telegram teilen\" aria-label=\"Bei Telegram teilen\" role=\"button\" rel=\"noopener nofollow\" class=\"shariff-link\" style=\"; background-color:#0088cc; color:#0088cc\" target=\"_blank\"><span class=\"shariff-icon\" style=\"fill:#0088cc\"><svg width=\"32px\" height=\"20px\" xmlns=\"http:\/\/www.w3.org\/2000\/svg\" viewbox=\"0 0 32 32\"><path fill=\"#0088cc\" d=\"M30.8 6.5l-4.5 21.4c-.3 1.5-1.2 1.9-2.5 1.2L16.9 24l-3.3 3.2c-.4.4-.7.7-1.4.7l.5-7L25.5 9.2c.6-.5-.1-.8-.9-.3l-15.8 10L2 16.7c-1.5-.5-1.5-1.5.3-2.2L28.9 4.3c1.3-.5 2.3.3 1.9 2.2z\"\/><\/svg><\/span><span class=\"shariff-text\" style=\"color:#0088cc\">teilen<\/span>&nbsp;<\/a><\/li><li class=\"shariff-button reddit shariff-nocustomcolor\" style=\"background-color:#ff5700\"><a href=\"https:\/\/www.reddit.com\/submit?url=https%3A%2F%2Fpicockpit.com%2Fraspberry-pi%2Fde%2Fvideo-streaming-applikation%2F\" title=\"Bei Reddit teilen\" aria-label=\"Bei Reddit teilen\" role=\"button\" rel=\"noopener nofollow\" class=\"shariff-link\" style=\"; background-color:#ff4500; color:#ff4500\" target=\"_blank\"><span class=\"shariff-icon\" style=\"fill:#ff4500\"><svg xmlns=\"http:\/\/www.w3.org\/2000\/svg\" viewbox=\"0 0 512 512\"><path fill=\"#ff4500\" d=\"M440.3 203.5c-15 0-28.2 6.2-37.9 15.9-35.7-24.7-83.8-40.6-137.1-42.3L293 52.3l88.2 19.8c0 21.6 17.6 39.2 39.2 39.2 22 0 39.7-18.1 39.7-39.7s-17.6-39.7-39.7-39.7c-15.4 0-28.7 9.3-35.3 22l-97.4-21.6c-4.9-1.3-9.7 2.2-11 7.1L246.3 177c-52.9 2.2-100.5 18.1-136.3 42.8-9.7-10.1-23.4-16.3-38.4-16.3-55.6 0-73.8 74.6-22.9 100.1-1.8 7.9-2.6 16.3-2.6 24.7 0 83.8 94.4 151.7 210.3 151.7 116.4 0 210.8-67.9 210.8-151.7 0-8.4-.9-17.2-3.1-25.1 49.9-25.6 31.5-99.7-23.8-99.7zM129.4 308.9c0-22 17.6-39.7 39.7-39.7 21.6 0 39.2 17.6 39.2 39.7 0 21.6-17.6 39.2-39.2 39.2-22 .1-39.7-17.6-39.7-39.2zm214.3 93.5c-36.4 36.4-139.1 36.4-175.5 0-4-3.5-4-9.7 0-13.7 3.5-3.5 9.7-3.5 13.2 0 27.8 28.5 120 29 149 0 3.5-3.5 9.7-3.5 13.2 0 4.1 4 4.1 10.2.1 13.7zm-.8-54.2c-21.6 0-39.2-17.6-39.2-39.2 0-22 17.6-39.7 39.2-39.7 22 0 39.7 17.6 39.7 39.7-.1 21.5-17.7 39.2-39.7 39.2z\"\/><\/svg><\/span><span class=\"shariff-text\" style=\"color:#ff4500\">teilen<\/span>&nbsp;<\/a><\/li><\/ul><\/div>","protected":false},"excerpt":{"rendered":"<p>Mit der PiCockpit Video Streaming App k\u00f6nnen Sie von \u00fcberall auf der Welt einen Live-Feed Ihrer Raspberry Pi Kamera abrufen. Alles was Sie dazu ben\u00f6tigen ist eine Internetverbindung. Installation und Einrichtung Stellen Sie zun\u00e4chst sicher, dass Sie PiCockpit bereits auf Ihrem Raspberry Pi installiert haben. Schalten Sie Ihren Raspberry Pi aus und schlie\u00dfen Sie die Kamera an. Die...<\/p>","protected":false},"author":2,"featured_media":6963,"parent":0,"menu_order":0,"comment_status":"closed","ping_status":"closed","template":"","meta":{"footnotes":""},"class_list":["post-6962","page","type-page","status-publish","has-post-thumbnail","hentry"],"yoast_head":"<!-- This site is optimized with the Yoast SEO plugin v27.6 - https:\/\/yoast.com\/product\/yoast-seo-wordpress\/ -->\n<title>Video Streaming App | PiCockpit<\/title>\n<meta name=\"description\" content=\"This page has the documentation for the PiCockpit Video Streaming App, which enables users to stream video from their Raspberry Pi.\" \/>\n<meta name=\"robots\" content=\"index, follow, max-snippet:-1, max-image-preview:large, max-video-preview:-1\" \/>\n<link rel=\"canonical\" href=\"https:\/\/picockpit.com\/raspberry-pi\/de\/video-streaming-applikation\/\" \/>\n<meta property=\"og:locale\" content=\"de_DE\" \/>\n<meta property=\"og:type\" content=\"article\" \/>\n<meta property=\"og:title\" content=\"Video Streaming App | PiCockpit\" \/>\n<meta property=\"og:description\" content=\"This page has the documentation for the PiCockpit Video Streaming App, which enables users to stream video from their Raspberry Pi.\" \/>\n<meta property=\"og:url\" content=\"https:\/\/picockpit.com\/raspberry-pi\/de\/video-streaming-applikation\/\" \/>\n<meta property=\"og:site_name\" content=\"PiCockpit\" \/>\n<meta property=\"article:publisher\" content=\"https:\/\/www.facebook.com\/pi3gshop\" \/>\n<meta property=\"article:modified_time\" content=\"2024-03-19T07:52:49+00:00\" \/>\n<meta property=\"og:image\" content=\"https:\/\/picockpit.com\/raspberry-pi\/wp-content\/uploads\/2024\/03\/Video-Streaming-App-PiCockpit.jpg\" \/>\n\t<meta property=\"og:image:width\" content=\"1024\" \/>\n\t<meta property=\"og:image:height\" content=\"322\" \/>\n\t<meta property=\"og:image:type\" content=\"image\/jpeg\" \/>\n<meta name=\"twitter:card\" content=\"summary_large_image\" \/>\n<meta name=\"twitter:site\" content=\"@pi3g\" \/>\n<meta name=\"twitter:label1\" content=\"Gesch\u00e4tzte Lesezeit\" \/>\n\t<meta name=\"twitter:data1\" content=\"3\u00a0Minuten\" \/>\n<script type=\"application\/ld+json\" class=\"yoast-schema-graph\">{\"@context\":\"https:\\\/\\\/schema.org\",\"@graph\":[{\"@type\":\"WebPage\",\"@id\":\"https:\\\/\\\/picockpit.com\\\/raspberry-pi\\\/video-streaming-app\\\/\",\"url\":\"https:\\\/\\\/picockpit.com\\\/raspberry-pi\\\/video-streaming-app\\\/\",\"name\":\"Video Streaming App | PiCockpit\",\"isPartOf\":{\"@id\":\"https:\\\/\\\/picockpit.com\\\/raspberry-pi\\\/#website\"},\"primaryImageOfPage\":{\"@id\":\"https:\\\/\\\/picockpit.com\\\/raspberry-pi\\\/video-streaming-app\\\/#primaryimage\"},\"image\":{\"@id\":\"https:\\\/\\\/picockpit.com\\\/raspberry-pi\\\/video-streaming-app\\\/#primaryimage\"},\"thumbnailUrl\":\"https:\\\/\\\/picockpit.com\\\/raspberry-pi\\\/wp-content\\\/uploads\\\/2024\\\/03\\\/Video-Streaming-App-PiCockpit.jpg\",\"datePublished\":\"2024-03-06T18:09:00+00:00\",\"dateModified\":\"2024-03-19T07:52:49+00:00\",\"description\":\"This page has the documentation for the PiCockpit Video Streaming App, which enables users to stream video from their Raspberry Pi.\",\"breadcrumb\":{\"@id\":\"https:\\\/\\\/picockpit.com\\\/raspberry-pi\\\/video-streaming-app\\\/#breadcrumb\"},\"inLanguage\":\"de\",\"potentialAction\":[{\"@type\":\"ReadAction\",\"target\":[\"https:\\\/\\\/picockpit.com\\\/raspberry-pi\\\/video-streaming-app\\\/\"]}]},{\"@type\":\"ImageObject\",\"inLanguage\":\"de\",\"@id\":\"https:\\\/\\\/picockpit.com\\\/raspberry-pi\\\/video-streaming-app\\\/#primaryimage\",\"url\":\"https:\\\/\\\/picockpit.com\\\/raspberry-pi\\\/wp-content\\\/uploads\\\/2024\\\/03\\\/Video-Streaming-App-PiCockpit.jpg\",\"contentUrl\":\"https:\\\/\\\/picockpit.com\\\/raspberry-pi\\\/wp-content\\\/uploads\\\/2024\\\/03\\\/Video-Streaming-App-PiCockpit.jpg\",\"width\":1024,\"height\":322,\"caption\":\"Video Streaming App Title Image\"},{\"@type\":\"BreadcrumbList\",\"@id\":\"https:\\\/\\\/picockpit.com\\\/raspberry-pi\\\/video-streaming-app\\\/#breadcrumb\",\"itemListElement\":[{\"@type\":\"ListItem\",\"position\":1,\"name\":\"Home\",\"item\":\"https:\\\/\\\/picockpit.com\\\/raspberry-pi\\\/\"},{\"@type\":\"ListItem\",\"position\":2,\"name\":\"Video Streaming App\"}]},{\"@type\":\"WebSite\",\"@id\":\"https:\\\/\\\/picockpit.com\\\/raspberry-pi\\\/#website\",\"url\":\"https:\\\/\\\/picockpit.com\\\/raspberry-pi\\\/\",\"name\":\"PiCockpit\",\"description\":\"\",\"publisher\":{\"@id\":\"https:\\\/\\\/picockpit.com\\\/raspberry-pi\\\/#organization\"},\"potentialAction\":[{\"@type\":\"SearchAction\",\"target\":{\"@type\":\"EntryPoint\",\"urlTemplate\":\"https:\\\/\\\/picockpit.com\\\/raspberry-pi\\\/?s={search_term_string}\"},\"query-input\":{\"@type\":\"PropertyValueSpecification\",\"valueRequired\":true,\"valueName\":\"search_term_string\"}}],\"inLanguage\":\"de\"},{\"@type\":\"Organization\",\"@id\":\"https:\\\/\\\/picockpit.com\\\/raspberry-pi\\\/#organization\",\"name\":\"PiCockpit.com\",\"url\":\"https:\\\/\\\/picockpit.com\\\/raspberry-pi\\\/\",\"logo\":{\"@type\":\"ImageObject\",\"inLanguage\":\"de\",\"@id\":\"https:\\\/\\\/picockpit.com\\\/raspberry-pi\\\/#\\\/schema\\\/logo\\\/image\\\/\",\"url\":\"https:\\\/\\\/picockpit.com\\\/raspberry-pi\\\/wp-content\\\/uploads\\\/2023\\\/07\\\/Screenshot-from-2023-07-24-15-01-24.png\",\"contentUrl\":\"https:\\\/\\\/picockpit.com\\\/raspberry-pi\\\/wp-content\\\/uploads\\\/2023\\\/07\\\/Screenshot-from-2023-07-24-15-01-24.png\",\"width\":1165,\"height\":283,\"caption\":\"PiCockpit.com\"},\"image\":{\"@id\":\"https:\\\/\\\/picockpit.com\\\/raspberry-pi\\\/#\\\/schema\\\/logo\\\/image\\\/\"},\"sameAs\":[\"https:\\\/\\\/www.facebook.com\\\/pi3gshop\",\"https:\\\/\\\/x.com\\\/pi3g\"]}]}<\/script>\n<!-- \/ Yoast SEO plugin. -->","yoast_head_json":{"title":"Video-Streaming-Anwendung | PiCockpit","description":"Auf dieser Seite finden Sie die Dokumentation f\u00fcr die PiCockpit Video Streaming App, die es Benutzern erm\u00f6glicht, Videos von ihrem Raspberry Pi zu streamen.","robots":{"index":"index","follow":"follow","max-snippet":"max-snippet:-1","max-image-preview":"max-image-preview:large","max-video-preview":"max-video-preview:-1"},"canonical":"https:\/\/picockpit.com\/raspberry-pi\/de\/video-streaming-applikation\/","og_locale":"de_DE","og_type":"article","og_title":"Video Streaming App | PiCockpit","og_description":"This page has the documentation for the PiCockpit Video Streaming App, which enables users to stream video from their Raspberry Pi.","og_url":"https:\/\/picockpit.com\/raspberry-pi\/de\/video-streaming-applikation\/","og_site_name":"PiCockpit","article_publisher":"https:\/\/www.facebook.com\/pi3gshop","article_modified_time":"2024-03-19T07:52:49+00:00","og_image":[{"width":1024,"height":322,"url":"https:\/\/picockpit.com\/raspberry-pi\/wp-content\/uploads\/2024\/03\/Video-Streaming-App-PiCockpit.jpg","type":"image\/jpeg"}],"twitter_card":"summary_large_image","twitter_site":"@pi3g","twitter_misc":{"Gesch\u00e4tzte Lesezeit":"3\u00a0Minuten"},"schema":{"@context":"https:\/\/schema.org","@graph":[{"@type":"WebPage","@id":"https:\/\/picockpit.com\/raspberry-pi\/video-streaming-app\/","url":"https:\/\/picockpit.com\/raspberry-pi\/video-streaming-app\/","name":"Video-Streaming-Anwendung | PiCockpit","isPartOf":{"@id":"https:\/\/picockpit.com\/raspberry-pi\/#website"},"primaryImageOfPage":{"@id":"https:\/\/picockpit.com\/raspberry-pi\/video-streaming-app\/#primaryimage"},"image":{"@id":"https:\/\/picockpit.com\/raspberry-pi\/video-streaming-app\/#primaryimage"},"thumbnailUrl":"https:\/\/picockpit.com\/raspberry-pi\/wp-content\/uploads\/2024\/03\/Video-Streaming-App-PiCockpit.jpg","datePublished":"2024-03-06T18:09:00+00:00","dateModified":"2024-03-19T07:52:49+00:00","description":"Auf dieser Seite finden Sie die Dokumentation f\u00fcr die PiCockpit Video Streaming App, die es Benutzern erm\u00f6glicht, Videos von ihrem Raspberry Pi zu streamen.","breadcrumb":{"@id":"https:\/\/picockpit.com\/raspberry-pi\/video-streaming-app\/#breadcrumb"},"inLanguage":"de","potentialAction":[{"@type":"ReadAction","target":["https:\/\/picockpit.com\/raspberry-pi\/video-streaming-app\/"]}]},{"@type":"ImageObject","inLanguage":"de","@id":"https:\/\/picockpit.com\/raspberry-pi\/video-streaming-app\/#primaryimage","url":"https:\/\/picockpit.com\/raspberry-pi\/wp-content\/uploads\/2024\/03\/Video-Streaming-App-PiCockpit.jpg","contentUrl":"https:\/\/picockpit.com\/raspberry-pi\/wp-content\/uploads\/2024\/03\/Video-Streaming-App-PiCockpit.jpg","width":1024,"height":322,"caption":"Video Streaming App Title Image"},{"@type":"BreadcrumbList","@id":"https:\/\/picockpit.com\/raspberry-pi\/video-streaming-app\/#breadcrumb","itemListElement":[{"@type":"ListItem","position":1,"name":"Home","item":"https:\/\/picockpit.com\/raspberry-pi\/"},{"@type":"ListItem","position":2,"name":"Video Streaming App"}]},{"@type":"WebSite","@id":"https:\/\/picockpit.com\/raspberry-pi\/#website","url":"https:\/\/picockpit.com\/raspberry-pi\/","name":"PiCockpit","description":"","publisher":{"@id":"https:\/\/picockpit.com\/raspberry-pi\/#organization"},"potentialAction":[{"@type":"SearchAction","target":{"@type":"EntryPoint","urlTemplate":"https:\/\/picockpit.com\/raspberry-pi\/?s={search_term_string}"},"query-input":{"@type":"PropertyValueSpecification","valueRequired":true,"valueName":"search_term_string"}}],"inLanguage":"de"},{"@type":"Organization","@id":"https:\/\/picockpit.com\/raspberry-pi\/#organization","name":"PiCockpit.de","url":"https:\/\/picockpit.com\/raspberry-pi\/","logo":{"@type":"ImageObject","inLanguage":"de","@id":"https:\/\/picockpit.com\/raspberry-pi\/#\/schema\/logo\/image\/","url":"https:\/\/picockpit.com\/raspberry-pi\/wp-content\/uploads\/2023\/07\/Screenshot-from-2023-07-24-15-01-24.png","contentUrl":"https:\/\/picockpit.com\/raspberry-pi\/wp-content\/uploads\/2023\/07\/Screenshot-from-2023-07-24-15-01-24.png","width":1165,"height":283,"caption":"PiCockpit.com"},"image":{"@id":"https:\/\/picockpit.com\/raspberry-pi\/#\/schema\/logo\/image\/"},"sameAs":["https:\/\/www.facebook.com\/pi3gshop","https:\/\/x.com\/pi3g"]}]}},"_links":{"self":[{"href":"https:\/\/picockpit.com\/raspberry-pi\/de\/wp-json\/wp\/v2\/pages\/6962","targetHints":{"allow":["GET"]}}],"collection":[{"href":"https:\/\/picockpit.com\/raspberry-pi\/de\/wp-json\/wp\/v2\/pages"}],"about":[{"href":"https:\/\/picockpit.com\/raspberry-pi\/de\/wp-json\/wp\/v2\/types\/page"}],"author":[{"embeddable":true,"href":"https:\/\/picockpit.com\/raspberry-pi\/de\/wp-json\/wp\/v2\/users\/2"}],"replies":[{"embeddable":true,"href":"https:\/\/picockpit.com\/raspberry-pi\/de\/wp-json\/wp\/v2\/comments?post=6962"}],"version-history":[{"count":4,"href":"https:\/\/picockpit.com\/raspberry-pi\/de\/wp-json\/wp\/v2\/pages\/6962\/revisions"}],"predecessor-version":[{"id":7049,"href":"https:\/\/picockpit.com\/raspberry-pi\/de\/wp-json\/wp\/v2\/pages\/6962\/revisions\/7049"}],"wp:featuredmedia":[{"embeddable":true,"href":"https:\/\/picockpit.com\/raspberry-pi\/de\/wp-json\/wp\/v2\/media\/6963"}],"wp:attachment":[{"href":"https:\/\/picockpit.com\/raspberry-pi\/de\/wp-json\/wp\/v2\/media?parent=6962"}],"curies":[{"name":"wp","href":"https:\/\/api.w.org\/{rel}","templated":true}]}}