{"id":60,"date":"2020-11-08T11:49:56","date_gmt":"2020-11-08T11:49:56","guid":{"rendered":"https:\/\/picockpit.com\/raspberry-pi\/?page_id=60"},"modified":"2024-04-04T13:19:39","modified_gmt":"2024-04-04T13:19:39","slug":"picockpit-terms-of-service","status":"publish","type":"page","link":"https:\/\/picockpit.com\/raspberry-pi\/es\/terminos-de-servicio-de-picockpit\/","title":{"rendered":"Condiciones de servicio de PiCockpit"},"content":{"rendered":"<h2 class=\"wp-block-heading\"><strong>Condiciones de uso<\/strong><\/h2>\n\n\n\n<p>Las presentes Condiciones de servicio regulan el uso del sitio web www.picockpit.com (\"Sitio\"), gestionado por pi3g GmbH &amp; Co. KG (\"pi3g\", \"nosotros\", \"nuestro\" o \"nos\"). Al acceder o utilizar el Sitio, usted acepta quedar vinculado por las presentes Condiciones. Si no acepta estas Condiciones, no podr\u00e1 acceder al Sitio ni utilizarlo.<\/p>\n\n\n\n<p>Estas Condiciones de servicio tambi\u00e9n se aplican a cualquier uso del Cliente PiCockpit y del servicio PiCockpit en general.<\/p>\n\n\n\n<p>Las Condiciones de servicio oficiales est\u00e1n redactadas y presentadas en ingl\u00e9s. No nos hacemos responsables de los errores de traducci\u00f3n.<\/p>\n\n\n\n<ol class=\"wp-block-list\">\n<li>Aceptaci\u00f3n de las condiciones<\/li>\n<\/ol>\n\n\n\n<p>Al utilizar el servicio prestado en el Sitio, usted acepta someterse a los siguientes t\u00e9rminos y condiciones. Estas Condiciones del servicio, junto con cualquier formulario de pedido aplicable, constituyen el entendimiento y acuerdo \u00edntegro y exclusivo entre pi3g y usted en relaci\u00f3n con el servicio, y estas Condiciones del servicio sustituyen y reemplazan todos y cada uno de los entendimientos o acuerdos orales o escritos anteriores entre pi3g y usted en relaci\u00f3n con el servicio.<\/p>\n\n\n\n<ol class=\"wp-block-list\" start=\"2\">\n<li>Modificaci\u00f3n<\/li>\n<\/ol>\n\n\n\n<p>Nos reservamos el derecho a modificar estas Condiciones del servicio en cualquier momento, a nuestra entera discreci\u00f3n. Es importante que revise las Condiciones del servicio cada vez que las modifiquemos, ya que si contin\u00faa utilizando el servicio despu\u00e9s de que hayamos publicado en el Sitio las Condiciones del servicio modificadas, nos est\u00e1 indicando que acepta quedar vinculado por las Condiciones modificadas. Si no acepta quedar vinculado por las Condiciones del servicio modificadas, no podr\u00e1 utilizar nuestro servicio.<\/p>\n\n\n\n<ol class=\"wp-block-list\" start=\"3\">\n<li>Posibilidad de aceptar las condiciones<\/li>\n<\/ol>\n\n\n\n<p>El Sitio est\u00e1 destinado a personas mayores de trece (13) a\u00f1os. Usted debe tener 13 a\u00f1os o m\u00e1s para utilizar el servicio. S\u00f3lo los seres humanos pueden utilizar el servicio, que s\u00f3lo podr\u00e1 utilizar si crea una cuenta (\"Cuenta\"). No permitimos que bots u otras herramientas de automatizaci\u00f3n registren Cuentas, y registrar una Cuenta de esta manera est\u00e1 prohibido. Debe proporcionar la informaci\u00f3n que necesitamos para completar su registro de una Cuenta, incluido su nombre, una direcci\u00f3n de correo electr\u00f3nico v\u00e1lida y cualquier otra informaci\u00f3n que le solicitemos durante el proceso de registro.<\/p>\n\n\n\n<ol class=\"wp-block-list\" start=\"4\">\n<li>Uso de contenidos<\/li>\n<\/ol>\n\n\n\n<p>El Contenido del Sitio se le proporciona \u00fanicamente para su informaci\u00f3n y uso personal y no podr\u00e1 ser utilizado, modificado, copiado, distribuido, transmitido, difundido, mostrado, vendido, licenciado, descompilado o explotado de cualquier otro modo para cualquier otro fin sin nuestro consentimiento previo por escrito.<\/p>\n\n\n\n<ol class=\"wp-block-list\" start=\"5\">\n<li>Derechos de propiedad intelectual<\/li>\n<\/ol>\n\n\n\n<p>Todo el contenido del Sitio, incluidos los textos, documentos, art\u00edculos, folletos, descripciones, productos, software, gr\u00e1ficos, fotos, sonidos, v\u00eddeos, funciones interactivas y servicios, son propiedad de pi3g y\/o sus licenciantes y pueden estar protegidos por derechos de autor u otras leyes y tratados de propiedad intelectual aplicables. PiCockpit est\u00e1 protegido por derechos de autor. Todos los derechos reservados. Queda prohibido el uso, reproducci\u00f3n o distribuci\u00f3n no autorizados de PiCockpit o sus componentes.<\/p>\n\n\n\n<ol class=\"wp-block-list\" start=\"6\">\n<li>Pago<\/li>\n<\/ol>\n\n\n\n<p>El pago de un plan de pago (PiCockpit Pro y PiCockpit Pro Plus) se realiza a trav\u00e9s de sistemas de pago en l\u00ednea operados por terceros, como Stripe, que podemos utilizar para el procesamiento de pagos.<\/p>\n\n\n\n<ol class=\"wp-block-list\" start=\"7\">\n<li>Limitaci\u00f3n de responsabilidad<\/li>\n<\/ol>\n\n\n\n<p>En la m\u00e1xima medida permitida por la ley, pi3g no ser\u00e1 responsable de ning\u00fan da\u00f1o directo, indirecto, ejemplar, especial, consecuente o incidental de ning\u00fan tipo, ni de ninguna p\u00e9rdida de datos, ingresos, beneficios o reputaci\u00f3n, que surja en virtud de estas Condiciones de servicio o como consecuencia de su uso o imposibilidad de uso del Sitio.<\/p>\n\n\n\n<ol class=\"wp-block-list\" start=\"8\">\n<li>Garant\u00eda<\/li>\n<\/ol>\n\n\n\n<p>PiCockpit se proporciona \"tal cual\", sin garant\u00eda de ning\u00fan tipo, expresa o impl\u00edcita. No garantizamos que el servicio sea ininterrumpido, est\u00e9 libre de errores o libre de fallos de seguridad o ataques.<\/p>\n\n\n\n<ol class=\"wp-block-list\" start=\"9\">\n<li>Reembolsos<\/li>\n<\/ol>\n\n\n\n<p>Ofrecemos reembolsos dentro de los 30 d\u00edas siguientes a la compra inicial de un PiCockpit Pro o un plan de pago PiCockpit Pro Plus. Para solicitar un reembolso, p\u00f3ngase en contacto con nosotros en <a href=\"mailto:info@picockpit.com\">info@picockpit.com<\/a>.<\/p>\n\n\n\n<ol class=\"wp-block-list\" start=\"10\">\n<li>Pol\u00edtica de precios<\/li>\n<\/ol>\n\n\n\n<p>Los precios actuales est\u00e1n disponibles en <a href=\"https:\/\/picockpit.com\/raspberry-pi\/picockpit-pricing\/\">https:\/\/picockpit.com\/raspberry-pi\/picockpit-pricing\/<\/a>. Nos reservamos el derecho de ajustar el precio con un mes de preaviso a los usuarios existentes.<\/p>\n\n\n\n<ol class=\"wp-block-list\" start=\"11\">\n<li>Anulaci\u00f3n<\/li>\n<\/ol>\n\n\n\n<p>Los usuarios pueden cancelar sus cuentas en cualquier momento. Una vez cancelada, sus datos ser\u00e1n eliminados de nuestros sistemas.<\/p>\n\n\n\n<p>Sin embargo, una vez transcurrido el plazo de 30 d\u00edas tras la compra inicial, cualquier cancelaci\u00f3n no dar\u00e1 lugar a reembolso, incluido el del per\u00edodo de pago en curso.<\/p>\n\n\n\n<ol class=\"wp-block-list\" start=\"12\">\n<li>General<\/li>\n<\/ol>\n\n\n\n<p>Pi3g se reserva el derecho a interrumpir o modificar cualquier aspecto del servicio PiCockpit en cualquier momento, incluyendo el sitio, el cliente y cualquier otro elemento de PiCockpit. Si alguna disposici\u00f3n de estas Condiciones es considerada inv\u00e1lida por un tribunal de jurisdicci\u00f3n competente, la invalidez de dicha disposici\u00f3n no afectar\u00e1 a la validez de las restantes disposiciones de estas Condiciones del servicio, que permanecer\u00e1n en pleno vigor y efecto.<\/p>\n\n\n\n<hr class=\"wp-block-separator has-alpha-channel-opacity\"\/>\n\n\n\n<h3 class=\"wp-block-heading\">El servicio es prestado por:<\/h3>\n\n\n\n<p> pi3g GmbH &amp; Co. KG<br> Zschochersche Allee 1<br> 04207 Leipzig<br>Alemania <\/p>\n\n\n\n<h3 class=\"wp-block-heading\">Contacte con<\/h3>\n\n\n\n<p>Por favor,&nbsp;<a href=\"https:\/\/pi3g.com\/kontakt\/\">contacto con nosotros<\/a>&nbsp;en caso de preguntas.<\/p>\n<div class=\"shariff shariff-align-center shariff-widget-align-left shariff-buttonstretch\"><ul class=\"shariff-buttons theme-white orientation-horizontal buttonsize-medium\"><li class=\"shariff-button twitter shariff-nocustomcolor\" style=\"background-color:#595959\"><a href=\"https:\/\/twitter.com\/share?url=https%3A%2F%2Fpicockpit.com%2Fraspberry-pi%2Fes%2Fterminos-de-servicio-de-picockpit%2F&text=PiCockpit%20Terms%20of%20Service\" title=\"Compartir en X\" aria-label=\"Compartir en X\" role=\"button\" rel=\"noopener nofollow\" class=\"shariff-link\" style=\"; background-color:#000; color:#000\" target=\"_blank\"><span class=\"shariff-icon\" style=\"fill:#000\"><svg width=\"32px\" height=\"20px\" xmlns=\"http:\/\/www.w3.org\/2000\/svg\" viewbox=\"0 0 24 24\"><path fill=\"#000\" d=\"M14.258 10.152L23.176 0h-2.113l-7.747 8.813L7.133 0H0l9.352 13.328L0 23.973h2.113l8.176-9.309 6.531 9.309h7.133zm-2.895 3.293l-.949-1.328L2.875 1.56h3.246l6.086 8.523.945 1.328 7.91 11.078h-3.246zm0 0\"\/><\/svg><\/span><span class=\"shariff-text\" style=\"color:#000\">compartir<\/span>&nbsp;<\/a><\/li><li class=\"shariff-button facebook shariff-nocustomcolor\" style=\"background-color:#4273c8\"><a href=\"https:\/\/www.facebook.com\/sharer\/sharer.php?u=https%3A%2F%2Fpicockpit.com%2Fraspberry-pi%2Fes%2Fterminos-de-servicio-de-picockpit%2F\" title=\"Compartir en Facebook\" aria-label=\"Compartir en Facebook\" role=\"button\" rel=\"nofollow\" class=\"shariff-link\" style=\"; background-color:#3b5998; color:#3b5998\" target=\"_blank\"><span class=\"shariff-icon\" style=\"fill:#3b5998\"><svg width=\"32px\" height=\"20px\" xmlns=\"http:\/\/www.w3.org\/2000\/svg\" viewbox=\"0 0 18 32\"><path fill=\"#3b5998\" d=\"M17.1 0.2v4.7h-2.8q-1.5 0-2.1 0.6t-0.5 1.9v3.4h5.2l-0.7 5.3h-4.5v13.6h-5.5v-13.6h-4.5v-5.3h4.5v-3.9q0-3.3 1.9-5.2t5-1.8q2.6 0 4.1 0.2z\"\/><\/svg><\/span><span class=\"shariff-text\" style=\"color:#3b5998\">compartir<\/span>&nbsp;<\/a><\/li><li class=\"shariff-button telegram shariff-nocustomcolor\" style=\"background-color:#4084A6\"><a href=\"https:\/\/telegram.me\/share\/url?url=https%3A%2F%2Fpicockpit.com%2Fraspberry-pi%2Fes%2Fterminos-de-servicio-de-picockpit%2F&text=PiCockpit%20Terms%20of%20Service\" title=\"Compartir en Telegram\" aria-label=\"Compartir en Telegram\" role=\"button\" rel=\"noopener nofollow\" class=\"shariff-link\" style=\"; background-color:#0088cc; color:#0088cc\" target=\"_blank\"><span class=\"shariff-icon\" style=\"fill:#0088cc\"><svg width=\"32px\" height=\"20px\" xmlns=\"http:\/\/www.w3.org\/2000\/svg\" viewbox=\"0 0 32 32\"><path fill=\"#0088cc\" d=\"M30.8 6.5l-4.5 21.4c-.3 1.5-1.2 1.9-2.5 1.2L16.9 24l-3.3 3.2c-.4.4-.7.7-1.4.7l.5-7L25.5 9.2c.6-.5-.1-.8-.9-.3l-15.8 10L2 16.7c-1.5-.5-1.5-1.5.3-2.2L28.9 4.3c1.3-.5 2.3.3 1.9 2.2z\"\/><\/svg><\/span><span class=\"shariff-text\" style=\"color:#0088cc\">compartir<\/span>&nbsp;<\/a><\/li><li class=\"shariff-button reddit shariff-nocustomcolor\" style=\"background-color:#ff5700\"><a href=\"https:\/\/www.reddit.com\/submit?url=https%3A%2F%2Fpicockpit.com%2Fraspberry-pi%2Fes%2Fterminos-de-servicio-de-picockpit%2F\" title=\"Compartir en Reddit\" aria-label=\"Compartir en Reddit\" role=\"button\" rel=\"noopener nofollow\" class=\"shariff-link\" style=\"; background-color:#ff4500; color:#ff4500\" target=\"_blank\"><span class=\"shariff-icon\" style=\"fill:#ff4500\"><svg xmlns=\"http:\/\/www.w3.org\/2000\/svg\" viewbox=\"0 0 512 512\"><path fill=\"#ff4500\" d=\"M440.3 203.5c-15 0-28.2 6.2-37.9 15.9-35.7-24.7-83.8-40.6-137.1-42.3L293 52.3l88.2 19.8c0 21.6 17.6 39.2 39.2 39.2 22 0 39.7-18.1 39.7-39.7s-17.6-39.7-39.7-39.7c-15.4 0-28.7 9.3-35.3 22l-97.4-21.6c-4.9-1.3-9.7 2.2-11 7.1L246.3 177c-52.9 2.2-100.5 18.1-136.3 42.8-9.7-10.1-23.4-16.3-38.4-16.3-55.6 0-73.8 74.6-22.9 100.1-1.8 7.9-2.6 16.3-2.6 24.7 0 83.8 94.4 151.7 210.3 151.7 116.4 0 210.8-67.9 210.8-151.7 0-8.4-.9-17.2-3.1-25.1 49.9-25.6 31.5-99.7-23.8-99.7zM129.4 308.9c0-22 17.6-39.7 39.7-39.7 21.6 0 39.2 17.6 39.2 39.7 0 21.6-17.6 39.2-39.2 39.2-22 .1-39.7-17.6-39.7-39.2zm214.3 93.5c-36.4 36.4-139.1 36.4-175.5 0-4-3.5-4-9.7 0-13.7 3.5-3.5 9.7-3.5 13.2 0 27.8 28.5 120 29 149 0 3.5-3.5 9.7-3.5 13.2 0 4.1 4 4.1 10.2.1 13.7zm-.8-54.2c-21.6 0-39.2-17.6-39.2-39.2 0-22 17.6-39.7 39.2-39.7 22 0 39.7 17.6 39.7 39.7-.1 21.5-17.7 39.2-39.7 39.2z\"\/><\/svg><\/span><span class=\"shariff-text\" style=\"color:#ff4500\">compartir<\/span>&nbsp;<\/a><\/li><\/ul><\/div>","protected":false},"excerpt":{"rendered":"<p>Condiciones de servicio Las presentes Condiciones de servicio regulan el uso del sitio web www.picockpit.com (\"Sitio\") gestionado por pi3g GmbH &amp; Co. KG (\"pi3g\", \"nosotros\", \"nuestro\" o \"nos\"). Al acceder o utilizar el Sitio, usted acepta quedar vinculado por las presentes Condiciones. Si no acepta estas Condiciones, no podr\u00e1 acceder ni utilizar...<\/p>","protected":false},"author":2,"featured_media":0,"parent":0,"menu_order":0,"comment_status":"closed","ping_status":"closed","template":"tpl-sidebar.php","meta":{"footnotes":""},"class_list":["post-60","page","type-page","status-publish","hentry"],"yoast_head":"<!-- This site is optimized with the Yoast SEO plugin v27.5 - https:\/\/yoast.com\/product\/yoast-seo-wordpress\/ -->\n<title>PiCockpit Terms of Service | PiCockpit<\/title>\n<meta name=\"description\" content=\"This page provides PiCockpit&#039;s Terms of Service, which apply to both the website and the client, as well as PiCockpit more generally.\" \/>\n<meta name=\"robots\" content=\"index, follow, max-snippet:-1, max-image-preview:large, max-video-preview:-1\" \/>\n<link rel=\"canonical\" href=\"https:\/\/picockpit.com\/raspberry-pi\/es\/terminos-de-servicio-de-picockpit\/\" \/>\n<meta property=\"og:locale\" content=\"es_ES\" \/>\n<meta property=\"og:type\" content=\"article\" \/>\n<meta property=\"og:title\" content=\"PiCockpit Terms of Service | PiCockpit\" \/>\n<meta property=\"og:description\" content=\"This page provides PiCockpit&#039;s Terms of Service, which apply to both the website and the client, as well as PiCockpit more generally.\" \/>\n<meta property=\"og:url\" content=\"https:\/\/picockpit.com\/raspberry-pi\/es\/terminos-de-servicio-de-picockpit\/\" \/>\n<meta property=\"og:site_name\" content=\"PiCockpit\" \/>\n<meta property=\"article:publisher\" content=\"https:\/\/www.facebook.com\/pi3gshop\" \/>\n<meta property=\"article:modified_time\" content=\"2024-04-04T13:19:39+00:00\" \/>\n<meta property=\"og:image\" content=\"https:\/\/picockpit.com\/raspberry-pi\/wp-content\/uploads\/2023\/07\/Screenshot-from-2023-07-24-15-01-24.png\" \/>\n\t<meta property=\"og:image:width\" content=\"1165\" \/>\n\t<meta property=\"og:image:height\" content=\"283\" \/>\n\t<meta property=\"og:image:type\" content=\"image\/png\" \/>\n<meta name=\"twitter:card\" content=\"summary_large_image\" \/>\n<meta name=\"twitter:site\" content=\"@pi3g\" \/>\n<meta name=\"twitter:label1\" content=\"Tiempo de lectura\" \/>\n\t<meta name=\"twitter:data1\" content=\"4 minutos\" \/>\n<script type=\"application\/ld+json\" class=\"yoast-schema-graph\">{\"@context\":\"https:\\\/\\\/schema.org\",\"@graph\":[{\"@type\":\"WebPage\",\"@id\":\"https:\\\/\\\/picockpit.com\\\/raspberry-pi\\\/picockpit-terms-of-service\\\/\",\"url\":\"https:\\\/\\\/picockpit.com\\\/raspberry-pi\\\/picockpit-terms-of-service\\\/\",\"name\":\"PiCockpit Terms of Service | PiCockpit\",\"isPartOf\":{\"@id\":\"https:\\\/\\\/picockpit.com\\\/raspberry-pi\\\/#website\"},\"datePublished\":\"2020-11-08T11:49:56+00:00\",\"dateModified\":\"2024-04-04T13:19:39+00:00\",\"description\":\"This page provides PiCockpit's Terms of Service, which apply to both the website and the client, as well as PiCockpit more generally.\",\"breadcrumb\":{\"@id\":\"https:\\\/\\\/picockpit.com\\\/raspberry-pi\\\/picockpit-terms-of-service\\\/#breadcrumb\"},\"inLanguage\":\"es\",\"potentialAction\":[{\"@type\":\"ReadAction\",\"target\":[\"https:\\\/\\\/picockpit.com\\\/raspberry-pi\\\/picockpit-terms-of-service\\\/\"]}]},{\"@type\":\"BreadcrumbList\",\"@id\":\"https:\\\/\\\/picockpit.com\\\/raspberry-pi\\\/picockpit-terms-of-service\\\/#breadcrumb\",\"itemListElement\":[{\"@type\":\"ListItem\",\"position\":1,\"name\":\"Home\",\"item\":\"https:\\\/\\\/picockpit.com\\\/raspberry-pi\\\/\"},{\"@type\":\"ListItem\",\"position\":2,\"name\":\"PiCockpit Terms of Service\"}]},{\"@type\":\"WebSite\",\"@id\":\"https:\\\/\\\/picockpit.com\\\/raspberry-pi\\\/#website\",\"url\":\"https:\\\/\\\/picockpit.com\\\/raspberry-pi\\\/\",\"name\":\"PiCockpit\",\"description\":\"\",\"publisher\":{\"@id\":\"https:\\\/\\\/picockpit.com\\\/raspberry-pi\\\/#organization\"},\"potentialAction\":[{\"@type\":\"SearchAction\",\"target\":{\"@type\":\"EntryPoint\",\"urlTemplate\":\"https:\\\/\\\/picockpit.com\\\/raspberry-pi\\\/?s={search_term_string}\"},\"query-input\":{\"@type\":\"PropertyValueSpecification\",\"valueRequired\":true,\"valueName\":\"search_term_string\"}}],\"inLanguage\":\"es\"},{\"@type\":\"Organization\",\"@id\":\"https:\\\/\\\/picockpit.com\\\/raspberry-pi\\\/#organization\",\"name\":\"PiCockpit.com\",\"url\":\"https:\\\/\\\/picockpit.com\\\/raspberry-pi\\\/\",\"logo\":{\"@type\":\"ImageObject\",\"inLanguage\":\"es\",\"@id\":\"https:\\\/\\\/picockpit.com\\\/raspberry-pi\\\/#\\\/schema\\\/logo\\\/image\\\/\",\"url\":\"https:\\\/\\\/picockpit.com\\\/raspberry-pi\\\/wp-content\\\/uploads\\\/2023\\\/07\\\/Screenshot-from-2023-07-24-15-01-24.png\",\"contentUrl\":\"https:\\\/\\\/picockpit.com\\\/raspberry-pi\\\/wp-content\\\/uploads\\\/2023\\\/07\\\/Screenshot-from-2023-07-24-15-01-24.png\",\"width\":1165,\"height\":283,\"caption\":\"PiCockpit.com\"},\"image\":{\"@id\":\"https:\\\/\\\/picockpit.com\\\/raspberry-pi\\\/#\\\/schema\\\/logo\\\/image\\\/\"},\"sameAs\":[\"https:\\\/\\\/www.facebook.com\\\/pi3gshop\",\"https:\\\/\\\/x.com\\\/pi3g\"]}]}<\/script>\n<!-- \/ Yoast SEO plugin. -->","yoast_head_json":{"title":"Condiciones de servicio de PiCockpit | PiCockpit","description":"Esta p\u00e1gina contiene las Condiciones de servicio de PiCockpit, que se aplican tanto al sitio web como al cliente, as\u00ed como a PiCockpit en general.","robots":{"index":"index","follow":"follow","max-snippet":"max-snippet:-1","max-image-preview":"max-image-preview:large","max-video-preview":"max-video-preview:-1"},"canonical":"https:\/\/picockpit.com\/raspberry-pi\/es\/terminos-de-servicio-de-picockpit\/","og_locale":"es_ES","og_type":"article","og_title":"PiCockpit Terms of Service | PiCockpit","og_description":"This page provides PiCockpit's Terms of Service, which apply to both the website and the client, as well as PiCockpit more generally.","og_url":"https:\/\/picockpit.com\/raspberry-pi\/es\/terminos-de-servicio-de-picockpit\/","og_site_name":"PiCockpit","article_publisher":"https:\/\/www.facebook.com\/pi3gshop","article_modified_time":"2024-04-04T13:19:39+00:00","og_image":[{"width":1165,"height":283,"url":"https:\/\/picockpit.com\/raspberry-pi\/wp-content\/uploads\/2023\/07\/Screenshot-from-2023-07-24-15-01-24.png","type":"image\/png"}],"twitter_card":"summary_large_image","twitter_site":"@pi3g","twitter_misc":{"Tiempo de lectura":"4 minutos"},"schema":{"@context":"https:\/\/schema.org","@graph":[{"@type":"WebPage","@id":"https:\/\/picockpit.com\/raspberry-pi\/picockpit-terms-of-service\/","url":"https:\/\/picockpit.com\/raspberry-pi\/picockpit-terms-of-service\/","name":"Condiciones de servicio de PiCockpit | PiCockpit","isPartOf":{"@id":"https:\/\/picockpit.com\/raspberry-pi\/#website"},"datePublished":"2020-11-08T11:49:56+00:00","dateModified":"2024-04-04T13:19:39+00:00","description":"Esta p\u00e1gina contiene las Condiciones de servicio de PiCockpit, que se aplican tanto al sitio web como al cliente, as\u00ed como a PiCockpit en general.","breadcrumb":{"@id":"https:\/\/picockpit.com\/raspberry-pi\/picockpit-terms-of-service\/#breadcrumb"},"inLanguage":"es","potentialAction":[{"@type":"ReadAction","target":["https:\/\/picockpit.com\/raspberry-pi\/picockpit-terms-of-service\/"]}]},{"@type":"BreadcrumbList","@id":"https:\/\/picockpit.com\/raspberry-pi\/picockpit-terms-of-service\/#breadcrumb","itemListElement":[{"@type":"ListItem","position":1,"name":"Home","item":"https:\/\/picockpit.com\/raspberry-pi\/"},{"@type":"ListItem","position":2,"name":"PiCockpit Terms of Service"}]},{"@type":"WebSite","@id":"https:\/\/picockpit.com\/raspberry-pi\/#website","url":"https:\/\/picockpit.com\/raspberry-pi\/","name":"PiCockpit","description":"","publisher":{"@id":"https:\/\/picockpit.com\/raspberry-pi\/#organization"},"potentialAction":[{"@type":"SearchAction","target":{"@type":"EntryPoint","urlTemplate":"https:\/\/picockpit.com\/raspberry-pi\/?s={search_term_string}"},"query-input":{"@type":"PropertyValueSpecification","valueRequired":true,"valueName":"search_term_string"}}],"inLanguage":"es"},{"@type":"Organization","@id":"https:\/\/picockpit.com\/raspberry-pi\/#organization","name":"PiCockpit.com","url":"https:\/\/picockpit.com\/raspberry-pi\/","logo":{"@type":"ImageObject","inLanguage":"es","@id":"https:\/\/picockpit.com\/raspberry-pi\/#\/schema\/logo\/image\/","url":"https:\/\/picockpit.com\/raspberry-pi\/wp-content\/uploads\/2023\/07\/Screenshot-from-2023-07-24-15-01-24.png","contentUrl":"https:\/\/picockpit.com\/raspberry-pi\/wp-content\/uploads\/2023\/07\/Screenshot-from-2023-07-24-15-01-24.png","width":1165,"height":283,"caption":"PiCockpit.com"},"image":{"@id":"https:\/\/picockpit.com\/raspberry-pi\/#\/schema\/logo\/image\/"},"sameAs":["https:\/\/www.facebook.com\/pi3gshop","https:\/\/x.com\/pi3g"]}]}},"_links":{"self":[{"href":"https:\/\/picockpit.com\/raspberry-pi\/es\/wp-json\/wp\/v2\/pages\/60","targetHints":{"allow":["GET"]}}],"collection":[{"href":"https:\/\/picockpit.com\/raspberry-pi\/es\/wp-json\/wp\/v2\/pages"}],"about":[{"href":"https:\/\/picockpit.com\/raspberry-pi\/es\/wp-json\/wp\/v2\/types\/page"}],"author":[{"embeddable":true,"href":"https:\/\/picockpit.com\/raspberry-pi\/es\/wp-json\/wp\/v2\/users\/2"}],"replies":[{"embeddable":true,"href":"https:\/\/picockpit.com\/raspberry-pi\/es\/wp-json\/wp\/v2\/comments?post=60"}],"version-history":[{"count":5,"href":"https:\/\/picockpit.com\/raspberry-pi\/es\/wp-json\/wp\/v2\/pages\/60\/revisions"}],"predecessor-version":[{"id":7183,"href":"https:\/\/picockpit.com\/raspberry-pi\/es\/wp-json\/wp\/v2\/pages\/60\/revisions\/7183"}],"wp:attachment":[{"href":"https:\/\/picockpit.com\/raspberry-pi\/es\/wp-json\/wp\/v2\/media?parent=60"}],"curies":[{"name":"wp","href":"https:\/\/api.w.org\/{rel}","templated":true}]}}