{"id":2015,"date":"2022-04-08T20:57:59","date_gmt":"2022-04-08T20:57:59","guid":{"rendered":"https:\/\/picockpit.com\/raspberry-pi\/?page_id=2015"},"modified":"2023-12-21T09:53:57","modified_gmt":"2023-12-21T09:53:57","slug":"thank-you-for-signing-up-for-our-newsletter","status":"publish","type":"page","link":"https:\/\/picockpit.com\/raspberry-pi\/fr\/merci-de-vous-inscrire-a-notre-bulletin-dinformation\/","title":{"rendered":"Merci de vous \u00eatre inscrit \u00e0 la lettre d'information PiCockpit !"},"content":{"rendered":"<p class=\"has-text-align-center\">Merci de confirmer votre courriel.<\/p>\n\n\n\n<p class=\"has-text-align-center\">En attendant la prochaine Newsletter PiCockpit, avez-vous <a href=\"https:\/\/www.youtube.com\/user\/pi3g\/videos\">Vous avez consult\u00e9 notre cha\u00eene YouTube ?<\/a><\/p>\n\n\n\n<p class=\"has-text-align-center\">Vous pouvez \u00e9galement revenir au blog <a href=\"http:\/\/www.picockpit.com\/raspberry-pi\/\">ici<\/a>.<\/p>\n\n\n\n<p class=\"has-text-align-center\">Ou aller \u00e0 la page d'accueil de PiCockpit <a href=\"http:\/\/www.picockpit.com\">ici<\/a>.<\/p>\n<div class=\"shariff shariff-align-center shariff-widget-align-left shariff-buttonstretch\"><ul class=\"shariff-buttons theme-white orientation-horizontal buttonsize-medium\"><li class=\"shariff-button twitter shariff-nocustomcolor\" style=\"background-color:#595959\"><a href=\"https:\/\/twitter.com\/share?url=https%3A%2F%2Fpicockpit.com%2Fraspberry-pi%2Ffr%2Fmerci-de-vous-inscrire-a-notre-bulletin-dinformation%2F&text=Thank%20you%20for%20signing%20up%20for%20the%20PiCockpit%20Newsletter%21\" title=\"Envoyer par X\" aria-label=\"Envoyer par X\" role=\"button\" rel=\"noopener nofollow\" class=\"shariff-link\" style=\"; background-color:#000; color:#000\" target=\"_blank\"><span class=\"shariff-icon\" style=\"fill:#000\"><svg width=\"32px\" height=\"20px\" xmlns=\"http:\/\/www.w3.org\/2000\/svg\" viewbox=\"0 0 24 24\"><path fill=\"#000\" d=\"M14.258 10.152L23.176 0h-2.113l-7.747 8.813L7.133 0H0l9.352 13.328L0 23.973h2.113l8.176-9.309 6.531 9.309h7.133zm-2.895 3.293l-.949-1.328L2.875 1.56h3.246l6.086 8.523.945 1.328 7.91 11.078h-3.246zm0 0\"\/><\/svg><\/span><span class=\"shariff-text\" style=\"color:#000\">partager<\/span>&nbsp;<\/a><\/li><li class=\"shariff-button facebook shariff-nocustomcolor\" style=\"background-color:#4273c8\"><a href=\"https:\/\/www.facebook.com\/sharer\/sharer.php?u=https%3A%2F%2Fpicockpit.com%2Fraspberry-pi%2Ffr%2Fmerci-de-vous-inscrire-a-notre-bulletin-dinformation%2F\" title=\"Envoyer par Facebook\" aria-label=\"Envoyer par Facebook\" role=\"button\" rel=\"nofollow\" class=\"shariff-link\" style=\"; background-color:#3b5998; color:#3b5998\" target=\"_blank\"><span class=\"shariff-icon\" style=\"fill:#3b5998\"><svg width=\"32px\" height=\"20px\" xmlns=\"http:\/\/www.w3.org\/2000\/svg\" viewbox=\"0 0 18 32\"><path fill=\"#3b5998\" d=\"M17.1 0.2v4.7h-2.8q-1.5 0-2.1 0.6t-0.5 1.9v3.4h5.2l-0.7 5.3h-4.5v13.6h-5.5v-13.6h-4.5v-5.3h4.5v-3.9q0-3.3 1.9-5.2t5-1.8q2.6 0 4.1 0.2z\"\/><\/svg><\/span><span class=\"shariff-text\" style=\"color:#3b5998\">partager<\/span>&nbsp;<\/a><\/li><li class=\"shariff-button telegram shariff-nocustomcolor\" style=\"background-color:#4084A6\"><a href=\"https:\/\/telegram.me\/share\/url?url=https%3A%2F%2Fpicockpit.com%2Fraspberry-pi%2Ffr%2Fmerci-de-vous-inscrire-a-notre-bulletin-dinformation%2F&text=Thank%20you%20for%20signing%20up%20for%20the%20PiCockpit%20Newsletter%21\" title=\"Envoyer par Telegram\" aria-label=\"Envoyer par Telegram\" role=\"button\" rel=\"noopener nofollow\" class=\"shariff-link\" style=\"; background-color:#0088cc; color:#0088cc\" target=\"_blank\"><span class=\"shariff-icon\" style=\"fill:#0088cc\"><svg width=\"32px\" height=\"20px\" xmlns=\"http:\/\/www.w3.org\/2000\/svg\" viewbox=\"0 0 32 32\"><path fill=\"#0088cc\" d=\"M30.8 6.5l-4.5 21.4c-.3 1.5-1.2 1.9-2.5 1.2L16.9 24l-3.3 3.2c-.4.4-.7.7-1.4.7l.5-7L25.5 9.2c.6-.5-.1-.8-.9-.3l-15.8 10L2 16.7c-1.5-.5-1.5-1.5.3-2.2L28.9 4.3c1.3-.5 2.3.3 1.9 2.2z\"\/><\/svg><\/span><span class=\"shariff-text\" style=\"color:#0088cc\">partager<\/span>&nbsp;<\/a><\/li><li class=\"shariff-button reddit shariff-nocustomcolor\" style=\"background-color:#ff5700\"><a href=\"https:\/\/www.reddit.com\/submit?url=https%3A%2F%2Fpicockpit.com%2Fraspberry-pi%2Ffr%2Fmerci-de-vous-inscrire-a-notre-bulletin-dinformation%2F\" title=\"Envoyer par Reddit\" aria-label=\"Envoyer par Reddit\" role=\"button\" rel=\"noopener nofollow\" class=\"shariff-link\" style=\"; background-color:#ff4500; color:#ff4500\" target=\"_blank\"><span class=\"shariff-icon\" style=\"fill:#ff4500\"><svg xmlns=\"http:\/\/www.w3.org\/2000\/svg\" viewbox=\"0 0 512 512\"><path fill=\"#ff4500\" d=\"M440.3 203.5c-15 0-28.2 6.2-37.9 15.9-35.7-24.7-83.8-40.6-137.1-42.3L293 52.3l88.2 19.8c0 21.6 17.6 39.2 39.2 39.2 22 0 39.7-18.1 39.7-39.7s-17.6-39.7-39.7-39.7c-15.4 0-28.7 9.3-35.3 22l-97.4-21.6c-4.9-1.3-9.7 2.2-11 7.1L246.3 177c-52.9 2.2-100.5 18.1-136.3 42.8-9.7-10.1-23.4-16.3-38.4-16.3-55.6 0-73.8 74.6-22.9 100.1-1.8 7.9-2.6 16.3-2.6 24.7 0 83.8 94.4 151.7 210.3 151.7 116.4 0 210.8-67.9 210.8-151.7 0-8.4-.9-17.2-3.1-25.1 49.9-25.6 31.5-99.7-23.8-99.7zM129.4 308.9c0-22 17.6-39.7 39.7-39.7 21.6 0 39.2 17.6 39.2 39.7 0 21.6-17.6 39.2-39.2 39.2-22 .1-39.7-17.6-39.7-39.2zm214.3 93.5c-36.4 36.4-139.1 36.4-175.5 0-4-3.5-4-9.7 0-13.7 3.5-3.5 9.7-3.5 13.2 0 27.8 28.5 120 29 149 0 3.5-3.5 9.7-3.5 13.2 0 4.1 4 4.1 10.2.1 13.7zm-.8-54.2c-21.6 0-39.2-17.6-39.2-39.2 0-22 17.6-39.7 39.2-39.7 22 0 39.7 17.6 39.7 39.7-.1 21.5-17.7 39.2-39.7 39.2z\"\/><\/svg><\/span><span class=\"shariff-text\" style=\"color:#ff4500\">partager<\/span>&nbsp;<\/a><\/li><\/ul><\/div>","protected":false},"excerpt":{"rendered":"<p>Merci d'avoir confirm\u00e9 votre email. En attendant la prochaine lettre d'information PiCockpit, avez-vous consult\u00e9 notre cha\u00eene YouTube ? Vous pouvez \u00e9galement revenir au blog ici. Ou aller \u00e0 la page d'accueil de PiCockpit ici.<\/p>","protected":false},"author":2,"featured_media":0,"parent":0,"menu_order":0,"comment_status":"closed","ping_status":"closed","template":"tpl-no-header-footer.php","meta":{"footnotes":""},"class_list":["post-2015","page","type-page","status-publish","hentry"],"yoast_head":"<!-- This site is optimized with the Yoast SEO plugin v27.6 - https:\/\/yoast.com\/product\/yoast-seo-wordpress\/ -->\n<title>Thank you for signing up for the PiCockpit Newsletter! | PiCockpit<\/title>\n<meta name=\"robots\" content=\"index, follow, max-snippet:-1, max-image-preview:large, max-video-preview:-1\" \/>\n<link rel=\"canonical\" href=\"https:\/\/picockpit.com\/raspberry-pi\/fr\/merci-de-vous-inscrire-a-notre-bulletin-dinformation\/\" \/>\n<meta property=\"og:locale\" content=\"fr_FR\" \/>\n<meta property=\"og:type\" content=\"article\" \/>\n<meta property=\"og:title\" content=\"Thank you for signing up for the PiCockpit Newsletter! | PiCockpit\" \/>\n<meta property=\"og:description\" content=\"Thank you for confirming your email. While you wait for the next PiCockpit Newsletter, have you checked out our YouTube channel? You can also return back to the blog here. Or go to PiCockpit home here.\" \/>\n<meta property=\"og:url\" content=\"https:\/\/picockpit.com\/raspberry-pi\/fr\/merci-de-vous-inscrire-a-notre-bulletin-dinformation\/\" \/>\n<meta property=\"og:site_name\" content=\"PiCockpit\" \/>\n<meta property=\"article:publisher\" content=\"https:\/\/www.facebook.com\/pi3gshop\" \/>\n<meta property=\"article:modified_time\" content=\"2023-12-21T09:53:57+00:00\" \/>\n<meta property=\"og:image\" content=\"https:\/\/picockpit.com\/raspberry-pi\/wp-content\/uploads\/2023\/07\/Screenshot-from-2023-07-24-15-01-24.png\" \/>\n\t<meta property=\"og:image:width\" content=\"1165\" \/>\n\t<meta property=\"og:image:height\" content=\"283\" \/>\n\t<meta property=\"og:image:type\" content=\"image\/png\" \/>\n<meta name=\"twitter:card\" content=\"summary_large_image\" \/>\n<meta name=\"twitter:site\" content=\"@pi3g\" \/>\n<meta name=\"twitter:label1\" content=\"Dur\u00e9e de lecture estim\u00e9e\" \/>\n\t<meta name=\"twitter:data1\" content=\"1 minute\" \/>\n<script type=\"application\/ld+json\" class=\"yoast-schema-graph\">{\"@context\":\"https:\\\/\\\/schema.org\",\"@graph\":[{\"@type\":\"WebPage\",\"@id\":\"https:\\\/\\\/picockpit.com\\\/raspberry-pi\\\/thank-you-for-signing-up-for-our-newsletter\\\/\",\"url\":\"https:\\\/\\\/picockpit.com\\\/raspberry-pi\\\/thank-you-for-signing-up-for-our-newsletter\\\/\",\"name\":\"Thank you for signing up for the PiCockpit Newsletter! | PiCockpit\",\"isPartOf\":{\"@id\":\"https:\\\/\\\/picockpit.com\\\/raspberry-pi\\\/#website\"},\"datePublished\":\"2022-04-08T20:57:59+00:00\",\"dateModified\":\"2023-12-21T09:53:57+00:00\",\"breadcrumb\":{\"@id\":\"https:\\\/\\\/picockpit.com\\\/raspberry-pi\\\/thank-you-for-signing-up-for-our-newsletter\\\/#breadcrumb\"},\"inLanguage\":\"fr-FR\",\"potentialAction\":[{\"@type\":\"ReadAction\",\"target\":[\"https:\\\/\\\/picockpit.com\\\/raspberry-pi\\\/thank-you-for-signing-up-for-our-newsletter\\\/\"]}]},{\"@type\":\"BreadcrumbList\",\"@id\":\"https:\\\/\\\/picockpit.com\\\/raspberry-pi\\\/thank-you-for-signing-up-for-our-newsletter\\\/#breadcrumb\",\"itemListElement\":[{\"@type\":\"ListItem\",\"position\":1,\"name\":\"Home\",\"item\":\"https:\\\/\\\/picockpit.com\\\/raspberry-pi\\\/\"},{\"@type\":\"ListItem\",\"position\":2,\"name\":\"Thank you for signing up for the PiCockpit Newsletter!\"}]},{\"@type\":\"WebSite\",\"@id\":\"https:\\\/\\\/picockpit.com\\\/raspberry-pi\\\/#website\",\"url\":\"https:\\\/\\\/picockpit.com\\\/raspberry-pi\\\/\",\"name\":\"PiCockpit\",\"description\":\"\",\"publisher\":{\"@id\":\"https:\\\/\\\/picockpit.com\\\/raspberry-pi\\\/#organization\"},\"potentialAction\":[{\"@type\":\"SearchAction\",\"target\":{\"@type\":\"EntryPoint\",\"urlTemplate\":\"https:\\\/\\\/picockpit.com\\\/raspberry-pi\\\/?s={search_term_string}\"},\"query-input\":{\"@type\":\"PropertyValueSpecification\",\"valueRequired\":true,\"valueName\":\"search_term_string\"}}],\"inLanguage\":\"fr-FR\"},{\"@type\":\"Organization\",\"@id\":\"https:\\\/\\\/picockpit.com\\\/raspberry-pi\\\/#organization\",\"name\":\"PiCockpit.com\",\"url\":\"https:\\\/\\\/picockpit.com\\\/raspberry-pi\\\/\",\"logo\":{\"@type\":\"ImageObject\",\"inLanguage\":\"fr-FR\",\"@id\":\"https:\\\/\\\/picockpit.com\\\/raspberry-pi\\\/#\\\/schema\\\/logo\\\/image\\\/\",\"url\":\"https:\\\/\\\/picockpit.com\\\/raspberry-pi\\\/wp-content\\\/uploads\\\/2023\\\/07\\\/Screenshot-from-2023-07-24-15-01-24.png\",\"contentUrl\":\"https:\\\/\\\/picockpit.com\\\/raspberry-pi\\\/wp-content\\\/uploads\\\/2023\\\/07\\\/Screenshot-from-2023-07-24-15-01-24.png\",\"width\":1165,\"height\":283,\"caption\":\"PiCockpit.com\"},\"image\":{\"@id\":\"https:\\\/\\\/picockpit.com\\\/raspberry-pi\\\/#\\\/schema\\\/logo\\\/image\\\/\"},\"sameAs\":[\"https:\\\/\\\/www.facebook.com\\\/pi3gshop\",\"https:\\\/\\\/x.com\\\/pi3g\"]}]}<\/script>\n<!-- \/ Yoast SEO plugin. -->","yoast_head_json":{"title":"Merci de vous inscrire \u00e0 la lettre d'information de PiCockpit ! | PiCockpit","robots":{"index":"index","follow":"follow","max-snippet":"max-snippet:-1","max-image-preview":"max-image-preview:large","max-video-preview":"max-video-preview:-1"},"canonical":"https:\/\/picockpit.com\/raspberry-pi\/fr\/merci-de-vous-inscrire-a-notre-bulletin-dinformation\/","og_locale":"fr_FR","og_type":"article","og_title":"Thank you for signing up for the PiCockpit Newsletter! | PiCockpit","og_description":"Thank you for confirming your email. While you wait for the next PiCockpit Newsletter, have you checked out our YouTube channel? You can also return back to the blog here. Or go to PiCockpit home here.","og_url":"https:\/\/picockpit.com\/raspberry-pi\/fr\/merci-de-vous-inscrire-a-notre-bulletin-dinformation\/","og_site_name":"PiCockpit","article_publisher":"https:\/\/www.facebook.com\/pi3gshop","article_modified_time":"2023-12-21T09:53:57+00:00","og_image":[{"width":1165,"height":283,"url":"https:\/\/picockpit.com\/raspberry-pi\/wp-content\/uploads\/2023\/07\/Screenshot-from-2023-07-24-15-01-24.png","type":"image\/png"}],"twitter_card":"summary_large_image","twitter_site":"@pi3g","twitter_misc":{"Dur\u00e9e de lecture estim\u00e9e":"1 minute"},"schema":{"@context":"https:\/\/schema.org","@graph":[{"@type":"WebPage","@id":"https:\/\/picockpit.com\/raspberry-pi\/thank-you-for-signing-up-for-our-newsletter\/","url":"https:\/\/picockpit.com\/raspberry-pi\/thank-you-for-signing-up-for-our-newsletter\/","name":"Merci de vous inscrire \u00e0 la lettre d'information de PiCockpit ! | PiCockpit","isPartOf":{"@id":"https:\/\/picockpit.com\/raspberry-pi\/#website"},"datePublished":"2022-04-08T20:57:59+00:00","dateModified":"2023-12-21T09:53:57+00:00","breadcrumb":{"@id":"https:\/\/picockpit.com\/raspberry-pi\/thank-you-for-signing-up-for-our-newsletter\/#breadcrumb"},"inLanguage":"fr-FR","potentialAction":[{"@type":"ReadAction","target":["https:\/\/picockpit.com\/raspberry-pi\/thank-you-for-signing-up-for-our-newsletter\/"]}]},{"@type":"BreadcrumbList","@id":"https:\/\/picockpit.com\/raspberry-pi\/thank-you-for-signing-up-for-our-newsletter\/#breadcrumb","itemListElement":[{"@type":"ListItem","position":1,"name":"Home","item":"https:\/\/picockpit.com\/raspberry-pi\/"},{"@type":"ListItem","position":2,"name":"Thank you for signing up for the PiCockpit Newsletter!"}]},{"@type":"WebSite","@id":"https:\/\/picockpit.com\/raspberry-pi\/#website","url":"https:\/\/picockpit.com\/raspberry-pi\/","name":"PiCockpit","description":"","publisher":{"@id":"https:\/\/picockpit.com\/raspberry-pi\/#organization"},"potentialAction":[{"@type":"SearchAction","target":{"@type":"EntryPoint","urlTemplate":"https:\/\/picockpit.com\/raspberry-pi\/?s={search_term_string}"},"query-input":{"@type":"PropertyValueSpecification","valueRequired":true,"valueName":"search_term_string"}}],"inLanguage":"fr-FR"},{"@type":"Organization","@id":"https:\/\/picockpit.com\/raspberry-pi\/#organization","name":"PiCockpit.com","url":"https:\/\/picockpit.com\/raspberry-pi\/","logo":{"@type":"ImageObject","inLanguage":"fr-FR","@id":"https:\/\/picockpit.com\/raspberry-pi\/#\/schema\/logo\/image\/","url":"https:\/\/picockpit.com\/raspberry-pi\/wp-content\/uploads\/2023\/07\/Screenshot-from-2023-07-24-15-01-24.png","contentUrl":"https:\/\/picockpit.com\/raspberry-pi\/wp-content\/uploads\/2023\/07\/Screenshot-from-2023-07-24-15-01-24.png","width":1165,"height":283,"caption":"PiCockpit.com"},"image":{"@id":"https:\/\/picockpit.com\/raspberry-pi\/#\/schema\/logo\/image\/"},"sameAs":["https:\/\/www.facebook.com\/pi3gshop","https:\/\/x.com\/pi3g"]}]}},"_links":{"self":[{"href":"https:\/\/picockpit.com\/raspberry-pi\/fr\/wp-json\/wp\/v2\/pages\/2015","targetHints":{"allow":["GET"]}}],"collection":[{"href":"https:\/\/picockpit.com\/raspberry-pi\/fr\/wp-json\/wp\/v2\/pages"}],"about":[{"href":"https:\/\/picockpit.com\/raspberry-pi\/fr\/wp-json\/wp\/v2\/types\/page"}],"author":[{"embeddable":true,"href":"https:\/\/picockpit.com\/raspberry-pi\/fr\/wp-json\/wp\/v2\/users\/2"}],"replies":[{"embeddable":true,"href":"https:\/\/picockpit.com\/raspberry-pi\/fr\/wp-json\/wp\/v2\/comments?post=2015"}],"version-history":[{"count":14,"href":"https:\/\/picockpit.com\/raspberry-pi\/fr\/wp-json\/wp\/v2\/pages\/2015\/revisions"}],"predecessor-version":[{"id":6601,"href":"https:\/\/picockpit.com\/raspberry-pi\/fr\/wp-json\/wp\/v2\/pages\/2015\/revisions\/6601"}],"wp:attachment":[{"href":"https:\/\/picockpit.com\/raspberry-pi\/fr\/wp-json\/wp\/v2\/media?parent=2015"}],"curies":[{"name":"wp","href":"https:\/\/api.w.org\/{rel}","templated":true}]}}