{"id":254,"date":"2020-11-16T09:43:13","date_gmt":"2020-11-16T09:43:13","guid":{"rendered":"https:\/\/picockpit.com\/raspberry-pi\/?page_id=254"},"modified":"2024-01-09T12:05:30","modified_gmt":"2024-01-09T12:05:30","slug":"pistats-live-raspberry-pi-statistics","status":"publish","type":"page","link":"https:\/\/picockpit.com\/raspberry-pi\/fr\/pistats-live-raspberry-pi-statistiques\/","title":{"rendered":"PiStats"},"content":{"rendered":"<figure class=\"wp-block-image size-large\"><img loading=\"lazy\" decoding=\"async\" width=\"1024\" height=\"322\" src=\"https:\/\/picockpit.com\/raspberry-pi\/wp-content\/uploads\/2020\/11\/PiStats-Title-Image-1024x322.png\" alt=\"Image de titre de PiStats\" class=\"wp-image-6470\" srcset=\"https:\/\/picockpit.com\/raspberry-pi\/wp-content\/uploads\/2020\/11\/PiStats-Title-Image-1024x322.png 1024w, https:\/\/picockpit.com\/raspberry-pi\/wp-content\/uploads\/2020\/11\/PiStats-Title-Image-300x94.png 300w, https:\/\/picockpit.com\/raspberry-pi\/wp-content\/uploads\/2020\/11\/PiStats-Title-Image-768x241.png 768w, https:\/\/picockpit.com\/raspberry-pi\/wp-content\/uploads\/2020\/11\/PiStats-Title-Image-18x6.png 18w, https:\/\/picockpit.com\/raspberry-pi\/wp-content\/uploads\/2020\/11\/PiStats-Title-Image-24x8.png 24w, https:\/\/picockpit.com\/raspberry-pi\/wp-content\/uploads\/2020\/11\/PiStats-Title-Image-36x11.png 36w, https:\/\/picockpit.com\/raspberry-pi\/wp-content\/uploads\/2020\/11\/PiStats-Title-Image-48x15.png 48w, https:\/\/picockpit.com\/raspberry-pi\/wp-content\/uploads\/2020\/11\/PiStats-Title-Image.png 1200w\" sizes=\"auto, (max-width: 1024px) 100vw, 1024px\" \/><\/figure>\n\n\n\n<p>PiStats vous permet de visualiser en direct les statistiques d'utilisation du mat\u00e9riel Raspberry Pi dans une interface web simple. <\/p>\n\n\n\n<p>Voici quelques exemples :<\/p>\n\n\n\n<p><\/p>\n\n\n<div class=\"wp-block-image\">\n<figure class=\"aligncenter size-full is-resized\"><img loading=\"lazy\" decoding=\"async\" width=\"735\" height=\"693\" src=\"https:\/\/picockpit.com\/raspberry-pi\/wp-content\/uploads\/2021\/07\/image-13.png\" alt=\"\" class=\"wp-image-839\" style=\"width:475px\" srcset=\"https:\/\/picockpit.com\/raspberry-pi\/wp-content\/uploads\/2021\/07\/image-13.png 735w, https:\/\/picockpit.com\/raspberry-pi\/wp-content\/uploads\/2021\/07\/image-13-300x283.png 300w\" sizes=\"auto, (max-width: 735px) 100vw, 735px\" \/><\/figure>\n<\/div>\n\n<div class=\"wp-block-image\">\n<figure class=\"aligncenter size-full is-resized\"><img loading=\"lazy\" decoding=\"async\" width=\"738\" height=\"916\" src=\"https:\/\/picockpit.com\/raspberry-pi\/wp-content\/uploads\/2021\/07\/image-14.png\" alt=\"\" class=\"wp-image-841\" style=\"width:475px\" srcset=\"https:\/\/picockpit.com\/raspberry-pi\/wp-content\/uploads\/2021\/07\/image-14.png 738w, https:\/\/picockpit.com\/raspberry-pi\/wp-content\/uploads\/2021\/07\/image-14-242x300.png 242w\" sizes=\"auto, (max-width: 738px) 100vw, 738px\" \/><\/figure>\n<\/div>\n\n\n<h2 class=\"wp-block-heading\">Surveillance avec PiStats<\/h2>\n\n\n\n<p>Les valeurs seront rafra\u00eechies une fois par seconde. Voici une liste des donn\u00e9es que vous pouvez voir avec PiStats :<\/p>\n\n\n\n<ul class=\"wp-block-list\">\n<li>Charge du CPU (sur tous les c\u0153urs)<\/li>\n\n\n\n<li>Lecture totale d'E\/S de disque (montrant une somme lisible par l'homme et la valeur en octets)<\/li>\n\n\n\n<li>Total des E\/S de disque \u00e9crites<\/li>\n\n\n\n<li>Donn\u00e9es totales re\u00e7ues par le r\u00e9seau<\/li>\n\n\n\n<li>Donn\u00e9es totales envoy\u00e9es par le r\u00e9seau<\/li>\n\n\n\n<li>RAM disponible <\/li>\n\n\n\n<li>RAM totale (sans VideoCore) - cette valeur refl\u00e9tera la RAM disponible pour votre syst\u00e8me d'exploitation (par ex. <a href=\"https:\/\/picockpit.com\/raspberry-pi\/raspberry-pi-os-overview\/\">Syst\u00e8me d'exploitation Raspberry Pi<\/a>)<\/li>\n\n\n\n<li>Temps de fonctionnement du Raspberry Pi - combien de temps votre Raspberry Pi a-t-il fonctionn\u00e9 depuis le dernier red\u00e9marrage ou la derni\u00e8re mise sous tension ?<\/li>\n\n\n\n<li>Partition racine (\"\/\") total disponible - combien d'espace libre reste-t-il sur votre partition principale ?<\/li>\n\n\n\n<li>Partition racine (\"\/\") total utilis\u00e9 - quel est l'espace utilis\u00e9 ? (les augmentations ici devraient \u00e9galement se refl\u00e9ter dans le total des E\/S de disque \u00e9crites)<\/li>\n\n\n\n<li>SoC temperature - indique la temp\u00e9rature du processeur du Raspberry Pi.<\/li>\n\n\n\n<li>Signal WLAN - indique la qualit\u00e9 de la liaison et le niveau du signal WiFi en dBm<\/li>\n<\/ul>\n\n\n\n<h2 class=\"wp-block-heading\">Visualiser les statistiques<\/h2>\n\n\n\n<p>Cliquez sur le bouton \"Show me\" \u00e0 c\u00f4t\u00e9 de la statistique qui vous int\u00e9resse, par exemple la temp\u00e9rature du SoC :<\/p>\n\n\n\n<p><\/p>\n\n\n<div class=\"wp-block-image\">\n<figure class=\"aligncenter size-full is-resized\"><img loading=\"lazy\" decoding=\"async\" width=\"699\" height=\"63\" src=\"https:\/\/picockpit.com\/raspberry-pi\/wp-content\/uploads\/2021\/07\/image-15.png\" alt=\"\" class=\"wp-image-842\" style=\"width:475px\" srcset=\"https:\/\/picockpit.com\/raspberry-pi\/wp-content\/uploads\/2021\/07\/image-15.png 699w, https:\/\/picockpit.com\/raspberry-pi\/wp-content\/uploads\/2021\/07\/image-15-300x27.png 300w\" sizes=\"auto, (max-width: 699px) 100vw, 699px\" \/><figcaption class=\"wp-element-caption\">La temp\u00e9rature du SoC d'un Raspberry Pi peut \u00eatre surveill\u00e9e dans une interface web agr\u00e9able gr\u00e2ce \u00e0 PiCockpit. <\/figcaption><\/figure>\n<\/div>\n\n<div class=\"wp-block-image\">\n<figure class=\"aligncenter size-full is-resized\"><img loading=\"lazy\" decoding=\"async\" width=\"699\" height=\"631\" src=\"https:\/\/picockpit.com\/raspberry-pi\/wp-content\/uploads\/2021\/07\/image-16.png\" alt=\"\" class=\"wp-image-843\" style=\"width:475px\" srcset=\"https:\/\/picockpit.com\/raspberry-pi\/wp-content\/uploads\/2021\/07\/image-16.png 699w, https:\/\/picockpit.com\/raspberry-pi\/wp-content\/uploads\/2021\/07\/image-16-300x271.png 300w\" sizes=\"auto, (max-width: 699px) 100vw, 699px\" \/><\/figure>\n<\/div>\n\n\n<p>Vous pouvez effectuer une analyse approfondie de certains moments et vous concentrer sur la partie pertinente de la mesure scala en utilisant les \u00e9l\u00e9ments en bas et \u00e0 droite (voir la capture d'\u00e9cran). <\/p>\n\n\n\n<p>Remarque : vous n'obtiendrez des donn\u00e9es historiques que pour la dur\u00e9e d'ouverture de l'application, car elles sont mises en cache dans votre navigateur web. <\/p>\n\n\n\n<p>Lorsque vous vous \u00e9loignez, les donn\u00e9es sont perdues.<\/p>\n\n\n\n<h2 class=\"wp-block-heading\">Recherche<\/h2>\n\n\n\n<p>Une fonction utile int\u00e9gr\u00e9e \u00e0 la version 2.0 de PiStats de PiCockpit est la recherche, qui vous permet de vous concentrer sur l'entr\u00e9e qui vous int\u00e9resse le plus. <\/p>\n\n\n\n<p>Imaginons que vous souhaitiez surveiller la temp\u00e9rature du processeur du Raspberry Pi :<\/p>\n\n\n\n<p><\/p>\n\n\n<div class=\"wp-block-image\">\n<figure class=\"aligncenter size-large is-resized\"><img loading=\"lazy\" decoding=\"async\" width=\"729\" height=\"328\" src=\"https:\/\/picockpit.com\/raspberry-pi\/wp-content\/uploads\/2020\/11\/image-69.png\" alt=\"Surveillance de la temp\u00e9rature du SoC \/ CPU de Raspberry Pi \u00e0 l&#039;aide de PiStats\" class=\"wp-image-256\" style=\"width:475px\" srcset=\"https:\/\/picockpit.com\/raspberry-pi\/wp-content\/uploads\/2020\/11\/image-69.png 729w, https:\/\/picockpit.com\/raspberry-pi\/wp-content\/uploads\/2020\/11\/image-69-300x135.png 300w\" sizes=\"auto, (max-width: 729px) 100vw, 729px\" \/><\/figure>\n<\/div>\n\n\n<p><\/p>\n\n\n\n<h2 class=\"wp-block-heading\">Conclusion<\/h2>\n\n\n\n<p>Si vous avez des questions ou rencontrez des probl\u00e8mes, n'h\u00e9sitez pas \u00e0 nous contacter et nous vous aiderons \u00e0 faire fonctionner PiStats !<\/p>\n<div class=\"shariff shariff-align-center shariff-widget-align-left shariff-buttonstretch\"><ul class=\"shariff-buttons theme-white orientation-horizontal buttonsize-medium\"><li class=\"shariff-button twitter shariff-nocustomcolor\" style=\"background-color:#595959\"><a href=\"https:\/\/twitter.com\/share?url=https%3A%2F%2Fpicockpit.com%2Fraspberry-pi%2Ffr%2Fpistats-live-raspberry-pi-statistiques%2F&text=PiStats\" title=\"Envoyer par X\" aria-label=\"Envoyer par X\" role=\"button\" rel=\"noopener nofollow\" class=\"shariff-link\" style=\"; background-color:#000; color:#000\" target=\"_blank\"><span class=\"shariff-icon\" style=\"fill:#000\"><svg width=\"32px\" height=\"20px\" xmlns=\"http:\/\/www.w3.org\/2000\/svg\" viewbox=\"0 0 24 24\"><path fill=\"#000\" d=\"M14.258 10.152L23.176 0h-2.113l-7.747 8.813L7.133 0H0l9.352 13.328L0 23.973h2.113l8.176-9.309 6.531 9.309h7.133zm-2.895 3.293l-.949-1.328L2.875 1.56h3.246l6.086 8.523.945 1.328 7.91 11.078h-3.246zm0 0\"\/><\/svg><\/span><span class=\"shariff-text\" style=\"color:#000\">partager<\/span>&nbsp;<\/a><\/li><li class=\"shariff-button facebook shariff-nocustomcolor\" style=\"background-color:#4273c8\"><a href=\"https:\/\/www.facebook.com\/sharer\/sharer.php?u=https%3A%2F%2Fpicockpit.com%2Fraspberry-pi%2Ffr%2Fpistats-live-raspberry-pi-statistiques%2F\" title=\"Envoyer par Facebook\" aria-label=\"Envoyer par Facebook\" role=\"button\" rel=\"nofollow\" class=\"shariff-link\" style=\"; background-color:#3b5998; color:#3b5998\" target=\"_blank\"><span class=\"shariff-icon\" style=\"fill:#3b5998\"><svg width=\"32px\" height=\"20px\" xmlns=\"http:\/\/www.w3.org\/2000\/svg\" viewbox=\"0 0 18 32\"><path fill=\"#3b5998\" d=\"M17.1 0.2v4.7h-2.8q-1.5 0-2.1 0.6t-0.5 1.9v3.4h5.2l-0.7 5.3h-4.5v13.6h-5.5v-13.6h-4.5v-5.3h4.5v-3.9q0-3.3 1.9-5.2t5-1.8q2.6 0 4.1 0.2z\"\/><\/svg><\/span><span class=\"shariff-text\" style=\"color:#3b5998\">partager<\/span>&nbsp;<\/a><\/li><li class=\"shariff-button telegram shariff-nocustomcolor\" style=\"background-color:#4084A6\"><a href=\"https:\/\/telegram.me\/share\/url?url=https%3A%2F%2Fpicockpit.com%2Fraspberry-pi%2Ffr%2Fpistats-live-raspberry-pi-statistiques%2F&text=PiStats\" title=\"Envoyer par Telegram\" aria-label=\"Envoyer par Telegram\" role=\"button\" rel=\"noopener nofollow\" class=\"shariff-link\" style=\"; background-color:#0088cc; color:#0088cc\" target=\"_blank\"><span class=\"shariff-icon\" style=\"fill:#0088cc\"><svg width=\"32px\" height=\"20px\" xmlns=\"http:\/\/www.w3.org\/2000\/svg\" viewbox=\"0 0 32 32\"><path fill=\"#0088cc\" d=\"M30.8 6.5l-4.5 21.4c-.3 1.5-1.2 1.9-2.5 1.2L16.9 24l-3.3 3.2c-.4.4-.7.7-1.4.7l.5-7L25.5 9.2c.6-.5-.1-.8-.9-.3l-15.8 10L2 16.7c-1.5-.5-1.5-1.5.3-2.2L28.9 4.3c1.3-.5 2.3.3 1.9 2.2z\"\/><\/svg><\/span><span class=\"shariff-text\" style=\"color:#0088cc\">partager<\/span>&nbsp;<\/a><\/li><li class=\"shariff-button reddit shariff-nocustomcolor\" style=\"background-color:#ff5700\"><a href=\"https:\/\/www.reddit.com\/submit?url=https%3A%2F%2Fpicockpit.com%2Fraspberry-pi%2Ffr%2Fpistats-live-raspberry-pi-statistiques%2F\" title=\"Envoyer par Reddit\" aria-label=\"Envoyer par Reddit\" role=\"button\" rel=\"noopener nofollow\" class=\"shariff-link\" style=\"; background-color:#ff4500; color:#ff4500\" target=\"_blank\"><span class=\"shariff-icon\" style=\"fill:#ff4500\"><svg xmlns=\"http:\/\/www.w3.org\/2000\/svg\" viewbox=\"0 0 512 512\"><path fill=\"#ff4500\" d=\"M440.3 203.5c-15 0-28.2 6.2-37.9 15.9-35.7-24.7-83.8-40.6-137.1-42.3L293 52.3l88.2 19.8c0 21.6 17.6 39.2 39.2 39.2 22 0 39.7-18.1 39.7-39.7s-17.6-39.7-39.7-39.7c-15.4 0-28.7 9.3-35.3 22l-97.4-21.6c-4.9-1.3-9.7 2.2-11 7.1L246.3 177c-52.9 2.2-100.5 18.1-136.3 42.8-9.7-10.1-23.4-16.3-38.4-16.3-55.6 0-73.8 74.6-22.9 100.1-1.8 7.9-2.6 16.3-2.6 24.7 0 83.8 94.4 151.7 210.3 151.7 116.4 0 210.8-67.9 210.8-151.7 0-8.4-.9-17.2-3.1-25.1 49.9-25.6 31.5-99.7-23.8-99.7zM129.4 308.9c0-22 17.6-39.7 39.7-39.7 21.6 0 39.2 17.6 39.2 39.7 0 21.6-17.6 39.2-39.2 39.2-22 .1-39.7-17.6-39.7-39.2zm214.3 93.5c-36.4 36.4-139.1 36.4-175.5 0-4-3.5-4-9.7 0-13.7 3.5-3.5 9.7-3.5 13.2 0 27.8 28.5 120 29 149 0 3.5-3.5 9.7-3.5 13.2 0 4.1 4 4.1 10.2.1 13.7zm-.8-54.2c-21.6 0-39.2-17.6-39.2-39.2 0-22 17.6-39.7 39.2-39.7 22 0 39.7 17.6 39.7 39.7-.1 21.5-17.7 39.2-39.7 39.2z\"\/><\/svg><\/span><span class=\"shariff-text\" style=\"color:#ff4500\">partager<\/span>&nbsp;<\/a><\/li><\/ul><\/div>","protected":false},"excerpt":{"rendered":"<p>PiStats vous permet de visualiser en direct les statistiques d'utilisation du mat\u00e9riel Raspberry Pi dans une interface web simple. Voici quelques exemples : Surveillance avec PiStats Les valeurs sont actualis\u00e9es toutes les secondes. Voici une liste des donn\u00e9es que vous pouvez voir avec PiStats : Visualisation des statistiques Cliquez sur le bouton \"Show me\" \u00e0 c\u00f4t\u00e9 de la statistique...<\/p>","protected":false},"author":2,"featured_media":6470,"parent":0,"menu_order":0,"comment_status":"closed","ping_status":"closed","template":"tpl-sidebar.php","meta":{"footnotes":""},"class_list":["post-254","page","type-page","status-publish","has-post-thumbnail","hentry"],"yoast_head":"<!-- This site is optimized with the Yoast SEO plugin v27.5 - https:\/\/yoast.com\/product\/yoast-seo-wordpress\/ -->\n<title>PiStats | PiCockpit<\/title>\n<meta name=\"description\" content=\"PiCockpit&#039;s PiStats allows you to view live Raspberry Pi hardware usage statistics, in a simple web interface.\" \/>\n<meta name=\"robots\" content=\"index, follow, max-snippet:-1, max-image-preview:large, max-video-preview:-1\" \/>\n<link rel=\"canonical\" href=\"https:\/\/picockpit.com\/raspberry-pi\/fr\/pistats-live-raspberry-pi-statistiques\/\" \/>\n<meta property=\"og:locale\" content=\"fr_FR\" \/>\n<meta property=\"og:type\" content=\"article\" \/>\n<meta property=\"og:title\" content=\"PiStats | PiCockpit\" \/>\n<meta property=\"og:description\" content=\"PiCockpit&#039;s PiStats allows you to view live Raspberry Pi hardware usage statistics, in a simple web interface.\" \/>\n<meta property=\"og:url\" content=\"https:\/\/picockpit.com\/raspberry-pi\/fr\/pistats-live-raspberry-pi-statistiques\/\" \/>\n<meta property=\"og:site_name\" content=\"PiCockpit\" \/>\n<meta property=\"article:publisher\" content=\"https:\/\/www.facebook.com\/pi3gshop\" \/>\n<meta property=\"article:modified_time\" content=\"2024-01-09T12:05:30+00:00\" \/>\n<meta property=\"og:image\" content=\"https:\/\/picockpit.com\/raspberry-pi\/wp-content\/uploads\/2020\/11\/PiStats-Title-Image.png\" \/>\n\t<meta property=\"og:image:width\" content=\"1200\" \/>\n\t<meta property=\"og:image:height\" content=\"377\" \/>\n\t<meta property=\"og:image:type\" content=\"image\/png\" \/>\n<meta name=\"twitter:card\" content=\"summary_large_image\" \/>\n<meta name=\"twitter:site\" content=\"@pi3g\" \/>\n<meta name=\"twitter:label1\" content=\"Dur\u00e9e de lecture estim\u00e9e\" \/>\n\t<meta name=\"twitter:data1\" content=\"3 minutes\" \/>\n<script type=\"application\/ld+json\" class=\"yoast-schema-graph\">{\"@context\":\"https:\\\/\\\/schema.org\",\"@graph\":[{\"@type\":\"WebPage\",\"@id\":\"https:\\\/\\\/picockpit.com\\\/raspberry-pi\\\/pistats-live-raspberry-pi-statistics\\\/\",\"url\":\"https:\\\/\\\/picockpit.com\\\/raspberry-pi\\\/pistats-live-raspberry-pi-statistics\\\/\",\"name\":\"PiStats | PiCockpit\",\"isPartOf\":{\"@id\":\"https:\\\/\\\/picockpit.com\\\/raspberry-pi\\\/#website\"},\"primaryImageOfPage\":{\"@id\":\"https:\\\/\\\/picockpit.com\\\/raspberry-pi\\\/pistats-live-raspberry-pi-statistics\\\/#primaryimage\"},\"image\":{\"@id\":\"https:\\\/\\\/picockpit.com\\\/raspberry-pi\\\/pistats-live-raspberry-pi-statistics\\\/#primaryimage\"},\"thumbnailUrl\":\"https:\\\/\\\/picockpit.com\\\/raspberry-pi\\\/wp-content\\\/uploads\\\/2020\\\/11\\\/PiStats-Title-Image.png\",\"datePublished\":\"2020-11-16T09:43:13+00:00\",\"dateModified\":\"2024-01-09T12:05:30+00:00\",\"description\":\"PiCockpit's PiStats allows you to view live Raspberry Pi hardware usage statistics, in a simple web interface.\",\"breadcrumb\":{\"@id\":\"https:\\\/\\\/picockpit.com\\\/raspberry-pi\\\/pistats-live-raspberry-pi-statistics\\\/#breadcrumb\"},\"inLanguage\":\"fr-FR\",\"potentialAction\":[{\"@type\":\"ReadAction\",\"target\":[\"https:\\\/\\\/picockpit.com\\\/raspberry-pi\\\/pistats-live-raspberry-pi-statistics\\\/\"]}]},{\"@type\":\"ImageObject\",\"inLanguage\":\"fr-FR\",\"@id\":\"https:\\\/\\\/picockpit.com\\\/raspberry-pi\\\/pistats-live-raspberry-pi-statistics\\\/#primaryimage\",\"url\":\"https:\\\/\\\/picockpit.com\\\/raspberry-pi\\\/wp-content\\\/uploads\\\/2020\\\/11\\\/PiStats-Title-Image.png\",\"contentUrl\":\"https:\\\/\\\/picockpit.com\\\/raspberry-pi\\\/wp-content\\\/uploads\\\/2020\\\/11\\\/PiStats-Title-Image.png\",\"width\":1200,\"height\":377,\"caption\":\"PiStats Title Image\"},{\"@type\":\"BreadcrumbList\",\"@id\":\"https:\\\/\\\/picockpit.com\\\/raspberry-pi\\\/pistats-live-raspberry-pi-statistics\\\/#breadcrumb\",\"itemListElement\":[{\"@type\":\"ListItem\",\"position\":1,\"name\":\"Home\",\"item\":\"https:\\\/\\\/picockpit.com\\\/raspberry-pi\\\/\"},{\"@type\":\"ListItem\",\"position\":2,\"name\":\"PiStats\"}]},{\"@type\":\"WebSite\",\"@id\":\"https:\\\/\\\/picockpit.com\\\/raspberry-pi\\\/#website\",\"url\":\"https:\\\/\\\/picockpit.com\\\/raspberry-pi\\\/\",\"name\":\"PiCockpit\",\"description\":\"\",\"publisher\":{\"@id\":\"https:\\\/\\\/picockpit.com\\\/raspberry-pi\\\/#organization\"},\"potentialAction\":[{\"@type\":\"SearchAction\",\"target\":{\"@type\":\"EntryPoint\",\"urlTemplate\":\"https:\\\/\\\/picockpit.com\\\/raspberry-pi\\\/?s={search_term_string}\"},\"query-input\":{\"@type\":\"PropertyValueSpecification\",\"valueRequired\":true,\"valueName\":\"search_term_string\"}}],\"inLanguage\":\"fr-FR\"},{\"@type\":\"Organization\",\"@id\":\"https:\\\/\\\/picockpit.com\\\/raspberry-pi\\\/#organization\",\"name\":\"PiCockpit.com\",\"url\":\"https:\\\/\\\/picockpit.com\\\/raspberry-pi\\\/\",\"logo\":{\"@type\":\"ImageObject\",\"inLanguage\":\"fr-FR\",\"@id\":\"https:\\\/\\\/picockpit.com\\\/raspberry-pi\\\/#\\\/schema\\\/logo\\\/image\\\/\",\"url\":\"https:\\\/\\\/picockpit.com\\\/raspberry-pi\\\/wp-content\\\/uploads\\\/2023\\\/07\\\/Screenshot-from-2023-07-24-15-01-24.png\",\"contentUrl\":\"https:\\\/\\\/picockpit.com\\\/raspberry-pi\\\/wp-content\\\/uploads\\\/2023\\\/07\\\/Screenshot-from-2023-07-24-15-01-24.png\",\"width\":1165,\"height\":283,\"caption\":\"PiCockpit.com\"},\"image\":{\"@id\":\"https:\\\/\\\/picockpit.com\\\/raspberry-pi\\\/#\\\/schema\\\/logo\\\/image\\\/\"},\"sameAs\":[\"https:\\\/\\\/www.facebook.com\\\/pi3gshop\",\"https:\\\/\\\/x.com\\\/pi3g\"]}]}<\/script>\n<!-- \/ Yoast SEO plugin. -->","yoast_head_json":{"title":"PiStats | PiCockpit","description":"PiStats de PiCockpit vous permet de visualiser en direct les statistiques d'utilisation du mat\u00e9riel Raspberry Pi, dans une interface web simple.","robots":{"index":"index","follow":"follow","max-snippet":"max-snippet:-1","max-image-preview":"max-image-preview:large","max-video-preview":"max-video-preview:-1"},"canonical":"https:\/\/picockpit.com\/raspberry-pi\/fr\/pistats-live-raspberry-pi-statistiques\/","og_locale":"fr_FR","og_type":"article","og_title":"PiStats | PiCockpit","og_description":"PiCockpit's PiStats allows you to view live Raspberry Pi hardware usage statistics, in a simple web interface.","og_url":"https:\/\/picockpit.com\/raspberry-pi\/fr\/pistats-live-raspberry-pi-statistiques\/","og_site_name":"PiCockpit","article_publisher":"https:\/\/www.facebook.com\/pi3gshop","article_modified_time":"2024-01-09T12:05:30+00:00","og_image":[{"width":1200,"height":377,"url":"https:\/\/picockpit.com\/raspberry-pi\/wp-content\/uploads\/2020\/11\/PiStats-Title-Image.png","type":"image\/png"}],"twitter_card":"summary_large_image","twitter_site":"@pi3g","twitter_misc":{"Dur\u00e9e de lecture estim\u00e9e":"3 minutes"},"schema":{"@context":"https:\/\/schema.org","@graph":[{"@type":"WebPage","@id":"https:\/\/picockpit.com\/raspberry-pi\/pistats-live-raspberry-pi-statistics\/","url":"https:\/\/picockpit.com\/raspberry-pi\/pistats-live-raspberry-pi-statistics\/","name":"PiStats | PiCockpit","isPartOf":{"@id":"https:\/\/picockpit.com\/raspberry-pi\/#website"},"primaryImageOfPage":{"@id":"https:\/\/picockpit.com\/raspberry-pi\/pistats-live-raspberry-pi-statistics\/#primaryimage"},"image":{"@id":"https:\/\/picockpit.com\/raspberry-pi\/pistats-live-raspberry-pi-statistics\/#primaryimage"},"thumbnailUrl":"https:\/\/picockpit.com\/raspberry-pi\/wp-content\/uploads\/2020\/11\/PiStats-Title-Image.png","datePublished":"2020-11-16T09:43:13+00:00","dateModified":"2024-01-09T12:05:30+00:00","description":"PiStats de PiCockpit vous permet de visualiser en direct les statistiques d'utilisation du mat\u00e9riel Raspberry Pi, dans une interface web simple.","breadcrumb":{"@id":"https:\/\/picockpit.com\/raspberry-pi\/pistats-live-raspberry-pi-statistics\/#breadcrumb"},"inLanguage":"fr-FR","potentialAction":[{"@type":"ReadAction","target":["https:\/\/picockpit.com\/raspberry-pi\/pistats-live-raspberry-pi-statistics\/"]}]},{"@type":"ImageObject","inLanguage":"fr-FR","@id":"https:\/\/picockpit.com\/raspberry-pi\/pistats-live-raspberry-pi-statistics\/#primaryimage","url":"https:\/\/picockpit.com\/raspberry-pi\/wp-content\/uploads\/2020\/11\/PiStats-Title-Image.png","contentUrl":"https:\/\/picockpit.com\/raspberry-pi\/wp-content\/uploads\/2020\/11\/PiStats-Title-Image.png","width":1200,"height":377,"caption":"PiStats Title Image"},{"@type":"BreadcrumbList","@id":"https:\/\/picockpit.com\/raspberry-pi\/pistats-live-raspberry-pi-statistics\/#breadcrumb","itemListElement":[{"@type":"ListItem","position":1,"name":"Home","item":"https:\/\/picockpit.com\/raspberry-pi\/"},{"@type":"ListItem","position":2,"name":"PiStats"}]},{"@type":"WebSite","@id":"https:\/\/picockpit.com\/raspberry-pi\/#website","url":"https:\/\/picockpit.com\/raspberry-pi\/","name":"PiCockpit","description":"","publisher":{"@id":"https:\/\/picockpit.com\/raspberry-pi\/#organization"},"potentialAction":[{"@type":"SearchAction","target":{"@type":"EntryPoint","urlTemplate":"https:\/\/picockpit.com\/raspberry-pi\/?s={search_term_string}"},"query-input":{"@type":"PropertyValueSpecification","valueRequired":true,"valueName":"search_term_string"}}],"inLanguage":"fr-FR"},{"@type":"Organization","@id":"https:\/\/picockpit.com\/raspberry-pi\/#organization","name":"PiCockpit.com","url":"https:\/\/picockpit.com\/raspberry-pi\/","logo":{"@type":"ImageObject","inLanguage":"fr-FR","@id":"https:\/\/picockpit.com\/raspberry-pi\/#\/schema\/logo\/image\/","url":"https:\/\/picockpit.com\/raspberry-pi\/wp-content\/uploads\/2023\/07\/Screenshot-from-2023-07-24-15-01-24.png","contentUrl":"https:\/\/picockpit.com\/raspberry-pi\/wp-content\/uploads\/2023\/07\/Screenshot-from-2023-07-24-15-01-24.png","width":1165,"height":283,"caption":"PiCockpit.com"},"image":{"@id":"https:\/\/picockpit.com\/raspberry-pi\/#\/schema\/logo\/image\/"},"sameAs":["https:\/\/www.facebook.com\/pi3gshop","https:\/\/x.com\/pi3g"]}]}},"_links":{"self":[{"href":"https:\/\/picockpit.com\/raspberry-pi\/fr\/wp-json\/wp\/v2\/pages\/254","targetHints":{"allow":["GET"]}}],"collection":[{"href":"https:\/\/picockpit.com\/raspberry-pi\/fr\/wp-json\/wp\/v2\/pages"}],"about":[{"href":"https:\/\/picockpit.com\/raspberry-pi\/fr\/wp-json\/wp\/v2\/types\/page"}],"author":[{"embeddable":true,"href":"https:\/\/picockpit.com\/raspberry-pi\/fr\/wp-json\/wp\/v2\/users\/2"}],"replies":[{"embeddable":true,"href":"https:\/\/picockpit.com\/raspberry-pi\/fr\/wp-json\/wp\/v2\/comments?post=254"}],"version-history":[{"count":8,"href":"https:\/\/picockpit.com\/raspberry-pi\/fr\/wp-json\/wp\/v2\/pages\/254\/revisions"}],"predecessor-version":[{"id":6782,"href":"https:\/\/picockpit.com\/raspberry-pi\/fr\/wp-json\/wp\/v2\/pages\/254\/revisions\/6782"}],"wp:featuredmedia":[{"embeddable":true,"href":"https:\/\/picockpit.com\/raspberry-pi\/fr\/wp-json\/wp\/v2\/media\/6470"}],"wp:attachment":[{"href":"https:\/\/picockpit.com\/raspberry-pi\/fr\/wp-json\/wp\/v2\/media?parent=254"}],"curies":[{"name":"wp","href":"https:\/\/api.w.org\/{rel}","templated":true}]}}