{"id":3597,"date":"2022-12-19T11:02:02","date_gmt":"2022-12-19T11:02:02","guid":{"rendered":"https:\/\/picockpit.com\/raspberry-pi\/?page_id=3597"},"modified":"2024-03-11T10:02:00","modified_gmt":"2024-03-11T10:02:00","slug":"picockpit-raspberry-pi-pico-w-installation","status":"publish","type":"page","link":"https:\/\/picockpit.com\/raspberry-pi\/fr\/installation-de-picockpit-raspberry-pi-pico-w\/","title":{"rendered":"Comment installer PiCockpit sur un Pico W"},"content":{"rendered":"<figure class=\"wp-block-image size-large\"><img loading=\"lazy\" decoding=\"async\" width=\"1024\" height=\"322\" src=\"https:\/\/picockpit.com\/raspberry-pi\/wp-content\/uploads\/2023\/12\/PiCockpit-Pico-W-Installation-Title-Image-1024x322.png\" alt=\"PiCockpit Pico W Installation Title Image\" class=\"wp-image-6488\" srcset=\"https:\/\/picockpit.com\/raspberry-pi\/wp-content\/uploads\/2023\/12\/PiCockpit-Pico-W-Installation-Title-Image-1024x322.png 1024w, https:\/\/picockpit.com\/raspberry-pi\/wp-content\/uploads\/2023\/12\/PiCockpit-Pico-W-Installation-Title-Image-300x94.png 300w, https:\/\/picockpit.com\/raspberry-pi\/wp-content\/uploads\/2023\/12\/PiCockpit-Pico-W-Installation-Title-Image-768x241.png 768w, https:\/\/picockpit.com\/raspberry-pi\/wp-content\/uploads\/2023\/12\/PiCockpit-Pico-W-Installation-Title-Image-18x6.png 18w, https:\/\/picockpit.com\/raspberry-pi\/wp-content\/uploads\/2023\/12\/PiCockpit-Pico-W-Installation-Title-Image-24x8.png 24w, https:\/\/picockpit.com\/raspberry-pi\/wp-content\/uploads\/2023\/12\/PiCockpit-Pico-W-Installation-Title-Image-36x11.png 36w, https:\/\/picockpit.com\/raspberry-pi\/wp-content\/uploads\/2023\/12\/PiCockpit-Pico-W-Installation-Title-Image-48x15.png 48w, https:\/\/picockpit.com\/raspberry-pi\/wp-content\/uploads\/2023\/12\/PiCockpit-Pico-W-Installation-Title-Image.png 1200w\" sizes=\"auto, (max-width: 1024px) 100vw, 1024px\" \/><\/figure>\n\n\n\n<p>Suivez simplement ces instructions pour ajouter votre <a href=\"https:\/\/buyzero.de\/products\/raspberry-pi-pico-w-h-konfigurator-pico-pico-w-pico-h-pico-wh?variant=43536399958283\" target=\"_blank\" rel=\"noreferrer noopener\">Pico W<\/a> \u00e0 PiCockpit.<\/p>\n\n\n\n<p>Cela ne fonctionne que pour le Pico W, pas pour le Pico. Les \u00e9tapes sous '<em>R\u00e9initialisation des param\u00e8tres d'usine<\/em>sont n\u00e9cessaires si vous avez d\u00e9j\u00e0 utilis\u00e9 votre Pico pour quoi que ce soit. <\/p>\n\n\n\n<p>Si vous avez achet\u00e9 un nouvel appareil, vous pouvez vous en passer, mais ils ne font pas de mal dans tous les cas.<\/p>\n\n\n\n<p>Voici 10 \u00e9tapes pour installer le client PiCockpit sur votre Pico W.<\/p>\n\n\n\n<h2 class=\"wp-block-heading has-text-align-left\">R\u00e9initialisation des param\u00e8tres d'usine<\/h2>\n\n\n\n<p>1) Sauvegardez tous les fichiers de votre Pico que vous ne voulez pas perdre ! <em>(Si elle <strong>n'est pas<\/strong> un Pico tout neuf - en g\u00e9n\u00e9ral, mieux vaut pr\u00e9venir que gu\u00e9rir).<\/em><\/p>\n\n\n\n<p>2) Appuyez sur le bouton BOOTSEL tout en le connectant \u00e0 votre ordinateur. Le Pico doit appara\u00eetre comme un volume mont\u00e9. <\/p>\n\n\n\n<p>3) R\u00e9initialisez votre Pico en <a href=\"https:\/\/picockpit.com\/pcp_js\/assets\/flash_nuke.uf2\" target=\"_blank\" rel=\"noreferrer noopener\">t\u00e9l\u00e9charger un Flash Nuke<\/a> et en copiant le fichier uf2 sur le Pico. Cela r\u00e9tablit les param\u00e8tres d'usine du Pico.<\/p>\n\n\n\n<p>4) D\u00e9connectez le Pico.<\/p>\n\n\n<div class=\"wp-block-image\">\n<figure class=\"aligncenter size-full is-resized\"><img loading=\"lazy\" decoding=\"async\" width=\"923\" height=\"282\" src=\"https:\/\/picockpit.com\/raspberry-pi\/wp-content\/uploads\/2022\/12\/one-1.png\" alt=\"\" class=\"wp-image-3616\" style=\"width:475px\" srcset=\"https:\/\/picockpit.com\/raspberry-pi\/wp-content\/uploads\/2022\/12\/one-1.png 923w, https:\/\/picockpit.com\/raspberry-pi\/wp-content\/uploads\/2022\/12\/one-1-300x92.png 300w, https:\/\/picockpit.com\/raspberry-pi\/wp-content\/uploads\/2022\/12\/one-1-768x235.png 768w, https:\/\/picockpit.com\/raspberry-pi\/wp-content\/uploads\/2022\/12\/one-1-18x5.png 18w\" sizes=\"auto, (max-width: 923px) 100vw, 923px\" \/><\/figure>\n<\/div>\n\n\n<h2 class=\"wp-block-heading has-text-align-left\">Installation de PiCockpit<\/h2>\n\n\n\n<p>5) Aller \u00e0 <a href=\"http:\/\/www.picockpit.com\" target=\"_blank\" rel=\"noreferrer noopener\">PiCockpit.com<\/a>. Connectez-vous et assurez-vous que vous avez seulement 4 Pis ou que vous avez \u00e9tendu la limite. Actuellement, nous n'autorisons que 5 Pis au maximum dans notre version gratuite.<\/p>\n\n\n\n<p>6) Cliquez sur le bouton \"<strong>Ajouter un nouveau Pico W<\/strong>\"Saisissez vos informations. Toutes les informations sont uniquement enregistr\u00e9es localement et inscrites dans l'image uf2 - nous n'envoyons donc pas vos identifiants WiFi \u00e0 notre serveur. Elles sont en s\u00e9curit\u00e9 !<\/p>\n\n\n\n<p>7) Appuyez sur \"<strong>G\u00e9n\u00e9rer une image uf2<\/strong>\". L'image est ainsi t\u00e9l\u00e9charg\u00e9e.<\/p>\n\n\n\n<p>8) Appuyez sur le bouton BOOTSEL tout en connectant le Pico \u00e0 votre ordinateur.<\/p>\n\n\n\n<p>9) Copier le fichier uf2 (<em>picockpit-picow-v2.5.0.uf2<\/em>) sur le Pico.<\/p>\n\n\n\n<p>10) Ne d\u00e9connectez pas la Pico ! Attendez que la Pico s'affiche dans l'interface Web. Cela devrait prendre environ 2 minutes.<\/p>\n\n\n\n<p><br><\/p>\n\n\n<div class=\"wp-block-image\">\n<figure class=\"aligncenter size-full is-resized\"><img loading=\"lazy\" decoding=\"async\" width=\"525\" height=\"885\" src=\"https:\/\/picockpit.com\/raspberry-pi\/wp-content\/uploads\/2022\/12\/five-2.png\" alt=\"\" class=\"wp-image-3617\" style=\"width:475px\" srcset=\"https:\/\/picockpit.com\/raspberry-pi\/wp-content\/uploads\/2022\/12\/five-2.png 525w, https:\/\/picockpit.com\/raspberry-pi\/wp-content\/uploads\/2022\/12\/five-2-178x300.png 178w, https:\/\/picockpit.com\/raspberry-pi\/wp-content\/uploads\/2022\/12\/five-2-7x12.png 7w\" sizes=\"auto, (max-width: 525px) 100vw, 525px\" \/><\/figure>\n<\/div>\n\n\n<p><\/p>\n\n\n\n<p><\/p>\n\n\n\n<h2 class=\"wp-block-heading has-text-align-left\">FAQ<\/h2>\n\n\n\n<h3 class=\"wp-block-heading\"><strong>Pourquoi la <\/strong>mon Pico W appara\u00eet comme un volume mont\u00e9 ?<\/h3>\n\n\n\n<p>La raison la plus fr\u00e9quente de ce probl\u00e8me est l'utilisation du mauvais type de c\u00e2ble USB. Les Pico W sont dot\u00e9s d'un port micro USB, mais les c\u00e2bles USB sont souvent de deux types : les c\u00e2bles de donn\u00e9es et les c\u00e2bles de charge. Un c\u00e2ble de charge ne montera pas votre Pico W, vous devez donc vous assurer que vous utilisez un c\u00e2ble de donn\u00e9es.<\/p>\n\n\n\n<h3 class=\"wp-block-heading\"><strong>Quel est le num\u00e9ro de s\u00e9rie qui appara\u00eet dans l'interface ?<\/strong><\/h3>\n\n\n\n<p>Il s'agit simplement d'un UUID g\u00e9n\u00e9r\u00e9 de mani\u00e8re al\u00e9atoire. Actuellement, il n'y a pas de num\u00e9ro de s\u00e9rie sur un Pico W.<\/p>\n<div class=\"shariff shariff-align-center shariff-widget-align-left shariff-buttonstretch\"><ul class=\"shariff-buttons theme-white orientation-horizontal buttonsize-medium\"><li class=\"shariff-button twitter shariff-nocustomcolor\" style=\"background-color:#595959\"><a href=\"https:\/\/twitter.com\/share?url=https%3A%2F%2Fpicockpit.com%2Fraspberry-pi%2Ffr%2Finstallation-de-picockpit-raspberry-pi-pico-w%2F&text=How%20to%20Install%20PiCockpit%20on%20a%20Pico%20W\" title=\"Envoyer par X\" aria-label=\"Envoyer par X\" role=\"button\" rel=\"noopener nofollow\" class=\"shariff-link\" style=\"; background-color:#000; color:#000\" target=\"_blank\"><span class=\"shariff-icon\" style=\"fill:#000\"><svg width=\"32px\" height=\"20px\" xmlns=\"http:\/\/www.w3.org\/2000\/svg\" viewbox=\"0 0 24 24\"><path fill=\"#000\" d=\"M14.258 10.152L23.176 0h-2.113l-7.747 8.813L7.133 0H0l9.352 13.328L0 23.973h2.113l8.176-9.309 6.531 9.309h7.133zm-2.895 3.293l-.949-1.328L2.875 1.56h3.246l6.086 8.523.945 1.328 7.91 11.078h-3.246zm0 0\"\/><\/svg><\/span><span class=\"shariff-text\" style=\"color:#000\">partager<\/span>&nbsp;<\/a><\/li><li class=\"shariff-button facebook shariff-nocustomcolor\" style=\"background-color:#4273c8\"><a href=\"https:\/\/www.facebook.com\/sharer\/sharer.php?u=https%3A%2F%2Fpicockpit.com%2Fraspberry-pi%2Ffr%2Finstallation-de-picockpit-raspberry-pi-pico-w%2F\" title=\"Envoyer par Facebook\" aria-label=\"Envoyer par Facebook\" role=\"button\" rel=\"nofollow\" class=\"shariff-link\" style=\"; background-color:#3b5998; color:#3b5998\" target=\"_blank\"><span class=\"shariff-icon\" style=\"fill:#3b5998\"><svg width=\"32px\" height=\"20px\" xmlns=\"http:\/\/www.w3.org\/2000\/svg\" viewbox=\"0 0 18 32\"><path fill=\"#3b5998\" d=\"M17.1 0.2v4.7h-2.8q-1.5 0-2.1 0.6t-0.5 1.9v3.4h5.2l-0.7 5.3h-4.5v13.6h-5.5v-13.6h-4.5v-5.3h4.5v-3.9q0-3.3 1.9-5.2t5-1.8q2.6 0 4.1 0.2z\"\/><\/svg><\/span><span class=\"shariff-text\" style=\"color:#3b5998\">partager<\/span>&nbsp;<\/a><\/li><li class=\"shariff-button telegram shariff-nocustomcolor\" style=\"background-color:#4084A6\"><a href=\"https:\/\/telegram.me\/share\/url?url=https%3A%2F%2Fpicockpit.com%2Fraspberry-pi%2Ffr%2Finstallation-de-picockpit-raspberry-pi-pico-w%2F&text=How%20to%20Install%20PiCockpit%20on%20a%20Pico%20W\" title=\"Envoyer par Telegram\" aria-label=\"Envoyer par Telegram\" role=\"button\" rel=\"noopener nofollow\" class=\"shariff-link\" style=\"; background-color:#0088cc; color:#0088cc\" target=\"_blank\"><span class=\"shariff-icon\" style=\"fill:#0088cc\"><svg width=\"32px\" height=\"20px\" xmlns=\"http:\/\/www.w3.org\/2000\/svg\" viewbox=\"0 0 32 32\"><path fill=\"#0088cc\" d=\"M30.8 6.5l-4.5 21.4c-.3 1.5-1.2 1.9-2.5 1.2L16.9 24l-3.3 3.2c-.4.4-.7.7-1.4.7l.5-7L25.5 9.2c.6-.5-.1-.8-.9-.3l-15.8 10L2 16.7c-1.5-.5-1.5-1.5.3-2.2L28.9 4.3c1.3-.5 2.3.3 1.9 2.2z\"\/><\/svg><\/span><span class=\"shariff-text\" style=\"color:#0088cc\">partager<\/span>&nbsp;<\/a><\/li><li class=\"shariff-button reddit shariff-nocustomcolor\" style=\"background-color:#ff5700\"><a href=\"https:\/\/www.reddit.com\/submit?url=https%3A%2F%2Fpicockpit.com%2Fraspberry-pi%2Ffr%2Finstallation-de-picockpit-raspberry-pi-pico-w%2F\" title=\"Envoyer par Reddit\" aria-label=\"Envoyer par Reddit\" role=\"button\" rel=\"noopener nofollow\" class=\"shariff-link\" style=\"; background-color:#ff4500; color:#ff4500\" target=\"_blank\"><span class=\"shariff-icon\" style=\"fill:#ff4500\"><svg xmlns=\"http:\/\/www.w3.org\/2000\/svg\" viewbox=\"0 0 512 512\"><path fill=\"#ff4500\" d=\"M440.3 203.5c-15 0-28.2 6.2-37.9 15.9-35.7-24.7-83.8-40.6-137.1-42.3L293 52.3l88.2 19.8c0 21.6 17.6 39.2 39.2 39.2 22 0 39.7-18.1 39.7-39.7s-17.6-39.7-39.7-39.7c-15.4 0-28.7 9.3-35.3 22l-97.4-21.6c-4.9-1.3-9.7 2.2-11 7.1L246.3 177c-52.9 2.2-100.5 18.1-136.3 42.8-9.7-10.1-23.4-16.3-38.4-16.3-55.6 0-73.8 74.6-22.9 100.1-1.8 7.9-2.6 16.3-2.6 24.7 0 83.8 94.4 151.7 210.3 151.7 116.4 0 210.8-67.9 210.8-151.7 0-8.4-.9-17.2-3.1-25.1 49.9-25.6 31.5-99.7-23.8-99.7zM129.4 308.9c0-22 17.6-39.7 39.7-39.7 21.6 0 39.2 17.6 39.2 39.7 0 21.6-17.6 39.2-39.2 39.2-22 .1-39.7-17.6-39.7-39.2zm214.3 93.5c-36.4 36.4-139.1 36.4-175.5 0-4-3.5-4-9.7 0-13.7 3.5-3.5 9.7-3.5 13.2 0 27.8 28.5 120 29 149 0 3.5-3.5 9.7-3.5 13.2 0 4.1 4 4.1 10.2.1 13.7zm-.8-54.2c-21.6 0-39.2-17.6-39.2-39.2 0-22 17.6-39.7 39.2-39.7 22 0 39.7 17.6 39.7 39.7-.1 21.5-17.7 39.2-39.7 39.2z\"\/><\/svg><\/span><span class=\"shariff-text\" style=\"color:#ff4500\">partager<\/span>&nbsp;<\/a><\/li><\/ul><\/div>","protected":false},"excerpt":{"rendered":"<p>Suivez simplement ces instructions pour ajouter votre Pico W \u00e0 PiCockpit. Ceci ne fonctionne que pour la Pico W, pas pour la Pico. Les \u00e9tapes sous \"R\u00e9initialiser les param\u00e8tres d'usine\" sont n\u00e9cessaires si vous avez d\u00e9j\u00e0 utilis\u00e9 votre Pico pour quoi que ce soit. Si vous avez achet\u00e9 un nouveau Pico, vous pouvez les ignorer, mais elles ne font pas de mal...<\/p>","protected":false},"author":7,"featured_media":6488,"parent":0,"menu_order":0,"comment_status":"closed","ping_status":"closed","template":"","meta":{"footnotes":""},"class_list":["post-3597","page","type-page","status-publish","has-post-thumbnail","hentry"],"yoast_head":"<!-- This site is optimized with the Yoast SEO plugin v27.4 - https:\/\/yoast.com\/product\/yoast-seo-wordpress\/ -->\n<title>How to Install PiCockpit on a Pico W | PiCockpit<\/title>\n<meta name=\"description\" content=\"This page explains how to install PiCockpit onto a Raspberry Pi Pico W so that you can control and monitor your Pico W.\" \/>\n<meta name=\"robots\" content=\"index, follow, max-snippet:-1, max-image-preview:large, max-video-preview:-1\" \/>\n<link rel=\"canonical\" href=\"https:\/\/picockpit.com\/raspberry-pi\/fr\/installation-de-picockpit-raspberry-pi-pico-w\/\" \/>\n<meta property=\"og:locale\" content=\"fr_FR\" \/>\n<meta property=\"og:type\" content=\"article\" \/>\n<meta property=\"og:title\" content=\"How to Install PiCockpit on a Pico W | PiCockpit\" \/>\n<meta property=\"og:description\" content=\"This page explains how to install PiCockpit onto a Raspberry Pi Pico W so that you can control and monitor your Pico W.\" \/>\n<meta property=\"og:url\" content=\"https:\/\/picockpit.com\/raspberry-pi\/fr\/installation-de-picockpit-raspberry-pi-pico-w\/\" \/>\n<meta property=\"og:site_name\" content=\"PiCockpit\" \/>\n<meta property=\"article:publisher\" content=\"https:\/\/www.facebook.com\/pi3gshop\" \/>\n<meta property=\"article:modified_time\" content=\"2024-03-11T10:02:00+00:00\" \/>\n<meta property=\"og:image\" content=\"https:\/\/picockpit.com\/raspberry-pi\/wp-content\/uploads\/2023\/12\/PiCockpit-Pico-W-Installation-Title-Image.png\" \/>\n\t<meta property=\"og:image:width\" content=\"1200\" \/>\n\t<meta property=\"og:image:height\" content=\"377\" \/>\n\t<meta property=\"og:image:type\" content=\"image\/png\" \/>\n<meta name=\"twitter:card\" content=\"summary_large_image\" \/>\n<meta name=\"twitter:site\" content=\"@pi3g\" \/>\n<meta name=\"twitter:label1\" content=\"Dur\u00e9e de lecture estim\u00e9e\" \/>\n\t<meta name=\"twitter:data1\" content=\"3 minutes\" \/>\n<script type=\"application\/ld+json\" class=\"yoast-schema-graph\">{\"@context\":\"https:\\\/\\\/schema.org\",\"@graph\":[{\"@type\":\"WebPage\",\"@id\":\"https:\\\/\\\/picockpit.com\\\/raspberry-pi\\\/picockpit-raspberry-pi-pico-w-installation\\\/\",\"url\":\"https:\\\/\\\/picockpit.com\\\/raspberry-pi\\\/picockpit-raspberry-pi-pico-w-installation\\\/\",\"name\":\"How to Install PiCockpit on a Pico W | PiCockpit\",\"isPartOf\":{\"@id\":\"https:\\\/\\\/picockpit.com\\\/raspberry-pi\\\/#website\"},\"primaryImageOfPage\":{\"@id\":\"https:\\\/\\\/picockpit.com\\\/raspberry-pi\\\/picockpit-raspberry-pi-pico-w-installation\\\/#primaryimage\"},\"image\":{\"@id\":\"https:\\\/\\\/picockpit.com\\\/raspberry-pi\\\/picockpit-raspberry-pi-pico-w-installation\\\/#primaryimage\"},\"thumbnailUrl\":\"https:\\\/\\\/picockpit.com\\\/raspberry-pi\\\/wp-content\\\/uploads\\\/2023\\\/12\\\/PiCockpit-Pico-W-Installation-Title-Image.png\",\"datePublished\":\"2022-12-19T11:02:02+00:00\",\"dateModified\":\"2024-03-11T10:02:00+00:00\",\"description\":\"This page explains how to install PiCockpit onto a Raspberry Pi Pico W so that you can control and monitor your Pico W.\",\"breadcrumb\":{\"@id\":\"https:\\\/\\\/picockpit.com\\\/raspberry-pi\\\/picockpit-raspberry-pi-pico-w-installation\\\/#breadcrumb\"},\"inLanguage\":\"fr-FR\",\"potentialAction\":[{\"@type\":\"ReadAction\",\"target\":[\"https:\\\/\\\/picockpit.com\\\/raspberry-pi\\\/picockpit-raspberry-pi-pico-w-installation\\\/\"]}]},{\"@type\":\"ImageObject\",\"inLanguage\":\"fr-FR\",\"@id\":\"https:\\\/\\\/picockpit.com\\\/raspberry-pi\\\/picockpit-raspberry-pi-pico-w-installation\\\/#primaryimage\",\"url\":\"https:\\\/\\\/picockpit.com\\\/raspberry-pi\\\/wp-content\\\/uploads\\\/2023\\\/12\\\/PiCockpit-Pico-W-Installation-Title-Image.png\",\"contentUrl\":\"https:\\\/\\\/picockpit.com\\\/raspberry-pi\\\/wp-content\\\/uploads\\\/2023\\\/12\\\/PiCockpit-Pico-W-Installation-Title-Image.png\",\"width\":1200,\"height\":377,\"caption\":\"PiCockpit Pico W Installation Title Image\"},{\"@type\":\"BreadcrumbList\",\"@id\":\"https:\\\/\\\/picockpit.com\\\/raspberry-pi\\\/picockpit-raspberry-pi-pico-w-installation\\\/#breadcrumb\",\"itemListElement\":[{\"@type\":\"ListItem\",\"position\":1,\"name\":\"Home\",\"item\":\"https:\\\/\\\/picockpit.com\\\/raspberry-pi\\\/\"},{\"@type\":\"ListItem\",\"position\":2,\"name\":\"How to Install PiCockpit on a Pico W\"}]},{\"@type\":\"WebSite\",\"@id\":\"https:\\\/\\\/picockpit.com\\\/raspberry-pi\\\/#website\",\"url\":\"https:\\\/\\\/picockpit.com\\\/raspberry-pi\\\/\",\"name\":\"PiCockpit\",\"description\":\"\",\"publisher\":{\"@id\":\"https:\\\/\\\/picockpit.com\\\/raspberry-pi\\\/#organization\"},\"potentialAction\":[{\"@type\":\"SearchAction\",\"target\":{\"@type\":\"EntryPoint\",\"urlTemplate\":\"https:\\\/\\\/picockpit.com\\\/raspberry-pi\\\/?s={search_term_string}\"},\"query-input\":{\"@type\":\"PropertyValueSpecification\",\"valueRequired\":true,\"valueName\":\"search_term_string\"}}],\"inLanguage\":\"fr-FR\"},{\"@type\":\"Organization\",\"@id\":\"https:\\\/\\\/picockpit.com\\\/raspberry-pi\\\/#organization\",\"name\":\"PiCockpit.com\",\"url\":\"https:\\\/\\\/picockpit.com\\\/raspberry-pi\\\/\",\"logo\":{\"@type\":\"ImageObject\",\"inLanguage\":\"fr-FR\",\"@id\":\"https:\\\/\\\/picockpit.com\\\/raspberry-pi\\\/#\\\/schema\\\/logo\\\/image\\\/\",\"url\":\"https:\\\/\\\/picockpit.com\\\/raspberry-pi\\\/wp-content\\\/uploads\\\/2023\\\/07\\\/Screenshot-from-2023-07-24-15-01-24.png\",\"contentUrl\":\"https:\\\/\\\/picockpit.com\\\/raspberry-pi\\\/wp-content\\\/uploads\\\/2023\\\/07\\\/Screenshot-from-2023-07-24-15-01-24.png\",\"width\":1165,\"height\":283,\"caption\":\"PiCockpit.com\"},\"image\":{\"@id\":\"https:\\\/\\\/picockpit.com\\\/raspberry-pi\\\/#\\\/schema\\\/logo\\\/image\\\/\"},\"sameAs\":[\"https:\\\/\\\/www.facebook.com\\\/pi3gshop\",\"https:\\\/\\\/x.com\\\/pi3g\"]}]}<\/script>\n<!-- \/ Yoast SEO plugin. -->","yoast_head_json":{"title":"Comment installer PiCockpit sur un Pico W | PiCockpit","description":"Cette page explique comment installer PiCockpit sur un Raspberry Pi Pico W afin de pouvoir contr\u00f4ler et surveiller votre Pico W.","robots":{"index":"index","follow":"follow","max-snippet":"max-snippet:-1","max-image-preview":"max-image-preview:large","max-video-preview":"max-video-preview:-1"},"canonical":"https:\/\/picockpit.com\/raspberry-pi\/fr\/installation-de-picockpit-raspberry-pi-pico-w\/","og_locale":"fr_FR","og_type":"article","og_title":"How to Install PiCockpit on a Pico W | PiCockpit","og_description":"This page explains how to install PiCockpit onto a Raspberry Pi Pico W so that you can control and monitor your Pico W.","og_url":"https:\/\/picockpit.com\/raspberry-pi\/fr\/installation-de-picockpit-raspberry-pi-pico-w\/","og_site_name":"PiCockpit","article_publisher":"https:\/\/www.facebook.com\/pi3gshop","article_modified_time":"2024-03-11T10:02:00+00:00","og_image":[{"width":1200,"height":377,"url":"https:\/\/picockpit.com\/raspberry-pi\/wp-content\/uploads\/2023\/12\/PiCockpit-Pico-W-Installation-Title-Image.png","type":"image\/png"}],"twitter_card":"summary_large_image","twitter_site":"@pi3g","twitter_misc":{"Dur\u00e9e de lecture estim\u00e9e":"3 minutes"},"schema":{"@context":"https:\/\/schema.org","@graph":[{"@type":"WebPage","@id":"https:\/\/picockpit.com\/raspberry-pi\/picockpit-raspberry-pi-pico-w-installation\/","url":"https:\/\/picockpit.com\/raspberry-pi\/picockpit-raspberry-pi-pico-w-installation\/","name":"Comment installer PiCockpit sur un Pico W | PiCockpit","isPartOf":{"@id":"https:\/\/picockpit.com\/raspberry-pi\/#website"},"primaryImageOfPage":{"@id":"https:\/\/picockpit.com\/raspberry-pi\/picockpit-raspberry-pi-pico-w-installation\/#primaryimage"},"image":{"@id":"https:\/\/picockpit.com\/raspberry-pi\/picockpit-raspberry-pi-pico-w-installation\/#primaryimage"},"thumbnailUrl":"https:\/\/picockpit.com\/raspberry-pi\/wp-content\/uploads\/2023\/12\/PiCockpit-Pico-W-Installation-Title-Image.png","datePublished":"2022-12-19T11:02:02+00:00","dateModified":"2024-03-11T10:02:00+00:00","description":"Cette page explique comment installer PiCockpit sur un Raspberry Pi Pico W afin de pouvoir contr\u00f4ler et surveiller votre Pico W.","breadcrumb":{"@id":"https:\/\/picockpit.com\/raspberry-pi\/picockpit-raspberry-pi-pico-w-installation\/#breadcrumb"},"inLanguage":"fr-FR","potentialAction":[{"@type":"ReadAction","target":["https:\/\/picockpit.com\/raspberry-pi\/picockpit-raspberry-pi-pico-w-installation\/"]}]},{"@type":"ImageObject","inLanguage":"fr-FR","@id":"https:\/\/picockpit.com\/raspberry-pi\/picockpit-raspberry-pi-pico-w-installation\/#primaryimage","url":"https:\/\/picockpit.com\/raspberry-pi\/wp-content\/uploads\/2023\/12\/PiCockpit-Pico-W-Installation-Title-Image.png","contentUrl":"https:\/\/picockpit.com\/raspberry-pi\/wp-content\/uploads\/2023\/12\/PiCockpit-Pico-W-Installation-Title-Image.png","width":1200,"height":377,"caption":"PiCockpit Pico W Installation Title Image"},{"@type":"BreadcrumbList","@id":"https:\/\/picockpit.com\/raspberry-pi\/picockpit-raspberry-pi-pico-w-installation\/#breadcrumb","itemListElement":[{"@type":"ListItem","position":1,"name":"Home","item":"https:\/\/picockpit.com\/raspberry-pi\/"},{"@type":"ListItem","position":2,"name":"How to Install PiCockpit on a Pico W"}]},{"@type":"WebSite","@id":"https:\/\/picockpit.com\/raspberry-pi\/#website","url":"https:\/\/picockpit.com\/raspberry-pi\/","name":"PiCockpit","description":"","publisher":{"@id":"https:\/\/picockpit.com\/raspberry-pi\/#organization"},"potentialAction":[{"@type":"SearchAction","target":{"@type":"EntryPoint","urlTemplate":"https:\/\/picockpit.com\/raspberry-pi\/?s={search_term_string}"},"query-input":{"@type":"PropertyValueSpecification","valueRequired":true,"valueName":"search_term_string"}}],"inLanguage":"fr-FR"},{"@type":"Organization","@id":"https:\/\/picockpit.com\/raspberry-pi\/#organization","name":"PiCockpit.com","url":"https:\/\/picockpit.com\/raspberry-pi\/","logo":{"@type":"ImageObject","inLanguage":"fr-FR","@id":"https:\/\/picockpit.com\/raspberry-pi\/#\/schema\/logo\/image\/","url":"https:\/\/picockpit.com\/raspberry-pi\/wp-content\/uploads\/2023\/07\/Screenshot-from-2023-07-24-15-01-24.png","contentUrl":"https:\/\/picockpit.com\/raspberry-pi\/wp-content\/uploads\/2023\/07\/Screenshot-from-2023-07-24-15-01-24.png","width":1165,"height":283,"caption":"PiCockpit.com"},"image":{"@id":"https:\/\/picockpit.com\/raspberry-pi\/#\/schema\/logo\/image\/"},"sameAs":["https:\/\/www.facebook.com\/pi3gshop","https:\/\/x.com\/pi3g"]}]}},"_links":{"self":[{"href":"https:\/\/picockpit.com\/raspberry-pi\/fr\/wp-json\/wp\/v2\/pages\/3597","targetHints":{"allow":["GET"]}}],"collection":[{"href":"https:\/\/picockpit.com\/raspberry-pi\/fr\/wp-json\/wp\/v2\/pages"}],"about":[{"href":"https:\/\/picockpit.com\/raspberry-pi\/fr\/wp-json\/wp\/v2\/types\/page"}],"author":[{"embeddable":true,"href":"https:\/\/picockpit.com\/raspberry-pi\/fr\/wp-json\/wp\/v2\/users\/7"}],"replies":[{"embeddable":true,"href":"https:\/\/picockpit.com\/raspberry-pi\/fr\/wp-json\/wp\/v2\/comments?post=3597"}],"version-history":[{"count":16,"href":"https:\/\/picockpit.com\/raspberry-pi\/fr\/wp-json\/wp\/v2\/pages\/3597\/revisions"}],"predecessor-version":[{"id":6998,"href":"https:\/\/picockpit.com\/raspberry-pi\/fr\/wp-json\/wp\/v2\/pages\/3597\/revisions\/6998"}],"wp:featuredmedia":[{"embeddable":true,"href":"https:\/\/picockpit.com\/raspberry-pi\/fr\/wp-json\/wp\/v2\/media\/6488"}],"wp:attachment":[{"href":"https:\/\/picockpit.com\/raspberry-pi\/fr\/wp-json\/wp\/v2\/media?parent=3597"}],"curies":[{"name":"wp","href":"https:\/\/api.w.org\/{rel}","templated":true}]}}