{"id":60,"date":"2020-11-08T11:49:56","date_gmt":"2020-11-08T11:49:56","guid":{"rendered":"https:\/\/picockpit.com\/raspberry-pi\/?page_id=60"},"modified":"2024-04-04T13:19:39","modified_gmt":"2024-04-04T13:19:39","slug":"picockpit-terms-of-service","status":"publish","type":"page","link":"https:\/\/picockpit.com\/raspberry-pi\/fr\/picockpit-termes-de-service\/","title":{"rendered":"Conditions d'utilisation de PiCockpit"},"content":{"rendered":"<h2 class=\"wp-block-heading\"><strong>Conditions d'utilisation<\/strong><\/h2>\n\n\n\n<p>Les pr\u00e9sentes conditions d'utilisation r\u00e9gissent votre utilisation du site web www.picockpit.com (\"site\") exploit\u00e9 par pi3g GmbH &amp; Co. KG (\"pi3g\", \"nous\", \"notre\" ou \"nos\"). En acc\u00e9dant au site ou en l'utilisant, vous acceptez d'\u00eatre li\u00e9 par les pr\u00e9sentes conditions. Si vous n'acceptez pas ces conditions, vous n'\u00eates pas autoris\u00e9 \u00e0 acc\u00e9der au site ou \u00e0 l'utiliser.<\/p>\n\n\n\n<p>Ces conditions de service s'appliquent \u00e9galement \u00e0 toute utilisation du client PiCockpit et du service PiCockpit en g\u00e9n\u00e9ral.<\/p>\n\n\n\n<p>Les conditions d'utilisation officielles sont r\u00e9dig\u00e9es et pr\u00e9sent\u00e9es en anglais. Nous ne sommes pas responsables des erreurs de traduction.<\/p>\n\n\n\n<ol class=\"wp-block-list\">\n<li>Acceptation des conditions<\/li>\n<\/ol>\n\n\n\n<p>En utilisant le service fourni sur le site, vous acceptez d'\u00eatre li\u00e9 par les conditions suivantes. Les pr\u00e9sentes conditions de service, ainsi que tout bon de commande applicable, constituent l'int\u00e9gralit\u00e9 et l'exclusivit\u00e9 de l'entente et de l'accord entre pi3g et vous au sujet du service, et les pr\u00e9sentes conditions de service annulent et remplacent toute entente ou tout accord oral ou \u00e9crit ant\u00e9rieur entre pi3g et vous au sujet du service.<\/p>\n\n\n\n<ol class=\"wp-block-list\" start=\"2\">\n<li>Modification<\/li>\n<\/ol>\n\n\n\n<p>Nous nous r\u00e9servons le droit de modifier les pr\u00e9sentes conditions d'utilisation \u00e0 tout moment, \u00e0 notre seule discr\u00e9tion. Il est important que vous lisiez les conditions de service chaque fois que nous les modifions, car si vous continuez \u00e0 utiliser le service apr\u00e8s que nous avons publi\u00e9 des conditions de service modifi\u00e9es sur le site, vous nous indiquez que vous acceptez d'\u00eatre li\u00e9 par les conditions modifi\u00e9es. Si vous n'acceptez pas d'\u00eatre li\u00e9 par les conditions d'utilisation modifi\u00e9es, vous ne pouvez pas utiliser notre service.<\/p>\n\n\n\n<ol class=\"wp-block-list\" start=\"3\">\n<li>Capacit\u00e9 d'accepter les conditions<\/li>\n<\/ol>\n\n\n\n<p>Le site est destin\u00e9 aux personnes \u00e2g\u00e9es de treize (13) ans ou plus. Vous devez avoir 13 ans ou plus pour utiliser le service. Seuls les \u00eatres humains peuvent utiliser le service, que vous ne pouvez utiliser que si vous cr\u00e9ez un compte (\"Compte\"). Nous ne permettons pas aux robots ou autres outils d'automatisation d'enregistrer des comptes, et il est interdit d'enregistrer un compte de cette mani\u00e8re. Vous devez fournir les informations dont nous avons besoin pour compl\u00e9ter votre inscription \u00e0 un compte, y compris votre nom, une adresse \u00e9lectronique valide et toute autre information que nous vous demandons au cours de la proc\u00e9dure d'inscription.<\/p>\n\n\n\n<ol class=\"wp-block-list\" start=\"4\">\n<li>Utilisation du contenu<\/li>\n<\/ol>\n\n\n\n<p>Le contenu du site vous est fourni pour votre information et votre usage personnel uniquement et ne peut \u00eatre utilis\u00e9, modifi\u00e9, copi\u00e9, distribu\u00e9, transmis, diffus\u00e9, affich\u00e9, vendu, conc\u00e9d\u00e9 sous licence, d\u00e9compil\u00e9 ou exploit\u00e9 \u00e0 d'autres fins, quelles qu'elles soient, sans notre accord \u00e9crit pr\u00e9alable.<\/p>\n\n\n\n<ol class=\"wp-block-list\" start=\"5\">\n<li>Droits de propri\u00e9t\u00e9 intellectuelle<\/li>\n<\/ol>\n\n\n\n<p>L'ensemble du contenu du site, y compris les textes, documents, articles, brochures, descriptions, produits, logiciels, graphiques, photos, sons, vid\u00e9os, fonctions interactives et services, est la propri\u00e9t\u00e9 de pi3g et\/ou de ses conc\u00e9dants de licence et peut \u00eatre prot\u00e9g\u00e9 par des droits d'auteur ou d'autres lois et trait\u00e9s relatifs \u00e0 la propri\u00e9t\u00e9 intellectuelle. PiCockpit est prot\u00e9g\u00e9 par le droit d'auteur. Tous les droits sont r\u00e9serv\u00e9s. L'utilisation, la reproduction ou la distribution non autoris\u00e9e de PiCockpit ou de ses composants est interdite.<\/p>\n\n\n\n<ol class=\"wp-block-list\" start=\"6\">\n<li>Paiement<\/li>\n<\/ol>\n\n\n\n<p>Le paiement d'un plan payant (PiCockpit Pro &amp; PiCockpit Pro Plus) s'effectue via des syst\u00e8mes de paiement en ligne exploit\u00e9s par des tiers, tels que Stripe, que nous pouvons utiliser pour le traitement des paiements.<\/p>\n\n\n\n<ol class=\"wp-block-list\" start=\"7\">\n<li>Limitation de la responsabilit\u00e9<\/li>\n<\/ol>\n\n\n\n<p>Dans toute la mesure permise par la loi, pi3g ne peut \u00eatre tenu responsable des dommages directs, indirects, exemplaires, sp\u00e9ciaux, cons\u00e9cutifs ou accessoires de quelque nature que ce soit, ni des pertes de donn\u00e9es, de revenus, de profits ou de r\u00e9putation, d\u00e9coulant des pr\u00e9sentes conditions d'utilisation ou de l'utilisation ou de l'incapacit\u00e9 d'utiliser le site.<\/p>\n\n\n\n<ol class=\"wp-block-list\" start=\"8\">\n<li>Garantie<\/li>\n<\/ol>\n\n\n\n<p>PiCockpit est fourni \"en l'\u00e9tat\" sans garantie d'aucune sorte, expresse ou implicite. Nous ne garantissons pas que le service sera ininterrompu, exempt d'erreurs ou de failles de s\u00e9curit\u00e9 ou d'attaques.<\/p>\n\n\n\n<ol class=\"wp-block-list\" start=\"9\">\n<li>Remboursements<\/li>\n<\/ol>\n\n\n\n<p>Nous offrons des remboursements dans les 30 jours suivant l'achat initial d'un PiCockpit Pro ou d'un plan de paiement PiCockpit Pro Plus. Pour demander un remboursement, veuillez nous contacter \u00e0 <a href=\"mailto:info@picockpit.com\">info@picockpit.com<\/a>.<\/p>\n\n\n\n<ol class=\"wp-block-list\" start=\"10\">\n<li>Politique de tarification<\/li>\n<\/ol>\n\n\n\n<p>Les prix actuels sont disponibles via <a href=\"https:\/\/picockpit.com\/raspberry-pi\/picockpit-pricing\/\">https:\/\/picockpit.com\/raspberry-pi\/picockpit-pricing\/<\/a>. Nous nous r\u00e9servons le droit d'ajuster le prix avec un mois de pr\u00e9avis pour les utilisateurs existants.<\/p>\n\n\n\n<ol class=\"wp-block-list\" start=\"11\">\n<li>Annulation<\/li>\n<\/ol>\n\n\n\n<p>Les utilisateurs peuvent r\u00e9silier leur compte \u00e0 tout moment. En cas de r\u00e9siliation, leurs donn\u00e9es seront supprim\u00e9es de nos syst\u00e8mes.<\/p>\n\n\n\n<p>Toutefois, apr\u00e8s la p\u00e9riode de 30 jours suivant l'achat initial, toute annulation ne donnera pas lieu \u00e0 un remboursement, y compris de la p\u00e9riode de paiement en cours.<\/p>\n\n\n\n<ol class=\"wp-block-list\" start=\"12\">\n<li>G\u00e9n\u00e9ral<\/li>\n<\/ol>\n\n\n\n<p>Pi3g se r\u00e9serve le droit d'interrompre ou de modifier tout aspect du service PiCockpit \u00e0 tout moment, y compris le site, le client et tout autre \u00e9l\u00e9ment de PiCockpit. Si une disposition de ces conditions est jug\u00e9e invalide par un tribunal comp\u00e9tent, l'invalidit\u00e9 de cette disposition n'affectera pas la validit\u00e9 des autres dispositions de ces conditions de service, qui resteront pleinement en vigueur.<\/p>\n\n\n\n<hr class=\"wp-block-separator has-alpha-channel-opacity\"\/>\n\n\n\n<h3 class=\"wp-block-heading\">Le service est fourni par :<\/h3>\n\n\n\n<p> pi3g GmbH &amp; Co. KG<br> Zschochersche Allee 1<br> 04207 Leipzig<br>Allemagne <\/p>\n\n\n\n<h3 class=\"wp-block-heading\">Contact<\/h3>\n\n\n\n<p>S'il vous pla\u00eet&nbsp;<a href=\"https:\/\/pi3g.com\/kontakt\/\">contactez-nous<\/a>&nbsp;en cas de questions.<\/p>\n<div class=\"shariff shariff-align-center shariff-widget-align-left shariff-buttonstretch\"><ul class=\"shariff-buttons theme-white orientation-horizontal buttonsize-medium\"><li class=\"shariff-button twitter shariff-nocustomcolor\" style=\"background-color:#595959\"><a href=\"https:\/\/twitter.com\/share?url=https%3A%2F%2Fpicockpit.com%2Fraspberry-pi%2Ffr%2Fpicockpit-termes-de-service%2F&text=PiCockpit%20Terms%20of%20Service\" title=\"Envoyer par X\" aria-label=\"Envoyer par X\" role=\"button\" rel=\"noopener nofollow\" class=\"shariff-link\" style=\"; background-color:#000; color:#000\" target=\"_blank\"><span class=\"shariff-icon\" style=\"fill:#000\"><svg width=\"32px\" height=\"20px\" xmlns=\"http:\/\/www.w3.org\/2000\/svg\" viewbox=\"0 0 24 24\"><path fill=\"#000\" d=\"M14.258 10.152L23.176 0h-2.113l-7.747 8.813L7.133 0H0l9.352 13.328L0 23.973h2.113l8.176-9.309 6.531 9.309h7.133zm-2.895 3.293l-.949-1.328L2.875 1.56h3.246l6.086 8.523.945 1.328 7.91 11.078h-3.246zm0 0\"\/><\/svg><\/span><span class=\"shariff-text\" style=\"color:#000\">partager<\/span>&nbsp;<\/a><\/li><li class=\"shariff-button facebook shariff-nocustomcolor\" style=\"background-color:#4273c8\"><a href=\"https:\/\/www.facebook.com\/sharer\/sharer.php?u=https%3A%2F%2Fpicockpit.com%2Fraspberry-pi%2Ffr%2Fpicockpit-termes-de-service%2F\" title=\"Envoyer par Facebook\" aria-label=\"Envoyer par Facebook\" role=\"button\" rel=\"nofollow\" class=\"shariff-link\" style=\"; background-color:#3b5998; color:#3b5998\" target=\"_blank\"><span class=\"shariff-icon\" style=\"fill:#3b5998\"><svg width=\"32px\" height=\"20px\" xmlns=\"http:\/\/www.w3.org\/2000\/svg\" viewbox=\"0 0 18 32\"><path fill=\"#3b5998\" d=\"M17.1 0.2v4.7h-2.8q-1.5 0-2.1 0.6t-0.5 1.9v3.4h5.2l-0.7 5.3h-4.5v13.6h-5.5v-13.6h-4.5v-5.3h4.5v-3.9q0-3.3 1.9-5.2t5-1.8q2.6 0 4.1 0.2z\"\/><\/svg><\/span><span class=\"shariff-text\" style=\"color:#3b5998\">partager<\/span>&nbsp;<\/a><\/li><li class=\"shariff-button telegram shariff-nocustomcolor\" style=\"background-color:#4084A6\"><a href=\"https:\/\/telegram.me\/share\/url?url=https%3A%2F%2Fpicockpit.com%2Fraspberry-pi%2Ffr%2Fpicockpit-termes-de-service%2F&text=PiCockpit%20Terms%20of%20Service\" title=\"Envoyer par Telegram\" aria-label=\"Envoyer par Telegram\" role=\"button\" rel=\"noopener nofollow\" class=\"shariff-link\" style=\"; background-color:#0088cc; color:#0088cc\" target=\"_blank\"><span class=\"shariff-icon\" style=\"fill:#0088cc\"><svg width=\"32px\" height=\"20px\" xmlns=\"http:\/\/www.w3.org\/2000\/svg\" viewbox=\"0 0 32 32\"><path fill=\"#0088cc\" d=\"M30.8 6.5l-4.5 21.4c-.3 1.5-1.2 1.9-2.5 1.2L16.9 24l-3.3 3.2c-.4.4-.7.7-1.4.7l.5-7L25.5 9.2c.6-.5-.1-.8-.9-.3l-15.8 10L2 16.7c-1.5-.5-1.5-1.5.3-2.2L28.9 4.3c1.3-.5 2.3.3 1.9 2.2z\"\/><\/svg><\/span><span class=\"shariff-text\" style=\"color:#0088cc\">partager<\/span>&nbsp;<\/a><\/li><li class=\"shariff-button reddit shariff-nocustomcolor\" style=\"background-color:#ff5700\"><a href=\"https:\/\/www.reddit.com\/submit?url=https%3A%2F%2Fpicockpit.com%2Fraspberry-pi%2Ffr%2Fpicockpit-termes-de-service%2F\" title=\"Envoyer par Reddit\" aria-label=\"Envoyer par Reddit\" role=\"button\" rel=\"noopener nofollow\" class=\"shariff-link\" style=\"; background-color:#ff4500; color:#ff4500\" target=\"_blank\"><span class=\"shariff-icon\" style=\"fill:#ff4500\"><svg xmlns=\"http:\/\/www.w3.org\/2000\/svg\" viewbox=\"0 0 512 512\"><path fill=\"#ff4500\" d=\"M440.3 203.5c-15 0-28.2 6.2-37.9 15.9-35.7-24.7-83.8-40.6-137.1-42.3L293 52.3l88.2 19.8c0 21.6 17.6 39.2 39.2 39.2 22 0 39.7-18.1 39.7-39.7s-17.6-39.7-39.7-39.7c-15.4 0-28.7 9.3-35.3 22l-97.4-21.6c-4.9-1.3-9.7 2.2-11 7.1L246.3 177c-52.9 2.2-100.5 18.1-136.3 42.8-9.7-10.1-23.4-16.3-38.4-16.3-55.6 0-73.8 74.6-22.9 100.1-1.8 7.9-2.6 16.3-2.6 24.7 0 83.8 94.4 151.7 210.3 151.7 116.4 0 210.8-67.9 210.8-151.7 0-8.4-.9-17.2-3.1-25.1 49.9-25.6 31.5-99.7-23.8-99.7zM129.4 308.9c0-22 17.6-39.7 39.7-39.7 21.6 0 39.2 17.6 39.2 39.7 0 21.6-17.6 39.2-39.2 39.2-22 .1-39.7-17.6-39.7-39.2zm214.3 93.5c-36.4 36.4-139.1 36.4-175.5 0-4-3.5-4-9.7 0-13.7 3.5-3.5 9.7-3.5 13.2 0 27.8 28.5 120 29 149 0 3.5-3.5 9.7-3.5 13.2 0 4.1 4 4.1 10.2.1 13.7zm-.8-54.2c-21.6 0-39.2-17.6-39.2-39.2 0-22 17.6-39.7 39.2-39.7 22 0 39.7 17.6 39.7 39.7-.1 21.5-17.7 39.2-39.7 39.2z\"\/><\/svg><\/span><span class=\"shariff-text\" style=\"color:#ff4500\">partager<\/span>&nbsp;<\/a><\/li><\/ul><\/div>","protected":false},"excerpt":{"rendered":"<p>Conditions d'utilisation Les pr\u00e9sentes conditions d'utilisation r\u00e9gissent votre utilisation du site web www.picockpit.com (\"site\") exploit\u00e9 par pi3g GmbH &amp; Co. KG (\"pi3g\", \"nous\", \"notre\" ou \"nos\"). En acc\u00e9dant au site ou en l'utilisant, vous acceptez d'\u00eatre li\u00e9 par les pr\u00e9sentes conditions. Si vous n'acceptez pas ces conditions, vous ne pouvez pas acc\u00e9der au site ou l'utiliser...<\/p>","protected":false},"author":2,"featured_media":0,"parent":0,"menu_order":0,"comment_status":"closed","ping_status":"closed","template":"tpl-sidebar.php","meta":{"footnotes":""},"class_list":["post-60","page","type-page","status-publish","hentry"],"yoast_head":"<!-- This site is optimized with the Yoast SEO plugin v27.5 - https:\/\/yoast.com\/product\/yoast-seo-wordpress\/ -->\n<title>PiCockpit Terms of Service | PiCockpit<\/title>\n<meta name=\"description\" content=\"This page provides PiCockpit&#039;s Terms of Service, which apply to both the website and the client, as well as PiCockpit more generally.\" \/>\n<meta name=\"robots\" content=\"index, follow, max-snippet:-1, max-image-preview:large, max-video-preview:-1\" \/>\n<link rel=\"canonical\" href=\"https:\/\/picockpit.com\/raspberry-pi\/fr\/picockpit-termes-de-service\/\" \/>\n<meta property=\"og:locale\" content=\"fr_FR\" \/>\n<meta property=\"og:type\" content=\"article\" \/>\n<meta property=\"og:title\" content=\"PiCockpit Terms of Service | PiCockpit\" \/>\n<meta property=\"og:description\" content=\"This page provides PiCockpit&#039;s Terms of Service, which apply to both the website and the client, as well as PiCockpit more generally.\" \/>\n<meta property=\"og:url\" content=\"https:\/\/picockpit.com\/raspberry-pi\/fr\/picockpit-termes-de-service\/\" \/>\n<meta property=\"og:site_name\" content=\"PiCockpit\" \/>\n<meta property=\"article:publisher\" content=\"https:\/\/www.facebook.com\/pi3gshop\" \/>\n<meta property=\"article:modified_time\" content=\"2024-04-04T13:19:39+00:00\" \/>\n<meta property=\"og:image\" content=\"https:\/\/picockpit.com\/raspberry-pi\/wp-content\/uploads\/2023\/07\/Screenshot-from-2023-07-24-15-01-24.png\" \/>\n\t<meta property=\"og:image:width\" content=\"1165\" \/>\n\t<meta property=\"og:image:height\" content=\"283\" \/>\n\t<meta property=\"og:image:type\" content=\"image\/png\" \/>\n<meta name=\"twitter:card\" content=\"summary_large_image\" \/>\n<meta name=\"twitter:site\" content=\"@pi3g\" \/>\n<meta name=\"twitter:label1\" content=\"Dur\u00e9e de lecture estim\u00e9e\" \/>\n\t<meta name=\"twitter:data1\" content=\"4 minutes\" \/>\n<script type=\"application\/ld+json\" class=\"yoast-schema-graph\">{\"@context\":\"https:\\\/\\\/schema.org\",\"@graph\":[{\"@type\":\"WebPage\",\"@id\":\"https:\\\/\\\/picockpit.com\\\/raspberry-pi\\\/picockpit-terms-of-service\\\/\",\"url\":\"https:\\\/\\\/picockpit.com\\\/raspberry-pi\\\/picockpit-terms-of-service\\\/\",\"name\":\"PiCockpit Terms of Service | PiCockpit\",\"isPartOf\":{\"@id\":\"https:\\\/\\\/picockpit.com\\\/raspberry-pi\\\/#website\"},\"datePublished\":\"2020-11-08T11:49:56+00:00\",\"dateModified\":\"2024-04-04T13:19:39+00:00\",\"description\":\"This page provides PiCockpit's Terms of Service, which apply to both the website and the client, as well as PiCockpit more generally.\",\"breadcrumb\":{\"@id\":\"https:\\\/\\\/picockpit.com\\\/raspberry-pi\\\/picockpit-terms-of-service\\\/#breadcrumb\"},\"inLanguage\":\"fr-FR\",\"potentialAction\":[{\"@type\":\"ReadAction\",\"target\":[\"https:\\\/\\\/picockpit.com\\\/raspberry-pi\\\/picockpit-terms-of-service\\\/\"]}]},{\"@type\":\"BreadcrumbList\",\"@id\":\"https:\\\/\\\/picockpit.com\\\/raspberry-pi\\\/picockpit-terms-of-service\\\/#breadcrumb\",\"itemListElement\":[{\"@type\":\"ListItem\",\"position\":1,\"name\":\"Home\",\"item\":\"https:\\\/\\\/picockpit.com\\\/raspberry-pi\\\/\"},{\"@type\":\"ListItem\",\"position\":2,\"name\":\"PiCockpit Terms of Service\"}]},{\"@type\":\"WebSite\",\"@id\":\"https:\\\/\\\/picockpit.com\\\/raspberry-pi\\\/#website\",\"url\":\"https:\\\/\\\/picockpit.com\\\/raspberry-pi\\\/\",\"name\":\"PiCockpit\",\"description\":\"\",\"publisher\":{\"@id\":\"https:\\\/\\\/picockpit.com\\\/raspberry-pi\\\/#organization\"},\"potentialAction\":[{\"@type\":\"SearchAction\",\"target\":{\"@type\":\"EntryPoint\",\"urlTemplate\":\"https:\\\/\\\/picockpit.com\\\/raspberry-pi\\\/?s={search_term_string}\"},\"query-input\":{\"@type\":\"PropertyValueSpecification\",\"valueRequired\":true,\"valueName\":\"search_term_string\"}}],\"inLanguage\":\"fr-FR\"},{\"@type\":\"Organization\",\"@id\":\"https:\\\/\\\/picockpit.com\\\/raspberry-pi\\\/#organization\",\"name\":\"PiCockpit.com\",\"url\":\"https:\\\/\\\/picockpit.com\\\/raspberry-pi\\\/\",\"logo\":{\"@type\":\"ImageObject\",\"inLanguage\":\"fr-FR\",\"@id\":\"https:\\\/\\\/picockpit.com\\\/raspberry-pi\\\/#\\\/schema\\\/logo\\\/image\\\/\",\"url\":\"https:\\\/\\\/picockpit.com\\\/raspberry-pi\\\/wp-content\\\/uploads\\\/2023\\\/07\\\/Screenshot-from-2023-07-24-15-01-24.png\",\"contentUrl\":\"https:\\\/\\\/picockpit.com\\\/raspberry-pi\\\/wp-content\\\/uploads\\\/2023\\\/07\\\/Screenshot-from-2023-07-24-15-01-24.png\",\"width\":1165,\"height\":283,\"caption\":\"PiCockpit.com\"},\"image\":{\"@id\":\"https:\\\/\\\/picockpit.com\\\/raspberry-pi\\\/#\\\/schema\\\/logo\\\/image\\\/\"},\"sameAs\":[\"https:\\\/\\\/www.facebook.com\\\/pi3gshop\",\"https:\\\/\\\/x.com\\\/pi3g\"]}]}<\/script>\n<!-- \/ Yoast SEO plugin. -->","yoast_head_json":{"title":"Conditions d'utilisation de PiCockpit | PiCockpit","description":"Cette page pr\u00e9sente les conditions de service de PiCockpit, qui s'appliquent \u00e0 la fois au site web et au client, ainsi qu'\u00e0 PiCockpit de mani\u00e8re plus g\u00e9n\u00e9rale.","robots":{"index":"index","follow":"follow","max-snippet":"max-snippet:-1","max-image-preview":"max-image-preview:large","max-video-preview":"max-video-preview:-1"},"canonical":"https:\/\/picockpit.com\/raspberry-pi\/fr\/picockpit-termes-de-service\/","og_locale":"fr_FR","og_type":"article","og_title":"PiCockpit Terms of Service | PiCockpit","og_description":"This page provides PiCockpit's Terms of Service, which apply to both the website and the client, as well as PiCockpit more generally.","og_url":"https:\/\/picockpit.com\/raspberry-pi\/fr\/picockpit-termes-de-service\/","og_site_name":"PiCockpit","article_publisher":"https:\/\/www.facebook.com\/pi3gshop","article_modified_time":"2024-04-04T13:19:39+00:00","og_image":[{"width":1165,"height":283,"url":"https:\/\/picockpit.com\/raspberry-pi\/wp-content\/uploads\/2023\/07\/Screenshot-from-2023-07-24-15-01-24.png","type":"image\/png"}],"twitter_card":"summary_large_image","twitter_site":"@pi3g","twitter_misc":{"Dur\u00e9e de lecture estim\u00e9e":"4 minutes"},"schema":{"@context":"https:\/\/schema.org","@graph":[{"@type":"WebPage","@id":"https:\/\/picockpit.com\/raspberry-pi\/picockpit-terms-of-service\/","url":"https:\/\/picockpit.com\/raspberry-pi\/picockpit-terms-of-service\/","name":"Conditions d'utilisation de PiCockpit | PiCockpit","isPartOf":{"@id":"https:\/\/picockpit.com\/raspberry-pi\/#website"},"datePublished":"2020-11-08T11:49:56+00:00","dateModified":"2024-04-04T13:19:39+00:00","description":"Cette page pr\u00e9sente les conditions de service de PiCockpit, qui s'appliquent \u00e0 la fois au site web et au client, ainsi qu'\u00e0 PiCockpit de mani\u00e8re plus g\u00e9n\u00e9rale.","breadcrumb":{"@id":"https:\/\/picockpit.com\/raspberry-pi\/picockpit-terms-of-service\/#breadcrumb"},"inLanguage":"fr-FR","potentialAction":[{"@type":"ReadAction","target":["https:\/\/picockpit.com\/raspberry-pi\/picockpit-terms-of-service\/"]}]},{"@type":"BreadcrumbList","@id":"https:\/\/picockpit.com\/raspberry-pi\/picockpit-terms-of-service\/#breadcrumb","itemListElement":[{"@type":"ListItem","position":1,"name":"Home","item":"https:\/\/picockpit.com\/raspberry-pi\/"},{"@type":"ListItem","position":2,"name":"PiCockpit Terms of Service"}]},{"@type":"WebSite","@id":"https:\/\/picockpit.com\/raspberry-pi\/#website","url":"https:\/\/picockpit.com\/raspberry-pi\/","name":"PiCockpit","description":"","publisher":{"@id":"https:\/\/picockpit.com\/raspberry-pi\/#organization"},"potentialAction":[{"@type":"SearchAction","target":{"@type":"EntryPoint","urlTemplate":"https:\/\/picockpit.com\/raspberry-pi\/?s={search_term_string}"},"query-input":{"@type":"PropertyValueSpecification","valueRequired":true,"valueName":"search_term_string"}}],"inLanguage":"fr-FR"},{"@type":"Organization","@id":"https:\/\/picockpit.com\/raspberry-pi\/#organization","name":"PiCockpit.com","url":"https:\/\/picockpit.com\/raspberry-pi\/","logo":{"@type":"ImageObject","inLanguage":"fr-FR","@id":"https:\/\/picockpit.com\/raspberry-pi\/#\/schema\/logo\/image\/","url":"https:\/\/picockpit.com\/raspberry-pi\/wp-content\/uploads\/2023\/07\/Screenshot-from-2023-07-24-15-01-24.png","contentUrl":"https:\/\/picockpit.com\/raspberry-pi\/wp-content\/uploads\/2023\/07\/Screenshot-from-2023-07-24-15-01-24.png","width":1165,"height":283,"caption":"PiCockpit.com"},"image":{"@id":"https:\/\/picockpit.com\/raspberry-pi\/#\/schema\/logo\/image\/"},"sameAs":["https:\/\/www.facebook.com\/pi3gshop","https:\/\/x.com\/pi3g"]}]}},"_links":{"self":[{"href":"https:\/\/picockpit.com\/raspberry-pi\/fr\/wp-json\/wp\/v2\/pages\/60","targetHints":{"allow":["GET"]}}],"collection":[{"href":"https:\/\/picockpit.com\/raspberry-pi\/fr\/wp-json\/wp\/v2\/pages"}],"about":[{"href":"https:\/\/picockpit.com\/raspberry-pi\/fr\/wp-json\/wp\/v2\/types\/page"}],"author":[{"embeddable":true,"href":"https:\/\/picockpit.com\/raspberry-pi\/fr\/wp-json\/wp\/v2\/users\/2"}],"replies":[{"embeddable":true,"href":"https:\/\/picockpit.com\/raspberry-pi\/fr\/wp-json\/wp\/v2\/comments?post=60"}],"version-history":[{"count":5,"href":"https:\/\/picockpit.com\/raspberry-pi\/fr\/wp-json\/wp\/v2\/pages\/60\/revisions"}],"predecessor-version":[{"id":7183,"href":"https:\/\/picockpit.com\/raspberry-pi\/fr\/wp-json\/wp\/v2\/pages\/60\/revisions\/7183"}],"wp:attachment":[{"href":"https:\/\/picockpit.com\/raspberry-pi\/fr\/wp-json\/wp\/v2\/media?parent=60"}],"curies":[{"name":"wp","href":"https:\/\/api.w.org\/{rel}","templated":true}]}}