{"id":6362,"date":"2023-12-17T21:06:34","date_gmt":"2023-12-17T21:06:34","guid":{"rendered":"https:\/\/picockpit.com\/raspberry-pi\/?page_id=6362"},"modified":"2023-12-19T15:16:33","modified_gmt":"2023-12-19T15:16:33","slug":"how-to-get-picockpit-pro","status":"publish","type":"page","link":"https:\/\/picockpit.com\/raspberry-pi\/fr\/comment-obtenir-picockpit-pro\/","title":{"rendered":"Comment obtenir PiCockpit Pro"},"content":{"rendered":"<figure class=\"wp-block-image size-large\"><img loading=\"lazy\" decoding=\"async\" width=\"1024\" height=\"322\" src=\"https:\/\/picockpit.com\/raspberry-pi\/wp-content\/uploads\/2023\/12\/How-to-Get-PiCockpit-Pro1-1024x322.png\" alt=\"\" class=\"wp-image-6454\" srcset=\"https:\/\/picockpit.com\/raspberry-pi\/wp-content\/uploads\/2023\/12\/How-to-Get-PiCockpit-Pro1-1024x322.png 1024w, https:\/\/picockpit.com\/raspberry-pi\/wp-content\/uploads\/2023\/12\/How-to-Get-PiCockpit-Pro1-300x94.png 300w, https:\/\/picockpit.com\/raspberry-pi\/wp-content\/uploads\/2023\/12\/How-to-Get-PiCockpit-Pro1-768x241.png 768w, https:\/\/picockpit.com\/raspberry-pi\/wp-content\/uploads\/2023\/12\/How-to-Get-PiCockpit-Pro1-18x6.png 18w, https:\/\/picockpit.com\/raspberry-pi\/wp-content\/uploads\/2023\/12\/How-to-Get-PiCockpit-Pro1-24x8.png 24w, https:\/\/picockpit.com\/raspberry-pi\/wp-content\/uploads\/2023\/12\/How-to-Get-PiCockpit-Pro1-36x11.png 36w, https:\/\/picockpit.com\/raspberry-pi\/wp-content\/uploads\/2023\/12\/How-to-Get-PiCockpit-Pro1-48x15.png 48w, https:\/\/picockpit.com\/raspberry-pi\/wp-content\/uploads\/2023\/12\/How-to-Get-PiCockpit-Pro1.png 1200w\" sizes=\"auto, (max-width: 1024px) 100vw, 1024px\" \/><\/figure>\n\n\n\n<p><\/p>\n\n\n\n<p>PiCockpit Pro est id\u00e9al pour les utilisateurs avanc\u00e9s et les entreprises \u00e0 la recherche de fonctionnalit\u00e9s et de limites plus \u00e9lev\u00e9es.<\/p>\n\n\n\n<p>Vous pouvez aller au-del\u00e0 de 5 n\u0153uds Raspberry Pi pour seulement 9,95 \u20ac (TVA comprise) par n\u0153ud et par mois.<\/p>\n\n\n\n<p>Ce plan vous permet non seulement d'augmenter consid\u00e9rablement le nombre de n\u0153uds accessibles par PiCockpit. Il vous donne \u00e9galement un acc\u00e8s anticip\u00e9 \u00e0 nos nouvelles applications. De plus, PiCockpit Pro vous offre 50 requ\u00eates quotidiennes pour <a href=\"https:\/\/picockpit.com\/tools\/raspi-gpt\">RaspiGPT<\/a>. <\/p>\n\n\n\n<p>Laissez-moi vous montrer comment obtenir PiCockpit Pro.<\/p>\n\n\n\n<h2 class=\"wp-block-heading\">PiCockpit Pro<\/h2>\n\n\n\n<p>Tout d'abord, vous devez vous connecter \u00e0 PiCockpit. <\/p>\n\n\n\n<p>Si vous n'avez pas encore de compte, <a href=\"https:\/\/picockpit.com\/user\/login\">vous pouvez commencer gratuitement<\/a>. C'est tr\u00e8s rapide et ne n\u00e9cessite pas de carte de cr\u00e9dit.<\/p>\n\n\n\n<p>Une fois que vous avez fait cela, vous devez choisir le plan PiCockpit Pro. Allez sur votre page de profil sur PiCockpit.<\/p>\n\n\n\n<p><\/p>\n\n\n<div class=\"wp-block-image\">\n<figure class=\"aligncenter size-large is-resized\"><img loading=\"lazy\" decoding=\"async\" width=\"1024\" height=\"849\" src=\"https:\/\/picockpit.com\/raspberry-pi\/wp-content\/uploads\/2023\/12\/User-Profile-Page-1024x849.png\" alt=\"Page de profil de l&#039;utilisateur PiCockpit\" class=\"wp-image-6457\" style=\"width:475px\" srcset=\"https:\/\/picockpit.com\/raspberry-pi\/wp-content\/uploads\/2023\/12\/User-Profile-Page-1024x849.png 1024w, https:\/\/picockpit.com\/raspberry-pi\/wp-content\/uploads\/2023\/12\/User-Profile-Page-300x249.png 300w, https:\/\/picockpit.com\/raspberry-pi\/wp-content\/uploads\/2023\/12\/User-Profile-Page-768x637.png 768w, https:\/\/picockpit.com\/raspberry-pi\/wp-content\/uploads\/2023\/12\/User-Profile-Page-14x12.png 14w, https:\/\/picockpit.com\/raspberry-pi\/wp-content\/uploads\/2023\/12\/User-Profile-Page-24x20.png 24w, https:\/\/picockpit.com\/raspberry-pi\/wp-content\/uploads\/2023\/12\/User-Profile-Page-36x30.png 36w, https:\/\/picockpit.com\/raspberry-pi\/wp-content\/uploads\/2023\/12\/User-Profile-Page-48x40.png 48w, https:\/\/picockpit.com\/raspberry-pi\/wp-content\/uploads\/2023\/12\/User-Profile-Page.png 1114w\" sizes=\"auto, (max-width: 1024px) 100vw, 1024px\" \/><\/figure>\n<\/div>\n\n\n<p><\/p>\n\n\n\n<p>Vous pouvez y acc\u00e9der en cliquant sur votre nom en haut \u00e0 droite de la page.<\/p>\n\n\n\n<p>Choisissez ensuite le plan que vous souhaitez. Si vous cliquez sur le bouton \"UPGRADE\" en bas de PiCockpit Pro, vous serez redirig\u00e9 vers Stripe.<\/p>\n\n\n\n<p>Cette interface s'affiche :<\/p>\n\n\n\n<p><\/p>\n\n\n<div class=\"wp-block-image\">\n<figure class=\"aligncenter size-full is-resized\"><img loading=\"lazy\" decoding=\"async\" width=\"500\" height=\"861\" src=\"https:\/\/picockpit.com\/raspberry-pi\/wp-content\/uploads\/2023\/12\/PiCockpit-Pro-Stripe.png\" alt=\"PiCockpit Pro Stripe\" class=\"wp-image-6363\" style=\"width:308px;height:auto\" srcset=\"https:\/\/picockpit.com\/raspberry-pi\/wp-content\/uploads\/2023\/12\/PiCockpit-Pro-Stripe.png 500w, https:\/\/picockpit.com\/raspberry-pi\/wp-content\/uploads\/2023\/12\/PiCockpit-Pro-Stripe-174x300.png 174w, https:\/\/picockpit.com\/raspberry-pi\/wp-content\/uploads\/2023\/12\/PiCockpit-Pro-Stripe-7x12.png 7w\" sizes=\"auto, (max-width: 500px) 100vw, 500px\" \/><\/figure>\n<\/div>\n\n\n<p><\/p>\n\n\n\n<p>Vous devez s\u00e9lectionner la quantit\u00e9. Si vous voulez PiCockpit Pro pour un Raspberry Pi, vous pouvez s\u00e9lectionner Qt\u00e9 1, comme je l'ai fait dans l'image ci-dessus. Si vous voulez PiCockpit Pro pour plus d'un Raspberry Pi, vous pouvez choisir jusqu'\u00e0 100 n\u0153uds Raspberry Pi.<\/p>\n\n\n\n<p>Vous devrez ensuite fournir les informations relatives \u00e0 votre carte de cr\u00e9dit, votre nom et votre adresse.<\/p>\n\n\n\n<p>Cliquez sur \"S'abonner avec obligation de paiement\".<\/p>\n\n\n\n<p>Vous serez ensuite dirig\u00e9 vers le portail pour payer PiCockpit Pro.<\/p>\n\n\n\n<p>Une fois cette \u00e9tape termin\u00e9e, vous pourrez ajouter autant de n\u0153uds Raspberry Pi au PiCockpit Pro que vous le souhaitez.<\/p>\n\n\n\n<p>Il suffit de passer par <a href=\"https:\/\/picockpit.com\/raspberry-pi\/installation-of-picockpit\/\">le processus normal d'installation de PiCockpit<\/a>. Mais d\u00e9sormais, vous pourrez aller au-del\u00e0 de 5 n\u0153uds.<\/p>\n\n\n\n<h2 class=\"wp-block-heading\">D\u00e9classement<\/h2>\n\n\n\n<p>Si vous d\u00e9cidez de ne plus utiliser PiCockpit Pro, il vous suffit de revenir \u00e0 votre page de profil.<\/p>\n\n\n\n<p>Une fois que vous avez fait cela, vous pouvez cliquer sur le bouton \"G\u00c9RER L'ABONNEMENT ET LES FACTURES\".<\/p>\n\n\n\n<p><\/p>\n\n\n<div class=\"wp-block-image\">\n<figure class=\"aligncenter size-full is-resized\"><img loading=\"lazy\" decoding=\"async\" width=\"871\" height=\"356\" src=\"https:\/\/picockpit.com\/raspberry-pi\/wp-content\/uploads\/2023\/12\/Manage-Subscriptions-and-Invoices.jpg\" alt=\"\" class=\"wp-image-6410\" style=\"width:475px\" srcset=\"https:\/\/picockpit.com\/raspberry-pi\/wp-content\/uploads\/2023\/12\/Manage-Subscriptions-and-Invoices.jpg 871w, https:\/\/picockpit.com\/raspberry-pi\/wp-content\/uploads\/2023\/12\/Manage-Subscriptions-and-Invoices-300x123.jpg 300w, https:\/\/picockpit.com\/raspberry-pi\/wp-content\/uploads\/2023\/12\/Manage-Subscriptions-and-Invoices-768x314.jpg 768w, https:\/\/picockpit.com\/raspberry-pi\/wp-content\/uploads\/2023\/12\/Manage-Subscriptions-and-Invoices-18x7.jpg 18w, https:\/\/picockpit.com\/raspberry-pi\/wp-content\/uploads\/2023\/12\/Manage-Subscriptions-and-Invoices-24x10.jpg 24w, https:\/\/picockpit.com\/raspberry-pi\/wp-content\/uploads\/2023\/12\/Manage-Subscriptions-and-Invoices-36x15.jpg 36w, https:\/\/picockpit.com\/raspberry-pi\/wp-content\/uploads\/2023\/12\/Manage-Subscriptions-and-Invoices-48x20.jpg 48w\" sizes=\"auto, (max-width: 871px) 100vw, 871px\" \/><\/figure>\n<\/div>\n\n\n<p><\/p>\n\n\n\n<p>Cela vous ram\u00e8nera \u00e0 Stripe, o\u00f9 vous pourrez r\u00e9trograder le plan via le portail Stripe. Cela vous permettra de revenir au plan PiCockpit gratuit.<\/p>\n\n\n\n<p>Votre r\u00e9trogradation prendra effet \u00e0 la fin de votre cycle de facturation actuel. Et vous pouvez continuer \u00e0 utiliser votre plan PiCockpit gratuit.<\/p>\n\n\n\n<h2 class=\"wp-block-heading\">Conclusion<\/h2>\n\n\n\n<p>Si vous avez d'autres questions concernant PiCockpit Pro et PiCockpit Pro Plus, n'h\u00e9sitez pas \u00e0 nous contacter.<\/p>\n\n\n\n<p><\/p>\n\n\n\n<div class=\"wp-block-buttons is-content-justification-center is-layout-flex wp-container-core-buttons-is-layout-16018d1d wp-block-buttons-is-layout-flex\">\n<div class=\"wp-block-button\"><a class=\"wp-block-button__link has-black-color has-text-color has-background has-link-color wp-element-button\" href=\"https:\/\/pi3g.com\/kontakt\/\" style=\"background-color:#ea9364\" target=\"_blank\" rel=\"noreferrer noopener\"><strong>Nous contacter<\/strong><\/a><\/div>\n<\/div>\n\n\n\n<p><\/p>\n<div class=\"shariff shariff-align-center shariff-widget-align-left shariff-buttonstretch\"><ul class=\"shariff-buttons theme-white orientation-horizontal buttonsize-medium\"><li class=\"shariff-button twitter shariff-nocustomcolor\" style=\"background-color:#595959\"><a href=\"https:\/\/twitter.com\/share?url=https%3A%2F%2Fpicockpit.com%2Fraspberry-pi%2Ffr%2Fcomment-obtenir-picockpit-pro%2F&text=How%20to%20Get%20PiCockpit%20Pro\" title=\"Envoyer par X\" aria-label=\"Envoyer par X\" role=\"button\" rel=\"noopener nofollow\" class=\"shariff-link\" style=\"; background-color:#000; color:#000\" target=\"_blank\"><span class=\"shariff-icon\" style=\"fill:#000\"><svg width=\"32px\" height=\"20px\" xmlns=\"http:\/\/www.w3.org\/2000\/svg\" viewbox=\"0 0 24 24\"><path fill=\"#000\" d=\"M14.258 10.152L23.176 0h-2.113l-7.747 8.813L7.133 0H0l9.352 13.328L0 23.973h2.113l8.176-9.309 6.531 9.309h7.133zm-2.895 3.293l-.949-1.328L2.875 1.56h3.246l6.086 8.523.945 1.328 7.91 11.078h-3.246zm0 0\"\/><\/svg><\/span><span class=\"shariff-text\" style=\"color:#000\">partager<\/span>&nbsp;<\/a><\/li><li class=\"shariff-button facebook shariff-nocustomcolor\" style=\"background-color:#4273c8\"><a href=\"https:\/\/www.facebook.com\/sharer\/sharer.php?u=https%3A%2F%2Fpicockpit.com%2Fraspberry-pi%2Ffr%2Fcomment-obtenir-picockpit-pro%2F\" title=\"Envoyer par Facebook\" aria-label=\"Envoyer par Facebook\" role=\"button\" rel=\"nofollow\" class=\"shariff-link\" style=\"; background-color:#3b5998; color:#3b5998\" target=\"_blank\"><span class=\"shariff-icon\" style=\"fill:#3b5998\"><svg width=\"32px\" height=\"20px\" xmlns=\"http:\/\/www.w3.org\/2000\/svg\" viewbox=\"0 0 18 32\"><path fill=\"#3b5998\" d=\"M17.1 0.2v4.7h-2.8q-1.5 0-2.1 0.6t-0.5 1.9v3.4h5.2l-0.7 5.3h-4.5v13.6h-5.5v-13.6h-4.5v-5.3h4.5v-3.9q0-3.3 1.9-5.2t5-1.8q2.6 0 4.1 0.2z\"\/><\/svg><\/span><span class=\"shariff-text\" style=\"color:#3b5998\">partager<\/span>&nbsp;<\/a><\/li><li class=\"shariff-button telegram shariff-nocustomcolor\" style=\"background-color:#4084A6\"><a href=\"https:\/\/telegram.me\/share\/url?url=https%3A%2F%2Fpicockpit.com%2Fraspberry-pi%2Ffr%2Fcomment-obtenir-picockpit-pro%2F&text=How%20to%20Get%20PiCockpit%20Pro\" title=\"Envoyer par Telegram\" aria-label=\"Envoyer par Telegram\" role=\"button\" rel=\"noopener nofollow\" class=\"shariff-link\" style=\"; background-color:#0088cc; color:#0088cc\" target=\"_blank\"><span class=\"shariff-icon\" style=\"fill:#0088cc\"><svg width=\"32px\" height=\"20px\" xmlns=\"http:\/\/www.w3.org\/2000\/svg\" viewbox=\"0 0 32 32\"><path fill=\"#0088cc\" d=\"M30.8 6.5l-4.5 21.4c-.3 1.5-1.2 1.9-2.5 1.2L16.9 24l-3.3 3.2c-.4.4-.7.7-1.4.7l.5-7L25.5 9.2c.6-.5-.1-.8-.9-.3l-15.8 10L2 16.7c-1.5-.5-1.5-1.5.3-2.2L28.9 4.3c1.3-.5 2.3.3 1.9 2.2z\"\/><\/svg><\/span><span class=\"shariff-text\" style=\"color:#0088cc\">partager<\/span>&nbsp;<\/a><\/li><li class=\"shariff-button reddit shariff-nocustomcolor\" style=\"background-color:#ff5700\"><a href=\"https:\/\/www.reddit.com\/submit?url=https%3A%2F%2Fpicockpit.com%2Fraspberry-pi%2Ffr%2Fcomment-obtenir-picockpit-pro%2F\" title=\"Envoyer par Reddit\" aria-label=\"Envoyer par Reddit\" role=\"button\" rel=\"noopener nofollow\" class=\"shariff-link\" style=\"; background-color:#ff4500; color:#ff4500\" target=\"_blank\"><span class=\"shariff-icon\" style=\"fill:#ff4500\"><svg xmlns=\"http:\/\/www.w3.org\/2000\/svg\" viewbox=\"0 0 512 512\"><path fill=\"#ff4500\" d=\"M440.3 203.5c-15 0-28.2 6.2-37.9 15.9-35.7-24.7-83.8-40.6-137.1-42.3L293 52.3l88.2 19.8c0 21.6 17.6 39.2 39.2 39.2 22 0 39.7-18.1 39.7-39.7s-17.6-39.7-39.7-39.7c-15.4 0-28.7 9.3-35.3 22l-97.4-21.6c-4.9-1.3-9.7 2.2-11 7.1L246.3 177c-52.9 2.2-100.5 18.1-136.3 42.8-9.7-10.1-23.4-16.3-38.4-16.3-55.6 0-73.8 74.6-22.9 100.1-1.8 7.9-2.6 16.3-2.6 24.7 0 83.8 94.4 151.7 210.3 151.7 116.4 0 210.8-67.9 210.8-151.7 0-8.4-.9-17.2-3.1-25.1 49.9-25.6 31.5-99.7-23.8-99.7zM129.4 308.9c0-22 17.6-39.7 39.7-39.7 21.6 0 39.2 17.6 39.2 39.7 0 21.6-17.6 39.2-39.2 39.2-22 .1-39.7-17.6-39.7-39.2zm214.3 93.5c-36.4 36.4-139.1 36.4-175.5 0-4-3.5-4-9.7 0-13.7 3.5-3.5 9.7-3.5 13.2 0 27.8 28.5 120 29 149 0 3.5-3.5 9.7-3.5 13.2 0 4.1 4 4.1 10.2.1 13.7zm-.8-54.2c-21.6 0-39.2-17.6-39.2-39.2 0-22 17.6-39.7 39.2-39.7 22 0 39.7 17.6 39.7 39.7-.1 21.5-17.7 39.2-39.7 39.2z\"\/><\/svg><\/span><span class=\"shariff-text\" style=\"color:#ff4500\">partager<\/span>&nbsp;<\/a><\/li><\/ul><\/div>","protected":false},"excerpt":{"rendered":"<p>PiCockpit Pro est id\u00e9al pour les utilisateurs avanc\u00e9s et les entreprises \u00e0 la recherche de plus de fonctionnalit\u00e9s et de limites plus \u00e9lev\u00e9es. Vous pouvez aller au-del\u00e0 de 5 n\u0153uds Raspberry Pi pour seulement 9,95 \u20ac (TVA comprise) par n\u0153ud et par mois. Ce plan ne vous permet pas seulement d'augmenter consid\u00e9rablement le nombre de n\u0153uds accessibles au PiCockpit. Il vous donne \u00e9galement un acc\u00e8s anticip\u00e9 \u00e0 nos nouvelles applications....<\/p>","protected":false},"author":2,"featured_media":6372,"parent":0,"menu_order":0,"comment_status":"closed","ping_status":"closed","template":"","meta":{"footnotes":""},"class_list":["post-6362","page","type-page","status-publish","has-post-thumbnail","hentry"],"yoast_head":"<!-- This site is optimized with the Yoast SEO plugin v27.6 - https:\/\/yoast.com\/product\/yoast-seo-wordpress\/ -->\n<title>How to Get PiCockpit Pro | PiCockpit<\/title>\n<meta name=\"description\" content=\"PiCockpit Pro is ideal for advanced users and businesses looking for greater functionality and higher limits. Here, I show you how to get it.\" \/>\n<meta name=\"robots\" content=\"index, follow, max-snippet:-1, max-image-preview:large, max-video-preview:-1\" \/>\n<link rel=\"canonical\" href=\"https:\/\/picockpit.com\/raspberry-pi\/fr\/comment-obtenir-picockpit-pro\/\" \/>\n<meta property=\"og:locale\" content=\"fr_FR\" \/>\n<meta property=\"og:type\" content=\"article\" \/>\n<meta property=\"og:title\" content=\"How to Get PiCockpit Pro | PiCockpit\" \/>\n<meta property=\"og:description\" content=\"PiCockpit Pro is ideal for advanced users and businesses looking for greater functionality and higher limits. Here, I show you how to get it.\" \/>\n<meta property=\"og:url\" content=\"https:\/\/picockpit.com\/raspberry-pi\/fr\/comment-obtenir-picockpit-pro\/\" \/>\n<meta property=\"og:site_name\" content=\"PiCockpit\" \/>\n<meta property=\"article:publisher\" content=\"https:\/\/www.facebook.com\/pi3gshop\" \/>\n<meta property=\"article:modified_time\" content=\"2023-12-19T15:16:33+00:00\" \/>\n<meta property=\"og:image\" content=\"https:\/\/picockpit.com\/raspberry-pi\/wp-content\/uploads\/2023\/12\/How-to-Get-PiCockpit-Pro-Title-Image.png\" \/>\n\t<meta property=\"og:image:width\" content=\"1200\" \/>\n\t<meta property=\"og:image:height\" content=\"675\" \/>\n\t<meta property=\"og:image:type\" content=\"image\/png\" \/>\n<meta name=\"twitter:card\" content=\"summary_large_image\" \/>\n<meta name=\"twitter:site\" content=\"@pi3g\" \/>\n<meta name=\"twitter:label1\" content=\"Dur\u00e9e de lecture estim\u00e9e\" \/>\n\t<meta name=\"twitter:data1\" content=\"3 minutes\" \/>\n<script type=\"application\/ld+json\" class=\"yoast-schema-graph\">{\"@context\":\"https:\\\/\\\/schema.org\",\"@graph\":[{\"@type\":\"WebPage\",\"@id\":\"https:\\\/\\\/picockpit.com\\\/raspberry-pi\\\/how-to-get-picockpit-pro\\\/\",\"url\":\"https:\\\/\\\/picockpit.com\\\/raspberry-pi\\\/how-to-get-picockpit-pro\\\/\",\"name\":\"How to Get PiCockpit Pro | PiCockpit\",\"isPartOf\":{\"@id\":\"https:\\\/\\\/picockpit.com\\\/raspberry-pi\\\/#website\"},\"primaryImageOfPage\":{\"@id\":\"https:\\\/\\\/picockpit.com\\\/raspberry-pi\\\/how-to-get-picockpit-pro\\\/#primaryimage\"},\"image\":{\"@id\":\"https:\\\/\\\/picockpit.com\\\/raspberry-pi\\\/how-to-get-picockpit-pro\\\/#primaryimage\"},\"thumbnailUrl\":\"https:\\\/\\\/picockpit.com\\\/raspberry-pi\\\/wp-content\\\/uploads\\\/2023\\\/12\\\/How-to-Get-PiCockpit-Pro-Title-Image.png\",\"datePublished\":\"2023-12-17T21:06:34+00:00\",\"dateModified\":\"2023-12-19T15:16:33+00:00\",\"description\":\"PiCockpit Pro is ideal for advanced users and businesses looking for greater functionality and higher limits. Here, I show you how to get it.\",\"breadcrumb\":{\"@id\":\"https:\\\/\\\/picockpit.com\\\/raspberry-pi\\\/how-to-get-picockpit-pro\\\/#breadcrumb\"},\"inLanguage\":\"fr-FR\",\"potentialAction\":[{\"@type\":\"ReadAction\",\"target\":[\"https:\\\/\\\/picockpit.com\\\/raspberry-pi\\\/how-to-get-picockpit-pro\\\/\"]}]},{\"@type\":\"ImageObject\",\"inLanguage\":\"fr-FR\",\"@id\":\"https:\\\/\\\/picockpit.com\\\/raspberry-pi\\\/how-to-get-picockpit-pro\\\/#primaryimage\",\"url\":\"https:\\\/\\\/picockpit.com\\\/raspberry-pi\\\/wp-content\\\/uploads\\\/2023\\\/12\\\/How-to-Get-PiCockpit-Pro-Title-Image.png\",\"contentUrl\":\"https:\\\/\\\/picockpit.com\\\/raspberry-pi\\\/wp-content\\\/uploads\\\/2023\\\/12\\\/How-to-Get-PiCockpit-Pro-Title-Image.png\",\"width\":1200,\"height\":675,\"caption\":\"How to Get PiCockpit Pro Title Image\"},{\"@type\":\"BreadcrumbList\",\"@id\":\"https:\\\/\\\/picockpit.com\\\/raspberry-pi\\\/how-to-get-picockpit-pro\\\/#breadcrumb\",\"itemListElement\":[{\"@type\":\"ListItem\",\"position\":1,\"name\":\"Home\",\"item\":\"https:\\\/\\\/picockpit.com\\\/raspberry-pi\\\/\"},{\"@type\":\"ListItem\",\"position\":2,\"name\":\"How to Get PiCockpit Pro\"}]},{\"@type\":\"WebSite\",\"@id\":\"https:\\\/\\\/picockpit.com\\\/raspberry-pi\\\/#website\",\"url\":\"https:\\\/\\\/picockpit.com\\\/raspberry-pi\\\/\",\"name\":\"PiCockpit\",\"description\":\"\",\"publisher\":{\"@id\":\"https:\\\/\\\/picockpit.com\\\/raspberry-pi\\\/#organization\"},\"potentialAction\":[{\"@type\":\"SearchAction\",\"target\":{\"@type\":\"EntryPoint\",\"urlTemplate\":\"https:\\\/\\\/picockpit.com\\\/raspberry-pi\\\/?s={search_term_string}\"},\"query-input\":{\"@type\":\"PropertyValueSpecification\",\"valueRequired\":true,\"valueName\":\"search_term_string\"}}],\"inLanguage\":\"fr-FR\"},{\"@type\":\"Organization\",\"@id\":\"https:\\\/\\\/picockpit.com\\\/raspberry-pi\\\/#organization\",\"name\":\"PiCockpit.com\",\"url\":\"https:\\\/\\\/picockpit.com\\\/raspberry-pi\\\/\",\"logo\":{\"@type\":\"ImageObject\",\"inLanguage\":\"fr-FR\",\"@id\":\"https:\\\/\\\/picockpit.com\\\/raspberry-pi\\\/#\\\/schema\\\/logo\\\/image\\\/\",\"url\":\"https:\\\/\\\/picockpit.com\\\/raspberry-pi\\\/wp-content\\\/uploads\\\/2023\\\/07\\\/Screenshot-from-2023-07-24-15-01-24.png\",\"contentUrl\":\"https:\\\/\\\/picockpit.com\\\/raspberry-pi\\\/wp-content\\\/uploads\\\/2023\\\/07\\\/Screenshot-from-2023-07-24-15-01-24.png\",\"width\":1165,\"height\":283,\"caption\":\"PiCockpit.com\"},\"image\":{\"@id\":\"https:\\\/\\\/picockpit.com\\\/raspberry-pi\\\/#\\\/schema\\\/logo\\\/image\\\/\"},\"sameAs\":[\"https:\\\/\\\/www.facebook.com\\\/pi3gshop\",\"https:\\\/\\\/x.com\\\/pi3g\"]}]}<\/script>\n<!-- \/ Yoast SEO plugin. -->","yoast_head_json":{"title":"Comment obtenir PiCockpit Pro | PiCockpit","description":"PiCockpit Pro est id\u00e9al pour les utilisateurs avanc\u00e9s et les entreprises \u00e0 la recherche de plus de fonctionnalit\u00e9s et de limites plus \u00e9lev\u00e9es. Je vous montre ici comment l'obtenir.","robots":{"index":"index","follow":"follow","max-snippet":"max-snippet:-1","max-image-preview":"max-image-preview:large","max-video-preview":"max-video-preview:-1"},"canonical":"https:\/\/picockpit.com\/raspberry-pi\/fr\/comment-obtenir-picockpit-pro\/","og_locale":"fr_FR","og_type":"article","og_title":"How to Get PiCockpit Pro | PiCockpit","og_description":"PiCockpit Pro is ideal for advanced users and businesses looking for greater functionality and higher limits. Here, I show you how to get it.","og_url":"https:\/\/picockpit.com\/raspberry-pi\/fr\/comment-obtenir-picockpit-pro\/","og_site_name":"PiCockpit","article_publisher":"https:\/\/www.facebook.com\/pi3gshop","article_modified_time":"2023-12-19T15:16:33+00:00","og_image":[{"width":1200,"height":675,"url":"https:\/\/picockpit.com\/raspberry-pi\/wp-content\/uploads\/2023\/12\/How-to-Get-PiCockpit-Pro-Title-Image.png","type":"image\/png"}],"twitter_card":"summary_large_image","twitter_site":"@pi3g","twitter_misc":{"Dur\u00e9e de lecture estim\u00e9e":"3 minutes"},"schema":{"@context":"https:\/\/schema.org","@graph":[{"@type":"WebPage","@id":"https:\/\/picockpit.com\/raspberry-pi\/how-to-get-picockpit-pro\/","url":"https:\/\/picockpit.com\/raspberry-pi\/how-to-get-picockpit-pro\/","name":"Comment obtenir PiCockpit Pro | PiCockpit","isPartOf":{"@id":"https:\/\/picockpit.com\/raspberry-pi\/#website"},"primaryImageOfPage":{"@id":"https:\/\/picockpit.com\/raspberry-pi\/how-to-get-picockpit-pro\/#primaryimage"},"image":{"@id":"https:\/\/picockpit.com\/raspberry-pi\/how-to-get-picockpit-pro\/#primaryimage"},"thumbnailUrl":"https:\/\/picockpit.com\/raspberry-pi\/wp-content\/uploads\/2023\/12\/How-to-Get-PiCockpit-Pro-Title-Image.png","datePublished":"2023-12-17T21:06:34+00:00","dateModified":"2023-12-19T15:16:33+00:00","description":"PiCockpit Pro est id\u00e9al pour les utilisateurs avanc\u00e9s et les entreprises \u00e0 la recherche de plus de fonctionnalit\u00e9s et de limites plus \u00e9lev\u00e9es. Je vous montre ici comment l'obtenir.","breadcrumb":{"@id":"https:\/\/picockpit.com\/raspberry-pi\/how-to-get-picockpit-pro\/#breadcrumb"},"inLanguage":"fr-FR","potentialAction":[{"@type":"ReadAction","target":["https:\/\/picockpit.com\/raspberry-pi\/how-to-get-picockpit-pro\/"]}]},{"@type":"ImageObject","inLanguage":"fr-FR","@id":"https:\/\/picockpit.com\/raspberry-pi\/how-to-get-picockpit-pro\/#primaryimage","url":"https:\/\/picockpit.com\/raspberry-pi\/wp-content\/uploads\/2023\/12\/How-to-Get-PiCockpit-Pro-Title-Image.png","contentUrl":"https:\/\/picockpit.com\/raspberry-pi\/wp-content\/uploads\/2023\/12\/How-to-Get-PiCockpit-Pro-Title-Image.png","width":1200,"height":675,"caption":"How to Get PiCockpit Pro Title Image"},{"@type":"BreadcrumbList","@id":"https:\/\/picockpit.com\/raspberry-pi\/how-to-get-picockpit-pro\/#breadcrumb","itemListElement":[{"@type":"ListItem","position":1,"name":"Home","item":"https:\/\/picockpit.com\/raspberry-pi\/"},{"@type":"ListItem","position":2,"name":"How to Get PiCockpit Pro"}]},{"@type":"WebSite","@id":"https:\/\/picockpit.com\/raspberry-pi\/#website","url":"https:\/\/picockpit.com\/raspberry-pi\/","name":"PiCockpit","description":"","publisher":{"@id":"https:\/\/picockpit.com\/raspberry-pi\/#organization"},"potentialAction":[{"@type":"SearchAction","target":{"@type":"EntryPoint","urlTemplate":"https:\/\/picockpit.com\/raspberry-pi\/?s={search_term_string}"},"query-input":{"@type":"PropertyValueSpecification","valueRequired":true,"valueName":"search_term_string"}}],"inLanguage":"fr-FR"},{"@type":"Organization","@id":"https:\/\/picockpit.com\/raspberry-pi\/#organization","name":"PiCockpit.com","url":"https:\/\/picockpit.com\/raspberry-pi\/","logo":{"@type":"ImageObject","inLanguage":"fr-FR","@id":"https:\/\/picockpit.com\/raspberry-pi\/#\/schema\/logo\/image\/","url":"https:\/\/picockpit.com\/raspberry-pi\/wp-content\/uploads\/2023\/07\/Screenshot-from-2023-07-24-15-01-24.png","contentUrl":"https:\/\/picockpit.com\/raspberry-pi\/wp-content\/uploads\/2023\/07\/Screenshot-from-2023-07-24-15-01-24.png","width":1165,"height":283,"caption":"PiCockpit.com"},"image":{"@id":"https:\/\/picockpit.com\/raspberry-pi\/#\/schema\/logo\/image\/"},"sameAs":["https:\/\/www.facebook.com\/pi3gshop","https:\/\/x.com\/pi3g"]}]}},"_links":{"self":[{"href":"https:\/\/picockpit.com\/raspberry-pi\/fr\/wp-json\/wp\/v2\/pages\/6362","targetHints":{"allow":["GET"]}}],"collection":[{"href":"https:\/\/picockpit.com\/raspberry-pi\/fr\/wp-json\/wp\/v2\/pages"}],"about":[{"href":"https:\/\/picockpit.com\/raspberry-pi\/fr\/wp-json\/wp\/v2\/types\/page"}],"author":[{"embeddable":true,"href":"https:\/\/picockpit.com\/raspberry-pi\/fr\/wp-json\/wp\/v2\/users\/2"}],"replies":[{"embeddable":true,"href":"https:\/\/picockpit.com\/raspberry-pi\/fr\/wp-json\/wp\/v2\/comments?post=6362"}],"version-history":[{"count":17,"href":"https:\/\/picockpit.com\/raspberry-pi\/fr\/wp-json\/wp\/v2\/pages\/6362\/revisions"}],"predecessor-version":[{"id":6530,"href":"https:\/\/picockpit.com\/raspberry-pi\/fr\/wp-json\/wp\/v2\/pages\/6362\/revisions\/6530"}],"wp:featuredmedia":[{"embeddable":true,"href":"https:\/\/picockpit.com\/raspberry-pi\/fr\/wp-json\/wp\/v2\/media\/6372"}],"wp:attachment":[{"href":"https:\/\/picockpit.com\/raspberry-pi\/fr\/wp-json\/wp\/v2\/media?parent=6362"}],"curies":[{"name":"wp","href":"https:\/\/api.w.org\/{rel}","templated":true}]}}