{"id":7015,"date":"2024-03-12T14:25:01","date_gmt":"2024-03-12T14:25:01","guid":{"rendered":"https:\/\/picockpit.com\/raspberry-pi\/?page_id=7015"},"modified":"2024-03-12T14:25:01","modified_gmt":"2024-03-12T14:25:01","slug":"script-scheduler-app","status":"publish","type":"page","link":"https:\/\/picockpit.com\/raspberry-pi\/fr\/script-scheduler-app\/","title":{"rendered":"Script Scheduler App"},"content":{"rendered":"<p><\/p>\n\n\n\n<figure class=\"wp-block-image size-full\"><img loading=\"lazy\" decoding=\"async\" width=\"1024\" height=\"322\" src=\"https:\/\/picockpit.com\/raspberry-pi\/wp-content\/uploads\/2024\/03\/Script-Scheduler-App-Title-Image.png\" alt=\"\" class=\"wp-image-7016\" srcset=\"https:\/\/picockpit.com\/raspberry-pi\/wp-content\/uploads\/2024\/03\/Script-Scheduler-App-Title-Image.png 1024w, https:\/\/picockpit.com\/raspberry-pi\/wp-content\/uploads\/2024\/03\/Script-Scheduler-App-Title-Image-300x94.png 300w, https:\/\/picockpit.com\/raspberry-pi\/wp-content\/uploads\/2024\/03\/Script-Scheduler-App-Title-Image-768x242.png 768w, https:\/\/picockpit.com\/raspberry-pi\/wp-content\/uploads\/2024\/03\/Script-Scheduler-App-Title-Image-18x6.png 18w, https:\/\/picockpit.com\/raspberry-pi\/wp-content\/uploads\/2024\/03\/Script-Scheduler-App-Title-Image-24x8.png 24w, https:\/\/picockpit.com\/raspberry-pi\/wp-content\/uploads\/2024\/03\/Script-Scheduler-App-Title-Image-36x11.png 36w, https:\/\/picockpit.com\/raspberry-pi\/wp-content\/uploads\/2024\/03\/Script-Scheduler-App-Title-Image-48x15.png 48w\" sizes=\"auto, (max-width: 1024px) 100vw, 1024px\" \/><\/figure>\n\n\n\n<p><\/p>\n\n\n\n<h2 class=\"wp-block-heading\">Installer<\/h2>\n\n\n\n<p>Tout d'abord, assurez-vous que vous avez d\u00e9j\u00e0 <a href=\"https:\/\/picockpit.com\/raspberry-pi\/installation-of-picockpit\/\">install\u00e9 PiCockpit sur votre Raspberry Pi<\/a>.<\/p>\n\n\n\n<h2 class=\"wp-block-heading\">Scripts<\/h2>\n\n\n\n<p>Avant d'ex\u00e9cuter des scripts, vous devez les cr\u00e9er dans le fichier <a href=\"https:\/\/picockpit.com\/system\/scripts\">Scripts<\/a> page.<\/p>\n\n\n\n<p>Sur cette page, vous pouvez cr\u00e9er, enregistrer, modifier et supprimer des scripts.<\/p>\n\n\n\n<p><\/p>\n\n\n<div class=\"wp-block-image\">\n<figure class=\"aligncenter size-large is-resized\"><img loading=\"lazy\" decoding=\"async\" width=\"1024\" height=\"344\" src=\"https:\/\/picockpit.com\/raspberry-pi\/wp-content\/uploads\/2024\/03\/Screenshot-from-2024-03-12-14-21-33-1024x344.png\" alt=\"\" class=\"wp-image-7008\" style=\"width:475px\" srcset=\"https:\/\/picockpit.com\/raspberry-pi\/wp-content\/uploads\/2024\/03\/Screenshot-from-2024-03-12-14-21-33-1024x344.png 1024w, https:\/\/picockpit.com\/raspberry-pi\/wp-content\/uploads\/2024\/03\/Screenshot-from-2024-03-12-14-21-33-300x101.png 300w, https:\/\/picockpit.com\/raspberry-pi\/wp-content\/uploads\/2024\/03\/Screenshot-from-2024-03-12-14-21-33-768x258.png 768w, https:\/\/picockpit.com\/raspberry-pi\/wp-content\/uploads\/2024\/03\/Screenshot-from-2024-03-12-14-21-33-1536x515.png 1536w, https:\/\/picockpit.com\/raspberry-pi\/wp-content\/uploads\/2024\/03\/Screenshot-from-2024-03-12-14-21-33-18x6.png 18w, https:\/\/picockpit.com\/raspberry-pi\/wp-content\/uploads\/2024\/03\/Screenshot-from-2024-03-12-14-21-33-24x8.png 24w, https:\/\/picockpit.com\/raspberry-pi\/wp-content\/uploads\/2024\/03\/Screenshot-from-2024-03-12-14-21-33-36x12.png 36w, https:\/\/picockpit.com\/raspberry-pi\/wp-content\/uploads\/2024\/03\/Screenshot-from-2024-03-12-14-21-33-48x16.png 48w, https:\/\/picockpit.com\/raspberry-pi\/wp-content\/uploads\/2024\/03\/Screenshot-from-2024-03-12-14-21-33.png 1919w\" sizes=\"auto, (max-width: 1024px) 100vw, 1024px\" \/><\/figure>\n<\/div>\n\n\n<p><\/p>\n\n\n\n<p>Vous pouvez \u00e9galement donner aux scripts un nom, des \u00e9tiquettes et une description.<\/p>\n\n\n\n<h2 class=\"wp-block-heading\">Types de scripts<\/h2>\n\n\n\n<p>Le planificateur de scripts ne prend officiellement en charge que les scripts Bash. <\/p>\n\n\n\n<p>Mais si vous souhaitez ex\u00e9cuter un script Python, par exemple, vous pouvez utiliser Bash pour appeler un script Python.<\/p>\n\n\n\n<h2 class=\"wp-block-heading\">Planificateur de scripts<\/h2>\n\n\n\n<p>Sur la page de l'application Script Scheduler, vous pouvez choisir \u00e0 la fois des groupes d'appareils et des groupes de scripts \u00e0 ex\u00e9cuter. Cependant, avec un plan gratuit, vous ne pourrez pas ex\u00e9cuter de scripts sur un groupe d'appareils.<\/p>\n\n\n\n<p>Apr\u00e8s avoir choisi un appareil (ou un groupe d'appareils) et un script (ou un groupe de scripts), il vous suffit de cliquer sur \"Schedule\" en bas de la page.<\/p>\n\n\n\n<p><\/p>\n\n\n<div class=\"wp-block-image\">\n<figure class=\"aligncenter size-large is-resized\"><img loading=\"lazy\" decoding=\"async\" width=\"1024\" height=\"515\" src=\"https:\/\/picockpit.com\/raspberry-pi\/wp-content\/uploads\/2024\/03\/Screenshot-from-2024-03-12-14-44-04-1-1024x515.png\" alt=\"\" class=\"wp-image-7017\" style=\"width:475px\" srcset=\"https:\/\/picockpit.com\/raspberry-pi\/wp-content\/uploads\/2024\/03\/Screenshot-from-2024-03-12-14-44-04-1-1024x515.png 1024w, https:\/\/picockpit.com\/raspberry-pi\/wp-content\/uploads\/2024\/03\/Screenshot-from-2024-03-12-14-44-04-1-300x151.png 300w, https:\/\/picockpit.com\/raspberry-pi\/wp-content\/uploads\/2024\/03\/Screenshot-from-2024-03-12-14-44-04-1-768x386.png 768w, https:\/\/picockpit.com\/raspberry-pi\/wp-content\/uploads\/2024\/03\/Screenshot-from-2024-03-12-14-44-04-1-1536x772.png 1536w, https:\/\/picockpit.com\/raspberry-pi\/wp-content\/uploads\/2024\/03\/Screenshot-from-2024-03-12-14-44-04-1-18x9.png 18w, https:\/\/picockpit.com\/raspberry-pi\/wp-content\/uploads\/2024\/03\/Screenshot-from-2024-03-12-14-44-04-1-24x12.png 24w, https:\/\/picockpit.com\/raspberry-pi\/wp-content\/uploads\/2024\/03\/Screenshot-from-2024-03-12-14-44-04-1-36x18.png 36w, https:\/\/picockpit.com\/raspberry-pi\/wp-content\/uploads\/2024\/03\/Screenshot-from-2024-03-12-14-44-04-1-48x24.png 48w, https:\/\/picockpit.com\/raspberry-pi\/wp-content\/uploads\/2024\/03\/Screenshot-from-2024-03-12-14-44-04-1.png 1909w\" sizes=\"auto, (max-width: 1024px) 100vw, 1024px\" \/><\/figure>\n<\/div>\n\n\n<h2 class=\"wp-block-heading\">Journaux<\/h2>\n\n\n\n<p>Pour t\u00e9l\u00e9charger une copie des journaux sous la forme d'un fichier texte, cliquez sur le bouton \"Mieux\" en bas \u00e0 droite de la page.<\/p>\n\n\n\n<p><\/p>\n\n\n<div class=\"wp-block-image\">\n<figure class=\"aligncenter size-large is-resized\"><img loading=\"lazy\" decoding=\"async\" width=\"1024\" height=\"515\" src=\"https:\/\/picockpit.com\/raspberry-pi\/wp-content\/uploads\/2024\/03\/Screenshot-from-2024-03-12-14-44-04-1024x515.png\" alt=\"\" class=\"wp-image-7010\" style=\"width:475px\" srcset=\"https:\/\/picockpit.com\/raspberry-pi\/wp-content\/uploads\/2024\/03\/Screenshot-from-2024-03-12-14-44-04-1024x515.png 1024w, https:\/\/picockpit.com\/raspberry-pi\/wp-content\/uploads\/2024\/03\/Screenshot-from-2024-03-12-14-44-04-300x151.png 300w, https:\/\/picockpit.com\/raspberry-pi\/wp-content\/uploads\/2024\/03\/Screenshot-from-2024-03-12-14-44-04-768x386.png 768w, https:\/\/picockpit.com\/raspberry-pi\/wp-content\/uploads\/2024\/03\/Screenshot-from-2024-03-12-14-44-04-1536x772.png 1536w, https:\/\/picockpit.com\/raspberry-pi\/wp-content\/uploads\/2024\/03\/Screenshot-from-2024-03-12-14-44-04-18x9.png 18w, https:\/\/picockpit.com\/raspberry-pi\/wp-content\/uploads\/2024\/03\/Screenshot-from-2024-03-12-14-44-04-24x12.png 24w, https:\/\/picockpit.com\/raspberry-pi\/wp-content\/uploads\/2024\/03\/Screenshot-from-2024-03-12-14-44-04-36x18.png 36w, https:\/\/picockpit.com\/raspberry-pi\/wp-content\/uploads\/2024\/03\/Screenshot-from-2024-03-12-14-44-04-48x24.png 48w, https:\/\/picockpit.com\/raspberry-pi\/wp-content\/uploads\/2024\/03\/Screenshot-from-2024-03-12-14-44-04.png 1909w\" sizes=\"auto, (max-width: 1024px) 100vw, 1024px\" \/><\/figure>\n<\/div>\n\n\n<p><\/p>\n\n\n\n<h2 class=\"wp-block-heading\">Plans gratuits et plans pro<\/h2>\n\n\n\n<p>Si vous disposez d'un abonnement gratuit, vous pouvez ex\u00e9cuter plusieurs scripts sur un seul appareil \u00e0 la fois.<\/p>\n\n\n\n<p>Avec le plan Pro, vous pouvez ex\u00e9cuter un nombre illimit\u00e9 de scripts sur un nombre illimit\u00e9 d'appareils.<\/p>\n\n\n\n<h2 class=\"wp-block-heading\">Conclusion<\/h2>\n\n\n\n<p>Si vous avez des questions ou si vous rencontrez des probl\u00e8mes, n'h\u00e9sitez pas \u00e0 nous contacter et nous vous aiderons \u00e0 mettre en place l'application Script Scheduler !<\/p>\n<div class=\"shariff shariff-align-center shariff-widget-align-left shariff-buttonstretch\"><ul class=\"shariff-buttons theme-white orientation-horizontal buttonsize-medium\"><li class=\"shariff-button twitter shariff-nocustomcolor\" style=\"background-color:#595959\"><a href=\"https:\/\/twitter.com\/share?url=https%3A%2F%2Fpicockpit.com%2Fraspberry-pi%2Ffr%2Fscript-scheduler-app%2F&text=Script%20Scheduler%20App\" title=\"Envoyer par X\" aria-label=\"Envoyer par X\" role=\"button\" rel=\"noopener nofollow\" class=\"shariff-link\" style=\"; background-color:#000; color:#000\" target=\"_blank\"><span class=\"shariff-icon\" style=\"fill:#000\"><svg width=\"32px\" height=\"20px\" xmlns=\"http:\/\/www.w3.org\/2000\/svg\" viewbox=\"0 0 24 24\"><path fill=\"#000\" d=\"M14.258 10.152L23.176 0h-2.113l-7.747 8.813L7.133 0H0l9.352 13.328L0 23.973h2.113l8.176-9.309 6.531 9.309h7.133zm-2.895 3.293l-.949-1.328L2.875 1.56h3.246l6.086 8.523.945 1.328 7.91 11.078h-3.246zm0 0\"\/><\/svg><\/span><span class=\"shariff-text\" style=\"color:#000\">partager<\/span>&nbsp;<\/a><\/li><li class=\"shariff-button facebook shariff-nocustomcolor\" style=\"background-color:#4273c8\"><a href=\"https:\/\/www.facebook.com\/sharer\/sharer.php?u=https%3A%2F%2Fpicockpit.com%2Fraspberry-pi%2Ffr%2Fscript-scheduler-app%2F\" title=\"Envoyer par Facebook\" aria-label=\"Envoyer par Facebook\" role=\"button\" rel=\"nofollow\" class=\"shariff-link\" style=\"; background-color:#3b5998; color:#3b5998\" target=\"_blank\"><span class=\"shariff-icon\" style=\"fill:#3b5998\"><svg width=\"32px\" height=\"20px\" xmlns=\"http:\/\/www.w3.org\/2000\/svg\" viewbox=\"0 0 18 32\"><path fill=\"#3b5998\" d=\"M17.1 0.2v4.7h-2.8q-1.5 0-2.1 0.6t-0.5 1.9v3.4h5.2l-0.7 5.3h-4.5v13.6h-5.5v-13.6h-4.5v-5.3h4.5v-3.9q0-3.3 1.9-5.2t5-1.8q2.6 0 4.1 0.2z\"\/><\/svg><\/span><span class=\"shariff-text\" style=\"color:#3b5998\">partager<\/span>&nbsp;<\/a><\/li><li class=\"shariff-button telegram shariff-nocustomcolor\" style=\"background-color:#4084A6\"><a href=\"https:\/\/telegram.me\/share\/url?url=https%3A%2F%2Fpicockpit.com%2Fraspberry-pi%2Ffr%2Fscript-scheduler-app%2F&text=Script%20Scheduler%20App\" title=\"Envoyer par Telegram\" aria-label=\"Envoyer par Telegram\" role=\"button\" rel=\"noopener nofollow\" class=\"shariff-link\" style=\"; background-color:#0088cc; color:#0088cc\" target=\"_blank\"><span class=\"shariff-icon\" style=\"fill:#0088cc\"><svg width=\"32px\" height=\"20px\" xmlns=\"http:\/\/www.w3.org\/2000\/svg\" viewbox=\"0 0 32 32\"><path fill=\"#0088cc\" d=\"M30.8 6.5l-4.5 21.4c-.3 1.5-1.2 1.9-2.5 1.2L16.9 24l-3.3 3.2c-.4.4-.7.7-1.4.7l.5-7L25.5 9.2c.6-.5-.1-.8-.9-.3l-15.8 10L2 16.7c-1.5-.5-1.5-1.5.3-2.2L28.9 4.3c1.3-.5 2.3.3 1.9 2.2z\"\/><\/svg><\/span><span class=\"shariff-text\" style=\"color:#0088cc\">partager<\/span>&nbsp;<\/a><\/li><li class=\"shariff-button reddit shariff-nocustomcolor\" style=\"background-color:#ff5700\"><a href=\"https:\/\/www.reddit.com\/submit?url=https%3A%2F%2Fpicockpit.com%2Fraspberry-pi%2Ffr%2Fscript-scheduler-app%2F\" title=\"Envoyer par Reddit\" aria-label=\"Envoyer par Reddit\" role=\"button\" rel=\"noopener nofollow\" class=\"shariff-link\" style=\"; background-color:#ff4500; color:#ff4500\" target=\"_blank\"><span class=\"shariff-icon\" style=\"fill:#ff4500\"><svg xmlns=\"http:\/\/www.w3.org\/2000\/svg\" viewbox=\"0 0 512 512\"><path fill=\"#ff4500\" d=\"M440.3 203.5c-15 0-28.2 6.2-37.9 15.9-35.7-24.7-83.8-40.6-137.1-42.3L293 52.3l88.2 19.8c0 21.6 17.6 39.2 39.2 39.2 22 0 39.7-18.1 39.7-39.7s-17.6-39.7-39.7-39.7c-15.4 0-28.7 9.3-35.3 22l-97.4-21.6c-4.9-1.3-9.7 2.2-11 7.1L246.3 177c-52.9 2.2-100.5 18.1-136.3 42.8-9.7-10.1-23.4-16.3-38.4-16.3-55.6 0-73.8 74.6-22.9 100.1-1.8 7.9-2.6 16.3-2.6 24.7 0 83.8 94.4 151.7 210.3 151.7 116.4 0 210.8-67.9 210.8-151.7 0-8.4-.9-17.2-3.1-25.1 49.9-25.6 31.5-99.7-23.8-99.7zM129.4 308.9c0-22 17.6-39.7 39.7-39.7 21.6 0 39.2 17.6 39.2 39.7 0 21.6-17.6 39.2-39.2 39.2-22 .1-39.7-17.6-39.7-39.2zm214.3 93.5c-36.4 36.4-139.1 36.4-175.5 0-4-3.5-4-9.7 0-13.7 3.5-3.5 9.7-3.5 13.2 0 27.8 28.5 120 29 149 0 3.5-3.5 9.7-3.5 13.2 0 4.1 4 4.1 10.2.1 13.7zm-.8-54.2c-21.6 0-39.2-17.6-39.2-39.2 0-22 17.6-39.7 39.2-39.7 22 0 39.7 17.6 39.7 39.7-.1 21.5-17.7 39.2-39.7 39.2z\"\/><\/svg><\/span><span class=\"shariff-text\" style=\"color:#ff4500\">partager<\/span>&nbsp;<\/a><\/li><\/ul><\/div>","protected":false},"excerpt":{"rendered":"<p>Installer Tout d'abord, assurez-vous que vous avez d\u00e9j\u00e0 install\u00e9 PiCockpit sur votre Raspberry Pi. Scripts Avant d'ex\u00e9cuter des scripts, vous devez les cr\u00e9er sur la page Scripts. Sur cette page, vous pouvez cr\u00e9er, enregistrer, modifier et supprimer des scripts. Vous pouvez \u00e9galement leur donner un nom, des balises et une description. Types de scripts Le planificateur de scripts...<\/p>","protected":false},"author":2,"featured_media":0,"parent":0,"menu_order":0,"comment_status":"closed","ping_status":"closed","template":"","meta":{"footnotes":""},"class_list":["post-7015","page","type-page","status-publish","hentry"],"yoast_head":"<!-- This site is optimized with the Yoast SEO plugin v27.5 - https:\/\/yoast.com\/product\/yoast-seo-wordpress\/ -->\n<title>Script Scheduler App | PiCockpit<\/title>\n<meta name=\"robots\" content=\"index, follow, max-snippet:-1, max-image-preview:large, max-video-preview:-1\" \/>\n<link rel=\"canonical\" href=\"https:\/\/picockpit.com\/raspberry-pi\/fr\/script-scheduler-app\/\" \/>\n<meta property=\"og:locale\" content=\"fr_FR\" \/>\n<meta property=\"og:type\" content=\"article\" \/>\n<meta property=\"og:title\" content=\"Script Scheduler App | PiCockpit\" \/>\n<meta property=\"og:description\" content=\"Install First, ensure that you have already installed PiCockpit on your Raspberry Pi. Scripts Before executing scripts, you must create them on the Scripts page. On that page, you&#8217;re able to create, save, edit, and delete scripts. You&#8217;re also able to give scripts a name, tags, and a description. Types of Scripts The Script Scheduler&hellip;\" \/>\n<meta property=\"og:url\" content=\"https:\/\/picockpit.com\/raspberry-pi\/fr\/script-scheduler-app\/\" \/>\n<meta property=\"og:site_name\" content=\"PiCockpit\" \/>\n<meta property=\"article:publisher\" content=\"https:\/\/www.facebook.com\/pi3gshop\" \/>\n<meta property=\"og:image\" content=\"https:\/\/picockpit.com\/raspberry-pi\/wp-content\/uploads\/2024\/03\/Script-Scheduler-App-Title-Image.png\" \/>\n<meta name=\"twitter:card\" content=\"summary_large_image\" \/>\n<meta name=\"twitter:site\" content=\"@pi3g\" \/>\n<meta name=\"twitter:label1\" content=\"Dur\u00e9e de lecture estim\u00e9e\" \/>\n\t<meta name=\"twitter:data1\" content=\"2 minutes\" \/>\n<script type=\"application\/ld+json\" class=\"yoast-schema-graph\">{\"@context\":\"https:\\\/\\\/schema.org\",\"@graph\":[{\"@type\":\"WebPage\",\"@id\":\"https:\\\/\\\/picockpit.com\\\/raspberry-pi\\\/script-scheduler-app\\\/\",\"url\":\"https:\\\/\\\/picockpit.com\\\/raspberry-pi\\\/script-scheduler-app\\\/\",\"name\":\"Script Scheduler App | PiCockpit\",\"isPartOf\":{\"@id\":\"https:\\\/\\\/picockpit.com\\\/raspberry-pi\\\/#website\"},\"primaryImageOfPage\":{\"@id\":\"https:\\\/\\\/picockpit.com\\\/raspberry-pi\\\/script-scheduler-app\\\/#primaryimage\"},\"image\":{\"@id\":\"https:\\\/\\\/picockpit.com\\\/raspberry-pi\\\/script-scheduler-app\\\/#primaryimage\"},\"thumbnailUrl\":\"https:\\\/\\\/picockpit.com\\\/raspberry-pi\\\/wp-content\\\/uploads\\\/2024\\\/03\\\/Script-Scheduler-App-Title-Image.png\",\"datePublished\":\"2024-03-12T14:25:01+00:00\",\"breadcrumb\":{\"@id\":\"https:\\\/\\\/picockpit.com\\\/raspberry-pi\\\/script-scheduler-app\\\/#breadcrumb\"},\"inLanguage\":\"fr-FR\",\"potentialAction\":[{\"@type\":\"ReadAction\",\"target\":[\"https:\\\/\\\/picockpit.com\\\/raspberry-pi\\\/script-scheduler-app\\\/\"]}]},{\"@type\":\"ImageObject\",\"inLanguage\":\"fr-FR\",\"@id\":\"https:\\\/\\\/picockpit.com\\\/raspberry-pi\\\/script-scheduler-app\\\/#primaryimage\",\"url\":\"https:\\\/\\\/picockpit.com\\\/raspberry-pi\\\/wp-content\\\/uploads\\\/2024\\\/03\\\/Script-Scheduler-App-Title-Image.png\",\"contentUrl\":\"https:\\\/\\\/picockpit.com\\\/raspberry-pi\\\/wp-content\\\/uploads\\\/2024\\\/03\\\/Script-Scheduler-App-Title-Image.png\"},{\"@type\":\"BreadcrumbList\",\"@id\":\"https:\\\/\\\/picockpit.com\\\/raspberry-pi\\\/script-scheduler-app\\\/#breadcrumb\",\"itemListElement\":[{\"@type\":\"ListItem\",\"position\":1,\"name\":\"Home\",\"item\":\"https:\\\/\\\/picockpit.com\\\/raspberry-pi\\\/\"},{\"@type\":\"ListItem\",\"position\":2,\"name\":\"Script Scheduler App\"}]},{\"@type\":\"WebSite\",\"@id\":\"https:\\\/\\\/picockpit.com\\\/raspberry-pi\\\/#website\",\"url\":\"https:\\\/\\\/picockpit.com\\\/raspberry-pi\\\/\",\"name\":\"PiCockpit\",\"description\":\"\",\"publisher\":{\"@id\":\"https:\\\/\\\/picockpit.com\\\/raspberry-pi\\\/#organization\"},\"potentialAction\":[{\"@type\":\"SearchAction\",\"target\":{\"@type\":\"EntryPoint\",\"urlTemplate\":\"https:\\\/\\\/picockpit.com\\\/raspberry-pi\\\/?s={search_term_string}\"},\"query-input\":{\"@type\":\"PropertyValueSpecification\",\"valueRequired\":true,\"valueName\":\"search_term_string\"}}],\"inLanguage\":\"fr-FR\"},{\"@type\":\"Organization\",\"@id\":\"https:\\\/\\\/picockpit.com\\\/raspberry-pi\\\/#organization\",\"name\":\"PiCockpit.com\",\"url\":\"https:\\\/\\\/picockpit.com\\\/raspberry-pi\\\/\",\"logo\":{\"@type\":\"ImageObject\",\"inLanguage\":\"fr-FR\",\"@id\":\"https:\\\/\\\/picockpit.com\\\/raspberry-pi\\\/#\\\/schema\\\/logo\\\/image\\\/\",\"url\":\"https:\\\/\\\/picockpit.com\\\/raspberry-pi\\\/wp-content\\\/uploads\\\/2023\\\/07\\\/Screenshot-from-2023-07-24-15-01-24.png\",\"contentUrl\":\"https:\\\/\\\/picockpit.com\\\/raspberry-pi\\\/wp-content\\\/uploads\\\/2023\\\/07\\\/Screenshot-from-2023-07-24-15-01-24.png\",\"width\":1165,\"height\":283,\"caption\":\"PiCockpit.com\"},\"image\":{\"@id\":\"https:\\\/\\\/picockpit.com\\\/raspberry-pi\\\/#\\\/schema\\\/logo\\\/image\\\/\"},\"sameAs\":[\"https:\\\/\\\/www.facebook.com\\\/pi3gshop\",\"https:\\\/\\\/x.com\\\/pi3g\"]}]}<\/script>\n<!-- \/ Yoast SEO plugin. -->","yoast_head_json":{"title":"Script Scheduler App | PiCockpit","robots":{"index":"index","follow":"follow","max-snippet":"max-snippet:-1","max-image-preview":"max-image-preview:large","max-video-preview":"max-video-preview:-1"},"canonical":"https:\/\/picockpit.com\/raspberry-pi\/fr\/script-scheduler-app\/","og_locale":"fr_FR","og_type":"article","og_title":"Script Scheduler App | PiCockpit","og_description":"Install First, ensure that you have already installed PiCockpit on your Raspberry Pi. Scripts Before executing scripts, you must create them on the Scripts page. On that page, you&#8217;re able to create, save, edit, and delete scripts. You&#8217;re also able to give scripts a name, tags, and a description. Types of Scripts The Script Scheduler&hellip;","og_url":"https:\/\/picockpit.com\/raspberry-pi\/fr\/script-scheduler-app\/","og_site_name":"PiCockpit","article_publisher":"https:\/\/www.facebook.com\/pi3gshop","og_image":[{"url":"https:\/\/picockpit.com\/raspberry-pi\/wp-content\/uploads\/2024\/03\/Script-Scheduler-App-Title-Image.png","type":"","width":"","height":""}],"twitter_card":"summary_large_image","twitter_site":"@pi3g","twitter_misc":{"Dur\u00e9e de lecture estim\u00e9e":"2 minutes"},"schema":{"@context":"https:\/\/schema.org","@graph":[{"@type":"WebPage","@id":"https:\/\/picockpit.com\/raspberry-pi\/script-scheduler-app\/","url":"https:\/\/picockpit.com\/raspberry-pi\/script-scheduler-app\/","name":"Script Scheduler App | PiCockpit","isPartOf":{"@id":"https:\/\/picockpit.com\/raspberry-pi\/#website"},"primaryImageOfPage":{"@id":"https:\/\/picockpit.com\/raspberry-pi\/script-scheduler-app\/#primaryimage"},"image":{"@id":"https:\/\/picockpit.com\/raspberry-pi\/script-scheduler-app\/#primaryimage"},"thumbnailUrl":"https:\/\/picockpit.com\/raspberry-pi\/wp-content\/uploads\/2024\/03\/Script-Scheduler-App-Title-Image.png","datePublished":"2024-03-12T14:25:01+00:00","breadcrumb":{"@id":"https:\/\/picockpit.com\/raspberry-pi\/script-scheduler-app\/#breadcrumb"},"inLanguage":"fr-FR","potentialAction":[{"@type":"ReadAction","target":["https:\/\/picockpit.com\/raspberry-pi\/script-scheduler-app\/"]}]},{"@type":"ImageObject","inLanguage":"fr-FR","@id":"https:\/\/picockpit.com\/raspberry-pi\/script-scheduler-app\/#primaryimage","url":"https:\/\/picockpit.com\/raspberry-pi\/wp-content\/uploads\/2024\/03\/Script-Scheduler-App-Title-Image.png","contentUrl":"https:\/\/picockpit.com\/raspberry-pi\/wp-content\/uploads\/2024\/03\/Script-Scheduler-App-Title-Image.png"},{"@type":"BreadcrumbList","@id":"https:\/\/picockpit.com\/raspberry-pi\/script-scheduler-app\/#breadcrumb","itemListElement":[{"@type":"ListItem","position":1,"name":"Home","item":"https:\/\/picockpit.com\/raspberry-pi\/"},{"@type":"ListItem","position":2,"name":"Script Scheduler App"}]},{"@type":"WebSite","@id":"https:\/\/picockpit.com\/raspberry-pi\/#website","url":"https:\/\/picockpit.com\/raspberry-pi\/","name":"PiCockpit","description":"","publisher":{"@id":"https:\/\/picockpit.com\/raspberry-pi\/#organization"},"potentialAction":[{"@type":"SearchAction","target":{"@type":"EntryPoint","urlTemplate":"https:\/\/picockpit.com\/raspberry-pi\/?s={search_term_string}"},"query-input":{"@type":"PropertyValueSpecification","valueRequired":true,"valueName":"search_term_string"}}],"inLanguage":"fr-FR"},{"@type":"Organization","@id":"https:\/\/picockpit.com\/raspberry-pi\/#organization","name":"PiCockpit.com","url":"https:\/\/picockpit.com\/raspberry-pi\/","logo":{"@type":"ImageObject","inLanguage":"fr-FR","@id":"https:\/\/picockpit.com\/raspberry-pi\/#\/schema\/logo\/image\/","url":"https:\/\/picockpit.com\/raspberry-pi\/wp-content\/uploads\/2023\/07\/Screenshot-from-2023-07-24-15-01-24.png","contentUrl":"https:\/\/picockpit.com\/raspberry-pi\/wp-content\/uploads\/2023\/07\/Screenshot-from-2023-07-24-15-01-24.png","width":1165,"height":283,"caption":"PiCockpit.com"},"image":{"@id":"https:\/\/picockpit.com\/raspberry-pi\/#\/schema\/logo\/image\/"},"sameAs":["https:\/\/www.facebook.com\/pi3gshop","https:\/\/x.com\/pi3g"]}]}},"_links":{"self":[{"href":"https:\/\/picockpit.com\/raspberry-pi\/fr\/wp-json\/wp\/v2\/pages\/7015","targetHints":{"allow":["GET"]}}],"collection":[{"href":"https:\/\/picockpit.com\/raspberry-pi\/fr\/wp-json\/wp\/v2\/pages"}],"about":[{"href":"https:\/\/picockpit.com\/raspberry-pi\/fr\/wp-json\/wp\/v2\/types\/page"}],"author":[{"embeddable":true,"href":"https:\/\/picockpit.com\/raspberry-pi\/fr\/wp-json\/wp\/v2\/users\/2"}],"replies":[{"embeddable":true,"href":"https:\/\/picockpit.com\/raspberry-pi\/fr\/wp-json\/wp\/v2\/comments?post=7015"}],"version-history":[{"count":1,"href":"https:\/\/picockpit.com\/raspberry-pi\/fr\/wp-json\/wp\/v2\/pages\/7015\/revisions"}],"predecessor-version":[{"id":7019,"href":"https:\/\/picockpit.com\/raspberry-pi\/fr\/wp-json\/wp\/v2\/pages\/7015\/revisions\/7019"}],"wp:attachment":[{"href":"https:\/\/picockpit.com\/raspberry-pi\/fr\/wp-json\/wp\/v2\/media?parent=7015"}],"curies":[{"name":"wp","href":"https:\/\/api.w.org\/{rel}","templated":true}]}}