{"id":60,"date":"2020-11-08T11:49:56","date_gmt":"2020-11-08T11:49:56","guid":{"rendered":"https:\/\/picockpit.com\/raspberry-pi\/?page_id=60"},"modified":"2024-04-04T13:19:39","modified_gmt":"2024-04-04T13:19:39","slug":"picockpit-terms-of-service","status":"publish","type":"page","link":"https:\/\/picockpit.com\/raspberry-pi\/it\/picockpit-terms-of-service\/","title":{"rendered":"Termini di servizio di PiCockpit"},"content":{"rendered":"<h2 class=\"wp-block-heading\"><strong>Termini di servizio<\/strong><\/h2>\n\n\n\n<p>I presenti Termini di servizio regolano l'utilizzo del sito web www.picockpit.com (\"Sito\") gestito da pi3g GmbH &amp; Co. KG (\"pi3g\", \"noi\", \"nostro\" o \"noi\"). Accedendo o utilizzando il Sito, l'utente accetta di essere vincolato dalle presenti Condizioni. Se non si accettano le presenti Condizioni, non si pu\u00f2 accedere o utilizzare il Sito.<\/p>\n\n\n\n<p>I presenti Termini di servizio si applicano anche a qualsiasi utilizzo del Client PiCockpit e del servizio PiCockpit in generale.<\/p>\n\n\n\n<p>I Termini di servizio ufficiali sono scritti e presentati in inglese. Non siamo responsabili di eventuali errori di traduzione.<\/p>\n\n\n\n<ol class=\"wp-block-list\">\n<li>Accordo sui termini<\/li>\n<\/ol>\n\n\n\n<p>Utilizzando il servizio fornito dal Sito, l'utente accetta di essere vincolato dai seguenti termini e condizioni. I presenti Termini di servizio, unitamente a qualsiasi modulo d'ordine applicabile, costituiscono l'intero ed esclusivo accordo tra pi3g e l'utente in merito al servizio, e i presenti Termini di servizio sostituiscono qualsiasi intesa o accordo precedente, orale o scritto, tra pi3g e l'utente in merito al servizio.<\/p>\n\n\n\n<ol class=\"wp-block-list\" start=\"2\">\n<li>Modifica<\/li>\n<\/ol>\n\n\n\n<p>Ci riserviamo il diritto di modificare i presenti Termini di servizio in qualsiasi momento, a nostra esclusiva discrezione. \u00c8 importante che l'utente riveda i Termini di servizio ogni volta che li modifichiamo, perch\u00e9 se continua a utilizzare il servizio dopo che abbiamo pubblicato i Termini di servizio modificati sul Sito, ci indica che accetta di essere vincolato dai Termini modificati. Se l'utente non accetta di essere vincolato dai Termini di servizio modificati, non pu\u00f2 utilizzare il nostro servizio.<\/p>\n\n\n\n<ol class=\"wp-block-list\" start=\"3\">\n<li>Possibilit\u00e0 di accettare i termini<\/li>\n<\/ol>\n\n\n\n<p>Il Sito \u00e8 destinato a persone di et\u00e0 pari o superiore a tredici (13) anni. Per utilizzare il servizio \u00e8 necessario avere almeno 13 anni. Solo gli esseri umani possono utilizzare il servizio, che \u00e8 possibile utilizzare solo se si crea un account (\"Account\"). Non permettiamo ai bot o ad altri strumenti di automazione di registrare Account e la registrazione di un Account in questo modo \u00e8 vietata. L'utente deve fornire le informazioni necessarie per completare la registrazione di un Account, tra cui il nome, un indirizzo e-mail valido e qualsiasi altra informazione richiesta durante il processo di registrazione.<\/p>\n\n\n\n<ol class=\"wp-block-list\" start=\"4\">\n<li>Utilizzo dei contenuti<\/li>\n<\/ol>\n\n\n\n<p>I contenuti del Sito sono forniti all'utente solo per informazione e uso personale e non possono essere utilizzati, modificati, copiati, distribuiti, trasmessi, diffusi, visualizzati, venduti, concessi in licenza, de-compilati o sfruttati in altro modo per qualsiasi altro scopo senza il nostro previo consenso scritto.<\/p>\n\n\n\n<ol class=\"wp-block-list\" start=\"5\">\n<li>Diritti di propriet\u00e0 intellettuale<\/li>\n<\/ol>\n\n\n\n<p>Tutti i contenuti del Sito, compresi i testi, i documenti, gli articoli, le brochure, le descrizioni, i prodotti, il software, la grafica, le foto, i suoni, i video, le funzioni interattive e i servizi, sono di propriet\u00e0 di pi3g e\/o dei suoi licenziatari e possono essere protetti da copyright o da altre leggi e trattati sulla propriet\u00e0 intellettuale. PiCockpit \u00e8 protetto da copyright. Tutti i diritti sono riservati. \u00c8 vietato l'uso, la riproduzione o la distribuzione non autorizzata di PiCockpit o dei suoi componenti.<\/p>\n\n\n\n<ol class=\"wp-block-list\" start=\"6\">\n<li>Pagamento<\/li>\n<\/ol>\n\n\n\n<p>Il pagamento di un piano a pagamento (PiCockpit Pro e PiCockpit Pro Plus) avviene tramite sistemi di pagamento online gestiti da terzi, come Stripe, che possiamo utilizzare per l'elaborazione dei pagamenti.<\/p>\n\n\n\n<ol class=\"wp-block-list\" start=\"7\">\n<li>Limitazione di responsabilit\u00e0<\/li>\n<\/ol>\n\n\n\n<p>Nella misura massima consentita dalla legge, pi3g non sar\u00e0 responsabile per danni diretti, indiretti, esemplari, speciali, consequenziali o incidentali di qualsiasi tipo, o per qualsiasi perdita di dati, ricavi, profitti o reputazione, derivanti da questi Termini di servizio o dall'uso, o dall'impossibilit\u00e0 di usare, il Sito.<\/p>\n\n\n\n<ol class=\"wp-block-list\" start=\"8\">\n<li>Garanzia<\/li>\n<\/ol>\n\n\n\n<p>PiCockpit viene fornito \"cos\u00ec com'\u00e8\" senza alcun tipo di garanzia, espressa o implicita. Non garantiamo che il servizio sia ininterrotto, privo di errori o esente da violazioni della sicurezza o attacchi.<\/p>\n\n\n\n<ol class=\"wp-block-list\" start=\"9\">\n<li>Rimborsi<\/li>\n<\/ol>\n\n\n\n<p>Offriamo rimborsi entro 30 giorni dall'acquisto iniziale di un PiCockpit Pro o di un piano di pagamento PiCockpit Pro Plus. Per richiedere un rimborso, contattateci all'indirizzo <a href=\"mailto:info@picockpit.com\">info@picockpit.com<\/a>.<\/p>\n\n\n\n<ol class=\"wp-block-list\" start=\"10\">\n<li>Politica dei prezzi<\/li>\n<\/ol>\n\n\n\n<p>I prezzi attuali sono disponibili tramite <a href=\"https:\/\/picockpit.com\/raspberry-pi\/picockpit-pricing\/\">https:\/\/picockpit.com\/raspberry-pi\/picockpit-pricing\/<\/a>. Ci riserviamo il diritto di adeguare il prezzo con un mese di preavviso agli utenti esistenti.<\/p>\n\n\n\n<ol class=\"wp-block-list\" start=\"11\">\n<li>Cancellazione<\/li>\n<\/ol>\n\n\n\n<p>Gli utenti possono cancellare i loro account in qualsiasi momento. Al momento della cancellazione, i loro dati saranno cancellati dai nostri sistemi.<\/p>\n\n\n\n<p>Tuttavia, dopo il periodo di 30 giorni dall'acquisto iniziale, qualsiasi cancellazione non comporter\u00e0 un rimborso, anche per il periodo di pagamento in corso.<\/p>\n\n\n\n<ol class=\"wp-block-list\" start=\"12\">\n<li>Generale<\/li>\n<\/ol>\n\n\n\n<p>Pi3g si riserva il diritto di interrompere o modificare qualsiasi aspetto del servizio PiCockpit in qualsiasi momento, compresi il sito, il client e qualsiasi altro elemento di PiCockpit. Se una qualsiasi disposizione dei presenti Termini \u00e8 ritenuta non valida da un tribunale della giurisdizione competente, l'invalidit\u00e0 di tale disposizione non pregiudica la validit\u00e0 delle restanti disposizioni dei presenti Termini di servizio, che rimarranno in pieno vigore ed effetto.<\/p>\n\n\n\n<hr class=\"wp-block-separator has-alpha-channel-opacity\"\/>\n\n\n\n<h3 class=\"wp-block-heading\">Il servizio \u00e8 fornito da:<\/h3>\n\n\n\n<p> pi3g GmbH &amp; Co. KG<br> Zschochersche Allee 1<br> 04207 Lipsia<br>Germania <\/p>\n\n\n\n<h3 class=\"wp-block-heading\">Contatta<\/h3>\n\n\n\n<p>Per favore&nbsp;<a href=\"https:\/\/pi3g.com\/kontakt\/\">contattaci<\/a>&nbsp;in caso di domande.<\/p>\n<div class=\"shariff shariff-align-center shariff-widget-align-left shariff-buttonstretch\"><ul class=\"shariff-buttons theme-white orientation-horizontal buttonsize-medium\"><li class=\"shariff-button twitter shariff-nocustomcolor\" style=\"background-color:#595959\"><a href=\"https:\/\/twitter.com\/share?url=https%3A%2F%2Fpicockpit.com%2Fraspberry-pi%2Fit%2Fpicockpit-terms-of-service%2F&text=PiCockpit%20Terms%20of%20Service\" title=\"Condividi su X\" aria-label=\"Condividi su X\" role=\"button\" rel=\"noopener nofollow\" class=\"shariff-link\" style=\"; background-color:#000; color:#000\" target=\"_blank\"><span class=\"shariff-icon\" style=\"fill:#000\"><svg width=\"32px\" height=\"20px\" xmlns=\"http:\/\/www.w3.org\/2000\/svg\" viewbox=\"0 0 24 24\"><path fill=\"#000\" d=\"M14.258 10.152L23.176 0h-2.113l-7.747 8.813L7.133 0H0l9.352 13.328L0 23.973h2.113l8.176-9.309 6.531 9.309h7.133zm-2.895 3.293l-.949-1.328L2.875 1.56h3.246l6.086 8.523.945 1.328 7.91 11.078h-3.246zm0 0\"\/><\/svg><\/span><span class=\"shariff-text\" style=\"color:#000\">condividi<\/span>&nbsp;<\/a><\/li><li class=\"shariff-button facebook shariff-nocustomcolor\" style=\"background-color:#4273c8\"><a href=\"https:\/\/www.facebook.com\/sharer\/sharer.php?u=https%3A%2F%2Fpicockpit.com%2Fraspberry-pi%2Fit%2Fpicockpit-terms-of-service%2F\" title=\"Condividi su Facebook\" aria-label=\"Condividi su Facebook\" role=\"button\" rel=\"nofollow\" class=\"shariff-link\" style=\"; background-color:#3b5998; color:#3b5998\" target=\"_blank\"><span class=\"shariff-icon\" style=\"fill:#3b5998\"><svg width=\"32px\" height=\"20px\" xmlns=\"http:\/\/www.w3.org\/2000\/svg\" viewbox=\"0 0 18 32\"><path fill=\"#3b5998\" d=\"M17.1 0.2v4.7h-2.8q-1.5 0-2.1 0.6t-0.5 1.9v3.4h5.2l-0.7 5.3h-4.5v13.6h-5.5v-13.6h-4.5v-5.3h4.5v-3.9q0-3.3 1.9-5.2t5-1.8q2.6 0 4.1 0.2z\"\/><\/svg><\/span><span class=\"shariff-text\" style=\"color:#3b5998\">condividi<\/span>&nbsp;<\/a><\/li><li class=\"shariff-button telegram shariff-nocustomcolor\" style=\"background-color:#4084A6\"><a href=\"https:\/\/telegram.me\/share\/url?url=https%3A%2F%2Fpicockpit.com%2Fraspberry-pi%2Fit%2Fpicockpit-terms-of-service%2F&text=PiCockpit%20Terms%20of%20Service\" title=\"Condividi su Telegram\" aria-label=\"Condividi su Telegram\" role=\"button\" rel=\"noopener nofollow\" class=\"shariff-link\" style=\"; background-color:#0088cc; color:#0088cc\" target=\"_blank\"><span class=\"shariff-icon\" style=\"fill:#0088cc\"><svg width=\"32px\" height=\"20px\" xmlns=\"http:\/\/www.w3.org\/2000\/svg\" viewbox=\"0 0 32 32\"><path fill=\"#0088cc\" d=\"M30.8 6.5l-4.5 21.4c-.3 1.5-1.2 1.9-2.5 1.2L16.9 24l-3.3 3.2c-.4.4-.7.7-1.4.7l.5-7L25.5 9.2c.6-.5-.1-.8-.9-.3l-15.8 10L2 16.7c-1.5-.5-1.5-1.5.3-2.2L28.9 4.3c1.3-.5 2.3.3 1.9 2.2z\"\/><\/svg><\/span><span class=\"shariff-text\" style=\"color:#0088cc\">condividi<\/span>&nbsp;<\/a><\/li><li class=\"shariff-button reddit shariff-nocustomcolor\" style=\"background-color:#ff5700\"><a href=\"https:\/\/www.reddit.com\/submit?url=https%3A%2F%2Fpicockpit.com%2Fraspberry-pi%2Fit%2Fpicockpit-terms-of-service%2F\" title=\"Condividi su Reddit\" aria-label=\"Condividi su Reddit\" role=\"button\" rel=\"noopener nofollow\" class=\"shariff-link\" style=\"; background-color:#ff4500; color:#ff4500\" target=\"_blank\"><span class=\"shariff-icon\" style=\"fill:#ff4500\"><svg xmlns=\"http:\/\/www.w3.org\/2000\/svg\" viewbox=\"0 0 512 512\"><path fill=\"#ff4500\" d=\"M440.3 203.5c-15 0-28.2 6.2-37.9 15.9-35.7-24.7-83.8-40.6-137.1-42.3L293 52.3l88.2 19.8c0 21.6 17.6 39.2 39.2 39.2 22 0 39.7-18.1 39.7-39.7s-17.6-39.7-39.7-39.7c-15.4 0-28.7 9.3-35.3 22l-97.4-21.6c-4.9-1.3-9.7 2.2-11 7.1L246.3 177c-52.9 2.2-100.5 18.1-136.3 42.8-9.7-10.1-23.4-16.3-38.4-16.3-55.6 0-73.8 74.6-22.9 100.1-1.8 7.9-2.6 16.3-2.6 24.7 0 83.8 94.4 151.7 210.3 151.7 116.4 0 210.8-67.9 210.8-151.7 0-8.4-.9-17.2-3.1-25.1 49.9-25.6 31.5-99.7-23.8-99.7zM129.4 308.9c0-22 17.6-39.7 39.7-39.7 21.6 0 39.2 17.6 39.2 39.7 0 21.6-17.6 39.2-39.2 39.2-22 .1-39.7-17.6-39.7-39.2zm214.3 93.5c-36.4 36.4-139.1 36.4-175.5 0-4-3.5-4-9.7 0-13.7 3.5-3.5 9.7-3.5 13.2 0 27.8 28.5 120 29 149 0 3.5-3.5 9.7-3.5 13.2 0 4.1 4 4.1 10.2.1 13.7zm-.8-54.2c-21.6 0-39.2-17.6-39.2-39.2 0-22 17.6-39.7 39.2-39.7 22 0 39.7 17.6 39.7 39.7-.1 21.5-17.7 39.2-39.7 39.2z\"\/><\/svg><\/span><span class=\"shariff-text\" style=\"color:#ff4500\">condividi<\/span>&nbsp;<\/a><\/li><\/ul><\/div>","protected":false},"excerpt":{"rendered":"<p>Termini di servizio I presenti Termini di servizio regolano l'utilizzo del sito web www.picockpit.com (\"Sito\") gestito da pi3g GmbH &amp; Co. KG (\"pi3g\", \"noi\", \"nostro\" o \"noi\"). Accedendo o utilizzando il Sito, l'utente accetta di essere vincolato dalle presenti Condizioni. Se l'utente non accetta le presenti Condizioni, non pu\u00f2 accedere o utilizzare...<\/p>","protected":false},"author":2,"featured_media":0,"parent":0,"menu_order":0,"comment_status":"closed","ping_status":"closed","template":"tpl-sidebar.php","meta":{"footnotes":""},"class_list":["post-60","page","type-page","status-publish","hentry"],"yoast_head":"<!-- This site is optimized with the Yoast SEO plugin v27.5 - https:\/\/yoast.com\/product\/yoast-seo-wordpress\/ -->\n<title>PiCockpit Terms of Service | PiCockpit<\/title>\n<meta name=\"description\" content=\"This page provides PiCockpit&#039;s Terms of Service, which apply to both the website and the client, as well as PiCockpit more generally.\" \/>\n<meta name=\"robots\" content=\"index, follow, max-snippet:-1, max-image-preview:large, max-video-preview:-1\" \/>\n<link rel=\"canonical\" href=\"https:\/\/picockpit.com\/raspberry-pi\/it\/picockpit-terms-of-service\/\" \/>\n<meta property=\"og:locale\" content=\"it_IT\" \/>\n<meta property=\"og:type\" content=\"article\" \/>\n<meta property=\"og:title\" content=\"PiCockpit Terms of Service | PiCockpit\" \/>\n<meta property=\"og:description\" content=\"This page provides PiCockpit&#039;s Terms of Service, which apply to both the website and the client, as well as PiCockpit more generally.\" \/>\n<meta property=\"og:url\" content=\"https:\/\/picockpit.com\/raspberry-pi\/it\/picockpit-terms-of-service\/\" \/>\n<meta property=\"og:site_name\" content=\"PiCockpit\" \/>\n<meta property=\"article:publisher\" content=\"https:\/\/www.facebook.com\/pi3gshop\" \/>\n<meta property=\"article:modified_time\" content=\"2024-04-04T13:19:39+00:00\" \/>\n<meta property=\"og:image\" content=\"https:\/\/picockpit.com\/raspberry-pi\/wp-content\/uploads\/2023\/07\/Screenshot-from-2023-07-24-15-01-24.png\" \/>\n\t<meta property=\"og:image:width\" content=\"1165\" \/>\n\t<meta property=\"og:image:height\" content=\"283\" \/>\n\t<meta property=\"og:image:type\" content=\"image\/png\" \/>\n<meta name=\"twitter:card\" content=\"summary_large_image\" \/>\n<meta name=\"twitter:site\" content=\"@pi3g\" \/>\n<meta name=\"twitter:label1\" content=\"Tempo di lettura stimato\" \/>\n\t<meta name=\"twitter:data1\" content=\"4 minuti\" \/>\n<script type=\"application\/ld+json\" class=\"yoast-schema-graph\">{\"@context\":\"https:\\\/\\\/schema.org\",\"@graph\":[{\"@type\":\"WebPage\",\"@id\":\"https:\\\/\\\/picockpit.com\\\/raspberry-pi\\\/picockpit-terms-of-service\\\/\",\"url\":\"https:\\\/\\\/picockpit.com\\\/raspberry-pi\\\/picockpit-terms-of-service\\\/\",\"name\":\"PiCockpit Terms of Service | PiCockpit\",\"isPartOf\":{\"@id\":\"https:\\\/\\\/picockpit.com\\\/raspberry-pi\\\/#website\"},\"datePublished\":\"2020-11-08T11:49:56+00:00\",\"dateModified\":\"2024-04-04T13:19:39+00:00\",\"description\":\"This page provides PiCockpit's Terms of Service, which apply to both the website and the client, as well as PiCockpit more generally.\",\"breadcrumb\":{\"@id\":\"https:\\\/\\\/picockpit.com\\\/raspberry-pi\\\/picockpit-terms-of-service\\\/#breadcrumb\"},\"inLanguage\":\"it-IT\",\"potentialAction\":[{\"@type\":\"ReadAction\",\"target\":[\"https:\\\/\\\/picockpit.com\\\/raspberry-pi\\\/picockpit-terms-of-service\\\/\"]}]},{\"@type\":\"BreadcrumbList\",\"@id\":\"https:\\\/\\\/picockpit.com\\\/raspberry-pi\\\/picockpit-terms-of-service\\\/#breadcrumb\",\"itemListElement\":[{\"@type\":\"ListItem\",\"position\":1,\"name\":\"Home\",\"item\":\"https:\\\/\\\/picockpit.com\\\/raspberry-pi\\\/\"},{\"@type\":\"ListItem\",\"position\":2,\"name\":\"PiCockpit Terms of Service\"}]},{\"@type\":\"WebSite\",\"@id\":\"https:\\\/\\\/picockpit.com\\\/raspberry-pi\\\/#website\",\"url\":\"https:\\\/\\\/picockpit.com\\\/raspberry-pi\\\/\",\"name\":\"PiCockpit\",\"description\":\"\",\"publisher\":{\"@id\":\"https:\\\/\\\/picockpit.com\\\/raspberry-pi\\\/#organization\"},\"potentialAction\":[{\"@type\":\"SearchAction\",\"target\":{\"@type\":\"EntryPoint\",\"urlTemplate\":\"https:\\\/\\\/picockpit.com\\\/raspberry-pi\\\/?s={search_term_string}\"},\"query-input\":{\"@type\":\"PropertyValueSpecification\",\"valueRequired\":true,\"valueName\":\"search_term_string\"}}],\"inLanguage\":\"it-IT\"},{\"@type\":\"Organization\",\"@id\":\"https:\\\/\\\/picockpit.com\\\/raspberry-pi\\\/#organization\",\"name\":\"PiCockpit.com\",\"url\":\"https:\\\/\\\/picockpit.com\\\/raspberry-pi\\\/\",\"logo\":{\"@type\":\"ImageObject\",\"inLanguage\":\"it-IT\",\"@id\":\"https:\\\/\\\/picockpit.com\\\/raspberry-pi\\\/#\\\/schema\\\/logo\\\/image\\\/\",\"url\":\"https:\\\/\\\/picockpit.com\\\/raspberry-pi\\\/wp-content\\\/uploads\\\/2023\\\/07\\\/Screenshot-from-2023-07-24-15-01-24.png\",\"contentUrl\":\"https:\\\/\\\/picockpit.com\\\/raspberry-pi\\\/wp-content\\\/uploads\\\/2023\\\/07\\\/Screenshot-from-2023-07-24-15-01-24.png\",\"width\":1165,\"height\":283,\"caption\":\"PiCockpit.com\"},\"image\":{\"@id\":\"https:\\\/\\\/picockpit.com\\\/raspberry-pi\\\/#\\\/schema\\\/logo\\\/image\\\/\"},\"sameAs\":[\"https:\\\/\\\/www.facebook.com\\\/pi3gshop\",\"https:\\\/\\\/x.com\\\/pi3g\"]}]}<\/script>\n<!-- \/ Yoast SEO plugin. -->","yoast_head_json":{"title":"Termini di servizio di PiCockpit | PiCockpit","description":"In questa pagina sono riportati i Termini di servizio di PiCockpit, che si applicano sia al sito web e al cliente, sia a PiCockpit in generale.","robots":{"index":"index","follow":"follow","max-snippet":"max-snippet:-1","max-image-preview":"max-image-preview:large","max-video-preview":"max-video-preview:-1"},"canonical":"https:\/\/picockpit.com\/raspberry-pi\/it\/picockpit-terms-of-service\/","og_locale":"it_IT","og_type":"article","og_title":"PiCockpit Terms of Service | PiCockpit","og_description":"This page provides PiCockpit's Terms of Service, which apply to both the website and the client, as well as PiCockpit more generally.","og_url":"https:\/\/picockpit.com\/raspberry-pi\/it\/picockpit-terms-of-service\/","og_site_name":"PiCockpit","article_publisher":"https:\/\/www.facebook.com\/pi3gshop","article_modified_time":"2024-04-04T13:19:39+00:00","og_image":[{"width":1165,"height":283,"url":"https:\/\/picockpit.com\/raspberry-pi\/wp-content\/uploads\/2023\/07\/Screenshot-from-2023-07-24-15-01-24.png","type":"image\/png"}],"twitter_card":"summary_large_image","twitter_site":"@pi3g","twitter_misc":{"Tempo di lettura stimato":"4 minuti"},"schema":{"@context":"https:\/\/schema.org","@graph":[{"@type":"WebPage","@id":"https:\/\/picockpit.com\/raspberry-pi\/picockpit-terms-of-service\/","url":"https:\/\/picockpit.com\/raspberry-pi\/picockpit-terms-of-service\/","name":"Termini di servizio di PiCockpit | PiCockpit","isPartOf":{"@id":"https:\/\/picockpit.com\/raspberry-pi\/#website"},"datePublished":"2020-11-08T11:49:56+00:00","dateModified":"2024-04-04T13:19:39+00:00","description":"In questa pagina sono riportati i Termini di servizio di PiCockpit, che si applicano sia al sito web e al cliente, sia a PiCockpit in generale.","breadcrumb":{"@id":"https:\/\/picockpit.com\/raspberry-pi\/picockpit-terms-of-service\/#breadcrumb"},"inLanguage":"it-IT","potentialAction":[{"@type":"ReadAction","target":["https:\/\/picockpit.com\/raspberry-pi\/picockpit-terms-of-service\/"]}]},{"@type":"BreadcrumbList","@id":"https:\/\/picockpit.com\/raspberry-pi\/picockpit-terms-of-service\/#breadcrumb","itemListElement":[{"@type":"ListItem","position":1,"name":"Home","item":"https:\/\/picockpit.com\/raspberry-pi\/"},{"@type":"ListItem","position":2,"name":"PiCockpit Terms of Service"}]},{"@type":"WebSite","@id":"https:\/\/picockpit.com\/raspberry-pi\/#website","url":"https:\/\/picockpit.com\/raspberry-pi\/","name":"PiCockpit","description":"","publisher":{"@id":"https:\/\/picockpit.com\/raspberry-pi\/#organization"},"potentialAction":[{"@type":"SearchAction","target":{"@type":"EntryPoint","urlTemplate":"https:\/\/picockpit.com\/raspberry-pi\/?s={search_term_string}"},"query-input":{"@type":"PropertyValueSpecification","valueRequired":true,"valueName":"search_term_string"}}],"inLanguage":"it-IT"},{"@type":"Organization","@id":"https:\/\/picockpit.com\/raspberry-pi\/#organization","name":"PiCockpit.com","url":"https:\/\/picockpit.com\/raspberry-pi\/","logo":{"@type":"ImageObject","inLanguage":"it-IT","@id":"https:\/\/picockpit.com\/raspberry-pi\/#\/schema\/logo\/image\/","url":"https:\/\/picockpit.com\/raspberry-pi\/wp-content\/uploads\/2023\/07\/Screenshot-from-2023-07-24-15-01-24.png","contentUrl":"https:\/\/picockpit.com\/raspberry-pi\/wp-content\/uploads\/2023\/07\/Screenshot-from-2023-07-24-15-01-24.png","width":1165,"height":283,"caption":"PiCockpit.com"},"image":{"@id":"https:\/\/picockpit.com\/raspberry-pi\/#\/schema\/logo\/image\/"},"sameAs":["https:\/\/www.facebook.com\/pi3gshop","https:\/\/x.com\/pi3g"]}]}},"_links":{"self":[{"href":"https:\/\/picockpit.com\/raspberry-pi\/it\/wp-json\/wp\/v2\/pages\/60","targetHints":{"allow":["GET"]}}],"collection":[{"href":"https:\/\/picockpit.com\/raspberry-pi\/it\/wp-json\/wp\/v2\/pages"}],"about":[{"href":"https:\/\/picockpit.com\/raspberry-pi\/it\/wp-json\/wp\/v2\/types\/page"}],"author":[{"embeddable":true,"href":"https:\/\/picockpit.com\/raspberry-pi\/it\/wp-json\/wp\/v2\/users\/2"}],"replies":[{"embeddable":true,"href":"https:\/\/picockpit.com\/raspberry-pi\/it\/wp-json\/wp\/v2\/comments?post=60"}],"version-history":[{"count":5,"href":"https:\/\/picockpit.com\/raspberry-pi\/it\/wp-json\/wp\/v2\/pages\/60\/revisions"}],"predecessor-version":[{"id":7183,"href":"https:\/\/picockpit.com\/raspberry-pi\/it\/wp-json\/wp\/v2\/pages\/60\/revisions\/7183"}],"wp:attachment":[{"href":"https:\/\/picockpit.com\/raspberry-pi\/it\/wp-json\/wp\/v2\/media?parent=60"}],"curies":[{"name":"wp","href":"https:\/\/api.w.org\/{rel}","templated":true}]}}