{"id":254,"date":"2020-11-16T09:43:13","date_gmt":"2020-11-16T09:43:13","guid":{"rendered":"https:\/\/picockpit.com\/raspberry-pi\/?page_id=254"},"modified":"2024-01-09T12:05:30","modified_gmt":"2024-01-09T12:05:30","slug":"pistats-live-raspberry-pi-statistics","status":"publish","type":"page","link":"https:\/\/picockpit.com\/raspberry-pi\/pl\/pistats-live-raspberry-pi-statistics\/","title":{"rendered":"PiStats"},"content":{"rendered":"<figure class=\"wp-block-image size-large\"><img loading=\"lazy\" decoding=\"async\" width=\"1024\" height=\"322\" src=\"https:\/\/picockpit.com\/raspberry-pi\/wp-content\/uploads\/2020\/11\/PiStats-Title-Image-1024x322.png\" alt=\"Obraz tytu\u0142u PiStats\" class=\"wp-image-6470\" srcset=\"https:\/\/picockpit.com\/raspberry-pi\/wp-content\/uploads\/2020\/11\/PiStats-Title-Image-1024x322.png 1024w, https:\/\/picockpit.com\/raspberry-pi\/wp-content\/uploads\/2020\/11\/PiStats-Title-Image-300x94.png 300w, https:\/\/picockpit.com\/raspberry-pi\/wp-content\/uploads\/2020\/11\/PiStats-Title-Image-768x241.png 768w, https:\/\/picockpit.com\/raspberry-pi\/wp-content\/uploads\/2020\/11\/PiStats-Title-Image-18x6.png 18w, https:\/\/picockpit.com\/raspberry-pi\/wp-content\/uploads\/2020\/11\/PiStats-Title-Image-24x8.png 24w, https:\/\/picockpit.com\/raspberry-pi\/wp-content\/uploads\/2020\/11\/PiStats-Title-Image-36x11.png 36w, https:\/\/picockpit.com\/raspberry-pi\/wp-content\/uploads\/2020\/11\/PiStats-Title-Image-48x15.png 48w, https:\/\/picockpit.com\/raspberry-pi\/wp-content\/uploads\/2020\/11\/PiStats-Title-Image.png 1200w\" sizes=\"auto, (max-width: 1024px) 100vw, 1024px\" \/><\/figure>\n\n\n\n<p>PiStats umo\u017cliwia wy\u015bwietlanie na \u017cywo statystyk u\u017cytkowania sprz\u0119tu Raspberry Pi w prostym interfejsie internetowym. <\/p>\n\n\n\n<p>Oto kilka przyk\u0142ad\u00f3w:<\/p>\n\n\n\n<p><\/p>\n\n\n<div class=\"wp-block-image\">\n<figure class=\"aligncenter size-full is-resized\"><img loading=\"lazy\" decoding=\"async\" width=\"735\" height=\"693\" src=\"https:\/\/picockpit.com\/raspberry-pi\/wp-content\/uploads\/2021\/07\/image-13.png\" alt=\"\" class=\"wp-image-839\" style=\"width:475px\" srcset=\"https:\/\/picockpit.com\/raspberry-pi\/wp-content\/uploads\/2021\/07\/image-13.png 735w, https:\/\/picockpit.com\/raspberry-pi\/wp-content\/uploads\/2021\/07\/image-13-300x283.png 300w\" sizes=\"auto, (max-width: 735px) 100vw, 735px\" \/><\/figure>\n<\/div>\n\n<div class=\"wp-block-image\">\n<figure class=\"aligncenter size-full is-resized\"><img loading=\"lazy\" decoding=\"async\" width=\"738\" height=\"916\" src=\"https:\/\/picockpit.com\/raspberry-pi\/wp-content\/uploads\/2021\/07\/image-14.png\" alt=\"\" class=\"wp-image-841\" style=\"width:475px\" srcset=\"https:\/\/picockpit.com\/raspberry-pi\/wp-content\/uploads\/2021\/07\/image-14.png 738w, https:\/\/picockpit.com\/raspberry-pi\/wp-content\/uploads\/2021\/07\/image-14-242x300.png 242w\" sizes=\"auto, (max-width: 738px) 100vw, 738px\" \/><\/figure>\n<\/div>\n\n\n<h2 class=\"wp-block-heading\">Monitorowanie za pomoc\u0105 PiStats<\/h2>\n\n\n\n<p>Warto\u015bci b\u0119d\u0105 od\u015bwie\u017cane raz na sekund\u0119. Poni\u017cej znajduje si\u0119 lista danych, kt\u00f3re mo\u017cna zobaczy\u0107 za pomoc\u0105 PiStats:<\/p>\n\n\n\n<ul class=\"wp-block-list\">\n<li>Obci\u0105\u017cenie CPU (na wszystkich rdzeniach)<\/li>\n\n\n\n<li>Ca\u0142kowity odczyt I\/O dysku (pokazuj\u0105cy sum\u0119 czyteln\u0105 dla cz\u0142owieka i warto\u015b\u0107 w bajtach)<\/li>\n\n\n\n<li>Ca\u0142kowita liczba zapisanych operacji wej\u015bcia\/wyj\u015bcia dysku<\/li>\n\n\n\n<li>Ca\u0142kowita ilo\u015b\u0107 odebranych danych w sieci<\/li>\n\n\n\n<li>Ca\u0142kowita ilo\u015b\u0107 danych wys\u0142anych przez sie\u0107<\/li>\n\n\n\n<li>Dost\u0119pna pami\u0119\u0107 RAM <\/li>\n\n\n\n<li>RAM total (without VideoCore) - warto\u015b\u0107 ta b\u0119dzie odzwierciedla\u0107 ilo\u015b\u0107 pami\u0119ci RAM, kt\u00f3r\u0105 dysponuje system operacyjny (np. <a href=\"https:\/\/picockpit.com\/raspberry-pi\/raspberry-pi-os-overview\/\">Raspberry Pi OS<\/a>)<\/li>\n\n\n\n<li>Czas pracy Raspberry Pi - jak d\u0142ugo dzia\u0142a Twoje Raspberry Pi od ostatniego restartu lub w\u0142\u0105czenia zasilania?<\/li>\n\n\n\n<li>Ca\u0142kowita dost\u0119pna partycja g\u0142\u00f3wna (\"\/\") - ile wolnego miejsca pozosta\u0142o na partycji g\u0142\u00f3wnej?<\/li>\n\n\n\n<li>Ca\u0142kowita zaj\u0119to\u015b\u0107 partycji g\u0142\u00f3wnej (\"\/\") - ile miejsca jest zaj\u0119te? (wzrost tutaj powinien r\u00f3wnie\u017c znale\u017a\u0107 odzwierciedlenie w ca\u0142kowitym zapisie Disk I\/O)<\/li>\n\n\n\n<li>Temperatura SoC - pokazuje temperatur\u0119 procesora Raspberry Pi<\/li>\n\n\n\n<li>Sygna\u0142 WLAN - pokazuje jako\u015b\u0107 \u0142\u0105cza i poziom sygna\u0142u WiFi w dBm<\/li>\n<\/ul>\n\n\n\n<h2 class=\"wp-block-heading\">Wizualizacja statystyk<\/h2>\n\n\n\n<p>Kliknij przycisk \"Poka\u017c mi\" obok interesuj\u0105cej Ci\u0119 statystyki, na przyk\u0142ad temperatury SoC:<\/p>\n\n\n\n<p><\/p>\n\n\n<div class=\"wp-block-image\">\n<figure class=\"aligncenter size-full is-resized\"><img loading=\"lazy\" decoding=\"async\" width=\"699\" height=\"63\" src=\"https:\/\/picockpit.com\/raspberry-pi\/wp-content\/uploads\/2021\/07\/image-15.png\" alt=\"\" class=\"wp-image-842\" style=\"width:475px\" srcset=\"https:\/\/picockpit.com\/raspberry-pi\/wp-content\/uploads\/2021\/07\/image-15.png 699w, https:\/\/picockpit.com\/raspberry-pi\/wp-content\/uploads\/2021\/07\/image-15-300x27.png 300w\" sizes=\"auto, (max-width: 699px) 100vw, 699px\" \/><figcaption class=\"wp-element-caption\">Temperatura SoC Raspberry Pi mo\u017ce by\u0107 monitorowana w \u0142adnym webinterface przy u\u017cyciu PiCockpit <\/figcaption><\/figure>\n<\/div>\n\n<div class=\"wp-block-image\">\n<figure class=\"aligncenter size-full is-resized\"><img loading=\"lazy\" decoding=\"async\" width=\"699\" height=\"631\" src=\"https:\/\/picockpit.com\/raspberry-pi\/wp-content\/uploads\/2021\/07\/image-16.png\" alt=\"\" class=\"wp-image-843\" style=\"width:475px\" srcset=\"https:\/\/picockpit.com\/raspberry-pi\/wp-content\/uploads\/2021\/07\/image-16.png 699w, https:\/\/picockpit.com\/raspberry-pi\/wp-content\/uploads\/2021\/07\/image-16-300x271.png 300w\" sizes=\"auto, (max-width: 699px) 100vw, 699px\" \/><\/figure>\n<\/div>\n\n\n<p>Za pomoc\u0105 element\u00f3w na dole i po prawej stronie mo\u017cna przej\u015b\u0107 do poszczeg\u00f3lnych czas\u00f3w i skupi\u0107 si\u0119 na odpowiedniej cz\u0119\u015bci skali pomiarowej (patrz zrzut ekranu). <\/p>\n\n\n\n<p>Uwaga: dane historyczne b\u0119d\u0105 dost\u0119pne tylko przez czas otwarcia aplikacji, poniewa\u017c s\u0105 one buforowane w przegl\u0105darce internetowej. <\/p>\n\n\n\n<p>Po zako\u0144czeniu nawigacji dane zostan\u0105 utracone.<\/p>\n\n\n\n<h2 class=\"wp-block-heading\">Szukaj<\/h2>\n\n\n\n<p>Przydatn\u0105 funkcj\u0105 wbudowan\u0105 w wersj\u0119 2.0 PiStats PiCockpit jest wyszukiwanie, kt\u00f3re pozwala skupi\u0107 si\u0119 na wpisie, kt\u00f3ry najbardziej nas interesuje. <\/p>\n\n\n\n<p>Za\u0142\u00f3\u017cmy, \u017ce chcesz monitorowa\u0107 temperatur\u0119 procesora Raspberry Pi:<\/p>\n\n\n\n<p><\/p>\n\n\n<div class=\"wp-block-image\">\n<figure class=\"aligncenter size-large is-resized\"><img loading=\"lazy\" decoding=\"async\" width=\"729\" height=\"328\" src=\"https:\/\/picockpit.com\/raspberry-pi\/wp-content\/uploads\/2020\/11\/image-69.png\" alt=\"Monitorowanie temperatury SoC \/ CPU Raspberry Pi za pomoc\u0105 PiStats\" class=\"wp-image-256\" style=\"width:475px\" srcset=\"https:\/\/picockpit.com\/raspberry-pi\/wp-content\/uploads\/2020\/11\/image-69.png 729w, https:\/\/picockpit.com\/raspberry-pi\/wp-content\/uploads\/2020\/11\/image-69-300x135.png 300w\" sizes=\"auto, (max-width: 729px) 100vw, 729px\" \/><\/figure>\n<\/div>\n\n\n<p><\/p>\n\n\n\n<h2 class=\"wp-block-heading\">Wniosek<\/h2>\n\n\n\n<p>Je\u015bli masz jakiekolwiek pytania lub napotkasz jakiekolwiek problemy, nie wahaj si\u0119 z nami skontaktowa\u0107, a my pomo\u017cemy Ci uruchomi\u0107 PiStats!<\/p>\n<div class=\"shariff shariff-align-center shariff-widget-align-left shariff-buttonstretch\"><ul class=\"shariff-buttons theme-white orientation-horizontal buttonsize-medium\"><li class=\"shariff-button twitter shariff-nocustomcolor\" style=\"background-color:#595959\"><a href=\"https:\/\/twitter.com\/share?url=https%3A%2F%2Fpicockpit.com%2Fraspberry-pi%2Fpl%2Fpistats-live-raspberry-pi-statistics%2F&text=PiStats\" title=\"Udost\u0119pnij na X\" aria-label=\"Udost\u0119pnij na X\" role=\"button\" rel=\"noopener nofollow\" class=\"shariff-link\" style=\"; background-color:#000; color:#000\" target=\"_blank\"><span class=\"shariff-icon\" style=\"fill:#000\"><svg width=\"32px\" height=\"20px\" xmlns=\"http:\/\/www.w3.org\/2000\/svg\" viewbox=\"0 0 24 24\"><path fill=\"#000\" d=\"M14.258 10.152L23.176 0h-2.113l-7.747 8.813L7.133 0H0l9.352 13.328L0 23.973h2.113l8.176-9.309 6.531 9.309h7.133zm-2.895 3.293l-.949-1.328L2.875 1.56h3.246l6.086 8.523.945 1.328 7.91 11.078h-3.246zm0 0\"\/><\/svg><\/span><span class=\"shariff-text\" style=\"color:#000\">udost\u0119pnij<\/span>&nbsp;<\/a><\/li><li class=\"shariff-button facebook shariff-nocustomcolor\" style=\"background-color:#4273c8\"><a href=\"https:\/\/www.facebook.com\/sharer\/sharer.php?u=https%3A%2F%2Fpicockpit.com%2Fraspberry-pi%2Fpl%2Fpistats-live-raspberry-pi-statistics%2F\" title=\"Udost\u0119pnij na Facebooku\" aria-label=\"Udost\u0119pnij na Facebooku\" role=\"button\" rel=\"nofollow\" class=\"shariff-link\" style=\"; background-color:#3b5998; color:#3b5998\" target=\"_blank\"><span class=\"shariff-icon\" style=\"fill:#3b5998\"><svg width=\"32px\" height=\"20px\" xmlns=\"http:\/\/www.w3.org\/2000\/svg\" viewbox=\"0 0 18 32\"><path fill=\"#3b5998\" d=\"M17.1 0.2v4.7h-2.8q-1.5 0-2.1 0.6t-0.5 1.9v3.4h5.2l-0.7 5.3h-4.5v13.6h-5.5v-13.6h-4.5v-5.3h4.5v-3.9q0-3.3 1.9-5.2t5-1.8q2.6 0 4.1 0.2z\"\/><\/svg><\/span><span class=\"shariff-text\" style=\"color:#3b5998\">udost\u0119pnij<\/span>&nbsp;<\/a><\/li><li class=\"shariff-button telegram shariff-nocustomcolor\" style=\"background-color:#4084A6\"><a href=\"https:\/\/telegram.me\/share\/url?url=https%3A%2F%2Fpicockpit.com%2Fraspberry-pi%2Fpl%2Fpistats-live-raspberry-pi-statistics%2F&text=PiStats\" title=\"Udost\u0119pnij przez Telegram\" aria-label=\"Udost\u0119pnij przez Telegram\" role=\"button\" rel=\"noopener nofollow\" class=\"shariff-link\" style=\"; background-color:#0088cc; color:#0088cc\" target=\"_blank\"><span class=\"shariff-icon\" style=\"fill:#0088cc\"><svg width=\"32px\" height=\"20px\" xmlns=\"http:\/\/www.w3.org\/2000\/svg\" viewbox=\"0 0 32 32\"><path fill=\"#0088cc\" d=\"M30.8 6.5l-4.5 21.4c-.3 1.5-1.2 1.9-2.5 1.2L16.9 24l-3.3 3.2c-.4.4-.7.7-1.4.7l.5-7L25.5 9.2c.6-.5-.1-.8-.9-.3l-15.8 10L2 16.7c-1.5-.5-1.5-1.5.3-2.2L28.9 4.3c1.3-.5 2.3.3 1.9 2.2z\"\/><\/svg><\/span><span class=\"shariff-text\" style=\"color:#0088cc\">udost\u0119pnij<\/span>&nbsp;<\/a><\/li><li class=\"shariff-button reddit shariff-nocustomcolor\" style=\"background-color:#ff5700\"><a href=\"https:\/\/www.reddit.com\/submit?url=https%3A%2F%2Fpicockpit.com%2Fraspberry-pi%2Fpl%2Fpistats-live-raspberry-pi-statistics%2F\" title=\"Udost\u0119pnij przez Reddit\" aria-label=\"Udost\u0119pnij przez Reddit\" role=\"button\" rel=\"noopener nofollow\" class=\"shariff-link\" style=\"; background-color:#ff4500; color:#ff4500\" target=\"_blank\"><span class=\"shariff-icon\" style=\"fill:#ff4500\"><svg xmlns=\"http:\/\/www.w3.org\/2000\/svg\" viewbox=\"0 0 512 512\"><path fill=\"#ff4500\" d=\"M440.3 203.5c-15 0-28.2 6.2-37.9 15.9-35.7-24.7-83.8-40.6-137.1-42.3L293 52.3l88.2 19.8c0 21.6 17.6 39.2 39.2 39.2 22 0 39.7-18.1 39.7-39.7s-17.6-39.7-39.7-39.7c-15.4 0-28.7 9.3-35.3 22l-97.4-21.6c-4.9-1.3-9.7 2.2-11 7.1L246.3 177c-52.9 2.2-100.5 18.1-136.3 42.8-9.7-10.1-23.4-16.3-38.4-16.3-55.6 0-73.8 74.6-22.9 100.1-1.8 7.9-2.6 16.3-2.6 24.7 0 83.8 94.4 151.7 210.3 151.7 116.4 0 210.8-67.9 210.8-151.7 0-8.4-.9-17.2-3.1-25.1 49.9-25.6 31.5-99.7-23.8-99.7zM129.4 308.9c0-22 17.6-39.7 39.7-39.7 21.6 0 39.2 17.6 39.2 39.7 0 21.6-17.6 39.2-39.2 39.2-22 .1-39.7-17.6-39.7-39.2zm214.3 93.5c-36.4 36.4-139.1 36.4-175.5 0-4-3.5-4-9.7 0-13.7 3.5-3.5 9.7-3.5 13.2 0 27.8 28.5 120 29 149 0 3.5-3.5 9.7-3.5 13.2 0 4.1 4 4.1 10.2.1 13.7zm-.8-54.2c-21.6 0-39.2-17.6-39.2-39.2 0-22 17.6-39.7 39.2-39.7 22 0 39.7 17.6 39.7 39.7-.1 21.5-17.7 39.2-39.7 39.2z\"\/><\/svg><\/span><span class=\"shariff-text\" style=\"color:#ff4500\">udost\u0119pnij<\/span>&nbsp;<\/a><\/li><\/ul><\/div>","protected":false},"excerpt":{"rendered":"<p>PiStats umo\u017cliwia wy\u015bwietlanie na \u017cywo statystyk u\u017cycia sprz\u0119tu Raspberry Pi w prostym interfejsie internetowym. Oto kilka przyk\u0142ad\u00f3w: Monitorowanie za pomoc\u0105 PiStats Warto\u015bci b\u0119d\u0105 od\u015bwie\u017cane raz na sekund\u0119. Oto lista danych, kt\u00f3re mo\u017cna zobaczy\u0107 za pomoc\u0105 PiStats: Wizualizacja statystyk Kliknij przycisk \"Poka\u017c mi\" obok statystyki....<\/p>","protected":false},"author":2,"featured_media":6470,"parent":0,"menu_order":0,"comment_status":"closed","ping_status":"closed","template":"tpl-sidebar.php","meta":{"footnotes":""},"class_list":["post-254","page","type-page","status-publish","has-post-thumbnail","hentry"],"yoast_head":"<!-- This site is optimized with the Yoast SEO plugin v27.5 - https:\/\/yoast.com\/product\/yoast-seo-wordpress\/ -->\n<title>PiStats | PiCockpit<\/title>\n<meta name=\"description\" content=\"PiCockpit&#039;s PiStats allows you to view live Raspberry Pi hardware usage statistics, in a simple web interface.\" \/>\n<meta name=\"robots\" content=\"index, follow, max-snippet:-1, max-image-preview:large, max-video-preview:-1\" \/>\n<link rel=\"canonical\" href=\"https:\/\/picockpit.com\/raspberry-pi\/pl\/pistats-live-raspberry-pi-statistics\/\" \/>\n<meta property=\"og:locale\" content=\"pl_PL\" \/>\n<meta property=\"og:type\" content=\"article\" \/>\n<meta property=\"og:title\" content=\"PiStats | PiCockpit\" \/>\n<meta property=\"og:description\" content=\"PiCockpit&#039;s PiStats allows you to view live Raspberry Pi hardware usage statistics, in a simple web interface.\" \/>\n<meta property=\"og:url\" content=\"https:\/\/picockpit.com\/raspberry-pi\/pl\/pistats-live-raspberry-pi-statistics\/\" \/>\n<meta property=\"og:site_name\" content=\"PiCockpit\" \/>\n<meta property=\"article:publisher\" content=\"https:\/\/www.facebook.com\/pi3gshop\" \/>\n<meta property=\"article:modified_time\" content=\"2024-01-09T12:05:30+00:00\" \/>\n<meta property=\"og:image\" content=\"https:\/\/picockpit.com\/raspberry-pi\/wp-content\/uploads\/2020\/11\/PiStats-Title-Image.png\" \/>\n\t<meta property=\"og:image:width\" content=\"1200\" \/>\n\t<meta property=\"og:image:height\" content=\"377\" \/>\n\t<meta property=\"og:image:type\" content=\"image\/png\" \/>\n<meta name=\"twitter:card\" content=\"summary_large_image\" \/>\n<meta name=\"twitter:site\" content=\"@pi3g\" \/>\n<meta name=\"twitter:label1\" content=\"Szacowany czas czytania\" \/>\n\t<meta name=\"twitter:data1\" content=\"3 minuty\" \/>\n<script type=\"application\/ld+json\" class=\"yoast-schema-graph\">{\"@context\":\"https:\\\/\\\/schema.org\",\"@graph\":[{\"@type\":\"WebPage\",\"@id\":\"https:\\\/\\\/picockpit.com\\\/raspberry-pi\\\/pistats-live-raspberry-pi-statistics\\\/\",\"url\":\"https:\\\/\\\/picockpit.com\\\/raspberry-pi\\\/pistats-live-raspberry-pi-statistics\\\/\",\"name\":\"PiStats | PiCockpit\",\"isPartOf\":{\"@id\":\"https:\\\/\\\/picockpit.com\\\/raspberry-pi\\\/#website\"},\"primaryImageOfPage\":{\"@id\":\"https:\\\/\\\/picockpit.com\\\/raspberry-pi\\\/pistats-live-raspberry-pi-statistics\\\/#primaryimage\"},\"image\":{\"@id\":\"https:\\\/\\\/picockpit.com\\\/raspberry-pi\\\/pistats-live-raspberry-pi-statistics\\\/#primaryimage\"},\"thumbnailUrl\":\"https:\\\/\\\/picockpit.com\\\/raspberry-pi\\\/wp-content\\\/uploads\\\/2020\\\/11\\\/PiStats-Title-Image.png\",\"datePublished\":\"2020-11-16T09:43:13+00:00\",\"dateModified\":\"2024-01-09T12:05:30+00:00\",\"description\":\"PiCockpit's PiStats allows you to view live Raspberry Pi hardware usage statistics, in a simple web interface.\",\"breadcrumb\":{\"@id\":\"https:\\\/\\\/picockpit.com\\\/raspberry-pi\\\/pistats-live-raspberry-pi-statistics\\\/#breadcrumb\"},\"inLanguage\":\"pl-PL\",\"potentialAction\":[{\"@type\":\"ReadAction\",\"target\":[\"https:\\\/\\\/picockpit.com\\\/raspberry-pi\\\/pistats-live-raspberry-pi-statistics\\\/\"]}]},{\"@type\":\"ImageObject\",\"inLanguage\":\"pl-PL\",\"@id\":\"https:\\\/\\\/picockpit.com\\\/raspberry-pi\\\/pistats-live-raspberry-pi-statistics\\\/#primaryimage\",\"url\":\"https:\\\/\\\/picockpit.com\\\/raspberry-pi\\\/wp-content\\\/uploads\\\/2020\\\/11\\\/PiStats-Title-Image.png\",\"contentUrl\":\"https:\\\/\\\/picockpit.com\\\/raspberry-pi\\\/wp-content\\\/uploads\\\/2020\\\/11\\\/PiStats-Title-Image.png\",\"width\":1200,\"height\":377,\"caption\":\"PiStats Title Image\"},{\"@type\":\"BreadcrumbList\",\"@id\":\"https:\\\/\\\/picockpit.com\\\/raspberry-pi\\\/pistats-live-raspberry-pi-statistics\\\/#breadcrumb\",\"itemListElement\":[{\"@type\":\"ListItem\",\"position\":1,\"name\":\"Home\",\"item\":\"https:\\\/\\\/picockpit.com\\\/raspberry-pi\\\/\"},{\"@type\":\"ListItem\",\"position\":2,\"name\":\"PiStats\"}]},{\"@type\":\"WebSite\",\"@id\":\"https:\\\/\\\/picockpit.com\\\/raspberry-pi\\\/#website\",\"url\":\"https:\\\/\\\/picockpit.com\\\/raspberry-pi\\\/\",\"name\":\"PiCockpit\",\"description\":\"\",\"publisher\":{\"@id\":\"https:\\\/\\\/picockpit.com\\\/raspberry-pi\\\/#organization\"},\"potentialAction\":[{\"@type\":\"SearchAction\",\"target\":{\"@type\":\"EntryPoint\",\"urlTemplate\":\"https:\\\/\\\/picockpit.com\\\/raspberry-pi\\\/?s={search_term_string}\"},\"query-input\":{\"@type\":\"PropertyValueSpecification\",\"valueRequired\":true,\"valueName\":\"search_term_string\"}}],\"inLanguage\":\"pl-PL\"},{\"@type\":\"Organization\",\"@id\":\"https:\\\/\\\/picockpit.com\\\/raspberry-pi\\\/#organization\",\"name\":\"PiCockpit.com\",\"url\":\"https:\\\/\\\/picockpit.com\\\/raspberry-pi\\\/\",\"logo\":{\"@type\":\"ImageObject\",\"inLanguage\":\"pl-PL\",\"@id\":\"https:\\\/\\\/picockpit.com\\\/raspberry-pi\\\/#\\\/schema\\\/logo\\\/image\\\/\",\"url\":\"https:\\\/\\\/picockpit.com\\\/raspberry-pi\\\/wp-content\\\/uploads\\\/2023\\\/07\\\/Screenshot-from-2023-07-24-15-01-24.png\",\"contentUrl\":\"https:\\\/\\\/picockpit.com\\\/raspberry-pi\\\/wp-content\\\/uploads\\\/2023\\\/07\\\/Screenshot-from-2023-07-24-15-01-24.png\",\"width\":1165,\"height\":283,\"caption\":\"PiCockpit.com\"},\"image\":{\"@id\":\"https:\\\/\\\/picockpit.com\\\/raspberry-pi\\\/#\\\/schema\\\/logo\\\/image\\\/\"},\"sameAs\":[\"https:\\\/\\\/www.facebook.com\\\/pi3gshop\",\"https:\\\/\\\/x.com\\\/pi3g\"]}]}<\/script>\n<!-- \/ Yoast SEO plugin. -->","yoast_head_json":{"title":"PiStats | PiCockpit","description":"PiStats firmy PiCockpit umo\u017cliwia wy\u015bwietlanie na \u017cywo statystyk u\u017cytkowania sprz\u0119tu Raspberry Pi w prostym interfejsie internetowym.","robots":{"index":"index","follow":"follow","max-snippet":"max-snippet:-1","max-image-preview":"max-image-preview:large","max-video-preview":"max-video-preview:-1"},"canonical":"https:\/\/picockpit.com\/raspberry-pi\/pl\/pistats-live-raspberry-pi-statistics\/","og_locale":"pl_PL","og_type":"article","og_title":"PiStats | PiCockpit","og_description":"PiCockpit's PiStats allows you to view live Raspberry Pi hardware usage statistics, in a simple web interface.","og_url":"https:\/\/picockpit.com\/raspberry-pi\/pl\/pistats-live-raspberry-pi-statistics\/","og_site_name":"PiCockpit","article_publisher":"https:\/\/www.facebook.com\/pi3gshop","article_modified_time":"2024-01-09T12:05:30+00:00","og_image":[{"width":1200,"height":377,"url":"https:\/\/picockpit.com\/raspberry-pi\/wp-content\/uploads\/2020\/11\/PiStats-Title-Image.png","type":"image\/png"}],"twitter_card":"summary_large_image","twitter_site":"@pi3g","twitter_misc":{"Szacowany czas czytania":"3 minuty"},"schema":{"@context":"https:\/\/schema.org","@graph":[{"@type":"WebPage","@id":"https:\/\/picockpit.com\/raspberry-pi\/pistats-live-raspberry-pi-statistics\/","url":"https:\/\/picockpit.com\/raspberry-pi\/pistats-live-raspberry-pi-statistics\/","name":"PiStats | PiCockpit","isPartOf":{"@id":"https:\/\/picockpit.com\/raspberry-pi\/#website"},"primaryImageOfPage":{"@id":"https:\/\/picockpit.com\/raspberry-pi\/pistats-live-raspberry-pi-statistics\/#primaryimage"},"image":{"@id":"https:\/\/picockpit.com\/raspberry-pi\/pistats-live-raspberry-pi-statistics\/#primaryimage"},"thumbnailUrl":"https:\/\/picockpit.com\/raspberry-pi\/wp-content\/uploads\/2020\/11\/PiStats-Title-Image.png","datePublished":"2020-11-16T09:43:13+00:00","dateModified":"2024-01-09T12:05:30+00:00","description":"PiStats firmy PiCockpit umo\u017cliwia wy\u015bwietlanie na \u017cywo statystyk u\u017cytkowania sprz\u0119tu Raspberry Pi w prostym interfejsie internetowym.","breadcrumb":{"@id":"https:\/\/picockpit.com\/raspberry-pi\/pistats-live-raspberry-pi-statistics\/#breadcrumb"},"inLanguage":"pl-PL","potentialAction":[{"@type":"ReadAction","target":["https:\/\/picockpit.com\/raspberry-pi\/pistats-live-raspberry-pi-statistics\/"]}]},{"@type":"ImageObject","inLanguage":"pl-PL","@id":"https:\/\/picockpit.com\/raspberry-pi\/pistats-live-raspberry-pi-statistics\/#primaryimage","url":"https:\/\/picockpit.com\/raspberry-pi\/wp-content\/uploads\/2020\/11\/PiStats-Title-Image.png","contentUrl":"https:\/\/picockpit.com\/raspberry-pi\/wp-content\/uploads\/2020\/11\/PiStats-Title-Image.png","width":1200,"height":377,"caption":"PiStats Title Image"},{"@type":"BreadcrumbList","@id":"https:\/\/picockpit.com\/raspberry-pi\/pistats-live-raspberry-pi-statistics\/#breadcrumb","itemListElement":[{"@type":"ListItem","position":1,"name":"Home","item":"https:\/\/picockpit.com\/raspberry-pi\/"},{"@type":"ListItem","position":2,"name":"PiStats"}]},{"@type":"WebSite","@id":"https:\/\/picockpit.com\/raspberry-pi\/#website","url":"https:\/\/picockpit.com\/raspberry-pi\/","name":"PiCockpit","description":"","publisher":{"@id":"https:\/\/picockpit.com\/raspberry-pi\/#organization"},"potentialAction":[{"@type":"SearchAction","target":{"@type":"EntryPoint","urlTemplate":"https:\/\/picockpit.com\/raspberry-pi\/?s={search_term_string}"},"query-input":{"@type":"PropertyValueSpecification","valueRequired":true,"valueName":"search_term_string"}}],"inLanguage":"pl-PL"},{"@type":"Organization","@id":"https:\/\/picockpit.com\/raspberry-pi\/#organization","name":"PiCockpit.com","url":"https:\/\/picockpit.com\/raspberry-pi\/","logo":{"@type":"ImageObject","inLanguage":"pl-PL","@id":"https:\/\/picockpit.com\/raspberry-pi\/#\/schema\/logo\/image\/","url":"https:\/\/picockpit.com\/raspberry-pi\/wp-content\/uploads\/2023\/07\/Screenshot-from-2023-07-24-15-01-24.png","contentUrl":"https:\/\/picockpit.com\/raspberry-pi\/wp-content\/uploads\/2023\/07\/Screenshot-from-2023-07-24-15-01-24.png","width":1165,"height":283,"caption":"PiCockpit.com"},"image":{"@id":"https:\/\/picockpit.com\/raspberry-pi\/#\/schema\/logo\/image\/"},"sameAs":["https:\/\/www.facebook.com\/pi3gshop","https:\/\/x.com\/pi3g"]}]}},"_links":{"self":[{"href":"https:\/\/picockpit.com\/raspberry-pi\/pl\/wp-json\/wp\/v2\/pages\/254","targetHints":{"allow":["GET"]}}],"collection":[{"href":"https:\/\/picockpit.com\/raspberry-pi\/pl\/wp-json\/wp\/v2\/pages"}],"about":[{"href":"https:\/\/picockpit.com\/raspberry-pi\/pl\/wp-json\/wp\/v2\/types\/page"}],"author":[{"embeddable":true,"href":"https:\/\/picockpit.com\/raspberry-pi\/pl\/wp-json\/wp\/v2\/users\/2"}],"replies":[{"embeddable":true,"href":"https:\/\/picockpit.com\/raspberry-pi\/pl\/wp-json\/wp\/v2\/comments?post=254"}],"version-history":[{"count":8,"href":"https:\/\/picockpit.com\/raspberry-pi\/pl\/wp-json\/wp\/v2\/pages\/254\/revisions"}],"predecessor-version":[{"id":6782,"href":"https:\/\/picockpit.com\/raspberry-pi\/pl\/wp-json\/wp\/v2\/pages\/254\/revisions\/6782"}],"wp:featuredmedia":[{"embeddable":true,"href":"https:\/\/picockpit.com\/raspberry-pi\/pl\/wp-json\/wp\/v2\/media\/6470"}],"wp:attachment":[{"href":"https:\/\/picockpit.com\/raspberry-pi\/pl\/wp-json\/wp\/v2\/media?parent=254"}],"curies":[{"name":"wp","href":"https:\/\/api.w.org\/{rel}","templated":true}]}}