{"id":60,"date":"2020-11-08T11:49:56","date_gmt":"2020-11-08T11:49:56","guid":{"rendered":"https:\/\/picockpit.com\/raspberry-pi\/?page_id=60"},"modified":"2024-04-04T13:19:39","modified_gmt":"2024-04-04T13:19:39","slug":"picockpit-terms-of-service","status":"publish","type":"page","link":"https:\/\/picockpit.com\/raspberry-pi\/pl\/picockpit-terms-of-service\/","title":{"rendered":"Warunki korzystania z us\u0142ugi PiCockpit"},"content":{"rendered":"<h2 class=\"wp-block-heading\"><strong>Warunki \u015bwiadczenia us\u0142ug<\/strong><\/h2>\n\n\n\n<p>Niniejsze Warunki \u015bwiadczenia us\u0142ug reguluj\u0105 korzystanie z witryny internetowej www.picockpit.com (\"Witryna\") obs\u0142ugiwanej przez pi3g GmbH &amp; Co. KG (\"pi3g\", \"my\", \"nasz\" lub \"nas\"). Uzyskuj\u0105c dost\u0119p do Witryny lub korzystaj\u0105c z niej, u\u017cytkownik wyra\u017ca zgod\u0119 na przestrzeganie niniejszych Warunk\u00f3w. Je\u015bli u\u017cytkownik nie akceptuje niniejszych Warunk\u00f3w, nie mo\u017ce uzyskiwa\u0107 dost\u0119pu do Witryny ani z niej korzysta\u0107.<\/p>\n\n\n\n<p>Niniejsze Warunki \u015bwiadczenia us\u0142ug maj\u0105 r\u00f3wnie\u017c zastosowanie do korzystania z Klienta PiCockpit i us\u0142ugi PiCockpit w spos\u00f3b bardziej og\u00f3lny.<\/p>\n\n\n\n<p>Oficjalne Warunki \u015bwiadczenia us\u0142ug s\u0105 napisane i przedstawione w j\u0119zyku angielskim. Nie ponosimy odpowiedzialno\u015bci za b\u0142\u0119dy w t\u0142umaczeniu.<\/p>\n\n\n\n<ol class=\"wp-block-list\">\n<li>Zgoda na warunki<\/li>\n<\/ol>\n\n\n\n<p>Korzystaj\u0105c z us\u0142ug \u015bwiadczonych w Witrynie, u\u017cytkownik wyra\u017ca zgod\u0119 na przestrzeganie poni\u017cszych warunk\u00f3w. Niniejsze Warunki \u015bwiadczenia us\u0142ug wraz z odpowiednim formularzem zam\u00f3wienia stanowi\u0105 ca\u0142o\u015b\u0107 i wy\u0142\u0105czne porozumienie mi\u0119dzy pi3g a u\u017cytkownikiem dotycz\u0105ce us\u0142ugi, a niniejsze Warunki \u015bwiadczenia us\u0142ug zast\u0119puj\u0105 wszelkie wcze\u015bniejsze ustne lub pisemne porozumienia lub umowy mi\u0119dzy pi3g a u\u017cytkownikiem dotycz\u0105ce us\u0142ugi.<\/p>\n\n\n\n<ol class=\"wp-block-list\" start=\"2\">\n<li>Modyfikacja<\/li>\n<\/ol>\n\n\n\n<p>Zastrzegamy sobie prawo do zmiany niniejszych Warunk\u00f3w \u015bwiadczenia us\u0142ug w dowolnym momencie, wed\u0142ug w\u0142asnego uznania. Wa\u017cne jest, aby u\u017cytkownik zapoznawa\u0142 si\u0119 z Warunkami \u015bwiadczenia us\u0142ug za ka\u017cdym razem, gdy je modyfikujemy, poniewa\u017c dalsze korzystanie z us\u0142ugi po opublikowaniu przez nas zmodyfikowanych Warunk\u00f3w \u015bwiadczenia us\u0142ug w Witrynie oznacza, \u017ce u\u017cytkownik wyra\u017ca zgod\u0119 na przestrzeganie zmodyfikowanych Warunk\u00f3w. Je\u015bli u\u017cytkownik nie wyra\u017ca zgody na przestrzeganie zmienionych Warunk\u00f3w \u015bwiadczenia us\u0142ug, nie mo\u017ce korzysta\u0107 z naszych us\u0142ug.<\/p>\n\n\n\n<ol class=\"wp-block-list\" start=\"3\">\n<li>Mo\u017cliwo\u015b\u0107 zaakceptowania warunk\u00f3w<\/li>\n<\/ol>\n\n\n\n<p>Witryna jest przeznaczona dla os\u00f3b w wieku co najmniej trzynastu (13) lat. U\u017cytkownik musi mie\u0107 uko\u0144czone 13 lat, aby korzysta\u0107 z us\u0142ugi. Tylko ludzie mog\u0105 korzysta\u0107 z us\u0142ugi, z kt\u00f3rej mo\u017cna korzysta\u0107 tylko po utworzeniu konta (\"Konto\"). Nie zezwalamy na rejestracj\u0119 Kont przez boty lub inne narz\u0119dzia automatyzuj\u0105ce, a rejestracja Konta w ten spos\u00f3b jest zabroniona. U\u017cytkownik musi poda\u0107 informacje potrzebne do uko\u0144czenia rejestracji Konta, w tym imi\u0119 i nazwisko, prawid\u0142owy adres e-mail oraz wszelkie inne informacje, o kt\u00f3re poprosimy podczas procesu rejestracji.<\/p>\n\n\n\n<ol class=\"wp-block-list\" start=\"4\">\n<li>Korzystanie z tre\u015bci<\/li>\n<\/ol>\n\n\n\n<p>Zawarto\u015b\u0107 Witryny jest udost\u0119pniana u\u017cytkownikowi wy\u0142\u0105cznie w celach informacyjnych i do u\u017cytku osobistego i nie mo\u017ce by\u0107 u\u017cywana, modyfikowana, kopiowana, rozpowszechniana, przekazywana, nadawana, wy\u015bwietlana, sprzedawana, licencjonowana, dekompilowana lub w inny spos\u00f3b wykorzystywana do jakichkolwiek innych cel\u00f3w bez naszej uprzedniej pisemnej zgody.<\/p>\n\n\n\n<ol class=\"wp-block-list\" start=\"5\">\n<li>Prawa w\u0142asno\u015bci intelektualnej<\/li>\n<\/ol>\n\n\n\n<p>Ca\u0142a zawarto\u015b\u0107 Witryny, w tym tekst, dokumenty, artyku\u0142y, broszury, opisy, produkty, oprogramowanie, grafika, zdj\u0119cia, d\u017awi\u0119ki, filmy, funkcje interaktywne i us\u0142ugi, s\u0105 w\u0142asno\u015bci\u0105 pi3g i\/lub jej licencjodawc\u00f3w i mog\u0105 by\u0107 chronione stosownymi prawami autorskimi lub innymi prawami w\u0142asno\u015bci intelektualnej i traktatami. PiCockpit jest chroniony prawem autorskim. Wszelkie prawa zastrze\u017cone. Nieautoryzowane u\u017cycie, powielanie lub rozpowszechnianie PiCockpit lub jego komponent\u00f3w jest zabronione.<\/p>\n\n\n\n<ol class=\"wp-block-list\" start=\"6\">\n<li>P\u0142atno\u015b\u0107<\/li>\n<\/ol>\n\n\n\n<p>P\u0142atno\u015b\u0107 za p\u0142atny plan (PiCockpit Pro i PiCockpit Pro Plus) odbywa si\u0119 za po\u015brednictwem system\u00f3w p\u0142atno\u015bci online obs\u0142ugiwanych przez strony trzecie, takie jak Stripe, kt\u00f3re mo\u017cemy wykorzystywa\u0107 do przetwarzania p\u0142atno\u015bci.<\/p>\n\n\n\n<ol class=\"wp-block-list\" start=\"7\">\n<li>Ograniczenie odpowiedzialno\u015bci<\/li>\n<\/ol>\n\n\n\n<p>W najszerszym zakresie dozwolonym przez prawo, pi3g nie ponosi odpowiedzialno\u015bci za jakiekolwiek bezpo\u015brednie, po\u015brednie, przyk\u0142adowe, szczeg\u00f3lne, wynikowe lub przypadkowe szkody jakiegokolwiek rodzaju lub za utrat\u0119 danych, przychod\u00f3w, zysk\u00f3w lub reputacji, wynikaj\u0105ce z niniejszych Warunk\u00f3w \u015bwiadczenia us\u0142ug lub z korzystania lub niemo\u017cno\u015bci korzystania z Witryny.<\/p>\n\n\n\n<ol class=\"wp-block-list\" start=\"8\">\n<li>Gwarancja<\/li>\n<\/ol>\n\n\n\n<p>PiCockpit jest dostarczany w stanie, w jakim si\u0119 znajduje, bez jakiejkolwiek gwarancji, wyra\u017anej lub dorozumianej. Nie gwarantujemy, \u017ce us\u0142uga b\u0119dzie nieprzerwana, wolna od b\u0142\u0119d\u00f3w lub wolna od narusze\u0144 bezpiecze\u0144stwa lub atak\u00f3w.<\/p>\n\n\n\n<ol class=\"wp-block-list\" start=\"9\">\n<li>Zwroty koszt\u00f3w<\/li>\n<\/ol>\n\n\n\n<p>Oferujemy zwrot pieni\u0119dzy w ci\u0105gu 30 dni od pierwszego zakupu PiCockpit Pro lub planu p\u0142atno\u015bci PiCockpit Pro Plus. Aby poprosi\u0107 o zwrot pieni\u0119dzy, skontaktuj si\u0119 z nami pod adresem <a href=\"mailto:info@picockpit.com\">info@picockpit.com<\/a>.<\/p>\n\n\n\n<ol class=\"wp-block-list\" start=\"10\">\n<li>Polityka cenowa<\/li>\n<\/ol>\n\n\n\n<p>Aktualne ceny dost\u0119pne s\u0105 na stronie <a href=\"https:\/\/picockpit.com\/raspberry-pi\/picockpit-pricing\/\">https:\/\/picockpit.com\/raspberry-pi\/picockpit-pricing\/<\/a>. Zastrzegamy sobie prawo do zmiany ceny z miesi\u0119cznym wyprzedzeniem dla obecnych u\u017cytkownik\u00f3w.<\/p>\n\n\n\n<ol class=\"wp-block-list\" start=\"11\">\n<li>Anulowanie<\/li>\n<\/ol>\n\n\n\n<p>U\u017cytkownicy mog\u0105 anulowa\u0107 swoje konta w dowolnym momencie. Po anulowaniu ich dane zostan\u0105 usuni\u0119te z naszych system\u00f3w.<\/p>\n\n\n\n<p>Jednak po up\u0142ywie 30 dni od pierwszego zakupu anulowanie subskrypcji nie skutkuje zwrotem pieni\u0119dzy, w tym za bie\u017c\u0105cy okres p\u0142atno\u015bci.<\/p>\n\n\n\n<ol class=\"wp-block-list\" start=\"12\">\n<li>Og\u00f3lne<\/li>\n<\/ol>\n\n\n\n<p>Pi3g zastrzega sobie prawo do zaprzestania lub modyfikacji dowolnego aspektu us\u0142ugi PiCockpit w dowolnym momencie, w tym witryny, klienta i dowolnego innego elementu PiCockpit. Je\u015bli jakiekolwiek postanowienie niniejszych Warunk\u00f3w zostanie uznane za niewa\u017cne przez s\u0105d w\u0142a\u015bciwej jurysdykcji, niewa\u017cno\u015b\u0107 takiego postanowienia nie wp\u0142ynie na wa\u017cno\u015b\u0107 pozosta\u0142ych postanowie\u0144 niniejszych Warunk\u00f3w \u015bwiadczenia us\u0142ug, kt\u00f3re pozostan\u0105 w pe\u0142nej mocy.<\/p>\n\n\n\n<hr class=\"wp-block-separator has-alpha-channel-opacity\"\/>\n\n\n\n<h3 class=\"wp-block-heading\">Us\u0142uga \u015bwiadczona jest przez:<\/h3>\n\n\n\n<p> pi3g GmbH &amp; Co. KG<br> Zschochersche Allee 1<br> 04207 Leipzig<br>Niemcy <\/p>\n\n\n\n<h3 class=\"wp-block-heading\">Kontakt<\/h3>\n\n\n\n<p>Prosz\u0119&nbsp;<a href=\"https:\/\/pi3g.com\/kontakt\/\">kontakt z nami<\/a>&nbsp;w przypadku pyta\u0144.<\/p>\n<div class=\"shariff shariff-align-center shariff-widget-align-left shariff-buttonstretch\"><ul class=\"shariff-buttons theme-white orientation-horizontal buttonsize-medium\"><li class=\"shariff-button twitter shariff-nocustomcolor\" style=\"background-color:#595959\"><a href=\"https:\/\/twitter.com\/share?url=https%3A%2F%2Fpicockpit.com%2Fraspberry-pi%2Fpl%2Fpicockpit-terms-of-service%2F&text=PiCockpit%20Terms%20of%20Service\" title=\"Udost\u0119pnij na X\" aria-label=\"Udost\u0119pnij na X\" role=\"button\" rel=\"noopener nofollow\" class=\"shariff-link\" style=\"; background-color:#000; color:#000\" target=\"_blank\"><span class=\"shariff-icon\" style=\"fill:#000\"><svg width=\"32px\" height=\"20px\" xmlns=\"http:\/\/www.w3.org\/2000\/svg\" viewbox=\"0 0 24 24\"><path fill=\"#000\" d=\"M14.258 10.152L23.176 0h-2.113l-7.747 8.813L7.133 0H0l9.352 13.328L0 23.973h2.113l8.176-9.309 6.531 9.309h7.133zm-2.895 3.293l-.949-1.328L2.875 1.56h3.246l6.086 8.523.945 1.328 7.91 11.078h-3.246zm0 0\"\/><\/svg><\/span><span class=\"shariff-text\" style=\"color:#000\">udost\u0119pnij<\/span>&nbsp;<\/a><\/li><li class=\"shariff-button facebook shariff-nocustomcolor\" style=\"background-color:#4273c8\"><a href=\"https:\/\/www.facebook.com\/sharer\/sharer.php?u=https%3A%2F%2Fpicockpit.com%2Fraspberry-pi%2Fpl%2Fpicockpit-terms-of-service%2F\" title=\"Udost\u0119pnij na Facebooku\" aria-label=\"Udost\u0119pnij na Facebooku\" role=\"button\" rel=\"nofollow\" class=\"shariff-link\" style=\"; background-color:#3b5998; color:#3b5998\" target=\"_blank\"><span class=\"shariff-icon\" style=\"fill:#3b5998\"><svg width=\"32px\" height=\"20px\" xmlns=\"http:\/\/www.w3.org\/2000\/svg\" viewbox=\"0 0 18 32\"><path fill=\"#3b5998\" d=\"M17.1 0.2v4.7h-2.8q-1.5 0-2.1 0.6t-0.5 1.9v3.4h5.2l-0.7 5.3h-4.5v13.6h-5.5v-13.6h-4.5v-5.3h4.5v-3.9q0-3.3 1.9-5.2t5-1.8q2.6 0 4.1 0.2z\"\/><\/svg><\/span><span class=\"shariff-text\" style=\"color:#3b5998\">udost\u0119pnij<\/span>&nbsp;<\/a><\/li><li class=\"shariff-button telegram shariff-nocustomcolor\" style=\"background-color:#4084A6\"><a href=\"https:\/\/telegram.me\/share\/url?url=https%3A%2F%2Fpicockpit.com%2Fraspberry-pi%2Fpl%2Fpicockpit-terms-of-service%2F&text=PiCockpit%20Terms%20of%20Service\" title=\"Udost\u0119pnij przez Telegram\" aria-label=\"Udost\u0119pnij przez Telegram\" role=\"button\" rel=\"noopener nofollow\" class=\"shariff-link\" style=\"; background-color:#0088cc; color:#0088cc\" target=\"_blank\"><span class=\"shariff-icon\" style=\"fill:#0088cc\"><svg width=\"32px\" height=\"20px\" xmlns=\"http:\/\/www.w3.org\/2000\/svg\" viewbox=\"0 0 32 32\"><path fill=\"#0088cc\" d=\"M30.8 6.5l-4.5 21.4c-.3 1.5-1.2 1.9-2.5 1.2L16.9 24l-3.3 3.2c-.4.4-.7.7-1.4.7l.5-7L25.5 9.2c.6-.5-.1-.8-.9-.3l-15.8 10L2 16.7c-1.5-.5-1.5-1.5.3-2.2L28.9 4.3c1.3-.5 2.3.3 1.9 2.2z\"\/><\/svg><\/span><span class=\"shariff-text\" style=\"color:#0088cc\">udost\u0119pnij<\/span>&nbsp;<\/a><\/li><li class=\"shariff-button reddit shariff-nocustomcolor\" style=\"background-color:#ff5700\"><a href=\"https:\/\/www.reddit.com\/submit?url=https%3A%2F%2Fpicockpit.com%2Fraspberry-pi%2Fpl%2Fpicockpit-terms-of-service%2F\" title=\"Udost\u0119pnij przez Reddit\" aria-label=\"Udost\u0119pnij przez Reddit\" role=\"button\" rel=\"noopener nofollow\" class=\"shariff-link\" style=\"; background-color:#ff4500; color:#ff4500\" target=\"_blank\"><span class=\"shariff-icon\" style=\"fill:#ff4500\"><svg xmlns=\"http:\/\/www.w3.org\/2000\/svg\" viewbox=\"0 0 512 512\"><path fill=\"#ff4500\" d=\"M440.3 203.5c-15 0-28.2 6.2-37.9 15.9-35.7-24.7-83.8-40.6-137.1-42.3L293 52.3l88.2 19.8c0 21.6 17.6 39.2 39.2 39.2 22 0 39.7-18.1 39.7-39.7s-17.6-39.7-39.7-39.7c-15.4 0-28.7 9.3-35.3 22l-97.4-21.6c-4.9-1.3-9.7 2.2-11 7.1L246.3 177c-52.9 2.2-100.5 18.1-136.3 42.8-9.7-10.1-23.4-16.3-38.4-16.3-55.6 0-73.8 74.6-22.9 100.1-1.8 7.9-2.6 16.3-2.6 24.7 0 83.8 94.4 151.7 210.3 151.7 116.4 0 210.8-67.9 210.8-151.7 0-8.4-.9-17.2-3.1-25.1 49.9-25.6 31.5-99.7-23.8-99.7zM129.4 308.9c0-22 17.6-39.7 39.7-39.7 21.6 0 39.2 17.6 39.2 39.7 0 21.6-17.6 39.2-39.2 39.2-22 .1-39.7-17.6-39.7-39.2zm214.3 93.5c-36.4 36.4-139.1 36.4-175.5 0-4-3.5-4-9.7 0-13.7 3.5-3.5 9.7-3.5 13.2 0 27.8 28.5 120 29 149 0 3.5-3.5 9.7-3.5 13.2 0 4.1 4 4.1 10.2.1 13.7zm-.8-54.2c-21.6 0-39.2-17.6-39.2-39.2 0-22 17.6-39.7 39.2-39.7 22 0 39.7 17.6 39.7 39.7-.1 21.5-17.7 39.2-39.7 39.2z\"\/><\/svg><\/span><span class=\"shariff-text\" style=\"color:#ff4500\">udost\u0119pnij<\/span>&nbsp;<\/a><\/li><\/ul><\/div>","protected":false},"excerpt":{"rendered":"<p>Warunki \u015bwiadczenia us\u0142ug Niniejsze Warunki \u015bwiadczenia us\u0142ug reguluj\u0105 korzystanie z witryny internetowej www.picockpit.com (\"Witryna\") obs\u0142ugiwanej przez pi3g GmbH &amp; Co. KG (\"pi3g\", \"my\", \"nasz\" lub \"nas\"). Uzyskuj\u0105c dost\u0119p do Witryny lub korzystaj\u0105c z niej, u\u017cytkownik wyra\u017ca zgod\u0119 na przestrzeganie niniejszych Warunk\u00f3w. Je\u015bli u\u017cytkownik nie akceptuje niniejszych Warunk\u00f3w, nie mo\u017ce uzyskiwa\u0107 dost\u0119pu do Witryny ani korzysta\u0107 z niej...<\/p>","protected":false},"author":2,"featured_media":0,"parent":0,"menu_order":0,"comment_status":"closed","ping_status":"closed","template":"tpl-sidebar.php","meta":{"footnotes":""},"class_list":["post-60","page","type-page","status-publish","hentry"],"yoast_head":"<!-- This site is optimized with the Yoast SEO plugin v27.5 - https:\/\/yoast.com\/product\/yoast-seo-wordpress\/ -->\n<title>PiCockpit Terms of Service | PiCockpit<\/title>\n<meta name=\"description\" content=\"This page provides PiCockpit&#039;s Terms of Service, which apply to both the website and the client, as well as PiCockpit more generally.\" \/>\n<meta name=\"robots\" content=\"index, follow, max-snippet:-1, max-image-preview:large, max-video-preview:-1\" \/>\n<link rel=\"canonical\" href=\"https:\/\/picockpit.com\/raspberry-pi\/pl\/picockpit-terms-of-service\/\" \/>\n<meta property=\"og:locale\" content=\"pl_PL\" \/>\n<meta property=\"og:type\" content=\"article\" \/>\n<meta property=\"og:title\" content=\"PiCockpit Terms of Service | PiCockpit\" \/>\n<meta property=\"og:description\" content=\"This page provides PiCockpit&#039;s Terms of Service, which apply to both the website and the client, as well as PiCockpit more generally.\" \/>\n<meta property=\"og:url\" content=\"https:\/\/picockpit.com\/raspberry-pi\/pl\/picockpit-terms-of-service\/\" \/>\n<meta property=\"og:site_name\" content=\"PiCockpit\" \/>\n<meta property=\"article:publisher\" content=\"https:\/\/www.facebook.com\/pi3gshop\" \/>\n<meta property=\"article:modified_time\" content=\"2024-04-04T13:19:39+00:00\" \/>\n<meta property=\"og:image\" content=\"https:\/\/picockpit.com\/raspberry-pi\/wp-content\/uploads\/2023\/07\/Screenshot-from-2023-07-24-15-01-24.png\" \/>\n\t<meta property=\"og:image:width\" content=\"1165\" \/>\n\t<meta property=\"og:image:height\" content=\"283\" \/>\n\t<meta property=\"og:image:type\" content=\"image\/png\" \/>\n<meta name=\"twitter:card\" content=\"summary_large_image\" \/>\n<meta name=\"twitter:site\" content=\"@pi3g\" \/>\n<meta name=\"twitter:label1\" content=\"Szacowany czas czytania\" \/>\n\t<meta name=\"twitter:data1\" content=\"4 minuty\" \/>\n<script type=\"application\/ld+json\" class=\"yoast-schema-graph\">{\"@context\":\"https:\\\/\\\/schema.org\",\"@graph\":[{\"@type\":\"WebPage\",\"@id\":\"https:\\\/\\\/picockpit.com\\\/raspberry-pi\\\/picockpit-terms-of-service\\\/\",\"url\":\"https:\\\/\\\/picockpit.com\\\/raspberry-pi\\\/picockpit-terms-of-service\\\/\",\"name\":\"PiCockpit Terms of Service | PiCockpit\",\"isPartOf\":{\"@id\":\"https:\\\/\\\/picockpit.com\\\/raspberry-pi\\\/#website\"},\"datePublished\":\"2020-11-08T11:49:56+00:00\",\"dateModified\":\"2024-04-04T13:19:39+00:00\",\"description\":\"This page provides PiCockpit's Terms of Service, which apply to both the website and the client, as well as PiCockpit more generally.\",\"breadcrumb\":{\"@id\":\"https:\\\/\\\/picockpit.com\\\/raspberry-pi\\\/picockpit-terms-of-service\\\/#breadcrumb\"},\"inLanguage\":\"pl-PL\",\"potentialAction\":[{\"@type\":\"ReadAction\",\"target\":[\"https:\\\/\\\/picockpit.com\\\/raspberry-pi\\\/picockpit-terms-of-service\\\/\"]}]},{\"@type\":\"BreadcrumbList\",\"@id\":\"https:\\\/\\\/picockpit.com\\\/raspberry-pi\\\/picockpit-terms-of-service\\\/#breadcrumb\",\"itemListElement\":[{\"@type\":\"ListItem\",\"position\":1,\"name\":\"Home\",\"item\":\"https:\\\/\\\/picockpit.com\\\/raspberry-pi\\\/\"},{\"@type\":\"ListItem\",\"position\":2,\"name\":\"PiCockpit Terms of Service\"}]},{\"@type\":\"WebSite\",\"@id\":\"https:\\\/\\\/picockpit.com\\\/raspberry-pi\\\/#website\",\"url\":\"https:\\\/\\\/picockpit.com\\\/raspberry-pi\\\/\",\"name\":\"PiCockpit\",\"description\":\"\",\"publisher\":{\"@id\":\"https:\\\/\\\/picockpit.com\\\/raspberry-pi\\\/#organization\"},\"potentialAction\":[{\"@type\":\"SearchAction\",\"target\":{\"@type\":\"EntryPoint\",\"urlTemplate\":\"https:\\\/\\\/picockpit.com\\\/raspberry-pi\\\/?s={search_term_string}\"},\"query-input\":{\"@type\":\"PropertyValueSpecification\",\"valueRequired\":true,\"valueName\":\"search_term_string\"}}],\"inLanguage\":\"pl-PL\"},{\"@type\":\"Organization\",\"@id\":\"https:\\\/\\\/picockpit.com\\\/raspberry-pi\\\/#organization\",\"name\":\"PiCockpit.com\",\"url\":\"https:\\\/\\\/picockpit.com\\\/raspberry-pi\\\/\",\"logo\":{\"@type\":\"ImageObject\",\"inLanguage\":\"pl-PL\",\"@id\":\"https:\\\/\\\/picockpit.com\\\/raspberry-pi\\\/#\\\/schema\\\/logo\\\/image\\\/\",\"url\":\"https:\\\/\\\/picockpit.com\\\/raspberry-pi\\\/wp-content\\\/uploads\\\/2023\\\/07\\\/Screenshot-from-2023-07-24-15-01-24.png\",\"contentUrl\":\"https:\\\/\\\/picockpit.com\\\/raspberry-pi\\\/wp-content\\\/uploads\\\/2023\\\/07\\\/Screenshot-from-2023-07-24-15-01-24.png\",\"width\":1165,\"height\":283,\"caption\":\"PiCockpit.com\"},\"image\":{\"@id\":\"https:\\\/\\\/picockpit.com\\\/raspberry-pi\\\/#\\\/schema\\\/logo\\\/image\\\/\"},\"sameAs\":[\"https:\\\/\\\/www.facebook.com\\\/pi3gshop\",\"https:\\\/\\\/x.com\\\/pi3g\"]}]}<\/script>\n<!-- \/ Yoast SEO plugin. -->","yoast_head_json":{"title":"Warunki korzystania z us\u0142ugi PiCockpit | PiCockpit","description":"Ta strona zawiera Warunki \u015bwiadczenia us\u0142ug PiCockpit, kt\u00f3re maj\u0105 zastosowanie zar\u00f3wno do strony internetowej, jak i klienta, a tak\u017ce og\u00f3lnie do PiCockpit.","robots":{"index":"index","follow":"follow","max-snippet":"max-snippet:-1","max-image-preview":"max-image-preview:large","max-video-preview":"max-video-preview:-1"},"canonical":"https:\/\/picockpit.com\/raspberry-pi\/pl\/picockpit-terms-of-service\/","og_locale":"pl_PL","og_type":"article","og_title":"PiCockpit Terms of Service | PiCockpit","og_description":"This page provides PiCockpit's Terms of Service, which apply to both the website and the client, as well as PiCockpit more generally.","og_url":"https:\/\/picockpit.com\/raspberry-pi\/pl\/picockpit-terms-of-service\/","og_site_name":"PiCockpit","article_publisher":"https:\/\/www.facebook.com\/pi3gshop","article_modified_time":"2024-04-04T13:19:39+00:00","og_image":[{"width":1165,"height":283,"url":"https:\/\/picockpit.com\/raspberry-pi\/wp-content\/uploads\/2023\/07\/Screenshot-from-2023-07-24-15-01-24.png","type":"image\/png"}],"twitter_card":"summary_large_image","twitter_site":"@pi3g","twitter_misc":{"Szacowany czas czytania":"4 minuty"},"schema":{"@context":"https:\/\/schema.org","@graph":[{"@type":"WebPage","@id":"https:\/\/picockpit.com\/raspberry-pi\/picockpit-terms-of-service\/","url":"https:\/\/picockpit.com\/raspberry-pi\/picockpit-terms-of-service\/","name":"Warunki korzystania z us\u0142ugi PiCockpit | PiCockpit","isPartOf":{"@id":"https:\/\/picockpit.com\/raspberry-pi\/#website"},"datePublished":"2020-11-08T11:49:56+00:00","dateModified":"2024-04-04T13:19:39+00:00","description":"Ta strona zawiera Warunki \u015bwiadczenia us\u0142ug PiCockpit, kt\u00f3re maj\u0105 zastosowanie zar\u00f3wno do strony internetowej, jak i klienta, a tak\u017ce og\u00f3lnie do PiCockpit.","breadcrumb":{"@id":"https:\/\/picockpit.com\/raspberry-pi\/picockpit-terms-of-service\/#breadcrumb"},"inLanguage":"pl-PL","potentialAction":[{"@type":"ReadAction","target":["https:\/\/picockpit.com\/raspberry-pi\/picockpit-terms-of-service\/"]}]},{"@type":"BreadcrumbList","@id":"https:\/\/picockpit.com\/raspberry-pi\/picockpit-terms-of-service\/#breadcrumb","itemListElement":[{"@type":"ListItem","position":1,"name":"Home","item":"https:\/\/picockpit.com\/raspberry-pi\/"},{"@type":"ListItem","position":2,"name":"PiCockpit Terms of Service"}]},{"@type":"WebSite","@id":"https:\/\/picockpit.com\/raspberry-pi\/#website","url":"https:\/\/picockpit.com\/raspberry-pi\/","name":"PiCockpit","description":"","publisher":{"@id":"https:\/\/picockpit.com\/raspberry-pi\/#organization"},"potentialAction":[{"@type":"SearchAction","target":{"@type":"EntryPoint","urlTemplate":"https:\/\/picockpit.com\/raspberry-pi\/?s={search_term_string}"},"query-input":{"@type":"PropertyValueSpecification","valueRequired":true,"valueName":"search_term_string"}}],"inLanguage":"pl-PL"},{"@type":"Organization","@id":"https:\/\/picockpit.com\/raspberry-pi\/#organization","name":"PiCockpit.com","url":"https:\/\/picockpit.com\/raspberry-pi\/","logo":{"@type":"ImageObject","inLanguage":"pl-PL","@id":"https:\/\/picockpit.com\/raspberry-pi\/#\/schema\/logo\/image\/","url":"https:\/\/picockpit.com\/raspberry-pi\/wp-content\/uploads\/2023\/07\/Screenshot-from-2023-07-24-15-01-24.png","contentUrl":"https:\/\/picockpit.com\/raspberry-pi\/wp-content\/uploads\/2023\/07\/Screenshot-from-2023-07-24-15-01-24.png","width":1165,"height":283,"caption":"PiCockpit.com"},"image":{"@id":"https:\/\/picockpit.com\/raspberry-pi\/#\/schema\/logo\/image\/"},"sameAs":["https:\/\/www.facebook.com\/pi3gshop","https:\/\/x.com\/pi3g"]}]}},"_links":{"self":[{"href":"https:\/\/picockpit.com\/raspberry-pi\/pl\/wp-json\/wp\/v2\/pages\/60","targetHints":{"allow":["GET"]}}],"collection":[{"href":"https:\/\/picockpit.com\/raspberry-pi\/pl\/wp-json\/wp\/v2\/pages"}],"about":[{"href":"https:\/\/picockpit.com\/raspberry-pi\/pl\/wp-json\/wp\/v2\/types\/page"}],"author":[{"embeddable":true,"href":"https:\/\/picockpit.com\/raspberry-pi\/pl\/wp-json\/wp\/v2\/users\/2"}],"replies":[{"embeddable":true,"href":"https:\/\/picockpit.com\/raspberry-pi\/pl\/wp-json\/wp\/v2\/comments?post=60"}],"version-history":[{"count":5,"href":"https:\/\/picockpit.com\/raspberry-pi\/pl\/wp-json\/wp\/v2\/pages\/60\/revisions"}],"predecessor-version":[{"id":7183,"href":"https:\/\/picockpit.com\/raspberry-pi\/pl\/wp-json\/wp\/v2\/pages\/60\/revisions\/7183"}],"wp:attachment":[{"href":"https:\/\/picockpit.com\/raspberry-pi\/pl\/wp-json\/wp\/v2\/media?parent=60"}],"curies":[{"name":"wp","href":"https:\/\/api.w.org\/{rel}","templated":true}]}}