{"id":6358,"date":"2023-12-17T20:41:16","date_gmt":"2023-12-17T20:41:16","guid":{"rendered":"https:\/\/picockpit.com\/raspberry-pi\/?page_id=6358"},"modified":"2024-08-14T08:53:25","modified_gmt":"2024-08-14T08:53:25","slug":"picockpit-pricing","status":"publish","type":"page","link":"https:\/\/picockpit.com\/raspberry-pi\/pl\/ceny-picockpitu\/","title":{"rendered":"Plany PiCockpit"},"content":{"rendered":"<p>Dost\u0119pne s\u0105 trzy plany PiCockpit:<\/p>\n\n\n\n<p><\/p>\n\n\n\n<div class=\"wp-block-columns are-vertically-aligned-center is-layout-flex wp-container-core-columns-is-layout-9d6595d7 wp-block-columns-is-layout-flex\">\n<div class=\"wp-block-column is-vertically-aligned-center is-layout-flow wp-block-column-is-layout-flow\" style=\"flex-basis:100%\">\n<table style=\"table-layout: fixed !important; width: 100%\">\n<tr>\n<th style=\"background-color: #cccb82; border: solid 1px; padding: 10px; \" class=\"has-text-align-center\">Darmowy<\/th>\n<th style=\"background-color: #6ac0e4; border: solid 1px; padding: 10px\" class=\"has-text-align-center\">Zawodowiec<\/th>\n<th style=\"background-color: #7567e7; border: solid 1px; padding: 10px\" class=\"has-text-align-center\">Pro Plus<\/th>\n<\/tr>\n<tr>\n<td style=\"border: 1px; border-style: inset\" class=\"has-text-align-center\" data-align=\"center\">Jest to plan deweloperski. Zapewnia doskona\u0142y podstawowy zestaw funkcji, w tym nieograniczony dost\u0119p do terminala i dost\u0119p do edytora.\n<br><br>\u2713<strong>20 \u017c\u0105da\u0144 RaspiGPT dziennie<\/strong>\n<br>\u2713<strong>5 urz\u0105dze\u0144 Maks.<\/strong>\n<br>\u2713<strong>30 minut strumieniowej transmisji wideo dziennie<\/strong>\n<br><\/td>\n<td style=\"border: 1px; border-style: inset\" class=\"has-text-align-center\" data-align=\"center\">Ten plan jest dobry dla ma\u0142ych i \u015brednich firm, kt\u00f3re chc\u0105 wi\u0119kszej funkcjonalno\u015bci i wy\u017cszych limit\u00f3w. Przydatny do powa\u017cnego administrowania urz\u0105dzeniami Raspberry Pi.\n<br><br><strong>\u271350 \u017c\u0105da\u0144 RaspiGPT dziennie\n<br>5 urz\u0105dze\u0144\n<br>Nieograniczone strumieniowanie wideo\n<br>Wczesny dost\u0119p do aplikacji<\/strong><\/td>\n<td style=\"border: 1px; border-style: inset\" class=\"has-text-align-center\" data-align=\"center\">PiCockpit Pro Plus to nasze rozwi\u0105zanie dla przedsi\u0119biorstw, przeznaczone do z\u0142o\u017conych scenariuszy i niestandardowych wymaga\u0144. Obejmuje ono zarz\u0105dzanie szczeg\u00f3\u0142ow\u0105 kontrol\u0105 dost\u0119pu, nieograniczon\u0105 liczb\u0119 u\u017cytkownik\u00f3w administracyjnych i wiele wi\u0119cej. W przypadku klient\u00f3w o unikalnych potrzebach mo\u017cemy wsp\u00f3\u0142pracowa\u0107 z Tob\u0105, aby Tw\u00f3j projekt odni\u00f3s\u0142 sukces.<br>\n<br>\u2713<strong>Skrypty IFTTT<\/strong>\n<br>\u2713<strong>Rozszerzone wsparcie<\/strong>\n<br>\u2713<strong>Tworzenie aplikacji na zam\u00f3wienie<\/strong>\n<br>\u2713<strong>Pe\u0142na integracja systemu<\/strong><\/td>\n<\/tr>\n<tr>\n<td style=\"text-align: center\"><br><a href=\"https:\/\/picockpit.com\/user\/\"><button style=\"background-color: #ea9364 !important; color: black !important\">Darmowy<\/button><\/a><\/td><td style=\"text-align: center\"><br><a href=\"https:\/\/picockpit.com\/user\/\"><button style=\"background-color: #ea9364 !important; color: black !important\"><b>\u20ac9.95<\/b> (bez VAT)<br>Za Pi\/Miesi\u0105c<\/button><\/a><\/td><td style=\"text-align: center\"><br><a href=\"https:\/\/docs.google.com\/forms\/d\/e\/1FAIpQLSeICCck5_nbExKHFsv1A2FQXvpCSudwzAQCbnq_kUjm-CcpPQ\/viewform\"><button style=\"background-color: #ea9364 !important; color: black !important\">\u20acZmienna<\/button><\/a><\/td><\/tr><\/tbody><\/table>\n<\/div>\n<\/div>\n\n\n\n<p><\/p>\n\n\n\n<p>Gdy masz ju\u017c konto PiCockpit, mo\u017cesz \u0142atwo uaktualni\u0107 je do wersji <a href=\"https:\/\/picockpit.com\/user\/login\">PiCockpit Pro i PiCockpit Pro Plus<\/a>.<\/p>\n\n\n\n<p>Je\u015bli chcesz dowiedzie\u0107 si\u0119 wi\u0119cej, sprawd\u017a nasz\u0105 stron\u0119 Jak pobra\u0107 PiCockpit Pro, klikaj\u0105c tutaj:<\/p>\n\n\n\n<p><\/p>\n\n\n\n<div class=\"wp-block-buttons alignwide is-content-justification-center is-layout-flex wp-container-core-buttons-is-layout-16018d1d wp-block-buttons-is-layout-flex\">\n<div class=\"wp-block-button has-custom-width wp-block-button__width-25\"><a class=\"wp-block-button__link has-black-color has-text-color has-background has-link-color has-text-align-center wp-element-button\" href=\"https:\/\/docs.picockpit.com\/picockpitpro\/\" style=\"background-color:#ea9364\" target=\"_blank\" rel=\"noreferrer noopener\">Jak pobra\u0107 PiCockpit Pro<\/a><\/div>\n<\/div>\n\n\n\n<p><\/p>\n\n\n\n<p><\/p>\n<div class=\"shariff shariff-align-center shariff-widget-align-left shariff-buttonstretch\"><ul class=\"shariff-buttons theme-white orientation-horizontal buttonsize-medium\"><li class=\"shariff-button twitter shariff-nocustomcolor\" style=\"background-color:#595959\"><a href=\"https:\/\/twitter.com\/share?url=https%3A%2F%2Fpicockpit.com%2Fraspberry-pi%2Fpl%2Fceny-picockpitu%2F&text=PiCockpit%20Plans\" title=\"Udost\u0119pnij na X\" aria-label=\"Udost\u0119pnij na X\" role=\"button\" rel=\"noopener nofollow\" class=\"shariff-link\" style=\"; background-color:#000; color:#000\" target=\"_blank\"><span class=\"shariff-icon\" style=\"fill:#000\"><svg width=\"32px\" height=\"20px\" xmlns=\"http:\/\/www.w3.org\/2000\/svg\" viewbox=\"0 0 24 24\"><path fill=\"#000\" d=\"M14.258 10.152L23.176 0h-2.113l-7.747 8.813L7.133 0H0l9.352 13.328L0 23.973h2.113l8.176-9.309 6.531 9.309h7.133zm-2.895 3.293l-.949-1.328L2.875 1.56h3.246l6.086 8.523.945 1.328 7.91 11.078h-3.246zm0 0\"\/><\/svg><\/span><span class=\"shariff-text\" style=\"color:#000\">udost\u0119pnij<\/span>&nbsp;<\/a><\/li><li class=\"shariff-button facebook shariff-nocustomcolor\" style=\"background-color:#4273c8\"><a href=\"https:\/\/www.facebook.com\/sharer\/sharer.php?u=https%3A%2F%2Fpicockpit.com%2Fraspberry-pi%2Fpl%2Fceny-picockpitu%2F\" title=\"Udost\u0119pnij na Facebooku\" aria-label=\"Udost\u0119pnij na Facebooku\" role=\"button\" rel=\"nofollow\" class=\"shariff-link\" style=\"; background-color:#3b5998; color:#3b5998\" target=\"_blank\"><span class=\"shariff-icon\" style=\"fill:#3b5998\"><svg width=\"32px\" height=\"20px\" xmlns=\"http:\/\/www.w3.org\/2000\/svg\" viewbox=\"0 0 18 32\"><path fill=\"#3b5998\" d=\"M17.1 0.2v4.7h-2.8q-1.5 0-2.1 0.6t-0.5 1.9v3.4h5.2l-0.7 5.3h-4.5v13.6h-5.5v-13.6h-4.5v-5.3h4.5v-3.9q0-3.3 1.9-5.2t5-1.8q2.6 0 4.1 0.2z\"\/><\/svg><\/span><span class=\"shariff-text\" style=\"color:#3b5998\">udost\u0119pnij<\/span>&nbsp;<\/a><\/li><li class=\"shariff-button telegram shariff-nocustomcolor\" style=\"background-color:#4084A6\"><a href=\"https:\/\/telegram.me\/share\/url?url=https%3A%2F%2Fpicockpit.com%2Fraspberry-pi%2Fpl%2Fceny-picockpitu%2F&text=PiCockpit%20Plans\" title=\"Udost\u0119pnij przez Telegram\" aria-label=\"Udost\u0119pnij przez Telegram\" role=\"button\" rel=\"noopener nofollow\" class=\"shariff-link\" style=\"; background-color:#0088cc; color:#0088cc\" target=\"_blank\"><span class=\"shariff-icon\" style=\"fill:#0088cc\"><svg width=\"32px\" height=\"20px\" xmlns=\"http:\/\/www.w3.org\/2000\/svg\" viewbox=\"0 0 32 32\"><path fill=\"#0088cc\" d=\"M30.8 6.5l-4.5 21.4c-.3 1.5-1.2 1.9-2.5 1.2L16.9 24l-3.3 3.2c-.4.4-.7.7-1.4.7l.5-7L25.5 9.2c.6-.5-.1-.8-.9-.3l-15.8 10L2 16.7c-1.5-.5-1.5-1.5.3-2.2L28.9 4.3c1.3-.5 2.3.3 1.9 2.2z\"\/><\/svg><\/span><span class=\"shariff-text\" style=\"color:#0088cc\">udost\u0119pnij<\/span>&nbsp;<\/a><\/li><li class=\"shariff-button reddit shariff-nocustomcolor\" style=\"background-color:#ff5700\"><a href=\"https:\/\/www.reddit.com\/submit?url=https%3A%2F%2Fpicockpit.com%2Fraspberry-pi%2Fpl%2Fceny-picockpitu%2F\" title=\"Udost\u0119pnij przez Reddit\" aria-label=\"Udost\u0119pnij przez Reddit\" role=\"button\" rel=\"noopener nofollow\" class=\"shariff-link\" style=\"; background-color:#ff4500; color:#ff4500\" target=\"_blank\"><span class=\"shariff-icon\" style=\"fill:#ff4500\"><svg xmlns=\"http:\/\/www.w3.org\/2000\/svg\" viewbox=\"0 0 512 512\"><path fill=\"#ff4500\" d=\"M440.3 203.5c-15 0-28.2 6.2-37.9 15.9-35.7-24.7-83.8-40.6-137.1-42.3L293 52.3l88.2 19.8c0 21.6 17.6 39.2 39.2 39.2 22 0 39.7-18.1 39.7-39.7s-17.6-39.7-39.7-39.7c-15.4 0-28.7 9.3-35.3 22l-97.4-21.6c-4.9-1.3-9.7 2.2-11 7.1L246.3 177c-52.9 2.2-100.5 18.1-136.3 42.8-9.7-10.1-23.4-16.3-38.4-16.3-55.6 0-73.8 74.6-22.9 100.1-1.8 7.9-2.6 16.3-2.6 24.7 0 83.8 94.4 151.7 210.3 151.7 116.4 0 210.8-67.9 210.8-151.7 0-8.4-.9-17.2-3.1-25.1 49.9-25.6 31.5-99.7-23.8-99.7zM129.4 308.9c0-22 17.6-39.7 39.7-39.7 21.6 0 39.2 17.6 39.2 39.7 0 21.6-17.6 39.2-39.2 39.2-22 .1-39.7-17.6-39.7-39.2zm214.3 93.5c-36.4 36.4-139.1 36.4-175.5 0-4-3.5-4-9.7 0-13.7 3.5-3.5 9.7-3.5 13.2 0 27.8 28.5 120 29 149 0 3.5-3.5 9.7-3.5 13.2 0 4.1 4 4.1 10.2.1 13.7zm-.8-54.2c-21.6 0-39.2-17.6-39.2-39.2 0-22 17.6-39.7 39.2-39.7 22 0 39.7 17.6 39.7 39.7-.1 21.5-17.7 39.2-39.7 39.2z\"\/><\/svg><\/span><span class=\"shariff-text\" style=\"color:#ff4500\">udost\u0119pnij<\/span>&nbsp;<\/a><\/li><\/ul><\/div>","protected":false},"excerpt":{"rendered":"<p>Dost\u0119pne s\u0105 trzy plany PiCockpit: Free Pro Pro Plus Jest to plan dla deweloper\u00f3w. Zapewnia doskona\u0142y podstawowy zestaw funkcji, w tym nieograniczony dost\u0119p do terminala i dost\u0119p do edytora. \u271320 \u017c\u0105da\u0144 RaspiGPT dziennie \u27135 urz\u0105dze\u0144 maks. 30 min przesy\u0142ania strumieniowego wideo dziennie Ten plan jest dobry dla ma\u0142ych i \u015brednich firm, kt\u00f3re chc\u0105...<\/p>","protected":false},"author":2,"featured_media":6374,"parent":0,"menu_order":0,"comment_status":"closed","ping_status":"closed","template":"","meta":{"footnotes":""},"class_list":["post-6358","page","type-page","status-publish","has-post-thumbnail","hentry"],"yoast_head":"<!-- This site is optimized with the Yoast SEO plugin v27.4 - https:\/\/yoast.com\/product\/yoast-seo-wordpress\/ -->\n<title>PiCockpit Plans | PiCockpit<\/title>\n<meta name=\"robots\" content=\"index, follow, max-snippet:-1, max-image-preview:large, max-video-preview:-1\" \/>\n<link rel=\"canonical\" href=\"https:\/\/picockpit.com\/raspberry-pi\/pl\/ceny-picockpitu\/\" \/>\n<meta property=\"og:locale\" content=\"pl_PL\" \/>\n<meta property=\"og:type\" content=\"article\" \/>\n<meta property=\"og:title\" content=\"PiCockpit Plans | PiCockpit\" \/>\n<meta property=\"og:description\" content=\"There are three available PiCockpit plans: Free Pro Pro Plus This is a dev plan. It will give you a great basic feature set, including unlimited Terminal access and Editor access. \u271320 RaspiGPT Requests Daily \u27135 Devices Max. \u271330min Streaming Video per day This plan is good for small and medium businesses who want more&hellip;\" \/>\n<meta property=\"og:url\" content=\"https:\/\/picockpit.com\/raspberry-pi\/pl\/ceny-picockpitu\/\" \/>\n<meta property=\"og:site_name\" content=\"PiCockpit\" \/>\n<meta property=\"article:publisher\" content=\"https:\/\/www.facebook.com\/pi3gshop\" \/>\n<meta property=\"article:modified_time\" content=\"2024-08-14T08:53:25+00:00\" \/>\n<meta property=\"og:image\" content=\"https:\/\/picockpit.com\/raspberry-pi\/wp-content\/uploads\/2023\/12\/PiCockpit-Pro-Pricing-Page.png\" \/>\n\t<meta property=\"og:image:width\" content=\"1200\" \/>\n\t<meta property=\"og:image:height\" content=\"675\" \/>\n\t<meta property=\"og:image:type\" content=\"image\/png\" \/>\n<meta name=\"twitter:card\" content=\"summary_large_image\" \/>\n<meta name=\"twitter:site\" content=\"@pi3g\" \/>\n<meta name=\"twitter:label1\" content=\"Szacowany czas czytania\" \/>\n\t<meta name=\"twitter:data1\" content=\"2 minuty\" \/>\n<script type=\"application\/ld+json\" class=\"yoast-schema-graph\">{\"@context\":\"https:\\\/\\\/schema.org\",\"@graph\":[{\"@type\":\"WebPage\",\"@id\":\"https:\\\/\\\/picockpit.com\\\/raspberry-pi\\\/picockpit-pricing\\\/\",\"url\":\"https:\\\/\\\/picockpit.com\\\/raspberry-pi\\\/picockpit-pricing\\\/\",\"name\":\"PiCockpit Plans | PiCockpit\",\"isPartOf\":{\"@id\":\"https:\\\/\\\/picockpit.com\\\/raspberry-pi\\\/#website\"},\"primaryImageOfPage\":{\"@id\":\"https:\\\/\\\/picockpit.com\\\/raspberry-pi\\\/picockpit-pricing\\\/#primaryimage\"},\"image\":{\"@id\":\"https:\\\/\\\/picockpit.com\\\/raspberry-pi\\\/picockpit-pricing\\\/#primaryimage\"},\"thumbnailUrl\":\"https:\\\/\\\/picockpit.com\\\/raspberry-pi\\\/wp-content\\\/uploads\\\/2023\\\/12\\\/PiCockpit-Pro-Pricing-Page.png\",\"datePublished\":\"2023-12-17T20:41:16+00:00\",\"dateModified\":\"2024-08-14T08:53:25+00:00\",\"breadcrumb\":{\"@id\":\"https:\\\/\\\/picockpit.com\\\/raspberry-pi\\\/picockpit-pricing\\\/#breadcrumb\"},\"inLanguage\":\"pl-PL\",\"potentialAction\":[{\"@type\":\"ReadAction\",\"target\":[\"https:\\\/\\\/picockpit.com\\\/raspberry-pi\\\/picockpit-pricing\\\/\"]}]},{\"@type\":\"ImageObject\",\"inLanguage\":\"pl-PL\",\"@id\":\"https:\\\/\\\/picockpit.com\\\/raspberry-pi\\\/picockpit-pricing\\\/#primaryimage\",\"url\":\"https:\\\/\\\/picockpit.com\\\/raspberry-pi\\\/wp-content\\\/uploads\\\/2023\\\/12\\\/PiCockpit-Pro-Pricing-Page.png\",\"contentUrl\":\"https:\\\/\\\/picockpit.com\\\/raspberry-pi\\\/wp-content\\\/uploads\\\/2023\\\/12\\\/PiCockpit-Pro-Pricing-Page.png\",\"width\":1200,\"height\":675,\"caption\":\"PiCockpit Pro Pricing Page Title Image\"},{\"@type\":\"BreadcrumbList\",\"@id\":\"https:\\\/\\\/picockpit.com\\\/raspberry-pi\\\/picockpit-pricing\\\/#breadcrumb\",\"itemListElement\":[{\"@type\":\"ListItem\",\"position\":1,\"name\":\"Home\",\"item\":\"https:\\\/\\\/picockpit.com\\\/raspberry-pi\\\/\"},{\"@type\":\"ListItem\",\"position\":2,\"name\":\"PiCockpit Plans\"}]},{\"@type\":\"WebSite\",\"@id\":\"https:\\\/\\\/picockpit.com\\\/raspberry-pi\\\/#website\",\"url\":\"https:\\\/\\\/picockpit.com\\\/raspberry-pi\\\/\",\"name\":\"PiCockpit\",\"description\":\"\",\"publisher\":{\"@id\":\"https:\\\/\\\/picockpit.com\\\/raspberry-pi\\\/#organization\"},\"potentialAction\":[{\"@type\":\"SearchAction\",\"target\":{\"@type\":\"EntryPoint\",\"urlTemplate\":\"https:\\\/\\\/picockpit.com\\\/raspberry-pi\\\/?s={search_term_string}\"},\"query-input\":{\"@type\":\"PropertyValueSpecification\",\"valueRequired\":true,\"valueName\":\"search_term_string\"}}],\"inLanguage\":\"pl-PL\"},{\"@type\":\"Organization\",\"@id\":\"https:\\\/\\\/picockpit.com\\\/raspberry-pi\\\/#organization\",\"name\":\"PiCockpit.com\",\"url\":\"https:\\\/\\\/picockpit.com\\\/raspberry-pi\\\/\",\"logo\":{\"@type\":\"ImageObject\",\"inLanguage\":\"pl-PL\",\"@id\":\"https:\\\/\\\/picockpit.com\\\/raspberry-pi\\\/#\\\/schema\\\/logo\\\/image\\\/\",\"url\":\"https:\\\/\\\/picockpit.com\\\/raspberry-pi\\\/wp-content\\\/uploads\\\/2023\\\/07\\\/Screenshot-from-2023-07-24-15-01-24.png\",\"contentUrl\":\"https:\\\/\\\/picockpit.com\\\/raspberry-pi\\\/wp-content\\\/uploads\\\/2023\\\/07\\\/Screenshot-from-2023-07-24-15-01-24.png\",\"width\":1165,\"height\":283,\"caption\":\"PiCockpit.com\"},\"image\":{\"@id\":\"https:\\\/\\\/picockpit.com\\\/raspberry-pi\\\/#\\\/schema\\\/logo\\\/image\\\/\"},\"sameAs\":[\"https:\\\/\\\/www.facebook.com\\\/pi3gshop\",\"https:\\\/\\\/x.com\\\/pi3g\"]}]}<\/script>\n<!-- \/ Yoast SEO plugin. -->","yoast_head_json":{"title":"Plany PiCockpit | PiCockpit","robots":{"index":"index","follow":"follow","max-snippet":"max-snippet:-1","max-image-preview":"max-image-preview:large","max-video-preview":"max-video-preview:-1"},"canonical":"https:\/\/picockpit.com\/raspberry-pi\/pl\/ceny-picockpitu\/","og_locale":"pl_PL","og_type":"article","og_title":"PiCockpit Plans | PiCockpit","og_description":"There are three available PiCockpit plans: Free Pro Pro Plus This is a dev plan. It will give you a great basic feature set, including unlimited Terminal access and Editor access. \u271320 RaspiGPT Requests Daily \u27135 Devices Max. \u271330min Streaming Video per day This plan is good for small and medium businesses who want more&hellip;","og_url":"https:\/\/picockpit.com\/raspberry-pi\/pl\/ceny-picockpitu\/","og_site_name":"PiCockpit","article_publisher":"https:\/\/www.facebook.com\/pi3gshop","article_modified_time":"2024-08-14T08:53:25+00:00","og_image":[{"width":1200,"height":675,"url":"https:\/\/picockpit.com\/raspberry-pi\/wp-content\/uploads\/2023\/12\/PiCockpit-Pro-Pricing-Page.png","type":"image\/png"}],"twitter_card":"summary_large_image","twitter_site":"@pi3g","twitter_misc":{"Szacowany czas czytania":"2 minuty"},"schema":{"@context":"https:\/\/schema.org","@graph":[{"@type":"WebPage","@id":"https:\/\/picockpit.com\/raspberry-pi\/picockpit-pricing\/","url":"https:\/\/picockpit.com\/raspberry-pi\/picockpit-pricing\/","name":"Plany PiCockpit | PiCockpit","isPartOf":{"@id":"https:\/\/picockpit.com\/raspberry-pi\/#website"},"primaryImageOfPage":{"@id":"https:\/\/picockpit.com\/raspberry-pi\/picockpit-pricing\/#primaryimage"},"image":{"@id":"https:\/\/picockpit.com\/raspberry-pi\/picockpit-pricing\/#primaryimage"},"thumbnailUrl":"https:\/\/picockpit.com\/raspberry-pi\/wp-content\/uploads\/2023\/12\/PiCockpit-Pro-Pricing-Page.png","datePublished":"2023-12-17T20:41:16+00:00","dateModified":"2024-08-14T08:53:25+00:00","breadcrumb":{"@id":"https:\/\/picockpit.com\/raspberry-pi\/picockpit-pricing\/#breadcrumb"},"inLanguage":"pl-PL","potentialAction":[{"@type":"ReadAction","target":["https:\/\/picockpit.com\/raspberry-pi\/picockpit-pricing\/"]}]},{"@type":"ImageObject","inLanguage":"pl-PL","@id":"https:\/\/picockpit.com\/raspberry-pi\/picockpit-pricing\/#primaryimage","url":"https:\/\/picockpit.com\/raspberry-pi\/wp-content\/uploads\/2023\/12\/PiCockpit-Pro-Pricing-Page.png","contentUrl":"https:\/\/picockpit.com\/raspberry-pi\/wp-content\/uploads\/2023\/12\/PiCockpit-Pro-Pricing-Page.png","width":1200,"height":675,"caption":"PiCockpit Pro Pricing Page Title Image"},{"@type":"BreadcrumbList","@id":"https:\/\/picockpit.com\/raspberry-pi\/picockpit-pricing\/#breadcrumb","itemListElement":[{"@type":"ListItem","position":1,"name":"Home","item":"https:\/\/picockpit.com\/raspberry-pi\/"},{"@type":"ListItem","position":2,"name":"PiCockpit Plans"}]},{"@type":"WebSite","@id":"https:\/\/picockpit.com\/raspberry-pi\/#website","url":"https:\/\/picockpit.com\/raspberry-pi\/","name":"PiCockpit","description":"","publisher":{"@id":"https:\/\/picockpit.com\/raspberry-pi\/#organization"},"potentialAction":[{"@type":"SearchAction","target":{"@type":"EntryPoint","urlTemplate":"https:\/\/picockpit.com\/raspberry-pi\/?s={search_term_string}"},"query-input":{"@type":"PropertyValueSpecification","valueRequired":true,"valueName":"search_term_string"}}],"inLanguage":"pl-PL"},{"@type":"Organization","@id":"https:\/\/picockpit.com\/raspberry-pi\/#organization","name":"PiCockpit.com","url":"https:\/\/picockpit.com\/raspberry-pi\/","logo":{"@type":"ImageObject","inLanguage":"pl-PL","@id":"https:\/\/picockpit.com\/raspberry-pi\/#\/schema\/logo\/image\/","url":"https:\/\/picockpit.com\/raspberry-pi\/wp-content\/uploads\/2023\/07\/Screenshot-from-2023-07-24-15-01-24.png","contentUrl":"https:\/\/picockpit.com\/raspberry-pi\/wp-content\/uploads\/2023\/07\/Screenshot-from-2023-07-24-15-01-24.png","width":1165,"height":283,"caption":"PiCockpit.com"},"image":{"@id":"https:\/\/picockpit.com\/raspberry-pi\/#\/schema\/logo\/image\/"},"sameAs":["https:\/\/www.facebook.com\/pi3gshop","https:\/\/x.com\/pi3g"]}]}},"_links":{"self":[{"href":"https:\/\/picockpit.com\/raspberry-pi\/pl\/wp-json\/wp\/v2\/pages\/6358","targetHints":{"allow":["GET"]}}],"collection":[{"href":"https:\/\/picockpit.com\/raspberry-pi\/pl\/wp-json\/wp\/v2\/pages"}],"about":[{"href":"https:\/\/picockpit.com\/raspberry-pi\/pl\/wp-json\/wp\/v2\/types\/page"}],"author":[{"embeddable":true,"href":"https:\/\/picockpit.com\/raspberry-pi\/pl\/wp-json\/wp\/v2\/users\/2"}],"replies":[{"embeddable":true,"href":"https:\/\/picockpit.com\/raspberry-pi\/pl\/wp-json\/wp\/v2\/comments?post=6358"}],"version-history":[{"count":27,"href":"https:\/\/picockpit.com\/raspberry-pi\/pl\/wp-json\/wp\/v2\/pages\/6358\/revisions"}],"predecessor-version":[{"id":7265,"href":"https:\/\/picockpit.com\/raspberry-pi\/pl\/wp-json\/wp\/v2\/pages\/6358\/revisions\/7265"}],"wp:featuredmedia":[{"embeddable":true,"href":"https:\/\/picockpit.com\/raspberry-pi\/pl\/wp-json\/wp\/v2\/media\/6374"}],"wp:attachment":[{"href":"https:\/\/picockpit.com\/raspberry-pi\/pl\/wp-json\/wp\/v2\/media?parent=6358"}],"curies":[{"name":"wp","href":"https:\/\/api.w.org\/{rel}","templated":true}]}}