{"id":3231,"date":"2022-10-31T18:24:19","date_gmt":"2022-10-31T18:24:19","guid":{"rendered":"https:\/\/picockpit.com\/raspberry-pi\/?page_id=3231"},"modified":"2023-12-19T14:41:31","modified_gmt":"2023-12-19T14:41:31","slug":"dvb-t-tools","status":"publish","type":"page","link":"https:\/\/picockpit.com\/raspberry-pi\/pt\/dvb-t-tools\/","title":{"rendered":"DVB-T-Tools"},"content":{"rendered":"<figure class=\"wp-block-image size-large\"><img loading=\"lazy\" decoding=\"async\" width=\"1024\" height=\"322\" src=\"https:\/\/picockpit.com\/raspberry-pi\/wp-content\/uploads\/2023\/12\/DVB-T-tools-1024x322.jpg\" alt=\"Ferramentas DVB-T T\u00edtulo Imagem\" class=\"wp-image-6525\" srcset=\"https:\/\/picockpit.com\/raspberry-pi\/wp-content\/uploads\/2023\/12\/DVB-T-tools-1024x322.jpg 1024w, https:\/\/picockpit.com\/raspberry-pi\/wp-content\/uploads\/2023\/12\/DVB-T-tools-300x94.jpg 300w, https:\/\/picockpit.com\/raspberry-pi\/wp-content\/uploads\/2023\/12\/DVB-T-tools-768x241.jpg 768w, https:\/\/picockpit.com\/raspberry-pi\/wp-content\/uploads\/2023\/12\/DVB-T-tools-18x6.jpg 18w, https:\/\/picockpit.com\/raspberry-pi\/wp-content\/uploads\/2023\/12\/DVB-T-tools-24x8.jpg 24w, https:\/\/picockpit.com\/raspberry-pi\/wp-content\/uploads\/2023\/12\/DVB-T-tools-36x11.jpg 36w, https:\/\/picockpit.com\/raspberry-pi\/wp-content\/uploads\/2023\/12\/DVB-T-tools-48x15.jpg 48w, https:\/\/picockpit.com\/raspberry-pi\/wp-content\/uploads\/2023\/12\/DVB-T-tools.jpg 1200w\" sizes=\"auto, (max-width: 1024px) 100vw, 1024px\" \/><\/figure>\n\n\n\n<p><strong>As Ferramentas DVB-T foram a primeira funcionalidade dispon\u00edvel no PiCockpit!<\/strong><\/p>\n\n\n\n<p>Na Alemanha, o DVB-T2 \u00e9 utilizado em vez do DVB-T, mas os ficheiros de defini\u00e7\u00e3o Linux que s\u00e3o enviados (pelo menos nessa altura) apenas suportavam as defini\u00e7\u00f5es mais antigas do DVB-T.<\/p>\n\n\n\n<p>A resolu\u00e7\u00e3o deste problema \u00e9 a forma como PiCockpit realmente come\u00e7ou. <a href=\"https:\/\/buyzero.de\/blogs\/news\/raspberry-pi-dvb-tv-hat-tv-headend-dvb-t2-in-deutschland-einrichten\">Leia mais sobre isto aqui no Blog buyzero.de<\/a>caso esteja interessado!<\/p>\n\n\n\n<p>Devido \u00e0 baixa procura espec\u00edfica desta funcionalidade, foi descontinuada no PiCockpit, mas pode descarregar aa-All.txt aqui:<\/p>\n\n\n\n<p><\/p>\n\n\n\n<div class=\"wp-block-buttons is-content-justification-center is-layout-flex wp-container-core-buttons-is-layout-16018d1d wp-block-buttons-is-layout-flex\">\n<div class=\"wp-block-button\"><a class=\"wp-block-button__link has-black-color has-text-color has-background has-link-color wp-element-button\" href=\"https:\/\/picockpit.com\/raspberry-pi\/wp-content\/uploads\/2022\/10\/aa-All.txt\" style=\"background-color:#ea9364\"><strong>Descarregar aa-All.txt<\/strong><\/a><\/div>\n<\/div>\n\n\n\n<p><\/p>\n\n\n<div class=\"wp-block-image\">\n<figure class=\"aligncenter is-resized\"><img decoding=\"async\" src=\"https:\/\/picockpit.com\/raspberry-pi\/wp-content\/uploads\/2022\/10\/dvb-t-tools.jpg\" alt=\"Captura de ecr\u00e3 de ferramentas PiCockpit DVB-T\" style=\"width:475px\" title=\"dvb-t-tools\"\/><\/figure>\n<\/div><div class=\"shariff shariff-align-center shariff-widget-align-left shariff-buttonstretch\"><ul class=\"shariff-buttons theme-white orientation-horizontal buttonsize-medium\"><li class=\"shariff-button twitter shariff-nocustomcolor\" style=\"background-color:#595959\"><a href=\"https:\/\/twitter.com\/share?url=https%3A%2F%2Fpicockpit.com%2Fraspberry-pi%2Fpt%2Fdvb-t-tools%2F&text=DVB-T-Tools\" title=\"Compartilhar no X\" aria-label=\"Compartilhar no X\" role=\"button\" rel=\"noopener nofollow\" class=\"shariff-link\" style=\"; background-color:#000; color:#000\" target=\"_blank\"><span class=\"shariff-icon\" style=\"fill:#000\"><svg width=\"32px\" height=\"20px\" xmlns=\"http:\/\/www.w3.org\/2000\/svg\" viewbox=\"0 0 24 24\"><path fill=\"#000\" d=\"M14.258 10.152L23.176 0h-2.113l-7.747 8.813L7.133 0H0l9.352 13.328L0 23.973h2.113l8.176-9.309 6.531 9.309h7.133zm-2.895 3.293l-.949-1.328L2.875 1.56h3.246l6.086 8.523.945 1.328 7.91 11.078h-3.246zm0 0\"\/><\/svg><\/span><span class=\"shariff-text\" style=\"color:#000\">partilhar<\/span>&nbsp;<\/a><\/li><li class=\"shariff-button facebook shariff-nocustomcolor\" style=\"background-color:#4273c8\"><a href=\"https:\/\/www.facebook.com\/sharer\/sharer.php?u=https%3A%2F%2Fpicockpit.com%2Fraspberry-pi%2Fpt%2Fdvb-t-tools%2F\" title=\"Partilhar no Facebook\" aria-label=\"Partilhar no Facebook\" role=\"button\" rel=\"nofollow\" class=\"shariff-link\" style=\"; background-color:#3b5998; color:#3b5998\" target=\"_blank\"><span class=\"shariff-icon\" style=\"fill:#3b5998\"><svg width=\"32px\" height=\"20px\" xmlns=\"http:\/\/www.w3.org\/2000\/svg\" viewbox=\"0 0 18 32\"><path fill=\"#3b5998\" d=\"M17.1 0.2v4.7h-2.8q-1.5 0-2.1 0.6t-0.5 1.9v3.4h5.2l-0.7 5.3h-4.5v13.6h-5.5v-13.6h-4.5v-5.3h4.5v-3.9q0-3.3 1.9-5.2t5-1.8q2.6 0 4.1 0.2z\"\/><\/svg><\/span><span class=\"shariff-text\" style=\"color:#3b5998\">partilhar<\/span>&nbsp;<\/a><\/li><li class=\"shariff-button telegram shariff-nocustomcolor\" style=\"background-color:#4084A6\"><a href=\"https:\/\/telegram.me\/share\/url?url=https%3A%2F%2Fpicockpit.com%2Fraspberry-pi%2Fpt%2Fdvb-t-tools%2F&text=DVB-T-Tools\" title=\"Compartilhar no Telegram\" aria-label=\"Compartilhar no Telegram\" role=\"button\" rel=\"noopener nofollow\" class=\"shariff-link\" style=\"; background-color:#0088cc; color:#0088cc\" target=\"_blank\"><span class=\"shariff-icon\" style=\"fill:#0088cc\"><svg width=\"32px\" height=\"20px\" xmlns=\"http:\/\/www.w3.org\/2000\/svg\" viewbox=\"0 0 32 32\"><path fill=\"#0088cc\" d=\"M30.8 6.5l-4.5 21.4c-.3 1.5-1.2 1.9-2.5 1.2L16.9 24l-3.3 3.2c-.4.4-.7.7-1.4.7l.5-7L25.5 9.2c.6-.5-.1-.8-.9-.3l-15.8 10L2 16.7c-1.5-.5-1.5-1.5.3-2.2L28.9 4.3c1.3-.5 2.3.3 1.9 2.2z\"\/><\/svg><\/span><span class=\"shariff-text\" style=\"color:#0088cc\">partilhar<\/span>&nbsp;<\/a><\/li><li class=\"shariff-button reddit shariff-nocustomcolor\" style=\"background-color:#ff5700\"><a href=\"https:\/\/www.reddit.com\/submit?url=https%3A%2F%2Fpicockpit.com%2Fraspberry-pi%2Fpt%2Fdvb-t-tools%2F\" title=\"Compartilhar no Reddit\" aria-label=\"Compartilhar no Reddit\" role=\"button\" rel=\"noopener nofollow\" class=\"shariff-link\" style=\"; background-color:#ff4500; color:#ff4500\" target=\"_blank\"><span class=\"shariff-icon\" style=\"fill:#ff4500\"><svg xmlns=\"http:\/\/www.w3.org\/2000\/svg\" viewbox=\"0 0 512 512\"><path fill=\"#ff4500\" d=\"M440.3 203.5c-15 0-28.2 6.2-37.9 15.9-35.7-24.7-83.8-40.6-137.1-42.3L293 52.3l88.2 19.8c0 21.6 17.6 39.2 39.2 39.2 22 0 39.7-18.1 39.7-39.7s-17.6-39.7-39.7-39.7c-15.4 0-28.7 9.3-35.3 22l-97.4-21.6c-4.9-1.3-9.7 2.2-11 7.1L246.3 177c-52.9 2.2-100.5 18.1-136.3 42.8-9.7-10.1-23.4-16.3-38.4-16.3-55.6 0-73.8 74.6-22.9 100.1-1.8 7.9-2.6 16.3-2.6 24.7 0 83.8 94.4 151.7 210.3 151.7 116.4 0 210.8-67.9 210.8-151.7 0-8.4-.9-17.2-3.1-25.1 49.9-25.6 31.5-99.7-23.8-99.7zM129.4 308.9c0-22 17.6-39.7 39.7-39.7 21.6 0 39.2 17.6 39.2 39.7 0 21.6-17.6 39.2-39.2 39.2-22 .1-39.7-17.6-39.7-39.2zm214.3 93.5c-36.4 36.4-139.1 36.4-175.5 0-4-3.5-4-9.7 0-13.7 3.5-3.5 9.7-3.5 13.2 0 27.8 28.5 120 29 149 0 3.5-3.5 9.7-3.5 13.2 0 4.1 4 4.1 10.2.1 13.7zm-.8-54.2c-21.6 0-39.2-17.6-39.2-39.2 0-22 17.6-39.7 39.2-39.7 22 0 39.7 17.6 39.7 39.7-.1 21.5-17.7 39.2-39.7 39.2z\"\/><\/svg><\/span><span class=\"shariff-text\" style=\"color:#ff4500\">partilhar<\/span>&nbsp;<\/a><\/li><\/ul><\/div>","protected":false},"excerpt":{"rendered":"<p>O DVB-T Tools foi a primeira funcionalidade dispon\u00edvel no PiCockpit! Na Alemanha, \u00e9 utilizado o DVB-T2 em vez do DVB-T, mas os ficheiros de defini\u00e7\u00e3o do Linux que s\u00e3o enviados (pelo menos nessa altura) apenas suportavam as defini\u00e7\u00f5es DVB-T mais antigas. Foi para resolver este problema que o PiCockpit come\u00e7ou a funcionar. Leia mais sobre o assunto aqui no buyzero.de...<\/p>","protected":false},"author":2,"featured_media":6525,"parent":0,"menu_order":0,"comment_status":"closed","ping_status":"closed","template":"","meta":{"footnotes":""},"class_list":["post-3231","page","type-page","status-publish","has-post-thumbnail","hentry"],"yoast_head":"<!-- This site is optimized with the Yoast SEO plugin v27.5 - https:\/\/yoast.com\/product\/yoast-seo-wordpress\/ -->\n<title>DVB-T-Tools | PiCockpit<\/title>\n<meta name=\"robots\" content=\"index, follow, max-snippet:-1, max-image-preview:large, max-video-preview:-1\" \/>\n<link rel=\"canonical\" href=\"https:\/\/picockpit.com\/raspberry-pi\/pt\/dvb-t-tools\/\" \/>\n<meta property=\"og:locale\" content=\"pt_PT\" \/>\n<meta property=\"og:type\" content=\"article\" \/>\n<meta property=\"og:title\" content=\"DVB-T-Tools | PiCockpit\" \/>\n<meta property=\"og:description\" content=\"The DVB-T Tools was the very first available functionality in PiCockpit! In Germany, DVB-T2 is used instead of DVB-T, but the Linux definition files which are shipped (at least at that time) only supported the older DVB-T definitions. Fixing this problem is how PiCockpit actually got started. Read more about it here on the buyzero.de&hellip;\" \/>\n<meta property=\"og:url\" content=\"https:\/\/picockpit.com\/raspberry-pi\/pt\/dvb-t-tools\/\" \/>\n<meta property=\"og:site_name\" content=\"PiCockpit\" \/>\n<meta property=\"article:publisher\" content=\"https:\/\/www.facebook.com\/pi3gshop\" \/>\n<meta property=\"article:modified_time\" content=\"2023-12-19T14:41:31+00:00\" \/>\n<meta property=\"og:image\" content=\"https:\/\/picockpit.com\/raspberry-pi\/wp-content\/uploads\/2023\/12\/DVB-T-tools.jpg\" \/>\n\t<meta property=\"og:image:width\" content=\"1200\" \/>\n\t<meta property=\"og:image:height\" content=\"377\" \/>\n\t<meta property=\"og:image:type\" content=\"image\/jpeg\" \/>\n<meta name=\"twitter:card\" content=\"summary_large_image\" \/>\n<meta name=\"twitter:site\" content=\"@pi3g\" \/>\n<meta name=\"twitter:label1\" content=\"Tempo estimado de leitura\" \/>\n\t<meta name=\"twitter:data1\" content=\"1 minuto\" \/>\n<script type=\"application\/ld+json\" class=\"yoast-schema-graph\">{\"@context\":\"https:\\\/\\\/schema.org\",\"@graph\":[{\"@type\":\"WebPage\",\"@id\":\"https:\\\/\\\/picockpit.com\\\/raspberry-pi\\\/dvb-t-tools\\\/\",\"url\":\"https:\\\/\\\/picockpit.com\\\/raspberry-pi\\\/dvb-t-tools\\\/\",\"name\":\"DVB-T-Tools | PiCockpit\",\"isPartOf\":{\"@id\":\"https:\\\/\\\/picockpit.com\\\/raspberry-pi\\\/#website\"},\"primaryImageOfPage\":{\"@id\":\"https:\\\/\\\/picockpit.com\\\/raspberry-pi\\\/dvb-t-tools\\\/#primaryimage\"},\"image\":{\"@id\":\"https:\\\/\\\/picockpit.com\\\/raspberry-pi\\\/dvb-t-tools\\\/#primaryimage\"},\"thumbnailUrl\":\"https:\\\/\\\/picockpit.com\\\/raspberry-pi\\\/wp-content\\\/uploads\\\/2023\\\/12\\\/DVB-T-tools.jpg\",\"datePublished\":\"2022-10-31T18:24:19+00:00\",\"dateModified\":\"2023-12-19T14:41:31+00:00\",\"breadcrumb\":{\"@id\":\"https:\\\/\\\/picockpit.com\\\/raspberry-pi\\\/dvb-t-tools\\\/#breadcrumb\"},\"inLanguage\":\"pt-PT\",\"potentialAction\":[{\"@type\":\"ReadAction\",\"target\":[\"https:\\\/\\\/picockpit.com\\\/raspberry-pi\\\/dvb-t-tools\\\/\"]}]},{\"@type\":\"ImageObject\",\"inLanguage\":\"pt-PT\",\"@id\":\"https:\\\/\\\/picockpit.com\\\/raspberry-pi\\\/dvb-t-tools\\\/#primaryimage\",\"url\":\"https:\\\/\\\/picockpit.com\\\/raspberry-pi\\\/wp-content\\\/uploads\\\/2023\\\/12\\\/DVB-T-tools.jpg\",\"contentUrl\":\"https:\\\/\\\/picockpit.com\\\/raspberry-pi\\\/wp-content\\\/uploads\\\/2023\\\/12\\\/DVB-T-tools.jpg\",\"width\":1200,\"height\":377,\"caption\":\"DVB-T tools Title Image\"},{\"@type\":\"BreadcrumbList\",\"@id\":\"https:\\\/\\\/picockpit.com\\\/raspberry-pi\\\/dvb-t-tools\\\/#breadcrumb\",\"itemListElement\":[{\"@type\":\"ListItem\",\"position\":1,\"name\":\"Home\",\"item\":\"https:\\\/\\\/picockpit.com\\\/raspberry-pi\\\/\"},{\"@type\":\"ListItem\",\"position\":2,\"name\":\"DVB-T-Tools\"}]},{\"@type\":\"WebSite\",\"@id\":\"https:\\\/\\\/picockpit.com\\\/raspberry-pi\\\/#website\",\"url\":\"https:\\\/\\\/picockpit.com\\\/raspberry-pi\\\/\",\"name\":\"PiCockpit\",\"description\":\"\",\"publisher\":{\"@id\":\"https:\\\/\\\/picockpit.com\\\/raspberry-pi\\\/#organization\"},\"potentialAction\":[{\"@type\":\"SearchAction\",\"target\":{\"@type\":\"EntryPoint\",\"urlTemplate\":\"https:\\\/\\\/picockpit.com\\\/raspberry-pi\\\/?s={search_term_string}\"},\"query-input\":{\"@type\":\"PropertyValueSpecification\",\"valueRequired\":true,\"valueName\":\"search_term_string\"}}],\"inLanguage\":\"pt-PT\"},{\"@type\":\"Organization\",\"@id\":\"https:\\\/\\\/picockpit.com\\\/raspberry-pi\\\/#organization\",\"name\":\"PiCockpit.com\",\"url\":\"https:\\\/\\\/picockpit.com\\\/raspberry-pi\\\/\",\"logo\":{\"@type\":\"ImageObject\",\"inLanguage\":\"pt-PT\",\"@id\":\"https:\\\/\\\/picockpit.com\\\/raspberry-pi\\\/#\\\/schema\\\/logo\\\/image\\\/\",\"url\":\"https:\\\/\\\/picockpit.com\\\/raspberry-pi\\\/wp-content\\\/uploads\\\/2023\\\/07\\\/Screenshot-from-2023-07-24-15-01-24.png\",\"contentUrl\":\"https:\\\/\\\/picockpit.com\\\/raspberry-pi\\\/wp-content\\\/uploads\\\/2023\\\/07\\\/Screenshot-from-2023-07-24-15-01-24.png\",\"width\":1165,\"height\":283,\"caption\":\"PiCockpit.com\"},\"image\":{\"@id\":\"https:\\\/\\\/picockpit.com\\\/raspberry-pi\\\/#\\\/schema\\\/logo\\\/image\\\/\"},\"sameAs\":[\"https:\\\/\\\/www.facebook.com\\\/pi3gshop\",\"https:\\\/\\\/x.com\\\/pi3g\"]}]}<\/script>\n<!-- \/ Yoast SEO plugin. -->","yoast_head_json":{"title":"DVB-T-T-Tools | PiCockpit","robots":{"index":"index","follow":"follow","max-snippet":"max-snippet:-1","max-image-preview":"max-image-preview:large","max-video-preview":"max-video-preview:-1"},"canonical":"https:\/\/picockpit.com\/raspberry-pi\/pt\/dvb-t-tools\/","og_locale":"pt_PT","og_type":"article","og_title":"DVB-T-Tools | PiCockpit","og_description":"The DVB-T Tools was the very first available functionality in PiCockpit! In Germany, DVB-T2 is used instead of DVB-T, but the Linux definition files which are shipped (at least at that time) only supported the older DVB-T definitions. Fixing this problem is how PiCockpit actually got started. Read more about it here on the buyzero.de&hellip;","og_url":"https:\/\/picockpit.com\/raspberry-pi\/pt\/dvb-t-tools\/","og_site_name":"PiCockpit","article_publisher":"https:\/\/www.facebook.com\/pi3gshop","article_modified_time":"2023-12-19T14:41:31+00:00","og_image":[{"width":1200,"height":377,"url":"https:\/\/picockpit.com\/raspberry-pi\/wp-content\/uploads\/2023\/12\/DVB-T-tools.jpg","type":"image\/jpeg"}],"twitter_card":"summary_large_image","twitter_site":"@pi3g","twitter_misc":{"Tempo estimado de leitura":"1 minuto"},"schema":{"@context":"https:\/\/schema.org","@graph":[{"@type":"WebPage","@id":"https:\/\/picockpit.com\/raspberry-pi\/dvb-t-tools\/","url":"https:\/\/picockpit.com\/raspberry-pi\/dvb-t-tools\/","name":"DVB-T-T-Tools | PiCockpit","isPartOf":{"@id":"https:\/\/picockpit.com\/raspberry-pi\/#website"},"primaryImageOfPage":{"@id":"https:\/\/picockpit.com\/raspberry-pi\/dvb-t-tools\/#primaryimage"},"image":{"@id":"https:\/\/picockpit.com\/raspberry-pi\/dvb-t-tools\/#primaryimage"},"thumbnailUrl":"https:\/\/picockpit.com\/raspberry-pi\/wp-content\/uploads\/2023\/12\/DVB-T-tools.jpg","datePublished":"2022-10-31T18:24:19+00:00","dateModified":"2023-12-19T14:41:31+00:00","breadcrumb":{"@id":"https:\/\/picockpit.com\/raspberry-pi\/dvb-t-tools\/#breadcrumb"},"inLanguage":"pt-PT","potentialAction":[{"@type":"ReadAction","target":["https:\/\/picockpit.com\/raspberry-pi\/dvb-t-tools\/"]}]},{"@type":"ImageObject","inLanguage":"pt-PT","@id":"https:\/\/picockpit.com\/raspberry-pi\/dvb-t-tools\/#primaryimage","url":"https:\/\/picockpit.com\/raspberry-pi\/wp-content\/uploads\/2023\/12\/DVB-T-tools.jpg","contentUrl":"https:\/\/picockpit.com\/raspberry-pi\/wp-content\/uploads\/2023\/12\/DVB-T-tools.jpg","width":1200,"height":377,"caption":"DVB-T tools Title Image"},{"@type":"BreadcrumbList","@id":"https:\/\/picockpit.com\/raspberry-pi\/dvb-t-tools\/#breadcrumb","itemListElement":[{"@type":"ListItem","position":1,"name":"Home","item":"https:\/\/picockpit.com\/raspberry-pi\/"},{"@type":"ListItem","position":2,"name":"DVB-T-Tools"}]},{"@type":"WebSite","@id":"https:\/\/picockpit.com\/raspberry-pi\/#website","url":"https:\/\/picockpit.com\/raspberry-pi\/","name":"PiCockpit","description":"","publisher":{"@id":"https:\/\/picockpit.com\/raspberry-pi\/#organization"},"potentialAction":[{"@type":"SearchAction","target":{"@type":"EntryPoint","urlTemplate":"https:\/\/picockpit.com\/raspberry-pi\/?s={search_term_string}"},"query-input":{"@type":"PropertyValueSpecification","valueRequired":true,"valueName":"search_term_string"}}],"inLanguage":"pt-PT"},{"@type":"Organization","@id":"https:\/\/picockpit.com\/raspberry-pi\/#organization","name":"PiCockpit.com","url":"https:\/\/picockpit.com\/raspberry-pi\/","logo":{"@type":"ImageObject","inLanguage":"pt-PT","@id":"https:\/\/picockpit.com\/raspberry-pi\/#\/schema\/logo\/image\/","url":"https:\/\/picockpit.com\/raspberry-pi\/wp-content\/uploads\/2023\/07\/Screenshot-from-2023-07-24-15-01-24.png","contentUrl":"https:\/\/picockpit.com\/raspberry-pi\/wp-content\/uploads\/2023\/07\/Screenshot-from-2023-07-24-15-01-24.png","width":1165,"height":283,"caption":"PiCockpit.com"},"image":{"@id":"https:\/\/picockpit.com\/raspberry-pi\/#\/schema\/logo\/image\/"},"sameAs":["https:\/\/www.facebook.com\/pi3gshop","https:\/\/x.com\/pi3g"]}]}},"_links":{"self":[{"href":"https:\/\/picockpit.com\/raspberry-pi\/pt\/wp-json\/wp\/v2\/pages\/3231","targetHints":{"allow":["GET"]}}],"collection":[{"href":"https:\/\/picockpit.com\/raspberry-pi\/pt\/wp-json\/wp\/v2\/pages"}],"about":[{"href":"https:\/\/picockpit.com\/raspberry-pi\/pt\/wp-json\/wp\/v2\/types\/page"}],"author":[{"embeddable":true,"href":"https:\/\/picockpit.com\/raspberry-pi\/pt\/wp-json\/wp\/v2\/users\/2"}],"replies":[{"embeddable":true,"href":"https:\/\/picockpit.com\/raspberry-pi\/pt\/wp-json\/wp\/v2\/comments?post=3231"}],"version-history":[{"count":3,"href":"https:\/\/picockpit.com\/raspberry-pi\/pt\/wp-json\/wp\/v2\/pages\/3231\/revisions"}],"predecessor-version":[{"id":6526,"href":"https:\/\/picockpit.com\/raspberry-pi\/pt\/wp-json\/wp\/v2\/pages\/3231\/revisions\/6526"}],"wp:featuredmedia":[{"embeddable":true,"href":"https:\/\/picockpit.com\/raspberry-pi\/pt\/wp-json\/wp\/v2\/media\/6525"}],"wp:attachment":[{"href":"https:\/\/picockpit.com\/raspberry-pi\/pt\/wp-json\/wp\/v2\/media?parent=3231"}],"curies":[{"name":"wp","href":"https:\/\/api.w.org\/{rel}","templated":true}]}}