{"id":3597,"date":"2022-12-19T11:02:02","date_gmt":"2022-12-19T11:02:02","guid":{"rendered":"https:\/\/picockpit.com\/raspberry-pi\/?page_id=3597"},"modified":"2024-03-11T10:02:00","modified_gmt":"2024-03-11T10:02:00","slug":"picockpit-raspberry-pi-pico-w-installation","status":"publish","type":"page","link":"https:\/\/picockpit.com\/raspberry-pi\/pt\/picockpit-raspit-raspberry-pi-pico-w-installation\/","title":{"rendered":"Como instalar o PiCockpit num Pico W"},"content":{"rendered":"<figure class=\"wp-block-image size-large\"><img loading=\"lazy\" decoding=\"async\" width=\"1024\" height=\"322\" src=\"https:\/\/picockpit.com\/raspberry-pi\/wp-content\/uploads\/2023\/12\/PiCockpit-Pico-W-Installation-Title-Image-1024x322.png\" alt=\"PiCockpit Pico W Instala\u00e7\u00e3o T\u00edtulo Imagem\" class=\"wp-image-6488\" srcset=\"https:\/\/picockpit.com\/raspberry-pi\/wp-content\/uploads\/2023\/12\/PiCockpit-Pico-W-Installation-Title-Image-1024x322.png 1024w, https:\/\/picockpit.com\/raspberry-pi\/wp-content\/uploads\/2023\/12\/PiCockpit-Pico-W-Installation-Title-Image-300x94.png 300w, https:\/\/picockpit.com\/raspberry-pi\/wp-content\/uploads\/2023\/12\/PiCockpit-Pico-W-Installation-Title-Image-768x241.png 768w, https:\/\/picockpit.com\/raspberry-pi\/wp-content\/uploads\/2023\/12\/PiCockpit-Pico-W-Installation-Title-Image-18x6.png 18w, https:\/\/picockpit.com\/raspberry-pi\/wp-content\/uploads\/2023\/12\/PiCockpit-Pico-W-Installation-Title-Image-24x8.png 24w, https:\/\/picockpit.com\/raspberry-pi\/wp-content\/uploads\/2023\/12\/PiCockpit-Pico-W-Installation-Title-Image-36x11.png 36w, https:\/\/picockpit.com\/raspberry-pi\/wp-content\/uploads\/2023\/12\/PiCockpit-Pico-W-Installation-Title-Image-48x15.png 48w, https:\/\/picockpit.com\/raspberry-pi\/wp-content\/uploads\/2023\/12\/PiCockpit-Pico-W-Installation-Title-Image.png 1200w\" sizes=\"auto, (max-width: 1024px) 100vw, 1024px\" \/><\/figure>\n\n\n\n<p>Basta seguir estas instru\u00e7\u00f5es para adicionar o seu <a href=\"https:\/\/buyzero.de\/products\/raspberry-pi-pico-w-h-konfigurator-pico-pico-w-pico-h-pico-wh?variant=43536399958283\" target=\"_blank\" rel=\"noreferrer noopener\">Pico W<\/a> para o PiCockpit.<\/p>\n\n\n\n<p>Isto s\u00f3 funciona com o Pico W, n\u00e3o com o Pico. Os passos em '<em>Repor para as defini\u00e7\u00f5es de f\u00e1brica<\/em>' s\u00e3o necess\u00e1rios se j\u00e1 tiver utilizado o Pico para alguma coisa antes. <\/p>\n\n\n\n<p>Se tiver comprado um novo, pode n\u00e3o os utilizar, mas, de qualquer modo, n\u00e3o fazem mal nenhum.<\/p>\n\n\n\n<p>Aqui est\u00e3o 10 passos para instalar o PiCockpit Client no seu Pico W.<\/p>\n\n\n\n<h2 class=\"wp-block-heading has-text-align-left\">Repor as defini\u00e7\u00f5es de f\u00e1brica<\/h2>\n\n\n\n<p>1) Guarde todos os ficheiros do seu Pico que n\u00e3o quer perder! <em>(Se for <strong>n\u00e3o \u00e9<\/strong> um Pico novinho em folha - em geral, mais vale prevenir do que remediar).<\/em><\/p>\n\n\n\n<p>2) Prima o bot\u00e3o BOOTSEL enquanto o liga ao seu computador. O Pico deve aparecer como um volume montado. <\/p>\n\n\n\n<p>3) Reinicie o seu Pico <a href=\"https:\/\/picockpit.com\/pcp_js\/assets\/flash_nuke.uf2\" target=\"_blank\" rel=\"noreferrer noopener\">descarregar um Flash Nuke<\/a> e copiar o ficheiro uf2 para o Pico. Isto reinicializa o Pico para as configura\u00e7\u00f5es de f\u00e1brica.<\/p>\n\n\n\n<p>4) Desligar o Pico.<\/p>\n\n\n<div class=\"wp-block-image\">\n<figure class=\"aligncenter size-full is-resized\"><img loading=\"lazy\" decoding=\"async\" width=\"923\" height=\"282\" src=\"https:\/\/picockpit.com\/raspberry-pi\/wp-content\/uploads\/2022\/12\/one-1.png\" alt=\"\" class=\"wp-image-3616\" style=\"width:475px\" srcset=\"https:\/\/picockpit.com\/raspberry-pi\/wp-content\/uploads\/2022\/12\/one-1.png 923w, https:\/\/picockpit.com\/raspberry-pi\/wp-content\/uploads\/2022\/12\/one-1-300x92.png 300w, https:\/\/picockpit.com\/raspberry-pi\/wp-content\/uploads\/2022\/12\/one-1-768x235.png 768w, https:\/\/picockpit.com\/raspberry-pi\/wp-content\/uploads\/2022\/12\/one-1-18x5.png 18w\" sizes=\"auto, (max-width: 923px) 100vw, 923px\" \/><\/figure>\n<\/div>\n\n\n<h2 class=\"wp-block-heading has-text-align-left\">Instalar o PiCockpit<\/h2>\n\n\n\n<p>5) Ir para <a href=\"http:\/\/www.picockpit.com\" target=\"_blank\" rel=\"noreferrer noopener\">PiCockpit.com<\/a>. Fa\u00e7a o login e certifique-se de que tem apenas 4 Pis ou de que alargou o limite. Actualmente s\u00f3 permitimos um m\u00e1ximo de 5 Pis no nosso escal\u00e3o livre.<\/p>\n\n\n\n<p>6) Clique no bot\u00e3o \"<strong>Adicionar novo Pico W<\/strong>\", introduz as tuas informa\u00e7\u00f5es. Todas as informa\u00e7\u00f5es s\u00e3o guardadas apenas localmente e gravadas na imagem uf2 - por isso, n\u00e3o enviamos as tuas credenciais WiFi para o nosso servidor. Elas est\u00e3o seguras!<\/p>\n\n\n\n<p>7) Prima \"<strong>Gerar imagem uf2<\/strong>\". Isto permite descarregar a imagem.<\/p>\n\n\n\n<p>8) Prima o bot\u00e3o BOOTSEL enquanto liga o Pico ao seu computador.<\/p>\n\n\n\n<p>9) Copiar o ficheiro uf2 (<em>picockpit-picow-v2.5.0.uf2<\/em>) para o Pico.<\/p>\n\n\n\n<p>10) N\u00e3o desligue o Pico! Aguarde at\u00e9 que o Pico apare\u00e7a na interface Web. Isto deve demorar cerca de 2 minutos.<\/p>\n\n\n\n<p><br><\/p>\n\n\n<div class=\"wp-block-image\">\n<figure class=\"aligncenter size-full is-resized\"><img loading=\"lazy\" decoding=\"async\" width=\"525\" height=\"885\" src=\"https:\/\/picockpit.com\/raspberry-pi\/wp-content\/uploads\/2022\/12\/five-2.png\" alt=\"\" class=\"wp-image-3617\" style=\"width:475px\" srcset=\"https:\/\/picockpit.com\/raspberry-pi\/wp-content\/uploads\/2022\/12\/five-2.png 525w, https:\/\/picockpit.com\/raspberry-pi\/wp-content\/uploads\/2022\/12\/five-2-178x300.png 178w, https:\/\/picockpit.com\/raspberry-pi\/wp-content\/uploads\/2022\/12\/five-2-7x12.png 7w\" sizes=\"auto, (max-width: 525px) 100vw, 525px\" \/><\/figure>\n<\/div>\n\n\n<p><\/p>\n\n\n\n<p><\/p>\n\n\n\n<h2 class=\"wp-block-heading has-text-align-left\">FAQ<\/h2>\n\n\n\n<h3 class=\"wp-block-heading\"><strong>Porque \u00e9 que o <\/strong>o meu Pico W aparece como um volume montado?<\/h3>\n\n\n\n<p>A raz\u00e3o mais comum para este problema \u00e9 a utiliza\u00e7\u00e3o do tipo errado de cabo USB. Os Pico W t\u00eam uma porta micro USB, mas os cabos USB existem frequentemente em duas variedades: cabos de dados e cabos de carregamento. Um cabo de carregamento n\u00e3o monta o Pico W, pelo que deve certificar-se de que est\u00e1 a utilizar um cabo de dados.<\/p>\n\n\n\n<h3 class=\"wp-block-heading\"><strong>Qual \u00e9 o n\u00famero de s\u00e9rie que aparece na interface?<\/strong><\/h3>\n\n\n\n<p>Trata-se simplesmente de um UUID que \u00e9 gerado aleatoriamente. Atualmente, n\u00e3o existe um n\u00famero de s\u00e9rie num Pico W.<\/p>\n<div class=\"shariff shariff-align-center shariff-widget-align-left shariff-buttonstretch\"><ul class=\"shariff-buttons theme-white orientation-horizontal buttonsize-medium\"><li class=\"shariff-button twitter shariff-nocustomcolor\" style=\"background-color:#595959\"><a href=\"https:\/\/twitter.com\/share?url=https%3A%2F%2Fpicockpit.com%2Fraspberry-pi%2Fpt%2Fpicockpit-raspit-raspberry-pi-pico-w-installation%2F&text=How%20to%20Install%20PiCockpit%20on%20a%20Pico%20W\" title=\"Compartilhar no X\" aria-label=\"Compartilhar no X\" role=\"button\" rel=\"noopener nofollow\" class=\"shariff-link\" style=\"; background-color:#000; color:#000\" target=\"_blank\"><span class=\"shariff-icon\" style=\"fill:#000\"><svg width=\"32px\" height=\"20px\" xmlns=\"http:\/\/www.w3.org\/2000\/svg\" viewbox=\"0 0 24 24\"><path fill=\"#000\" d=\"M14.258 10.152L23.176 0h-2.113l-7.747 8.813L7.133 0H0l9.352 13.328L0 23.973h2.113l8.176-9.309 6.531 9.309h7.133zm-2.895 3.293l-.949-1.328L2.875 1.56h3.246l6.086 8.523.945 1.328 7.91 11.078h-3.246zm0 0\"\/><\/svg><\/span><span class=\"shariff-text\" style=\"color:#000\">partilhar<\/span>&nbsp;<\/a><\/li><li class=\"shariff-button facebook shariff-nocustomcolor\" style=\"background-color:#4273c8\"><a href=\"https:\/\/www.facebook.com\/sharer\/sharer.php?u=https%3A%2F%2Fpicockpit.com%2Fraspberry-pi%2Fpt%2Fpicockpit-raspit-raspberry-pi-pico-w-installation%2F\" title=\"Partilhar no Facebook\" aria-label=\"Partilhar no Facebook\" role=\"button\" rel=\"nofollow\" class=\"shariff-link\" style=\"; background-color:#3b5998; color:#3b5998\" target=\"_blank\"><span class=\"shariff-icon\" style=\"fill:#3b5998\"><svg width=\"32px\" height=\"20px\" xmlns=\"http:\/\/www.w3.org\/2000\/svg\" viewbox=\"0 0 18 32\"><path fill=\"#3b5998\" d=\"M17.1 0.2v4.7h-2.8q-1.5 0-2.1 0.6t-0.5 1.9v3.4h5.2l-0.7 5.3h-4.5v13.6h-5.5v-13.6h-4.5v-5.3h4.5v-3.9q0-3.3 1.9-5.2t5-1.8q2.6 0 4.1 0.2z\"\/><\/svg><\/span><span class=\"shariff-text\" style=\"color:#3b5998\">partilhar<\/span>&nbsp;<\/a><\/li><li class=\"shariff-button telegram shariff-nocustomcolor\" style=\"background-color:#4084A6\"><a href=\"https:\/\/telegram.me\/share\/url?url=https%3A%2F%2Fpicockpit.com%2Fraspberry-pi%2Fpt%2Fpicockpit-raspit-raspberry-pi-pico-w-installation%2F&text=How%20to%20Install%20PiCockpit%20on%20a%20Pico%20W\" title=\"Compartilhar no Telegram\" aria-label=\"Compartilhar no Telegram\" role=\"button\" rel=\"noopener nofollow\" class=\"shariff-link\" style=\"; background-color:#0088cc; color:#0088cc\" target=\"_blank\"><span class=\"shariff-icon\" style=\"fill:#0088cc\"><svg width=\"32px\" height=\"20px\" xmlns=\"http:\/\/www.w3.org\/2000\/svg\" viewbox=\"0 0 32 32\"><path fill=\"#0088cc\" d=\"M30.8 6.5l-4.5 21.4c-.3 1.5-1.2 1.9-2.5 1.2L16.9 24l-3.3 3.2c-.4.4-.7.7-1.4.7l.5-7L25.5 9.2c.6-.5-.1-.8-.9-.3l-15.8 10L2 16.7c-1.5-.5-1.5-1.5.3-2.2L28.9 4.3c1.3-.5 2.3.3 1.9 2.2z\"\/><\/svg><\/span><span class=\"shariff-text\" style=\"color:#0088cc\">partilhar<\/span>&nbsp;<\/a><\/li><li class=\"shariff-button reddit shariff-nocustomcolor\" style=\"background-color:#ff5700\"><a href=\"https:\/\/www.reddit.com\/submit?url=https%3A%2F%2Fpicockpit.com%2Fraspberry-pi%2Fpt%2Fpicockpit-raspit-raspberry-pi-pico-w-installation%2F\" title=\"Compartilhar no Reddit\" aria-label=\"Compartilhar no Reddit\" role=\"button\" rel=\"noopener nofollow\" class=\"shariff-link\" style=\"; background-color:#ff4500; color:#ff4500\" target=\"_blank\"><span class=\"shariff-icon\" style=\"fill:#ff4500\"><svg xmlns=\"http:\/\/www.w3.org\/2000\/svg\" viewbox=\"0 0 512 512\"><path fill=\"#ff4500\" d=\"M440.3 203.5c-15 0-28.2 6.2-37.9 15.9-35.7-24.7-83.8-40.6-137.1-42.3L293 52.3l88.2 19.8c0 21.6 17.6 39.2 39.2 39.2 22 0 39.7-18.1 39.7-39.7s-17.6-39.7-39.7-39.7c-15.4 0-28.7 9.3-35.3 22l-97.4-21.6c-4.9-1.3-9.7 2.2-11 7.1L246.3 177c-52.9 2.2-100.5 18.1-136.3 42.8-9.7-10.1-23.4-16.3-38.4-16.3-55.6 0-73.8 74.6-22.9 100.1-1.8 7.9-2.6 16.3-2.6 24.7 0 83.8 94.4 151.7 210.3 151.7 116.4 0 210.8-67.9 210.8-151.7 0-8.4-.9-17.2-3.1-25.1 49.9-25.6 31.5-99.7-23.8-99.7zM129.4 308.9c0-22 17.6-39.7 39.7-39.7 21.6 0 39.2 17.6 39.2 39.7 0 21.6-17.6 39.2-39.2 39.2-22 .1-39.7-17.6-39.7-39.2zm214.3 93.5c-36.4 36.4-139.1 36.4-175.5 0-4-3.5-4-9.7 0-13.7 3.5-3.5 9.7-3.5 13.2 0 27.8 28.5 120 29 149 0 3.5-3.5 9.7-3.5 13.2 0 4.1 4 4.1 10.2.1 13.7zm-.8-54.2c-21.6 0-39.2-17.6-39.2-39.2 0-22 17.6-39.7 39.2-39.7 22 0 39.7 17.6 39.7 39.7-.1 21.5-17.7 39.2-39.7 39.2z\"\/><\/svg><\/span><span class=\"shariff-text\" style=\"color:#ff4500\">partilhar<\/span>&nbsp;<\/a><\/li><\/ul><\/div>","protected":false},"excerpt":{"rendered":"<p>Basta seguir estas instru\u00e7\u00f5es para adicionar o seu Pico W ao PiCockpit. Isto s\u00f3 funciona com o Pico W, n\u00e3o com o Pico. Os passos em \"Repor as defini\u00e7\u00f5es de f\u00e1brica\" s\u00e3o necess\u00e1rios se j\u00e1 tiveres utilizado o teu Pico para alguma coisa. Se tiveres comprado um novo, podes ignor\u00e1-los, mas n\u00e3o fazem mal nenhum...<\/p>","protected":false},"author":7,"featured_media":6488,"parent":0,"menu_order":0,"comment_status":"closed","ping_status":"closed","template":"","meta":{"footnotes":""},"class_list":["post-3597","page","type-page","status-publish","has-post-thumbnail","hentry"],"yoast_head":"<!-- This site is optimized with the Yoast SEO plugin v27.4 - https:\/\/yoast.com\/product\/yoast-seo-wordpress\/ -->\n<title>How to Install PiCockpit on a Pico W | PiCockpit<\/title>\n<meta name=\"description\" content=\"This page explains how to install PiCockpit onto a Raspberry Pi Pico W so that you can control and monitor your Pico W.\" \/>\n<meta name=\"robots\" content=\"index, follow, max-snippet:-1, max-image-preview:large, max-video-preview:-1\" \/>\n<link rel=\"canonical\" href=\"https:\/\/picockpit.com\/raspberry-pi\/pt\/picockpit-raspit-raspberry-pi-pico-w-installation\/\" \/>\n<meta property=\"og:locale\" content=\"pt_PT\" \/>\n<meta property=\"og:type\" content=\"article\" \/>\n<meta property=\"og:title\" content=\"How to Install PiCockpit on a Pico W | PiCockpit\" \/>\n<meta property=\"og:description\" content=\"This page explains how to install PiCockpit onto a Raspberry Pi Pico W so that you can control and monitor your Pico W.\" \/>\n<meta property=\"og:url\" content=\"https:\/\/picockpit.com\/raspberry-pi\/pt\/picockpit-raspit-raspberry-pi-pico-w-installation\/\" \/>\n<meta property=\"og:site_name\" content=\"PiCockpit\" \/>\n<meta property=\"article:publisher\" content=\"https:\/\/www.facebook.com\/pi3gshop\" \/>\n<meta property=\"article:modified_time\" content=\"2024-03-11T10:02:00+00:00\" \/>\n<meta property=\"og:image\" content=\"https:\/\/picockpit.com\/raspberry-pi\/wp-content\/uploads\/2023\/12\/PiCockpit-Pico-W-Installation-Title-Image.png\" \/>\n\t<meta property=\"og:image:width\" content=\"1200\" \/>\n\t<meta property=\"og:image:height\" content=\"377\" \/>\n\t<meta property=\"og:image:type\" content=\"image\/png\" \/>\n<meta name=\"twitter:card\" content=\"summary_large_image\" \/>\n<meta name=\"twitter:site\" content=\"@pi3g\" \/>\n<meta name=\"twitter:label1\" content=\"Tempo estimado de leitura\" \/>\n\t<meta name=\"twitter:data1\" content=\"3 minutos\" \/>\n<script type=\"application\/ld+json\" class=\"yoast-schema-graph\">{\"@context\":\"https:\\\/\\\/schema.org\",\"@graph\":[{\"@type\":\"WebPage\",\"@id\":\"https:\\\/\\\/picockpit.com\\\/raspberry-pi\\\/picockpit-raspberry-pi-pico-w-installation\\\/\",\"url\":\"https:\\\/\\\/picockpit.com\\\/raspberry-pi\\\/picockpit-raspberry-pi-pico-w-installation\\\/\",\"name\":\"How to Install PiCockpit on a Pico W | PiCockpit\",\"isPartOf\":{\"@id\":\"https:\\\/\\\/picockpit.com\\\/raspberry-pi\\\/#website\"},\"primaryImageOfPage\":{\"@id\":\"https:\\\/\\\/picockpit.com\\\/raspberry-pi\\\/picockpit-raspberry-pi-pico-w-installation\\\/#primaryimage\"},\"image\":{\"@id\":\"https:\\\/\\\/picockpit.com\\\/raspberry-pi\\\/picockpit-raspberry-pi-pico-w-installation\\\/#primaryimage\"},\"thumbnailUrl\":\"https:\\\/\\\/picockpit.com\\\/raspberry-pi\\\/wp-content\\\/uploads\\\/2023\\\/12\\\/PiCockpit-Pico-W-Installation-Title-Image.png\",\"datePublished\":\"2022-12-19T11:02:02+00:00\",\"dateModified\":\"2024-03-11T10:02:00+00:00\",\"description\":\"This page explains how to install PiCockpit onto a Raspberry Pi Pico W so that you can control and monitor your Pico W.\",\"breadcrumb\":{\"@id\":\"https:\\\/\\\/picockpit.com\\\/raspberry-pi\\\/picockpit-raspberry-pi-pico-w-installation\\\/#breadcrumb\"},\"inLanguage\":\"pt-PT\",\"potentialAction\":[{\"@type\":\"ReadAction\",\"target\":[\"https:\\\/\\\/picockpit.com\\\/raspberry-pi\\\/picockpit-raspberry-pi-pico-w-installation\\\/\"]}]},{\"@type\":\"ImageObject\",\"inLanguage\":\"pt-PT\",\"@id\":\"https:\\\/\\\/picockpit.com\\\/raspberry-pi\\\/picockpit-raspberry-pi-pico-w-installation\\\/#primaryimage\",\"url\":\"https:\\\/\\\/picockpit.com\\\/raspberry-pi\\\/wp-content\\\/uploads\\\/2023\\\/12\\\/PiCockpit-Pico-W-Installation-Title-Image.png\",\"contentUrl\":\"https:\\\/\\\/picockpit.com\\\/raspberry-pi\\\/wp-content\\\/uploads\\\/2023\\\/12\\\/PiCockpit-Pico-W-Installation-Title-Image.png\",\"width\":1200,\"height\":377,\"caption\":\"PiCockpit Pico W Installation Title Image\"},{\"@type\":\"BreadcrumbList\",\"@id\":\"https:\\\/\\\/picockpit.com\\\/raspberry-pi\\\/picockpit-raspberry-pi-pico-w-installation\\\/#breadcrumb\",\"itemListElement\":[{\"@type\":\"ListItem\",\"position\":1,\"name\":\"Home\",\"item\":\"https:\\\/\\\/picockpit.com\\\/raspberry-pi\\\/\"},{\"@type\":\"ListItem\",\"position\":2,\"name\":\"How to Install PiCockpit on a Pico W\"}]},{\"@type\":\"WebSite\",\"@id\":\"https:\\\/\\\/picockpit.com\\\/raspberry-pi\\\/#website\",\"url\":\"https:\\\/\\\/picockpit.com\\\/raspberry-pi\\\/\",\"name\":\"PiCockpit\",\"description\":\"\",\"publisher\":{\"@id\":\"https:\\\/\\\/picockpit.com\\\/raspberry-pi\\\/#organization\"},\"potentialAction\":[{\"@type\":\"SearchAction\",\"target\":{\"@type\":\"EntryPoint\",\"urlTemplate\":\"https:\\\/\\\/picockpit.com\\\/raspberry-pi\\\/?s={search_term_string}\"},\"query-input\":{\"@type\":\"PropertyValueSpecification\",\"valueRequired\":true,\"valueName\":\"search_term_string\"}}],\"inLanguage\":\"pt-PT\"},{\"@type\":\"Organization\",\"@id\":\"https:\\\/\\\/picockpit.com\\\/raspberry-pi\\\/#organization\",\"name\":\"PiCockpit.com\",\"url\":\"https:\\\/\\\/picockpit.com\\\/raspberry-pi\\\/\",\"logo\":{\"@type\":\"ImageObject\",\"inLanguage\":\"pt-PT\",\"@id\":\"https:\\\/\\\/picockpit.com\\\/raspberry-pi\\\/#\\\/schema\\\/logo\\\/image\\\/\",\"url\":\"https:\\\/\\\/picockpit.com\\\/raspberry-pi\\\/wp-content\\\/uploads\\\/2023\\\/07\\\/Screenshot-from-2023-07-24-15-01-24.png\",\"contentUrl\":\"https:\\\/\\\/picockpit.com\\\/raspberry-pi\\\/wp-content\\\/uploads\\\/2023\\\/07\\\/Screenshot-from-2023-07-24-15-01-24.png\",\"width\":1165,\"height\":283,\"caption\":\"PiCockpit.com\"},\"image\":{\"@id\":\"https:\\\/\\\/picockpit.com\\\/raspberry-pi\\\/#\\\/schema\\\/logo\\\/image\\\/\"},\"sameAs\":[\"https:\\\/\\\/www.facebook.com\\\/pi3gshop\",\"https:\\\/\\\/x.com\\\/pi3g\"]}]}<\/script>\n<!-- \/ Yoast SEO plugin. -->","yoast_head_json":{"title":"Como instalar o PiCockpit em um Pico W | PiCockpit","description":"Esta p\u00e1gina explica como instalar o PiCockpit num Raspberry Pi Pico W para que possa controlar e monitorizar o seu Pico W.","robots":{"index":"index","follow":"follow","max-snippet":"max-snippet:-1","max-image-preview":"max-image-preview:large","max-video-preview":"max-video-preview:-1"},"canonical":"https:\/\/picockpit.com\/raspberry-pi\/pt\/picockpit-raspit-raspberry-pi-pico-w-installation\/","og_locale":"pt_PT","og_type":"article","og_title":"How to Install PiCockpit on a Pico W | PiCockpit","og_description":"This page explains how to install PiCockpit onto a Raspberry Pi Pico W so that you can control and monitor your Pico W.","og_url":"https:\/\/picockpit.com\/raspberry-pi\/pt\/picockpit-raspit-raspberry-pi-pico-w-installation\/","og_site_name":"PiCockpit","article_publisher":"https:\/\/www.facebook.com\/pi3gshop","article_modified_time":"2024-03-11T10:02:00+00:00","og_image":[{"width":1200,"height":377,"url":"https:\/\/picockpit.com\/raspberry-pi\/wp-content\/uploads\/2023\/12\/PiCockpit-Pico-W-Installation-Title-Image.png","type":"image\/png"}],"twitter_card":"summary_large_image","twitter_site":"@pi3g","twitter_misc":{"Tempo estimado de leitura":"3 minutos"},"schema":{"@context":"https:\/\/schema.org","@graph":[{"@type":"WebPage","@id":"https:\/\/picockpit.com\/raspberry-pi\/picockpit-raspberry-pi-pico-w-installation\/","url":"https:\/\/picockpit.com\/raspberry-pi\/picockpit-raspberry-pi-pico-w-installation\/","name":"Como instalar o PiCockpit em um Pico W | PiCockpit","isPartOf":{"@id":"https:\/\/picockpit.com\/raspberry-pi\/#website"},"primaryImageOfPage":{"@id":"https:\/\/picockpit.com\/raspberry-pi\/picockpit-raspberry-pi-pico-w-installation\/#primaryimage"},"image":{"@id":"https:\/\/picockpit.com\/raspberry-pi\/picockpit-raspberry-pi-pico-w-installation\/#primaryimage"},"thumbnailUrl":"https:\/\/picockpit.com\/raspberry-pi\/wp-content\/uploads\/2023\/12\/PiCockpit-Pico-W-Installation-Title-Image.png","datePublished":"2022-12-19T11:02:02+00:00","dateModified":"2024-03-11T10:02:00+00:00","description":"Esta p\u00e1gina explica como instalar o PiCockpit num Raspberry Pi Pico W para que possa controlar e monitorizar o seu Pico W.","breadcrumb":{"@id":"https:\/\/picockpit.com\/raspberry-pi\/picockpit-raspberry-pi-pico-w-installation\/#breadcrumb"},"inLanguage":"pt-PT","potentialAction":[{"@type":"ReadAction","target":["https:\/\/picockpit.com\/raspberry-pi\/picockpit-raspberry-pi-pico-w-installation\/"]}]},{"@type":"ImageObject","inLanguage":"pt-PT","@id":"https:\/\/picockpit.com\/raspberry-pi\/picockpit-raspberry-pi-pico-w-installation\/#primaryimage","url":"https:\/\/picockpit.com\/raspberry-pi\/wp-content\/uploads\/2023\/12\/PiCockpit-Pico-W-Installation-Title-Image.png","contentUrl":"https:\/\/picockpit.com\/raspberry-pi\/wp-content\/uploads\/2023\/12\/PiCockpit-Pico-W-Installation-Title-Image.png","width":1200,"height":377,"caption":"PiCockpit Pico W Installation Title Image"},{"@type":"BreadcrumbList","@id":"https:\/\/picockpit.com\/raspberry-pi\/picockpit-raspberry-pi-pico-w-installation\/#breadcrumb","itemListElement":[{"@type":"ListItem","position":1,"name":"Home","item":"https:\/\/picockpit.com\/raspberry-pi\/"},{"@type":"ListItem","position":2,"name":"How to Install PiCockpit on a Pico W"}]},{"@type":"WebSite","@id":"https:\/\/picockpit.com\/raspberry-pi\/#website","url":"https:\/\/picockpit.com\/raspberry-pi\/","name":"PiCockpit","description":"","publisher":{"@id":"https:\/\/picockpit.com\/raspberry-pi\/#organization"},"potentialAction":[{"@type":"SearchAction","target":{"@type":"EntryPoint","urlTemplate":"https:\/\/picockpit.com\/raspberry-pi\/?s={search_term_string}"},"query-input":{"@type":"PropertyValueSpecification","valueRequired":true,"valueName":"search_term_string"}}],"inLanguage":"pt-PT"},{"@type":"Organization","@id":"https:\/\/picockpit.com\/raspberry-pi\/#organization","name":"PiCockpit.com","url":"https:\/\/picockpit.com\/raspberry-pi\/","logo":{"@type":"ImageObject","inLanguage":"pt-PT","@id":"https:\/\/picockpit.com\/raspberry-pi\/#\/schema\/logo\/image\/","url":"https:\/\/picockpit.com\/raspberry-pi\/wp-content\/uploads\/2023\/07\/Screenshot-from-2023-07-24-15-01-24.png","contentUrl":"https:\/\/picockpit.com\/raspberry-pi\/wp-content\/uploads\/2023\/07\/Screenshot-from-2023-07-24-15-01-24.png","width":1165,"height":283,"caption":"PiCockpit.com"},"image":{"@id":"https:\/\/picockpit.com\/raspberry-pi\/#\/schema\/logo\/image\/"},"sameAs":["https:\/\/www.facebook.com\/pi3gshop","https:\/\/x.com\/pi3g"]}]}},"_links":{"self":[{"href":"https:\/\/picockpit.com\/raspberry-pi\/pt\/wp-json\/wp\/v2\/pages\/3597","targetHints":{"allow":["GET"]}}],"collection":[{"href":"https:\/\/picockpit.com\/raspberry-pi\/pt\/wp-json\/wp\/v2\/pages"}],"about":[{"href":"https:\/\/picockpit.com\/raspberry-pi\/pt\/wp-json\/wp\/v2\/types\/page"}],"author":[{"embeddable":true,"href":"https:\/\/picockpit.com\/raspberry-pi\/pt\/wp-json\/wp\/v2\/users\/7"}],"replies":[{"embeddable":true,"href":"https:\/\/picockpit.com\/raspberry-pi\/pt\/wp-json\/wp\/v2\/comments?post=3597"}],"version-history":[{"count":16,"href":"https:\/\/picockpit.com\/raspberry-pi\/pt\/wp-json\/wp\/v2\/pages\/3597\/revisions"}],"predecessor-version":[{"id":6998,"href":"https:\/\/picockpit.com\/raspberry-pi\/pt\/wp-json\/wp\/v2\/pages\/3597\/revisions\/6998"}],"wp:featuredmedia":[{"embeddable":true,"href":"https:\/\/picockpit.com\/raspberry-pi\/pt\/wp-json\/wp\/v2\/media\/6488"}],"wp:attachment":[{"href":"https:\/\/picockpit.com\/raspberry-pi\/pt\/wp-json\/wp\/v2\/media?parent=3597"}],"curies":[{"name":"wp","href":"https:\/\/api.w.org\/{rel}","templated":true}]}}