{"id":60,"date":"2020-11-08T11:49:56","date_gmt":"2020-11-08T11:49:56","guid":{"rendered":"https:\/\/picockpit.com\/raspberry-pi\/?page_id=60"},"modified":"2024-04-04T13:19:39","modified_gmt":"2024-04-04T13:19:39","slug":"picockpit-terms-of-service","status":"publish","type":"page","link":"https:\/\/picockpit.com\/raspberry-pi\/pt\/picockpit-terms-of-service\/","title":{"rendered":"Termos do Servi\u00e7o PiCockpit"},"content":{"rendered":"<h2 class=\"wp-block-heading\"><strong>Termos do servi\u00e7o<\/strong><\/h2>\n\n\n\n<p>Estes Termos de Servi\u00e7o regem a sua utiliza\u00e7\u00e3o do website www.picockpit.com (\"Site\") operado pela pi3g GmbH &amp; Co. KG (\"pi3g\", \"n\u00f3s\", \"nosso\", ou \"nos\"). Ao aceder ou utilizar o Site, o utilizador concorda em ficar vinculado a estes Termos. Se n\u00e3o concordar com estes Termos, n\u00e3o poder\u00e1 aceder ou utilizar o Site.<\/p>\n\n\n\n<p>Estes Termos de Servi\u00e7o tamb\u00e9m se aplicam a qualquer utiliza\u00e7\u00e3o do Cliente PiCockpit e do servi\u00e7o PiCockpit em geral.<\/p>\n\n\n\n<p>As Condi\u00e7\u00f5es Gerais de Utiliza\u00e7\u00e3o oficiais s\u00e3o redigidas e apresentadas em ingl\u00eas. N\u00e3o nos responsabilizamos por erros de tradu\u00e7\u00e3o.<\/p>\n\n\n\n<ol class=\"wp-block-list\">\n<li>Acordo sobre as condi\u00e7\u00f5es<\/li>\n<\/ol>\n\n\n\n<p>Ao utilizar o servi\u00e7o fornecido no Site, est\u00e1 a concordar em ficar vinculado aos seguintes termos e condi\u00e7\u00f5es. Estes Termos de Servi\u00e7o, juntamente com qualquer formul\u00e1rio de encomenda aplic\u00e1vel, constituem o entendimento e acordo total e exclusivo entre a pi3g e o utilizador relativamente ao servi\u00e7o, e estes Termos de Servi\u00e7o substituem todos e quaisquer entendimentos ou acordos orais ou escritos anteriores entre a pi3g e o utilizador relativamente ao servi\u00e7o.<\/p>\n\n\n\n<ol class=\"wp-block-list\" start=\"2\">\n<li>Modifica\u00e7\u00e3o<\/li>\n<\/ol>\n\n\n\n<p>Reservamo-nos o direito de modificar estes Termos de Servi\u00e7o em qualquer altura, de acordo com o nosso crit\u00e9rio exclusivo. \u00c9 importante que o utilizador reveja os Termos de Servi\u00e7o sempre que os modificarmos, porque se continuar a utilizar o servi\u00e7o depois de termos publicado os Termos de Servi\u00e7o modificados no Site, est\u00e1 a indicar-nos que concorda em ficar vinculado aos Termos modificados. Se o utilizador n\u00e3o concordar em ficar vinculado aos Termos de Servi\u00e7o modificados, n\u00e3o poder\u00e1 utilizar o nosso servi\u00e7o.<\/p>\n\n\n\n<ol class=\"wp-block-list\" start=\"3\">\n<li>Capacidade de aceitar as condi\u00e7\u00f5es<\/li>\n<\/ol>\n\n\n\n<p>O S\u00edtio destina-se a indiv\u00edduos com idade igual ou superior a treze (13) anos. O utilizador deve ter 13 anos ou mais para utilizar o servi\u00e7o. S\u00f3 os seres humanos podem utilizar o servi\u00e7o, que s\u00f3 pode ser utilizado se o utilizador criar uma conta (\"Conta\"). N\u00e3o permitimos que bots ou outras ferramentas de automatiza\u00e7\u00e3o registem Contas, e \u00e9 proibido registar uma Conta desta forma. O utilizador tem de fornecer as informa\u00e7\u00f5es de que necessitamos para concluir o registo de uma Conta, incluindo o seu nome, um endere\u00e7o de correio eletr\u00f3nico v\u00e1lido e quaisquer outras informa\u00e7\u00f5es que solicitemos durante o processo de registo.<\/p>\n\n\n\n<ol class=\"wp-block-list\" start=\"4\">\n<li>Utiliza\u00e7\u00e3o de conte\u00fados<\/li>\n<\/ol>\n\n\n\n<p>O conte\u00fado do S\u00edtio \u00e9 fornecido ao utilizador apenas para sua informa\u00e7\u00e3o e utiliza\u00e7\u00e3o pessoal e n\u00e3o pode ser utilizado, modificado, copiado, distribu\u00eddo, transmitido, difundido, apresentado, vendido, licenciado, descompilado ou explorado de outra forma para quaisquer outros fins sem o nosso consentimento pr\u00e9vio por escrito.<\/p>\n\n\n\n<ol class=\"wp-block-list\" start=\"5\">\n<li>Direitos de propriedade intelectual<\/li>\n<\/ol>\n\n\n\n<p>Todo o conte\u00fado do Site, incluindo o texto, documentos, artigos, brochuras, descri\u00e7\u00f5es, produtos, software, gr\u00e1ficos, fotografias, sons, v\u00eddeos, funcionalidades interactivas e servi\u00e7os, s\u00e3o propriedade da pi3g e\/ou dos seus licenciadores e podem estar protegidos por direitos de autor aplic\u00e1veis ou outras leis e tratados de propriedade intelectual. O PiCockpit est\u00e1 protegido por direitos de autor. Todos os direitos reservados. \u00c9 proibida a utiliza\u00e7\u00e3o, reprodu\u00e7\u00e3o ou distribui\u00e7\u00e3o n\u00e3o autorizada do PiCockpit ou dos seus componentes.<\/p>\n\n\n\n<ol class=\"wp-block-list\" start=\"6\">\n<li>Pagamento<\/li>\n<\/ol>\n\n\n\n<p>O pagamento de um plano pago (PiCockpit Pro &amp; PiCockpit Pro Plus) ocorre atrav\u00e9s de sistemas de pagamento online operados por terceiros, como o Stripe, que podemos utilizar para o processamento do pagamento.<\/p>\n\n\n\n<ol class=\"wp-block-list\" start=\"7\">\n<li>Limita\u00e7\u00e3o da responsabilidade<\/li>\n<\/ol>\n\n\n\n<p>Na medida m\u00e1xima permitida por lei, a pi3g n\u00e3o ser\u00e1 respons\u00e1vel por quaisquer danos directos, indirectos, exemplares, especiais, consequenciais ou incidentais de qualquer tipo, ou por qualquer perda de dados, receitas, lucros ou reputa\u00e7\u00e3o, decorrentes destes Termos de Servi\u00e7o ou da sua utiliza\u00e7\u00e3o, ou incapacidade de utiliza\u00e7\u00e3o, do S\u00edtio.<\/p>\n\n\n\n<ol class=\"wp-block-list\" start=\"8\">\n<li>Garantia<\/li>\n<\/ol>\n\n\n\n<p>O PiCockpit \u00e9 fornecido \"tal como est\u00e1\", sem qualquer tipo de garantia, expressa ou impl\u00edcita. N\u00e3o garantimos que o servi\u00e7o seja ininterrupto, livre de erros ou livre de viola\u00e7\u00f5es de seguran\u00e7a ou ataques.<\/p>\n\n\n\n<ol class=\"wp-block-list\" start=\"9\">\n<li>Reembolsos<\/li>\n<\/ol>\n\n\n\n<p>Oferecemos reembolsos no prazo de 30 dias ap\u00f3s a compra inicial de um PiCockpit Pro ou de um plano de pagamento PiCockpit Pro Plus. Para solicitar um reembolso, contacte-nos atrav\u00e9s de <a href=\"mailto:info@picockpit.com\">info@picockpit.com<\/a>.<\/p>\n\n\n\n<ol class=\"wp-block-list\" start=\"10\">\n<li>Pol\u00edtica de pre\u00e7os<\/li>\n<\/ol>\n\n\n\n<p>Os pre\u00e7os actuais est\u00e3o dispon\u00edveis em <a href=\"https:\/\/picockpit.com\/raspberry-pi\/picockpit-pricing\/\">https:\/\/picockpit.com\/raspberry-pi\/picockpit-pricing\/<\/a>. Reservamo-nos o direito de ajustar o pre\u00e7o com um m\u00eas de aviso pr\u00e9vio aos utilizadores existentes.<\/p>\n\n\n\n<ol class=\"wp-block-list\" start=\"11\">\n<li>Cancelamento<\/li>\n<\/ol>\n\n\n\n<p>Os utilizadores podem cancelar as suas contas a qualquer momento. Ap\u00f3s o cancelamento, os seus dados ser\u00e3o eliminados dos nossos sistemas.<\/p>\n\n\n\n<p>No entanto, ap\u00f3s o per\u00edodo de 30 dias ap\u00f3s a compra inicial, qualquer cancelamento n\u00e3o resultar\u00e1 num reembolso, incluindo do per\u00edodo de pagamento atual.<\/p>\n\n\n\n<ol class=\"wp-block-list\" start=\"12\">\n<li>Geral<\/li>\n<\/ol>\n\n\n\n<p>A Pi3g reserva-se o direito de descontinuar ou modificar qualquer aspeto do servi\u00e7o PiCockpit a qualquer momento, incluindo o site, o cliente, e qualquer outro elemento do PiCockpit. Se qualquer disposi\u00e7\u00e3o destes Termos for considerada inv\u00e1lida por um tribunal de jurisdi\u00e7\u00e3o competente, a invalidade de tal disposi\u00e7\u00e3o n\u00e3o afectar\u00e1 a validade das restantes disposi\u00e7\u00f5es destes Termos de Servi\u00e7o, que permanecer\u00e3o em pleno vigor e efeito.<\/p>\n\n\n\n<hr class=\"wp-block-separator has-alpha-channel-opacity\"\/>\n\n\n\n<h3 class=\"wp-block-heading\">O servi\u00e7o \u00e9 prestado por:<\/h3>\n\n\n\n<p> pi3g GmbH &amp; Co. KG<br> Zschochersche Allee 1<br> 04207 Leipzig<br>Alemanha <\/p>\n\n\n\n<h3 class=\"wp-block-heading\">Contato<\/h3>\n\n\n\n<p>Por favor&nbsp;<a href=\"https:\/\/pi3g.com\/kontakt\/\">contacte-nos<\/a>&nbsp;em caso de d\u00favidas.<\/p>\n<div class=\"shariff shariff-align-center shariff-widget-align-left shariff-buttonstretch\"><ul class=\"shariff-buttons theme-white orientation-horizontal buttonsize-medium\"><li class=\"shariff-button twitter shariff-nocustomcolor\" style=\"background-color:#595959\"><a href=\"https:\/\/twitter.com\/share?url=https%3A%2F%2Fpicockpit.com%2Fraspberry-pi%2Fpt%2Fpicockpit-terms-of-service%2F&text=PiCockpit%20Terms%20of%20Service\" title=\"Compartilhar no X\" aria-label=\"Compartilhar no X\" role=\"button\" rel=\"noopener nofollow\" class=\"shariff-link\" style=\"; background-color:#000; color:#000\" target=\"_blank\"><span class=\"shariff-icon\" style=\"fill:#000\"><svg width=\"32px\" height=\"20px\" xmlns=\"http:\/\/www.w3.org\/2000\/svg\" viewbox=\"0 0 24 24\"><path fill=\"#000\" d=\"M14.258 10.152L23.176 0h-2.113l-7.747 8.813L7.133 0H0l9.352 13.328L0 23.973h2.113l8.176-9.309 6.531 9.309h7.133zm-2.895 3.293l-.949-1.328L2.875 1.56h3.246l6.086 8.523.945 1.328 7.91 11.078h-3.246zm0 0\"\/><\/svg><\/span><span class=\"shariff-text\" style=\"color:#000\">partilhar<\/span>&nbsp;<\/a><\/li><li class=\"shariff-button facebook shariff-nocustomcolor\" style=\"background-color:#4273c8\"><a href=\"https:\/\/www.facebook.com\/sharer\/sharer.php?u=https%3A%2F%2Fpicockpit.com%2Fraspberry-pi%2Fpt%2Fpicockpit-terms-of-service%2F\" title=\"Partilhar no Facebook\" aria-label=\"Partilhar no Facebook\" role=\"button\" rel=\"nofollow\" class=\"shariff-link\" style=\"; background-color:#3b5998; color:#3b5998\" target=\"_blank\"><span class=\"shariff-icon\" style=\"fill:#3b5998\"><svg width=\"32px\" height=\"20px\" xmlns=\"http:\/\/www.w3.org\/2000\/svg\" viewbox=\"0 0 18 32\"><path fill=\"#3b5998\" d=\"M17.1 0.2v4.7h-2.8q-1.5 0-2.1 0.6t-0.5 1.9v3.4h5.2l-0.7 5.3h-4.5v13.6h-5.5v-13.6h-4.5v-5.3h4.5v-3.9q0-3.3 1.9-5.2t5-1.8q2.6 0 4.1 0.2z\"\/><\/svg><\/span><span class=\"shariff-text\" style=\"color:#3b5998\">partilhar<\/span>&nbsp;<\/a><\/li><li class=\"shariff-button telegram shariff-nocustomcolor\" style=\"background-color:#4084A6\"><a href=\"https:\/\/telegram.me\/share\/url?url=https%3A%2F%2Fpicockpit.com%2Fraspberry-pi%2Fpt%2Fpicockpit-terms-of-service%2F&text=PiCockpit%20Terms%20of%20Service\" title=\"Compartilhar no Telegram\" aria-label=\"Compartilhar no Telegram\" role=\"button\" rel=\"noopener nofollow\" class=\"shariff-link\" style=\"; background-color:#0088cc; color:#0088cc\" target=\"_blank\"><span class=\"shariff-icon\" style=\"fill:#0088cc\"><svg width=\"32px\" height=\"20px\" xmlns=\"http:\/\/www.w3.org\/2000\/svg\" viewbox=\"0 0 32 32\"><path fill=\"#0088cc\" d=\"M30.8 6.5l-4.5 21.4c-.3 1.5-1.2 1.9-2.5 1.2L16.9 24l-3.3 3.2c-.4.4-.7.7-1.4.7l.5-7L25.5 9.2c.6-.5-.1-.8-.9-.3l-15.8 10L2 16.7c-1.5-.5-1.5-1.5.3-2.2L28.9 4.3c1.3-.5 2.3.3 1.9 2.2z\"\/><\/svg><\/span><span class=\"shariff-text\" style=\"color:#0088cc\">partilhar<\/span>&nbsp;<\/a><\/li><li class=\"shariff-button reddit shariff-nocustomcolor\" style=\"background-color:#ff5700\"><a href=\"https:\/\/www.reddit.com\/submit?url=https%3A%2F%2Fpicockpit.com%2Fraspberry-pi%2Fpt%2Fpicockpit-terms-of-service%2F\" title=\"Compartilhar no Reddit\" aria-label=\"Compartilhar no Reddit\" role=\"button\" rel=\"noopener nofollow\" class=\"shariff-link\" style=\"; background-color:#ff4500; color:#ff4500\" target=\"_blank\"><span class=\"shariff-icon\" style=\"fill:#ff4500\"><svg xmlns=\"http:\/\/www.w3.org\/2000\/svg\" viewbox=\"0 0 512 512\"><path fill=\"#ff4500\" d=\"M440.3 203.5c-15 0-28.2 6.2-37.9 15.9-35.7-24.7-83.8-40.6-137.1-42.3L293 52.3l88.2 19.8c0 21.6 17.6 39.2 39.2 39.2 22 0 39.7-18.1 39.7-39.7s-17.6-39.7-39.7-39.7c-15.4 0-28.7 9.3-35.3 22l-97.4-21.6c-4.9-1.3-9.7 2.2-11 7.1L246.3 177c-52.9 2.2-100.5 18.1-136.3 42.8-9.7-10.1-23.4-16.3-38.4-16.3-55.6 0-73.8 74.6-22.9 100.1-1.8 7.9-2.6 16.3-2.6 24.7 0 83.8 94.4 151.7 210.3 151.7 116.4 0 210.8-67.9 210.8-151.7 0-8.4-.9-17.2-3.1-25.1 49.9-25.6 31.5-99.7-23.8-99.7zM129.4 308.9c0-22 17.6-39.7 39.7-39.7 21.6 0 39.2 17.6 39.2 39.7 0 21.6-17.6 39.2-39.2 39.2-22 .1-39.7-17.6-39.7-39.2zm214.3 93.5c-36.4 36.4-139.1 36.4-175.5 0-4-3.5-4-9.7 0-13.7 3.5-3.5 9.7-3.5 13.2 0 27.8 28.5 120 29 149 0 3.5-3.5 9.7-3.5 13.2 0 4.1 4 4.1 10.2.1 13.7zm-.8-54.2c-21.6 0-39.2-17.6-39.2-39.2 0-22 17.6-39.7 39.2-39.7 22 0 39.7 17.6 39.7 39.7-.1 21.5-17.7 39.2-39.7 39.2z\"\/><\/svg><\/span><span class=\"shariff-text\" style=\"color:#ff4500\">partilhar<\/span>&nbsp;<\/a><\/li><\/ul><\/div>","protected":false},"excerpt":{"rendered":"<p>Termos de Servi\u00e7o Estes Termos de Servi\u00e7o regem a sua utiliza\u00e7\u00e3o do website www.picockpit.com (\"Site\") operado pela pi3g GmbH &amp; Co. KG (\"pi3g\", \"n\u00f3s\", \"nosso\", ou \"nos\"). Ao aceder ou utilizar o Site, o utilizador concorda em ficar vinculado a estes Termos. Se n\u00e3o concordar com estes Termos, n\u00e3o poder\u00e1 aceder ou utilizar...<\/p>","protected":false},"author":2,"featured_media":0,"parent":0,"menu_order":0,"comment_status":"closed","ping_status":"closed","template":"tpl-sidebar.php","meta":{"footnotes":""},"class_list":["post-60","page","type-page","status-publish","hentry"],"yoast_head":"<!-- This site is optimized with the Yoast SEO plugin v27.4 - https:\/\/yoast.com\/product\/yoast-seo-wordpress\/ -->\n<title>PiCockpit Terms of Service | PiCockpit<\/title>\n<meta name=\"description\" content=\"This page provides PiCockpit&#039;s Terms of Service, which apply to both the website and the client, as well as PiCockpit more generally.\" \/>\n<meta name=\"robots\" content=\"index, follow, max-snippet:-1, max-image-preview:large, max-video-preview:-1\" \/>\n<link rel=\"canonical\" href=\"https:\/\/picockpit.com\/raspberry-pi\/pt\/picockpit-terms-of-service\/\" \/>\n<meta property=\"og:locale\" content=\"pt_PT\" \/>\n<meta property=\"og:type\" content=\"article\" \/>\n<meta property=\"og:title\" content=\"PiCockpit Terms of Service | PiCockpit\" \/>\n<meta property=\"og:description\" content=\"This page provides PiCockpit&#039;s Terms of Service, which apply to both the website and the client, as well as PiCockpit more generally.\" \/>\n<meta property=\"og:url\" content=\"https:\/\/picockpit.com\/raspberry-pi\/pt\/picockpit-terms-of-service\/\" \/>\n<meta property=\"og:site_name\" content=\"PiCockpit\" \/>\n<meta property=\"article:publisher\" content=\"https:\/\/www.facebook.com\/pi3gshop\" \/>\n<meta property=\"article:modified_time\" content=\"2024-04-04T13:19:39+00:00\" \/>\n<meta property=\"og:image\" content=\"https:\/\/picockpit.com\/raspberry-pi\/wp-content\/uploads\/2023\/07\/Screenshot-from-2023-07-24-15-01-24.png\" \/>\n\t<meta property=\"og:image:width\" content=\"1165\" \/>\n\t<meta property=\"og:image:height\" content=\"283\" \/>\n\t<meta property=\"og:image:type\" content=\"image\/png\" \/>\n<meta name=\"twitter:card\" content=\"summary_large_image\" \/>\n<meta name=\"twitter:site\" content=\"@pi3g\" \/>\n<meta name=\"twitter:label1\" content=\"Tempo estimado de leitura\" \/>\n\t<meta name=\"twitter:data1\" content=\"4 minutos\" \/>\n<script type=\"application\/ld+json\" class=\"yoast-schema-graph\">{\"@context\":\"https:\\\/\\\/schema.org\",\"@graph\":[{\"@type\":\"WebPage\",\"@id\":\"https:\\\/\\\/picockpit.com\\\/raspberry-pi\\\/picockpit-terms-of-service\\\/\",\"url\":\"https:\\\/\\\/picockpit.com\\\/raspberry-pi\\\/picockpit-terms-of-service\\\/\",\"name\":\"PiCockpit Terms of Service | PiCockpit\",\"isPartOf\":{\"@id\":\"https:\\\/\\\/picockpit.com\\\/raspberry-pi\\\/#website\"},\"datePublished\":\"2020-11-08T11:49:56+00:00\",\"dateModified\":\"2024-04-04T13:19:39+00:00\",\"description\":\"This page provides PiCockpit's Terms of Service, which apply to both the website and the client, as well as PiCockpit more generally.\",\"breadcrumb\":{\"@id\":\"https:\\\/\\\/picockpit.com\\\/raspberry-pi\\\/picockpit-terms-of-service\\\/#breadcrumb\"},\"inLanguage\":\"pt-PT\",\"potentialAction\":[{\"@type\":\"ReadAction\",\"target\":[\"https:\\\/\\\/picockpit.com\\\/raspberry-pi\\\/picockpit-terms-of-service\\\/\"]}]},{\"@type\":\"BreadcrumbList\",\"@id\":\"https:\\\/\\\/picockpit.com\\\/raspberry-pi\\\/picockpit-terms-of-service\\\/#breadcrumb\",\"itemListElement\":[{\"@type\":\"ListItem\",\"position\":1,\"name\":\"Home\",\"item\":\"https:\\\/\\\/picockpit.com\\\/raspberry-pi\\\/\"},{\"@type\":\"ListItem\",\"position\":2,\"name\":\"PiCockpit Terms of Service\"}]},{\"@type\":\"WebSite\",\"@id\":\"https:\\\/\\\/picockpit.com\\\/raspberry-pi\\\/#website\",\"url\":\"https:\\\/\\\/picockpit.com\\\/raspberry-pi\\\/\",\"name\":\"PiCockpit\",\"description\":\"\",\"publisher\":{\"@id\":\"https:\\\/\\\/picockpit.com\\\/raspberry-pi\\\/#organization\"},\"potentialAction\":[{\"@type\":\"SearchAction\",\"target\":{\"@type\":\"EntryPoint\",\"urlTemplate\":\"https:\\\/\\\/picockpit.com\\\/raspberry-pi\\\/?s={search_term_string}\"},\"query-input\":{\"@type\":\"PropertyValueSpecification\",\"valueRequired\":true,\"valueName\":\"search_term_string\"}}],\"inLanguage\":\"pt-PT\"},{\"@type\":\"Organization\",\"@id\":\"https:\\\/\\\/picockpit.com\\\/raspberry-pi\\\/#organization\",\"name\":\"PiCockpit.com\",\"url\":\"https:\\\/\\\/picockpit.com\\\/raspberry-pi\\\/\",\"logo\":{\"@type\":\"ImageObject\",\"inLanguage\":\"pt-PT\",\"@id\":\"https:\\\/\\\/picockpit.com\\\/raspberry-pi\\\/#\\\/schema\\\/logo\\\/image\\\/\",\"url\":\"https:\\\/\\\/picockpit.com\\\/raspberry-pi\\\/wp-content\\\/uploads\\\/2023\\\/07\\\/Screenshot-from-2023-07-24-15-01-24.png\",\"contentUrl\":\"https:\\\/\\\/picockpit.com\\\/raspberry-pi\\\/wp-content\\\/uploads\\\/2023\\\/07\\\/Screenshot-from-2023-07-24-15-01-24.png\",\"width\":1165,\"height\":283,\"caption\":\"PiCockpit.com\"},\"image\":{\"@id\":\"https:\\\/\\\/picockpit.com\\\/raspberry-pi\\\/#\\\/schema\\\/logo\\\/image\\\/\"},\"sameAs\":[\"https:\\\/\\\/www.facebook.com\\\/pi3gshop\",\"https:\\\/\\\/x.com\\\/pi3g\"]}]}<\/script>\n<!-- \/ Yoast SEO plugin. -->","yoast_head_json":{"title":"Termos de Servi\u00e7o do PiCockpit | PiCockpit","description":"Esta p\u00e1gina fornece os Termos de Servi\u00e7o do PiCockpit, que se aplicam tanto ao s\u00edtio Web como ao cliente, bem como ao PiCockpit em geral.","robots":{"index":"index","follow":"follow","max-snippet":"max-snippet:-1","max-image-preview":"max-image-preview:large","max-video-preview":"max-video-preview:-1"},"canonical":"https:\/\/picockpit.com\/raspberry-pi\/pt\/picockpit-terms-of-service\/","og_locale":"pt_PT","og_type":"article","og_title":"PiCockpit Terms of Service | PiCockpit","og_description":"This page provides PiCockpit's Terms of Service, which apply to both the website and the client, as well as PiCockpit more generally.","og_url":"https:\/\/picockpit.com\/raspberry-pi\/pt\/picockpit-terms-of-service\/","og_site_name":"PiCockpit","article_publisher":"https:\/\/www.facebook.com\/pi3gshop","article_modified_time":"2024-04-04T13:19:39+00:00","og_image":[{"width":1165,"height":283,"url":"https:\/\/picockpit.com\/raspberry-pi\/wp-content\/uploads\/2023\/07\/Screenshot-from-2023-07-24-15-01-24.png","type":"image\/png"}],"twitter_card":"summary_large_image","twitter_site":"@pi3g","twitter_misc":{"Tempo estimado de leitura":"4 minutos"},"schema":{"@context":"https:\/\/schema.org","@graph":[{"@type":"WebPage","@id":"https:\/\/picockpit.com\/raspberry-pi\/picockpit-terms-of-service\/","url":"https:\/\/picockpit.com\/raspberry-pi\/picockpit-terms-of-service\/","name":"Termos de Servi\u00e7o do PiCockpit | PiCockpit","isPartOf":{"@id":"https:\/\/picockpit.com\/raspberry-pi\/#website"},"datePublished":"2020-11-08T11:49:56+00:00","dateModified":"2024-04-04T13:19:39+00:00","description":"Esta p\u00e1gina fornece os Termos de Servi\u00e7o do PiCockpit, que se aplicam tanto ao s\u00edtio Web como ao cliente, bem como ao PiCockpit em geral.","breadcrumb":{"@id":"https:\/\/picockpit.com\/raspberry-pi\/picockpit-terms-of-service\/#breadcrumb"},"inLanguage":"pt-PT","potentialAction":[{"@type":"ReadAction","target":["https:\/\/picockpit.com\/raspberry-pi\/picockpit-terms-of-service\/"]}]},{"@type":"BreadcrumbList","@id":"https:\/\/picockpit.com\/raspberry-pi\/picockpit-terms-of-service\/#breadcrumb","itemListElement":[{"@type":"ListItem","position":1,"name":"Home","item":"https:\/\/picockpit.com\/raspberry-pi\/"},{"@type":"ListItem","position":2,"name":"PiCockpit Terms of Service"}]},{"@type":"WebSite","@id":"https:\/\/picockpit.com\/raspberry-pi\/#website","url":"https:\/\/picockpit.com\/raspberry-pi\/","name":"PiCockpit","description":"","publisher":{"@id":"https:\/\/picockpit.com\/raspberry-pi\/#organization"},"potentialAction":[{"@type":"SearchAction","target":{"@type":"EntryPoint","urlTemplate":"https:\/\/picockpit.com\/raspberry-pi\/?s={search_term_string}"},"query-input":{"@type":"PropertyValueSpecification","valueRequired":true,"valueName":"search_term_string"}}],"inLanguage":"pt-PT"},{"@type":"Organization","@id":"https:\/\/picockpit.com\/raspberry-pi\/#organization","name":"PiCockpit.com","url":"https:\/\/picockpit.com\/raspberry-pi\/","logo":{"@type":"ImageObject","inLanguage":"pt-PT","@id":"https:\/\/picockpit.com\/raspberry-pi\/#\/schema\/logo\/image\/","url":"https:\/\/picockpit.com\/raspberry-pi\/wp-content\/uploads\/2023\/07\/Screenshot-from-2023-07-24-15-01-24.png","contentUrl":"https:\/\/picockpit.com\/raspberry-pi\/wp-content\/uploads\/2023\/07\/Screenshot-from-2023-07-24-15-01-24.png","width":1165,"height":283,"caption":"PiCockpit.com"},"image":{"@id":"https:\/\/picockpit.com\/raspberry-pi\/#\/schema\/logo\/image\/"},"sameAs":["https:\/\/www.facebook.com\/pi3gshop","https:\/\/x.com\/pi3g"]}]}},"_links":{"self":[{"href":"https:\/\/picockpit.com\/raspberry-pi\/pt\/wp-json\/wp\/v2\/pages\/60","targetHints":{"allow":["GET"]}}],"collection":[{"href":"https:\/\/picockpit.com\/raspberry-pi\/pt\/wp-json\/wp\/v2\/pages"}],"about":[{"href":"https:\/\/picockpit.com\/raspberry-pi\/pt\/wp-json\/wp\/v2\/types\/page"}],"author":[{"embeddable":true,"href":"https:\/\/picockpit.com\/raspberry-pi\/pt\/wp-json\/wp\/v2\/users\/2"}],"replies":[{"embeddable":true,"href":"https:\/\/picockpit.com\/raspberry-pi\/pt\/wp-json\/wp\/v2\/comments?post=60"}],"version-history":[{"count":5,"href":"https:\/\/picockpit.com\/raspberry-pi\/pt\/wp-json\/wp\/v2\/pages\/60\/revisions"}],"predecessor-version":[{"id":7183,"href":"https:\/\/picockpit.com\/raspberry-pi\/pt\/wp-json\/wp\/v2\/pages\/60\/revisions\/7183"}],"wp:attachment":[{"href":"https:\/\/picockpit.com\/raspberry-pi\/pt\/wp-json\/wp\/v2\/media?parent=60"}],"curies":[{"name":"wp","href":"https:\/\/api.w.org\/{rel}","templated":true}]}}