{"id":6362,"date":"2023-12-17T21:06:34","date_gmt":"2023-12-17T21:06:34","guid":{"rendered":"https:\/\/picockpit.com\/raspberry-pi\/?page_id=6362"},"modified":"2023-12-19T15:16:33","modified_gmt":"2023-12-19T15:16:33","slug":"how-to-get-picockpit-pro","status":"publish","type":"page","link":"https:\/\/picockpit.com\/raspberry-pi\/pt\/como-obter-o-picockpit-pro\/","title":{"rendered":"Como obter o PiCockpit Pro"},"content":{"rendered":"<figure class=\"wp-block-image size-large\"><img loading=\"lazy\" decoding=\"async\" width=\"1024\" height=\"322\" src=\"https:\/\/picockpit.com\/raspberry-pi\/wp-content\/uploads\/2023\/12\/How-to-Get-PiCockpit-Pro1-1024x322.png\" alt=\"\" class=\"wp-image-6454\" srcset=\"https:\/\/picockpit.com\/raspberry-pi\/wp-content\/uploads\/2023\/12\/How-to-Get-PiCockpit-Pro1-1024x322.png 1024w, https:\/\/picockpit.com\/raspberry-pi\/wp-content\/uploads\/2023\/12\/How-to-Get-PiCockpit-Pro1-300x94.png 300w, https:\/\/picockpit.com\/raspberry-pi\/wp-content\/uploads\/2023\/12\/How-to-Get-PiCockpit-Pro1-768x241.png 768w, https:\/\/picockpit.com\/raspberry-pi\/wp-content\/uploads\/2023\/12\/How-to-Get-PiCockpit-Pro1-18x6.png 18w, https:\/\/picockpit.com\/raspberry-pi\/wp-content\/uploads\/2023\/12\/How-to-Get-PiCockpit-Pro1-24x8.png 24w, https:\/\/picockpit.com\/raspberry-pi\/wp-content\/uploads\/2023\/12\/How-to-Get-PiCockpit-Pro1-36x11.png 36w, https:\/\/picockpit.com\/raspberry-pi\/wp-content\/uploads\/2023\/12\/How-to-Get-PiCockpit-Pro1-48x15.png 48w, https:\/\/picockpit.com\/raspberry-pi\/wp-content\/uploads\/2023\/12\/How-to-Get-PiCockpit-Pro1.png 1200w\" sizes=\"auto, (max-width: 1024px) 100vw, 1024px\" \/><\/figure>\n\n\n\n<p><\/p>\n\n\n\n<p>O PiCockpit Pro \u00e9 ideal para utilizadores avan\u00e7ados e empresas que procuram uma maior funcionalidade e limites mais elevados.<\/p>\n\n\n\n<p>Pode ir al\u00e9m dos 5 n\u00f3s Raspberry Pi por apenas 9,95 euros (IVA inclu\u00eddo) por n\u00f3 e por m\u00eas.<\/p>\n\n\n\n<p>Este plano n\u00e3o s\u00f3 lhe permite aumentar substancialmente os seus n\u00f3s acess\u00edveis no PiCockpit. Tamb\u00e9m lhe d\u00e1 acesso antecipado \u00e0s nossas novas aplica\u00e7\u00f5es. Al\u00e9m disso, o PiCockpit Pro d\u00e1-lhe 50 pedidos di\u00e1rios para <a href=\"https:\/\/picockpit.com\/tools\/raspi-gpt\">RaspiGPT<\/a>. <\/p>\n\n\n\n<p>Por isso, deixe-me mostrar-lhe como obter o PiCockpit Pro.<\/p>\n\n\n\n<h2 class=\"wp-block-heading\">PiCockpit Pro<\/h2>\n\n\n\n<p>Em primeiro lugar, \u00e9 necess\u00e1rio fazer o login no PiCockpit. <\/p>\n\n\n\n<p>Se ainda n\u00e3o tem uma conta, <a href=\"https:\/\/picockpit.com\/user\/login\">pode come\u00e7ar gratuitamente<\/a>. \u00c9 muito r\u00e1pido e n\u00e3o requer um cart\u00e3o de cr\u00e9dito.<\/p>\n\n\n\n<p>Depois de o ter feito, ter\u00e1 de escolher o plano PiCockpit Pro. Aceda \u00e0 sua p\u00e1gina de perfil no PiCockpit.<\/p>\n\n\n\n<p><\/p>\n\n\n<div class=\"wp-block-image\">\n<figure class=\"aligncenter size-large is-resized\"><img loading=\"lazy\" decoding=\"async\" width=\"1024\" height=\"849\" src=\"https:\/\/picockpit.com\/raspberry-pi\/wp-content\/uploads\/2023\/12\/User-Profile-Page-1024x849.png\" alt=\"P\u00e1gina de perfil do utilizador do PiCockpit\" class=\"wp-image-6457\" style=\"width:475px\" srcset=\"https:\/\/picockpit.com\/raspberry-pi\/wp-content\/uploads\/2023\/12\/User-Profile-Page-1024x849.png 1024w, https:\/\/picockpit.com\/raspberry-pi\/wp-content\/uploads\/2023\/12\/User-Profile-Page-300x249.png 300w, https:\/\/picockpit.com\/raspberry-pi\/wp-content\/uploads\/2023\/12\/User-Profile-Page-768x637.png 768w, https:\/\/picockpit.com\/raspberry-pi\/wp-content\/uploads\/2023\/12\/User-Profile-Page-14x12.png 14w, https:\/\/picockpit.com\/raspberry-pi\/wp-content\/uploads\/2023\/12\/User-Profile-Page-24x20.png 24w, https:\/\/picockpit.com\/raspberry-pi\/wp-content\/uploads\/2023\/12\/User-Profile-Page-36x30.png 36w, https:\/\/picockpit.com\/raspberry-pi\/wp-content\/uploads\/2023\/12\/User-Profile-Page-48x40.png 48w, https:\/\/picockpit.com\/raspberry-pi\/wp-content\/uploads\/2023\/12\/User-Profile-Page.png 1114w\" sizes=\"auto, (max-width: 1024px) 100vw, 1024px\" \/><\/figure>\n<\/div>\n\n\n<p><\/p>\n\n\n\n<p>Pode navegar para l\u00e1 clicando no seu nome no canto superior direito da p\u00e1gina.<\/p>\n\n\n\n<p>De seguida, escolha o plano que pretende. Se clicar no bot\u00e3o \"UPGRADE\" na parte inferior do PiCockpit Pro, ser\u00e1 redireccionado para o Stripe.<\/p>\n\n\n\n<p>Aparecer\u00e1 esta interface:<\/p>\n\n\n\n<p><\/p>\n\n\n<div class=\"wp-block-image\">\n<figure class=\"aligncenter size-full is-resized\"><img loading=\"lazy\" decoding=\"async\" width=\"500\" height=\"861\" src=\"https:\/\/picockpit.com\/raspberry-pi\/wp-content\/uploads\/2023\/12\/PiCockpit-Pro-Stripe.png\" alt=\"PiCockpit Pro Stripe\" class=\"wp-image-6363\" style=\"width:308px;height:auto\" srcset=\"https:\/\/picockpit.com\/raspberry-pi\/wp-content\/uploads\/2023\/12\/PiCockpit-Pro-Stripe.png 500w, https:\/\/picockpit.com\/raspberry-pi\/wp-content\/uploads\/2023\/12\/PiCockpit-Pro-Stripe-174x300.png 174w, https:\/\/picockpit.com\/raspberry-pi\/wp-content\/uploads\/2023\/12\/PiCockpit-Pro-Stripe-7x12.png 7w\" sizes=\"auto, (max-width: 500px) 100vw, 500px\" \/><\/figure>\n<\/div>\n\n\n<p><\/p>\n\n\n\n<p>Ter\u00e1 de selecionar a quantidade. Se quiser o PiCockpit Pro para um Raspberry Pi, pode selecionar Qty 1, como fiz na imagem acima. Se quiser o PiCockpit Pro para mais do que um, pode escolher at\u00e9 100 n\u00f3s Raspberry Pi.<\/p>\n\n\n\n<p>Em seguida, ter\u00e1 de fornecer os dados do seu cart\u00e3o de cr\u00e9dito, nome e morada.<\/p>\n\n\n\n<p>Clique em \"Subscri\u00e7\u00e3o com obriga\u00e7\u00e3o de pagamento\".<\/p>\n\n\n\n<p>Em seguida, ser\u00e1 conduzido atrav\u00e9s do portal para efetuar o pagamento do PiCockpit Pro.<\/p>\n\n\n\n<p>Uma vez conclu\u00eddo, poder\u00e1 adicionar tantos n\u00f3s Raspberry Pi ao PiCockpit Pro quantos desejar.<\/p>\n\n\n\n<p>Basta passar por <a href=\"https:\/\/picockpit.com\/raspberry-pi\/installation-of-picockpit\/\">o processo normal de instala\u00e7\u00e3o do PiCockpit<\/a>. Mas agora vai poder ir para al\u00e9m dos 5 n\u00f3s.<\/p>\n\n\n\n<h2 class=\"wp-block-heading\">Desvaloriza\u00e7\u00e3o<\/h2>\n\n\n\n<p>Se decidir que j\u00e1 n\u00e3o quer o PiCockpit Pro, basta voltar \u00e0 sua p\u00e1gina de perfil.<\/p>\n\n\n\n<p>Depois de o ter feito, pode clicar no bot\u00e3o \"GERIR SUBSCRI\u00c7\u00d5ES E FACTURAS\".<\/p>\n\n\n\n<p><\/p>\n\n\n<div class=\"wp-block-image\">\n<figure class=\"aligncenter size-full is-resized\"><img loading=\"lazy\" decoding=\"async\" width=\"871\" height=\"356\" src=\"https:\/\/picockpit.com\/raspberry-pi\/wp-content\/uploads\/2023\/12\/Manage-Subscriptions-and-Invoices.jpg\" alt=\"\" class=\"wp-image-6410\" style=\"width:475px\" srcset=\"https:\/\/picockpit.com\/raspberry-pi\/wp-content\/uploads\/2023\/12\/Manage-Subscriptions-and-Invoices.jpg 871w, https:\/\/picockpit.com\/raspberry-pi\/wp-content\/uploads\/2023\/12\/Manage-Subscriptions-and-Invoices-300x123.jpg 300w, https:\/\/picockpit.com\/raspberry-pi\/wp-content\/uploads\/2023\/12\/Manage-Subscriptions-and-Invoices-768x314.jpg 768w, https:\/\/picockpit.com\/raspberry-pi\/wp-content\/uploads\/2023\/12\/Manage-Subscriptions-and-Invoices-18x7.jpg 18w, https:\/\/picockpit.com\/raspberry-pi\/wp-content\/uploads\/2023\/12\/Manage-Subscriptions-and-Invoices-24x10.jpg 24w, https:\/\/picockpit.com\/raspberry-pi\/wp-content\/uploads\/2023\/12\/Manage-Subscriptions-and-Invoices-36x15.jpg 36w, https:\/\/picockpit.com\/raspberry-pi\/wp-content\/uploads\/2023\/12\/Manage-Subscriptions-and-Invoices-48x20.jpg 48w\" sizes=\"auto, (max-width: 871px) 100vw, 871px\" \/><\/figure>\n<\/div>\n\n\n<p><\/p>\n\n\n\n<p>Isso lev\u00e1-lo-\u00e1 de volta ao Stripe, onde poder\u00e1 fazer o downgrade do plano atrav\u00e9s do portal Stripe. Isto permitir-lhe-\u00e1 regressar ao plano PiCockpit gratuito.<\/p>\n\n\n\n<p>O seu downgrade ter\u00e1 efeito no final do seu ciclo de fatura\u00e7\u00e3o atual. E pode continuar a utilizar o seu plano PiCockpit gratuito.<\/p>\n\n\n\n<h2 class=\"wp-block-heading\">Conclus\u00e3o<\/h2>\n\n\n\n<p>Se tiver mais alguma quest\u00e3o sobre o PiCockpit Pro e o PiCockpit Pro Plus, n\u00e3o hesite em contactar-nos.<\/p>\n\n\n\n<p><\/p>\n\n\n\n<div class=\"wp-block-buttons is-content-justification-center is-layout-flex wp-container-core-buttons-is-layout-16018d1d wp-block-buttons-is-layout-flex\">\n<div class=\"wp-block-button\"><a class=\"wp-block-button__link has-black-color has-text-color has-background has-link-color wp-element-button\" href=\"https:\/\/pi3g.com\/kontakt\/\" style=\"background-color:#ea9364\" target=\"_blank\" rel=\"noreferrer noopener\"><strong>Contactar-nos<\/strong><\/a><\/div>\n<\/div>\n\n\n\n<p><\/p>\n<div class=\"shariff shariff-align-center shariff-widget-align-left shariff-buttonstretch\"><ul class=\"shariff-buttons theme-white orientation-horizontal buttonsize-medium\"><li class=\"shariff-button twitter shariff-nocustomcolor\" style=\"background-color:#595959\"><a href=\"https:\/\/twitter.com\/share?url=https%3A%2F%2Fpicockpit.com%2Fraspberry-pi%2Fpt%2Fcomo-obter-o-picockpit-pro%2F&text=How%20to%20Get%20PiCockpit%20Pro\" title=\"Compartilhar no X\" aria-label=\"Compartilhar no X\" role=\"button\" rel=\"noopener nofollow\" class=\"shariff-link\" style=\"; background-color:#000; color:#000\" target=\"_blank\"><span class=\"shariff-icon\" style=\"fill:#000\"><svg width=\"32px\" height=\"20px\" xmlns=\"http:\/\/www.w3.org\/2000\/svg\" viewbox=\"0 0 24 24\"><path fill=\"#000\" d=\"M14.258 10.152L23.176 0h-2.113l-7.747 8.813L7.133 0H0l9.352 13.328L0 23.973h2.113l8.176-9.309 6.531 9.309h7.133zm-2.895 3.293l-.949-1.328L2.875 1.56h3.246l6.086 8.523.945 1.328 7.91 11.078h-3.246zm0 0\"\/><\/svg><\/span><span class=\"shariff-text\" style=\"color:#000\">partilhar<\/span>&nbsp;<\/a><\/li><li class=\"shariff-button facebook shariff-nocustomcolor\" style=\"background-color:#4273c8\"><a href=\"https:\/\/www.facebook.com\/sharer\/sharer.php?u=https%3A%2F%2Fpicockpit.com%2Fraspberry-pi%2Fpt%2Fcomo-obter-o-picockpit-pro%2F\" title=\"Partilhar no Facebook\" aria-label=\"Partilhar no Facebook\" role=\"button\" rel=\"nofollow\" class=\"shariff-link\" style=\"; background-color:#3b5998; color:#3b5998\" target=\"_blank\"><span class=\"shariff-icon\" style=\"fill:#3b5998\"><svg width=\"32px\" height=\"20px\" xmlns=\"http:\/\/www.w3.org\/2000\/svg\" viewbox=\"0 0 18 32\"><path fill=\"#3b5998\" d=\"M17.1 0.2v4.7h-2.8q-1.5 0-2.1 0.6t-0.5 1.9v3.4h5.2l-0.7 5.3h-4.5v13.6h-5.5v-13.6h-4.5v-5.3h4.5v-3.9q0-3.3 1.9-5.2t5-1.8q2.6 0 4.1 0.2z\"\/><\/svg><\/span><span class=\"shariff-text\" style=\"color:#3b5998\">partilhar<\/span>&nbsp;<\/a><\/li><li class=\"shariff-button telegram shariff-nocustomcolor\" style=\"background-color:#4084A6\"><a href=\"https:\/\/telegram.me\/share\/url?url=https%3A%2F%2Fpicockpit.com%2Fraspberry-pi%2Fpt%2Fcomo-obter-o-picockpit-pro%2F&text=How%20to%20Get%20PiCockpit%20Pro\" title=\"Compartilhar no Telegram\" aria-label=\"Compartilhar no Telegram\" role=\"button\" rel=\"noopener nofollow\" class=\"shariff-link\" style=\"; background-color:#0088cc; color:#0088cc\" target=\"_blank\"><span class=\"shariff-icon\" style=\"fill:#0088cc\"><svg width=\"32px\" height=\"20px\" xmlns=\"http:\/\/www.w3.org\/2000\/svg\" viewbox=\"0 0 32 32\"><path fill=\"#0088cc\" d=\"M30.8 6.5l-4.5 21.4c-.3 1.5-1.2 1.9-2.5 1.2L16.9 24l-3.3 3.2c-.4.4-.7.7-1.4.7l.5-7L25.5 9.2c.6-.5-.1-.8-.9-.3l-15.8 10L2 16.7c-1.5-.5-1.5-1.5.3-2.2L28.9 4.3c1.3-.5 2.3.3 1.9 2.2z\"\/><\/svg><\/span><span class=\"shariff-text\" style=\"color:#0088cc\">partilhar<\/span>&nbsp;<\/a><\/li><li class=\"shariff-button reddit shariff-nocustomcolor\" style=\"background-color:#ff5700\"><a href=\"https:\/\/www.reddit.com\/submit?url=https%3A%2F%2Fpicockpit.com%2Fraspberry-pi%2Fpt%2Fcomo-obter-o-picockpit-pro%2F\" title=\"Compartilhar no Reddit\" aria-label=\"Compartilhar no Reddit\" role=\"button\" rel=\"noopener nofollow\" class=\"shariff-link\" style=\"; background-color:#ff4500; color:#ff4500\" target=\"_blank\"><span class=\"shariff-icon\" style=\"fill:#ff4500\"><svg xmlns=\"http:\/\/www.w3.org\/2000\/svg\" viewbox=\"0 0 512 512\"><path fill=\"#ff4500\" d=\"M440.3 203.5c-15 0-28.2 6.2-37.9 15.9-35.7-24.7-83.8-40.6-137.1-42.3L293 52.3l88.2 19.8c0 21.6 17.6 39.2 39.2 39.2 22 0 39.7-18.1 39.7-39.7s-17.6-39.7-39.7-39.7c-15.4 0-28.7 9.3-35.3 22l-97.4-21.6c-4.9-1.3-9.7 2.2-11 7.1L246.3 177c-52.9 2.2-100.5 18.1-136.3 42.8-9.7-10.1-23.4-16.3-38.4-16.3-55.6 0-73.8 74.6-22.9 100.1-1.8 7.9-2.6 16.3-2.6 24.7 0 83.8 94.4 151.7 210.3 151.7 116.4 0 210.8-67.9 210.8-151.7 0-8.4-.9-17.2-3.1-25.1 49.9-25.6 31.5-99.7-23.8-99.7zM129.4 308.9c0-22 17.6-39.7 39.7-39.7 21.6 0 39.2 17.6 39.2 39.7 0 21.6-17.6 39.2-39.2 39.2-22 .1-39.7-17.6-39.7-39.2zm214.3 93.5c-36.4 36.4-139.1 36.4-175.5 0-4-3.5-4-9.7 0-13.7 3.5-3.5 9.7-3.5 13.2 0 27.8 28.5 120 29 149 0 3.5-3.5 9.7-3.5 13.2 0 4.1 4 4.1 10.2.1 13.7zm-.8-54.2c-21.6 0-39.2-17.6-39.2-39.2 0-22 17.6-39.7 39.2-39.7 22 0 39.7 17.6 39.7 39.7-.1 21.5-17.7 39.2-39.7 39.2z\"\/><\/svg><\/span><span class=\"shariff-text\" style=\"color:#ff4500\">partilhar<\/span>&nbsp;<\/a><\/li><\/ul><\/div>","protected":false},"excerpt":{"rendered":"<p>O PiCockpit Pro \u00e9 ideal para utilizadores avan\u00e7ados e empresas que procuram uma maior funcionalidade e limites mais elevados. Pode ir al\u00e9m dos 5 n\u00f3s Raspberry Pi por apenas 9,95 euros (IVA inclu\u00eddo) por n\u00f3 e por m\u00eas. Este plano n\u00e3o s\u00f3 lhe permite aumentar substancialmente os seus n\u00f3s acess\u00edveis no PiCockpit. Tamb\u00e9m lhe d\u00e1 acesso antecipado \u00e0s nossas novas aplica\u00e7\u00f5es....<\/p>","protected":false},"author":2,"featured_media":6372,"parent":0,"menu_order":0,"comment_status":"closed","ping_status":"closed","template":"","meta":{"footnotes":""},"class_list":["post-6362","page","type-page","status-publish","has-post-thumbnail","hentry"],"yoast_head":"<!-- This site is optimized with the Yoast SEO plugin v27.6 - https:\/\/yoast.com\/product\/yoast-seo-wordpress\/ -->\n<title>How to Get PiCockpit Pro | PiCockpit<\/title>\n<meta name=\"description\" content=\"PiCockpit Pro is ideal for advanced users and businesses looking for greater functionality and higher limits. Here, I show you how to get it.\" \/>\n<meta name=\"robots\" content=\"index, follow, max-snippet:-1, max-image-preview:large, max-video-preview:-1\" \/>\n<link rel=\"canonical\" href=\"https:\/\/picockpit.com\/raspberry-pi\/pt\/como-obter-o-picockpit-pro\/\" \/>\n<meta property=\"og:locale\" content=\"pt_PT\" \/>\n<meta property=\"og:type\" content=\"article\" \/>\n<meta property=\"og:title\" content=\"How to Get PiCockpit Pro | PiCockpit\" \/>\n<meta property=\"og:description\" content=\"PiCockpit Pro is ideal for advanced users and businesses looking for greater functionality and higher limits. Here, I show you how to get it.\" \/>\n<meta property=\"og:url\" content=\"https:\/\/picockpit.com\/raspberry-pi\/pt\/como-obter-o-picockpit-pro\/\" \/>\n<meta property=\"og:site_name\" content=\"PiCockpit\" \/>\n<meta property=\"article:publisher\" content=\"https:\/\/www.facebook.com\/pi3gshop\" \/>\n<meta property=\"article:modified_time\" content=\"2023-12-19T15:16:33+00:00\" \/>\n<meta property=\"og:image\" content=\"https:\/\/picockpit.com\/raspberry-pi\/wp-content\/uploads\/2023\/12\/How-to-Get-PiCockpit-Pro-Title-Image.png\" \/>\n\t<meta property=\"og:image:width\" content=\"1200\" \/>\n\t<meta property=\"og:image:height\" content=\"675\" \/>\n\t<meta property=\"og:image:type\" content=\"image\/png\" \/>\n<meta name=\"twitter:card\" content=\"summary_large_image\" \/>\n<meta name=\"twitter:site\" content=\"@pi3g\" \/>\n<meta name=\"twitter:label1\" content=\"Tempo estimado de leitura\" \/>\n\t<meta name=\"twitter:data1\" content=\"3 minutos\" \/>\n<script type=\"application\/ld+json\" class=\"yoast-schema-graph\">{\"@context\":\"https:\\\/\\\/schema.org\",\"@graph\":[{\"@type\":\"WebPage\",\"@id\":\"https:\\\/\\\/picockpit.com\\\/raspberry-pi\\\/how-to-get-picockpit-pro\\\/\",\"url\":\"https:\\\/\\\/picockpit.com\\\/raspberry-pi\\\/how-to-get-picockpit-pro\\\/\",\"name\":\"How to Get PiCockpit Pro | PiCockpit\",\"isPartOf\":{\"@id\":\"https:\\\/\\\/picockpit.com\\\/raspberry-pi\\\/#website\"},\"primaryImageOfPage\":{\"@id\":\"https:\\\/\\\/picockpit.com\\\/raspberry-pi\\\/how-to-get-picockpit-pro\\\/#primaryimage\"},\"image\":{\"@id\":\"https:\\\/\\\/picockpit.com\\\/raspberry-pi\\\/how-to-get-picockpit-pro\\\/#primaryimage\"},\"thumbnailUrl\":\"https:\\\/\\\/picockpit.com\\\/raspberry-pi\\\/wp-content\\\/uploads\\\/2023\\\/12\\\/How-to-Get-PiCockpit-Pro-Title-Image.png\",\"datePublished\":\"2023-12-17T21:06:34+00:00\",\"dateModified\":\"2023-12-19T15:16:33+00:00\",\"description\":\"PiCockpit Pro is ideal for advanced users and businesses looking for greater functionality and higher limits. Here, I show you how to get it.\",\"breadcrumb\":{\"@id\":\"https:\\\/\\\/picockpit.com\\\/raspberry-pi\\\/how-to-get-picockpit-pro\\\/#breadcrumb\"},\"inLanguage\":\"pt-PT\",\"potentialAction\":[{\"@type\":\"ReadAction\",\"target\":[\"https:\\\/\\\/picockpit.com\\\/raspberry-pi\\\/how-to-get-picockpit-pro\\\/\"]}]},{\"@type\":\"ImageObject\",\"inLanguage\":\"pt-PT\",\"@id\":\"https:\\\/\\\/picockpit.com\\\/raspberry-pi\\\/how-to-get-picockpit-pro\\\/#primaryimage\",\"url\":\"https:\\\/\\\/picockpit.com\\\/raspberry-pi\\\/wp-content\\\/uploads\\\/2023\\\/12\\\/How-to-Get-PiCockpit-Pro-Title-Image.png\",\"contentUrl\":\"https:\\\/\\\/picockpit.com\\\/raspberry-pi\\\/wp-content\\\/uploads\\\/2023\\\/12\\\/How-to-Get-PiCockpit-Pro-Title-Image.png\",\"width\":1200,\"height\":675,\"caption\":\"How to Get PiCockpit Pro Title Image\"},{\"@type\":\"BreadcrumbList\",\"@id\":\"https:\\\/\\\/picockpit.com\\\/raspberry-pi\\\/how-to-get-picockpit-pro\\\/#breadcrumb\",\"itemListElement\":[{\"@type\":\"ListItem\",\"position\":1,\"name\":\"Home\",\"item\":\"https:\\\/\\\/picockpit.com\\\/raspberry-pi\\\/\"},{\"@type\":\"ListItem\",\"position\":2,\"name\":\"How to Get PiCockpit Pro\"}]},{\"@type\":\"WebSite\",\"@id\":\"https:\\\/\\\/picockpit.com\\\/raspberry-pi\\\/#website\",\"url\":\"https:\\\/\\\/picockpit.com\\\/raspberry-pi\\\/\",\"name\":\"PiCockpit\",\"description\":\"\",\"publisher\":{\"@id\":\"https:\\\/\\\/picockpit.com\\\/raspberry-pi\\\/#organization\"},\"potentialAction\":[{\"@type\":\"SearchAction\",\"target\":{\"@type\":\"EntryPoint\",\"urlTemplate\":\"https:\\\/\\\/picockpit.com\\\/raspberry-pi\\\/?s={search_term_string}\"},\"query-input\":{\"@type\":\"PropertyValueSpecification\",\"valueRequired\":true,\"valueName\":\"search_term_string\"}}],\"inLanguage\":\"pt-PT\"},{\"@type\":\"Organization\",\"@id\":\"https:\\\/\\\/picockpit.com\\\/raspberry-pi\\\/#organization\",\"name\":\"PiCockpit.com\",\"url\":\"https:\\\/\\\/picockpit.com\\\/raspberry-pi\\\/\",\"logo\":{\"@type\":\"ImageObject\",\"inLanguage\":\"pt-PT\",\"@id\":\"https:\\\/\\\/picockpit.com\\\/raspberry-pi\\\/#\\\/schema\\\/logo\\\/image\\\/\",\"url\":\"https:\\\/\\\/picockpit.com\\\/raspberry-pi\\\/wp-content\\\/uploads\\\/2023\\\/07\\\/Screenshot-from-2023-07-24-15-01-24.png\",\"contentUrl\":\"https:\\\/\\\/picockpit.com\\\/raspberry-pi\\\/wp-content\\\/uploads\\\/2023\\\/07\\\/Screenshot-from-2023-07-24-15-01-24.png\",\"width\":1165,\"height\":283,\"caption\":\"PiCockpit.com\"},\"image\":{\"@id\":\"https:\\\/\\\/picockpit.com\\\/raspberry-pi\\\/#\\\/schema\\\/logo\\\/image\\\/\"},\"sameAs\":[\"https:\\\/\\\/www.facebook.com\\\/pi3gshop\",\"https:\\\/\\\/x.com\\\/pi3g\"]}]}<\/script>\n<!-- \/ Yoast SEO plugin. -->","yoast_head_json":{"title":"Como obter o PiCockpit Pro | PiCockpit","description":"O PiCockpit Pro \u00e9 ideal para utilizadores avan\u00e7ados e empresas que procuram mais funcionalidades e limites mais elevados. Aqui, mostro-lhe como obt\u00ea-lo.","robots":{"index":"index","follow":"follow","max-snippet":"max-snippet:-1","max-image-preview":"max-image-preview:large","max-video-preview":"max-video-preview:-1"},"canonical":"https:\/\/picockpit.com\/raspberry-pi\/pt\/como-obter-o-picockpit-pro\/","og_locale":"pt_PT","og_type":"article","og_title":"How to Get PiCockpit Pro | PiCockpit","og_description":"PiCockpit Pro is ideal for advanced users and businesses looking for greater functionality and higher limits. Here, I show you how to get it.","og_url":"https:\/\/picockpit.com\/raspberry-pi\/pt\/como-obter-o-picockpit-pro\/","og_site_name":"PiCockpit","article_publisher":"https:\/\/www.facebook.com\/pi3gshop","article_modified_time":"2023-12-19T15:16:33+00:00","og_image":[{"width":1200,"height":675,"url":"https:\/\/picockpit.com\/raspberry-pi\/wp-content\/uploads\/2023\/12\/How-to-Get-PiCockpit-Pro-Title-Image.png","type":"image\/png"}],"twitter_card":"summary_large_image","twitter_site":"@pi3g","twitter_misc":{"Tempo estimado de leitura":"3 minutos"},"schema":{"@context":"https:\/\/schema.org","@graph":[{"@type":"WebPage","@id":"https:\/\/picockpit.com\/raspberry-pi\/how-to-get-picockpit-pro\/","url":"https:\/\/picockpit.com\/raspberry-pi\/how-to-get-picockpit-pro\/","name":"Como obter o PiCockpit Pro | PiCockpit","isPartOf":{"@id":"https:\/\/picockpit.com\/raspberry-pi\/#website"},"primaryImageOfPage":{"@id":"https:\/\/picockpit.com\/raspberry-pi\/how-to-get-picockpit-pro\/#primaryimage"},"image":{"@id":"https:\/\/picockpit.com\/raspberry-pi\/how-to-get-picockpit-pro\/#primaryimage"},"thumbnailUrl":"https:\/\/picockpit.com\/raspberry-pi\/wp-content\/uploads\/2023\/12\/How-to-Get-PiCockpit-Pro-Title-Image.png","datePublished":"2023-12-17T21:06:34+00:00","dateModified":"2023-12-19T15:16:33+00:00","description":"O PiCockpit Pro \u00e9 ideal para utilizadores avan\u00e7ados e empresas que procuram mais funcionalidades e limites mais elevados. Aqui, mostro-lhe como obt\u00ea-lo.","breadcrumb":{"@id":"https:\/\/picockpit.com\/raspberry-pi\/how-to-get-picockpit-pro\/#breadcrumb"},"inLanguage":"pt-PT","potentialAction":[{"@type":"ReadAction","target":["https:\/\/picockpit.com\/raspberry-pi\/how-to-get-picockpit-pro\/"]}]},{"@type":"ImageObject","inLanguage":"pt-PT","@id":"https:\/\/picockpit.com\/raspberry-pi\/how-to-get-picockpit-pro\/#primaryimage","url":"https:\/\/picockpit.com\/raspberry-pi\/wp-content\/uploads\/2023\/12\/How-to-Get-PiCockpit-Pro-Title-Image.png","contentUrl":"https:\/\/picockpit.com\/raspberry-pi\/wp-content\/uploads\/2023\/12\/How-to-Get-PiCockpit-Pro-Title-Image.png","width":1200,"height":675,"caption":"How to Get PiCockpit Pro Title Image"},{"@type":"BreadcrumbList","@id":"https:\/\/picockpit.com\/raspberry-pi\/how-to-get-picockpit-pro\/#breadcrumb","itemListElement":[{"@type":"ListItem","position":1,"name":"Home","item":"https:\/\/picockpit.com\/raspberry-pi\/"},{"@type":"ListItem","position":2,"name":"How to Get PiCockpit Pro"}]},{"@type":"WebSite","@id":"https:\/\/picockpit.com\/raspberry-pi\/#website","url":"https:\/\/picockpit.com\/raspberry-pi\/","name":"PiCockpit","description":"","publisher":{"@id":"https:\/\/picockpit.com\/raspberry-pi\/#organization"},"potentialAction":[{"@type":"SearchAction","target":{"@type":"EntryPoint","urlTemplate":"https:\/\/picockpit.com\/raspberry-pi\/?s={search_term_string}"},"query-input":{"@type":"PropertyValueSpecification","valueRequired":true,"valueName":"search_term_string"}}],"inLanguage":"pt-PT"},{"@type":"Organization","@id":"https:\/\/picockpit.com\/raspberry-pi\/#organization","name":"PiCockpit.com","url":"https:\/\/picockpit.com\/raspberry-pi\/","logo":{"@type":"ImageObject","inLanguage":"pt-PT","@id":"https:\/\/picockpit.com\/raspberry-pi\/#\/schema\/logo\/image\/","url":"https:\/\/picockpit.com\/raspberry-pi\/wp-content\/uploads\/2023\/07\/Screenshot-from-2023-07-24-15-01-24.png","contentUrl":"https:\/\/picockpit.com\/raspberry-pi\/wp-content\/uploads\/2023\/07\/Screenshot-from-2023-07-24-15-01-24.png","width":1165,"height":283,"caption":"PiCockpit.com"},"image":{"@id":"https:\/\/picockpit.com\/raspberry-pi\/#\/schema\/logo\/image\/"},"sameAs":["https:\/\/www.facebook.com\/pi3gshop","https:\/\/x.com\/pi3g"]}]}},"_links":{"self":[{"href":"https:\/\/picockpit.com\/raspberry-pi\/pt\/wp-json\/wp\/v2\/pages\/6362","targetHints":{"allow":["GET"]}}],"collection":[{"href":"https:\/\/picockpit.com\/raspberry-pi\/pt\/wp-json\/wp\/v2\/pages"}],"about":[{"href":"https:\/\/picockpit.com\/raspberry-pi\/pt\/wp-json\/wp\/v2\/types\/page"}],"author":[{"embeddable":true,"href":"https:\/\/picockpit.com\/raspberry-pi\/pt\/wp-json\/wp\/v2\/users\/2"}],"replies":[{"embeddable":true,"href":"https:\/\/picockpit.com\/raspberry-pi\/pt\/wp-json\/wp\/v2\/comments?post=6362"}],"version-history":[{"count":17,"href":"https:\/\/picockpit.com\/raspberry-pi\/pt\/wp-json\/wp\/v2\/pages\/6362\/revisions"}],"predecessor-version":[{"id":6530,"href":"https:\/\/picockpit.com\/raspberry-pi\/pt\/wp-json\/wp\/v2\/pages\/6362\/revisions\/6530"}],"wp:featuredmedia":[{"embeddable":true,"href":"https:\/\/picockpit.com\/raspberry-pi\/pt\/wp-json\/wp\/v2\/media\/6372"}],"wp:attachment":[{"href":"https:\/\/picockpit.com\/raspberry-pi\/pt\/wp-json\/wp\/v2\/media?parent=6362"}],"curies":[{"name":"wp","href":"https:\/\/api.w.org\/{rel}","templated":true}]}}