{"id":254,"date":"2020-11-16T09:43:13","date_gmt":"2020-11-16T09:43:13","guid":{"rendered":"https:\/\/picockpit.com\/raspberry-pi\/?page_id=254"},"modified":"2024-01-09T12:05:30","modified_gmt":"2024-01-09T12:05:30","slug":"pistats-live-raspberry-pi-statistics","status":"publish","type":"page","link":"https:\/\/picockpit.com\/raspberry-pi\/sv\/pistats-live-raspberry-pi-statistics\/","title":{"rendered":"PiStats"},"content":{"rendered":"<figure class=\"wp-block-image size-large\"><img loading=\"lazy\" decoding=\"async\" width=\"1024\" height=\"322\" src=\"https:\/\/picockpit.com\/raspberry-pi\/wp-content\/uploads\/2020\/11\/PiStats-Title-Image-1024x322.png\" alt=\"PiStats titelbild\" class=\"wp-image-6470\" srcset=\"https:\/\/picockpit.com\/raspberry-pi\/wp-content\/uploads\/2020\/11\/PiStats-Title-Image-1024x322.png 1024w, https:\/\/picockpit.com\/raspberry-pi\/wp-content\/uploads\/2020\/11\/PiStats-Title-Image-300x94.png 300w, https:\/\/picockpit.com\/raspberry-pi\/wp-content\/uploads\/2020\/11\/PiStats-Title-Image-768x241.png 768w, https:\/\/picockpit.com\/raspberry-pi\/wp-content\/uploads\/2020\/11\/PiStats-Title-Image-18x6.png 18w, https:\/\/picockpit.com\/raspberry-pi\/wp-content\/uploads\/2020\/11\/PiStats-Title-Image-24x8.png 24w, https:\/\/picockpit.com\/raspberry-pi\/wp-content\/uploads\/2020\/11\/PiStats-Title-Image-36x11.png 36w, https:\/\/picockpit.com\/raspberry-pi\/wp-content\/uploads\/2020\/11\/PiStats-Title-Image-48x15.png 48w, https:\/\/picockpit.com\/raspberry-pi\/wp-content\/uploads\/2020\/11\/PiStats-Title-Image.png 1200w\" sizes=\"auto, (max-width: 1024px) 100vw, 1024px\" \/><\/figure>\n\n\n\n<p>Med PiStats kan du visa statistik \u00f6ver anv\u00e4ndningen av Raspberry Pi i realtid i ett enkelt webbgr\u00e4nssnitt. <\/p>\n\n\n\n<p>H\u00e4r \u00e4r n\u00e5gra exempel:<\/p>\n\n\n\n<p><\/p>\n\n\n<div class=\"wp-block-image\">\n<figure class=\"aligncenter size-full is-resized\"><img loading=\"lazy\" decoding=\"async\" width=\"735\" height=\"693\" src=\"https:\/\/picockpit.com\/raspberry-pi\/wp-content\/uploads\/2021\/07\/image-13.png\" alt=\"\" class=\"wp-image-839\" style=\"width:475px\" srcset=\"https:\/\/picockpit.com\/raspberry-pi\/wp-content\/uploads\/2021\/07\/image-13.png 735w, https:\/\/picockpit.com\/raspberry-pi\/wp-content\/uploads\/2021\/07\/image-13-300x283.png 300w\" sizes=\"auto, (max-width: 735px) 100vw, 735px\" \/><\/figure>\n<\/div>\n\n<div class=\"wp-block-image\">\n<figure class=\"aligncenter size-full is-resized\"><img loading=\"lazy\" decoding=\"async\" width=\"738\" height=\"916\" src=\"https:\/\/picockpit.com\/raspberry-pi\/wp-content\/uploads\/2021\/07\/image-14.png\" alt=\"\" class=\"wp-image-841\" style=\"width:475px\" srcset=\"https:\/\/picockpit.com\/raspberry-pi\/wp-content\/uploads\/2021\/07\/image-14.png 738w, https:\/\/picockpit.com\/raspberry-pi\/wp-content\/uploads\/2021\/07\/image-14-242x300.png 242w\" sizes=\"auto, (max-width: 738px) 100vw, 738px\" \/><\/figure>\n<\/div>\n\n\n<h2 class=\"wp-block-heading\">\u00d6vervakning med PiStats<\/h2>\n\n\n\n<p>V\u00e4rdena uppdateras en g\u00e5ng i sekunden. H\u00e4r \u00e4r en lista \u00f6ver de data du kan se med PiStats:<\/p>\n\n\n\n<ul class=\"wp-block-list\">\n<li>CPU-belastning (p\u00e5 alla k\u00e4rnor)<\/li>\n\n\n\n<li>Total l\u00e4st disk I\/O (visar en m\u00e4nskligt l\u00e4sbar summa och v\u00e4rdet i byte).<\/li>\n\n\n\n<li>Disk I\/O totalt skriven<\/li>\n\n\n\n<li>N\u00e4tverkets totala antal mottagna data<\/li>\n\n\n\n<li>N\u00e4tverkets totala antal skickade uppgifter<\/li>\n\n\n\n<li>Tillg\u00e4ngligt RAM-minne <\/li>\n\n\n\n<li>RAM totalt (utan VideoCore) - detta v\u00e4rde \u00e5terspeglar det RAM som \u00e4r tillg\u00e4ngligt f\u00f6r ditt operativsystem (t.ex. <a href=\"https:\/\/picockpit.com\/raspberry-pi\/raspberry-pi-os-overview\/\">Raspberry Pi OS<\/a>)<\/li>\n\n\n\n<li>Raspberry Pi uptime - hur l\u00e4nge har din Raspberry Pi varit ig\u00e5ng sedan den senaste omstarten eller str\u00f6mningen?<\/li>\n\n\n\n<li>Total tillg\u00e4nglig rotpartition (\"\/\") - hur mycket ledigt utrymme finns kvar p\u00e5 huvudpartitionen?<\/li>\n\n\n\n<li>Total anv\u00e4ndning av rotpartitionen (\"\/\") - hur mycket utrymme anv\u00e4nds? (\u00f6kningar h\u00e4r b\u00f6r ocks\u00e5 \u00e5terspeglas i Disk I\/O totalt skrivet)<\/li>\n\n\n\n<li>SoC-temperatur - visar Raspberry Pis CPU-temperatur<\/li>\n\n\n\n<li>WLAN-signal - visar l\u00e4nkkvalitet och WiFi-signalniv\u00e5 i dBm<\/li>\n<\/ul>\n\n\n\n<h2 class=\"wp-block-heading\">Visualisering av statistiken<\/h2>\n\n\n\n<p>Klicka p\u00e5 knappen \"Visa mig\" bredvid den statistik du \u00e4r intresserad av, t.ex. SoC-temperaturen:<\/p>\n\n\n\n<p><\/p>\n\n\n<div class=\"wp-block-image\">\n<figure class=\"aligncenter size-full is-resized\"><img loading=\"lazy\" decoding=\"async\" width=\"699\" height=\"63\" src=\"https:\/\/picockpit.com\/raspberry-pi\/wp-content\/uploads\/2021\/07\/image-15.png\" alt=\"\" class=\"wp-image-842\" style=\"width:475px\" srcset=\"https:\/\/picockpit.com\/raspberry-pi\/wp-content\/uploads\/2021\/07\/image-15.png 699w, https:\/\/picockpit.com\/raspberry-pi\/wp-content\/uploads\/2021\/07\/image-15-300x27.png 300w\" sizes=\"auto, (max-width: 699px) 100vw, 699px\" \/><figcaption class=\"wp-element-caption\">Raspberry Pi SoC-temperaturen kan \u00f6vervakas i ett trevligt webbgr\u00e4nssnitt med PiCockpit <\/figcaption><\/figure>\n<\/div>\n\n<div class=\"wp-block-image\">\n<figure class=\"aligncenter size-full is-resized\"><img loading=\"lazy\" decoding=\"async\" width=\"699\" height=\"631\" src=\"https:\/\/picockpit.com\/raspberry-pi\/wp-content\/uploads\/2021\/07\/image-16.png\" alt=\"\" class=\"wp-image-843\" style=\"width:475px\" srcset=\"https:\/\/picockpit.com\/raspberry-pi\/wp-content\/uploads\/2021\/07\/image-16.png 699w, https:\/\/picockpit.com\/raspberry-pi\/wp-content\/uploads\/2021\/07\/image-16-300x271.png 300w\" sizes=\"auto, (max-width: 699px) 100vw, 699px\" \/><\/figure>\n<\/div>\n\n\n<p>Du kan g\u00f6ra en detaljerad analys av vissa tider och fokusera p\u00e5 den relevanta delen av m\u00e4tningen med hj\u00e4lp av elementen l\u00e4ngst ner och till h\u00f6ger (se sk\u00e4rmdump). <\/p>\n\n\n\n<p>Obs: du f\u00e5r bara historiska data f\u00f6r den tid som appen \u00e4r \u00f6ppen, eftersom de cachas i din webbl\u00e4sare. <\/p>\n\n\n\n<p>N\u00e4r du navigerar bort kommer data att g\u00e5 f\u00f6rlorade.<\/p>\n\n\n\n<h2 class=\"wp-block-heading\">S\u00f6k p\u00e5<\/h2>\n\n\n\n<p>En anv\u00e4ndbar funktion i version 2.0 av PiCockpits PiStats \u00e4r s\u00f6kfunktionen, som g\u00f6r att du kan fokusera p\u00e5 den post du \u00e4r mest intresserad av. <\/p>\n\n\n\n<p>L\u00e5t oss s\u00e4ga att du vill \u00f6vervaka Raspberry Pi:s CPU-temperatur:<\/p>\n\n\n\n<p><\/p>\n\n\n<div class=\"wp-block-image\">\n<figure class=\"aligncenter size-large is-resized\"><img loading=\"lazy\" decoding=\"async\" width=\"729\" height=\"328\" src=\"https:\/\/picockpit.com\/raspberry-pi\/wp-content\/uploads\/2020\/11\/image-69.png\" alt=\"\u00d6vervakning av Raspberry Pi SoC\/CPU-temperaturen med PiStats\" class=\"wp-image-256\" style=\"width:475px\" srcset=\"https:\/\/picockpit.com\/raspberry-pi\/wp-content\/uploads\/2020\/11\/image-69.png 729w, https:\/\/picockpit.com\/raspberry-pi\/wp-content\/uploads\/2020\/11\/image-69-300x135.png 300w\" sizes=\"auto, (max-width: 729px) 100vw, 729px\" \/><\/figure>\n<\/div>\n\n\n<p><\/p>\n\n\n\n<h2 class=\"wp-block-heading\">Slutsats<\/h2>\n\n\n\n<p>Om du har n\u00e5gra fr\u00e5gor eller st\u00f6ter p\u00e5 problem, tveka inte att kontakta oss s\u00e5 hj\u00e4lper vi dig att f\u00e5 ig\u00e5ng PiStats!<\/p>\n<div class=\"shariff shariff-align-center shariff-widget-align-left shariff-buttonstretch\"><ul class=\"shariff-buttons theme-white orientation-horizontal buttonsize-medium\"><li class=\"shariff-button twitter shariff-nocustomcolor\" style=\"background-color:#595959\"><a href=\"https:\/\/twitter.com\/share?url=https%3A%2F%2Fpicockpit.com%2Fraspberry-pi%2Fsv%2Fpistats-live-raspberry-pi-statistics%2F&text=PiStats\" title=\"Dela p\u00e5 X\" aria-label=\"Dela p\u00e5 X\" role=\"button\" rel=\"noopener nofollow\" class=\"shariff-link\" style=\"; background-color:#000; color:#000\" target=\"_blank\"><span class=\"shariff-icon\" style=\"fill:#000\"><svg width=\"32px\" height=\"20px\" xmlns=\"http:\/\/www.w3.org\/2000\/svg\" viewbox=\"0 0 24 24\"><path fill=\"#000\" d=\"M14.258 10.152L23.176 0h-2.113l-7.747 8.813L7.133 0H0l9.352 13.328L0 23.973h2.113l8.176-9.309 6.531 9.309h7.133zm-2.895 3.293l-.949-1.328L2.875 1.56h3.246l6.086 8.523.945 1.328 7.91 11.078h-3.246zm0 0\"\/><\/svg><\/span><span class=\"shariff-text\" style=\"color:#000\">dela<\/span>&nbsp;<\/a><\/li><li class=\"shariff-button facebook shariff-nocustomcolor\" style=\"background-color:#4273c8\"><a href=\"https:\/\/www.facebook.com\/sharer\/sharer.php?u=https%3A%2F%2Fpicockpit.com%2Fraspberry-pi%2Fsv%2Fpistats-live-raspberry-pi-statistics%2F\" title=\"Dela p\u00e5 Facebook\" aria-label=\"Dela p\u00e5 Facebook\" role=\"button\" rel=\"nofollow\" class=\"shariff-link\" style=\"; background-color:#3b5998; color:#3b5998\" target=\"_blank\"><span class=\"shariff-icon\" style=\"fill:#3b5998\"><svg width=\"32px\" height=\"20px\" xmlns=\"http:\/\/www.w3.org\/2000\/svg\" viewbox=\"0 0 18 32\"><path fill=\"#3b5998\" d=\"M17.1 0.2v4.7h-2.8q-1.5 0-2.1 0.6t-0.5 1.9v3.4h5.2l-0.7 5.3h-4.5v13.6h-5.5v-13.6h-4.5v-5.3h4.5v-3.9q0-3.3 1.9-5.2t5-1.8q2.6 0 4.1 0.2z\"\/><\/svg><\/span><span class=\"shariff-text\" style=\"color:#3b5998\">dela<\/span>&nbsp;<\/a><\/li><li class=\"shariff-button telegram shariff-nocustomcolor\" style=\"background-color:#4084A6\"><a href=\"https:\/\/telegram.me\/share\/url?url=https%3A%2F%2Fpicockpit.com%2Fraspberry-pi%2Fsv%2Fpistats-live-raspberry-pi-statistics%2F&text=PiStats\" title=\"Dela p\u00e5 Telegram\" aria-label=\"Dela p\u00e5 Telegram\" role=\"button\" rel=\"noopener nofollow\" class=\"shariff-link\" style=\"; background-color:#0088cc; color:#0088cc\" target=\"_blank\"><span class=\"shariff-icon\" style=\"fill:#0088cc\"><svg width=\"32px\" height=\"20px\" xmlns=\"http:\/\/www.w3.org\/2000\/svg\" viewbox=\"0 0 32 32\"><path fill=\"#0088cc\" d=\"M30.8 6.5l-4.5 21.4c-.3 1.5-1.2 1.9-2.5 1.2L16.9 24l-3.3 3.2c-.4.4-.7.7-1.4.7l.5-7L25.5 9.2c.6-.5-.1-.8-.9-.3l-15.8 10L2 16.7c-1.5-.5-1.5-1.5.3-2.2L28.9 4.3c1.3-.5 2.3.3 1.9 2.2z\"\/><\/svg><\/span><span class=\"shariff-text\" style=\"color:#0088cc\">dela<\/span>&nbsp;<\/a><\/li><li class=\"shariff-button reddit shariff-nocustomcolor\" style=\"background-color:#ff5700\"><a href=\"https:\/\/www.reddit.com\/submit?url=https%3A%2F%2Fpicockpit.com%2Fraspberry-pi%2Fsv%2Fpistats-live-raspberry-pi-statistics%2F\" title=\"Dela p\u00e5 Reddit\" aria-label=\"Dela p\u00e5 Reddit\" role=\"button\" rel=\"noopener nofollow\" class=\"shariff-link\" style=\"; background-color:#ff4500; color:#ff4500\" target=\"_blank\"><span class=\"shariff-icon\" style=\"fill:#ff4500\"><svg xmlns=\"http:\/\/www.w3.org\/2000\/svg\" viewbox=\"0 0 512 512\"><path fill=\"#ff4500\" d=\"M440.3 203.5c-15 0-28.2 6.2-37.9 15.9-35.7-24.7-83.8-40.6-137.1-42.3L293 52.3l88.2 19.8c0 21.6 17.6 39.2 39.2 39.2 22 0 39.7-18.1 39.7-39.7s-17.6-39.7-39.7-39.7c-15.4 0-28.7 9.3-35.3 22l-97.4-21.6c-4.9-1.3-9.7 2.2-11 7.1L246.3 177c-52.9 2.2-100.5 18.1-136.3 42.8-9.7-10.1-23.4-16.3-38.4-16.3-55.6 0-73.8 74.6-22.9 100.1-1.8 7.9-2.6 16.3-2.6 24.7 0 83.8 94.4 151.7 210.3 151.7 116.4 0 210.8-67.9 210.8-151.7 0-8.4-.9-17.2-3.1-25.1 49.9-25.6 31.5-99.7-23.8-99.7zM129.4 308.9c0-22 17.6-39.7 39.7-39.7 21.6 0 39.2 17.6 39.2 39.7 0 21.6-17.6 39.2-39.2 39.2-22 .1-39.7-17.6-39.7-39.2zm214.3 93.5c-36.4 36.4-139.1 36.4-175.5 0-4-3.5-4-9.7 0-13.7 3.5-3.5 9.7-3.5 13.2 0 27.8 28.5 120 29 149 0 3.5-3.5 9.7-3.5 13.2 0 4.1 4 4.1 10.2.1 13.7zm-.8-54.2c-21.6 0-39.2-17.6-39.2-39.2 0-22 17.6-39.7 39.2-39.7 22 0 39.7 17.6 39.7 39.7-.1 21.5-17.7 39.2-39.7 39.2z\"\/><\/svg><\/span><span class=\"shariff-text\" style=\"color:#ff4500\">dela<\/span>&nbsp;<\/a><\/li><\/ul><\/div>","protected":false},"excerpt":{"rendered":"<p>Med PiStats kan du se statistik \u00f6ver hur Raspberry Pi-h\u00e5rdvaran anv\u00e4nds i ett enkelt webbgr\u00e4nssnitt. H\u00e4r \u00e4r n\u00e5gra exempel: \u00d6vervakning med PiStats V\u00e4rdena kommer att uppdateras en g\u00e5ng i sekunden. H\u00e4r \u00e4r en lista \u00f6ver de data som du kan se med PiStats: Visualisering av statistiken Klicka p\u00e5 knappen \"Visa mig\" bredvid statistiken...<\/p>","protected":false},"author":2,"featured_media":6470,"parent":0,"menu_order":0,"comment_status":"closed","ping_status":"closed","template":"tpl-sidebar.php","meta":{"footnotes":""},"class_list":["post-254","page","type-page","status-publish","has-post-thumbnail","hentry"],"yoast_head":"<!-- This site is optimized with the Yoast SEO plugin v27.5 - https:\/\/yoast.com\/product\/yoast-seo-wordpress\/ -->\n<title>PiStats | PiCockpit<\/title>\n<meta name=\"description\" content=\"PiCockpit&#039;s PiStats allows you to view live Raspberry Pi hardware usage statistics, in a simple web interface.\" \/>\n<meta name=\"robots\" content=\"index, follow, max-snippet:-1, max-image-preview:large, max-video-preview:-1\" \/>\n<link rel=\"canonical\" href=\"https:\/\/picockpit.com\/raspberry-pi\/sv\/pistats-live-raspberry-pi-statistics\/\" \/>\n<meta property=\"og:locale\" content=\"sv_SE\" \/>\n<meta property=\"og:type\" content=\"article\" \/>\n<meta property=\"og:title\" content=\"PiStats | PiCockpit\" \/>\n<meta property=\"og:description\" content=\"PiCockpit&#039;s PiStats allows you to view live Raspberry Pi hardware usage statistics, in a simple web interface.\" \/>\n<meta property=\"og:url\" content=\"https:\/\/picockpit.com\/raspberry-pi\/sv\/pistats-live-raspberry-pi-statistics\/\" \/>\n<meta property=\"og:site_name\" content=\"PiCockpit\" \/>\n<meta property=\"article:publisher\" content=\"https:\/\/www.facebook.com\/pi3gshop\" \/>\n<meta property=\"article:modified_time\" content=\"2024-01-09T12:05:30+00:00\" \/>\n<meta property=\"og:image\" content=\"https:\/\/picockpit.com\/raspberry-pi\/wp-content\/uploads\/2020\/11\/PiStats-Title-Image.png\" \/>\n\t<meta property=\"og:image:width\" content=\"1200\" \/>\n\t<meta property=\"og:image:height\" content=\"377\" \/>\n\t<meta property=\"og:image:type\" content=\"image\/png\" \/>\n<meta name=\"twitter:card\" content=\"summary_large_image\" \/>\n<meta name=\"twitter:site\" content=\"@pi3g\" \/>\n<meta name=\"twitter:label1\" content=\"Ber\u00e4knad l\u00e4stid\" \/>\n\t<meta name=\"twitter:data1\" content=\"3 minuter\" \/>\n<script type=\"application\/ld+json\" class=\"yoast-schema-graph\">{\"@context\":\"https:\\\/\\\/schema.org\",\"@graph\":[{\"@type\":\"WebPage\",\"@id\":\"https:\\\/\\\/picockpit.com\\\/raspberry-pi\\\/pistats-live-raspberry-pi-statistics\\\/\",\"url\":\"https:\\\/\\\/picockpit.com\\\/raspberry-pi\\\/pistats-live-raspberry-pi-statistics\\\/\",\"name\":\"PiStats | PiCockpit\",\"isPartOf\":{\"@id\":\"https:\\\/\\\/picockpit.com\\\/raspberry-pi\\\/#website\"},\"primaryImageOfPage\":{\"@id\":\"https:\\\/\\\/picockpit.com\\\/raspberry-pi\\\/pistats-live-raspberry-pi-statistics\\\/#primaryimage\"},\"image\":{\"@id\":\"https:\\\/\\\/picockpit.com\\\/raspberry-pi\\\/pistats-live-raspberry-pi-statistics\\\/#primaryimage\"},\"thumbnailUrl\":\"https:\\\/\\\/picockpit.com\\\/raspberry-pi\\\/wp-content\\\/uploads\\\/2020\\\/11\\\/PiStats-Title-Image.png\",\"datePublished\":\"2020-11-16T09:43:13+00:00\",\"dateModified\":\"2024-01-09T12:05:30+00:00\",\"description\":\"PiCockpit's PiStats allows you to view live Raspberry Pi hardware usage statistics, in a simple web interface.\",\"breadcrumb\":{\"@id\":\"https:\\\/\\\/picockpit.com\\\/raspberry-pi\\\/pistats-live-raspberry-pi-statistics\\\/#breadcrumb\"},\"inLanguage\":\"sv-SE\",\"potentialAction\":[{\"@type\":\"ReadAction\",\"target\":[\"https:\\\/\\\/picockpit.com\\\/raspberry-pi\\\/pistats-live-raspberry-pi-statistics\\\/\"]}]},{\"@type\":\"ImageObject\",\"inLanguage\":\"sv-SE\",\"@id\":\"https:\\\/\\\/picockpit.com\\\/raspberry-pi\\\/pistats-live-raspberry-pi-statistics\\\/#primaryimage\",\"url\":\"https:\\\/\\\/picockpit.com\\\/raspberry-pi\\\/wp-content\\\/uploads\\\/2020\\\/11\\\/PiStats-Title-Image.png\",\"contentUrl\":\"https:\\\/\\\/picockpit.com\\\/raspberry-pi\\\/wp-content\\\/uploads\\\/2020\\\/11\\\/PiStats-Title-Image.png\",\"width\":1200,\"height\":377,\"caption\":\"PiStats Title Image\"},{\"@type\":\"BreadcrumbList\",\"@id\":\"https:\\\/\\\/picockpit.com\\\/raspberry-pi\\\/pistats-live-raspberry-pi-statistics\\\/#breadcrumb\",\"itemListElement\":[{\"@type\":\"ListItem\",\"position\":1,\"name\":\"Home\",\"item\":\"https:\\\/\\\/picockpit.com\\\/raspberry-pi\\\/\"},{\"@type\":\"ListItem\",\"position\":2,\"name\":\"PiStats\"}]},{\"@type\":\"WebSite\",\"@id\":\"https:\\\/\\\/picockpit.com\\\/raspberry-pi\\\/#website\",\"url\":\"https:\\\/\\\/picockpit.com\\\/raspberry-pi\\\/\",\"name\":\"PiCockpit\",\"description\":\"\",\"publisher\":{\"@id\":\"https:\\\/\\\/picockpit.com\\\/raspberry-pi\\\/#organization\"},\"potentialAction\":[{\"@type\":\"SearchAction\",\"target\":{\"@type\":\"EntryPoint\",\"urlTemplate\":\"https:\\\/\\\/picockpit.com\\\/raspberry-pi\\\/?s={search_term_string}\"},\"query-input\":{\"@type\":\"PropertyValueSpecification\",\"valueRequired\":true,\"valueName\":\"search_term_string\"}}],\"inLanguage\":\"sv-SE\"},{\"@type\":\"Organization\",\"@id\":\"https:\\\/\\\/picockpit.com\\\/raspberry-pi\\\/#organization\",\"name\":\"PiCockpit.com\",\"url\":\"https:\\\/\\\/picockpit.com\\\/raspberry-pi\\\/\",\"logo\":{\"@type\":\"ImageObject\",\"inLanguage\":\"sv-SE\",\"@id\":\"https:\\\/\\\/picockpit.com\\\/raspberry-pi\\\/#\\\/schema\\\/logo\\\/image\\\/\",\"url\":\"https:\\\/\\\/picockpit.com\\\/raspberry-pi\\\/wp-content\\\/uploads\\\/2023\\\/07\\\/Screenshot-from-2023-07-24-15-01-24.png\",\"contentUrl\":\"https:\\\/\\\/picockpit.com\\\/raspberry-pi\\\/wp-content\\\/uploads\\\/2023\\\/07\\\/Screenshot-from-2023-07-24-15-01-24.png\",\"width\":1165,\"height\":283,\"caption\":\"PiCockpit.com\"},\"image\":{\"@id\":\"https:\\\/\\\/picockpit.com\\\/raspberry-pi\\\/#\\\/schema\\\/logo\\\/image\\\/\"},\"sameAs\":[\"https:\\\/\\\/www.facebook.com\\\/pi3gshop\",\"https:\\\/\\\/x.com\\\/pi3g\"]}]}<\/script>\n<!-- \/ Yoast SEO plugin. -->","yoast_head_json":{"title":"PiStats | PiCockpit","description":"Med PiStats fr\u00e5n PiCockpit kan du se statistik \u00f6ver anv\u00e4ndningen av Raspberry Pi i realtid via ett enkelt webbgr\u00e4nssnitt.","robots":{"index":"index","follow":"follow","max-snippet":"max-snippet:-1","max-image-preview":"max-image-preview:large","max-video-preview":"max-video-preview:-1"},"canonical":"https:\/\/picockpit.com\/raspberry-pi\/sv\/pistats-live-raspberry-pi-statistics\/","og_locale":"sv_SE","og_type":"article","og_title":"PiStats | PiCockpit","og_description":"PiCockpit's PiStats allows you to view live Raspberry Pi hardware usage statistics, in a simple web interface.","og_url":"https:\/\/picockpit.com\/raspberry-pi\/sv\/pistats-live-raspberry-pi-statistics\/","og_site_name":"PiCockpit","article_publisher":"https:\/\/www.facebook.com\/pi3gshop","article_modified_time":"2024-01-09T12:05:30+00:00","og_image":[{"width":1200,"height":377,"url":"https:\/\/picockpit.com\/raspberry-pi\/wp-content\/uploads\/2020\/11\/PiStats-Title-Image.png","type":"image\/png"}],"twitter_card":"summary_large_image","twitter_site":"@pi3g","twitter_misc":{"Ber\u00e4knad l\u00e4stid":"3 minuter"},"schema":{"@context":"https:\/\/schema.org","@graph":[{"@type":"WebPage","@id":"https:\/\/picockpit.com\/raspberry-pi\/pistats-live-raspberry-pi-statistics\/","url":"https:\/\/picockpit.com\/raspberry-pi\/pistats-live-raspberry-pi-statistics\/","name":"PiStats | PiCockpit","isPartOf":{"@id":"https:\/\/picockpit.com\/raspberry-pi\/#website"},"primaryImageOfPage":{"@id":"https:\/\/picockpit.com\/raspberry-pi\/pistats-live-raspberry-pi-statistics\/#primaryimage"},"image":{"@id":"https:\/\/picockpit.com\/raspberry-pi\/pistats-live-raspberry-pi-statistics\/#primaryimage"},"thumbnailUrl":"https:\/\/picockpit.com\/raspberry-pi\/wp-content\/uploads\/2020\/11\/PiStats-Title-Image.png","datePublished":"2020-11-16T09:43:13+00:00","dateModified":"2024-01-09T12:05:30+00:00","description":"Med PiStats fr\u00e5n PiCockpit kan du se statistik \u00f6ver anv\u00e4ndningen av Raspberry Pi i realtid via ett enkelt webbgr\u00e4nssnitt.","breadcrumb":{"@id":"https:\/\/picockpit.com\/raspberry-pi\/pistats-live-raspberry-pi-statistics\/#breadcrumb"},"inLanguage":"sv-SE","potentialAction":[{"@type":"ReadAction","target":["https:\/\/picockpit.com\/raspberry-pi\/pistats-live-raspberry-pi-statistics\/"]}]},{"@type":"ImageObject","inLanguage":"sv-SE","@id":"https:\/\/picockpit.com\/raspberry-pi\/pistats-live-raspberry-pi-statistics\/#primaryimage","url":"https:\/\/picockpit.com\/raspberry-pi\/wp-content\/uploads\/2020\/11\/PiStats-Title-Image.png","contentUrl":"https:\/\/picockpit.com\/raspberry-pi\/wp-content\/uploads\/2020\/11\/PiStats-Title-Image.png","width":1200,"height":377,"caption":"PiStats Title Image"},{"@type":"BreadcrumbList","@id":"https:\/\/picockpit.com\/raspberry-pi\/pistats-live-raspberry-pi-statistics\/#breadcrumb","itemListElement":[{"@type":"ListItem","position":1,"name":"Home","item":"https:\/\/picockpit.com\/raspberry-pi\/"},{"@type":"ListItem","position":2,"name":"PiStats"}]},{"@type":"WebSite","@id":"https:\/\/picockpit.com\/raspberry-pi\/#website","url":"https:\/\/picockpit.com\/raspberry-pi\/","name":"PiCockpit","description":"","publisher":{"@id":"https:\/\/picockpit.com\/raspberry-pi\/#organization"},"potentialAction":[{"@type":"SearchAction","target":{"@type":"EntryPoint","urlTemplate":"https:\/\/picockpit.com\/raspberry-pi\/?s={search_term_string}"},"query-input":{"@type":"PropertyValueSpecification","valueRequired":true,"valueName":"search_term_string"}}],"inLanguage":"sv-SE"},{"@type":"Organization","@id":"https:\/\/picockpit.com\/raspberry-pi\/#organization","name":"PiCockpit.com","url":"https:\/\/picockpit.com\/raspberry-pi\/","logo":{"@type":"ImageObject","inLanguage":"sv-SE","@id":"https:\/\/picockpit.com\/raspberry-pi\/#\/schema\/logo\/image\/","url":"https:\/\/picockpit.com\/raspberry-pi\/wp-content\/uploads\/2023\/07\/Screenshot-from-2023-07-24-15-01-24.png","contentUrl":"https:\/\/picockpit.com\/raspberry-pi\/wp-content\/uploads\/2023\/07\/Screenshot-from-2023-07-24-15-01-24.png","width":1165,"height":283,"caption":"PiCockpit.com"},"image":{"@id":"https:\/\/picockpit.com\/raspberry-pi\/#\/schema\/logo\/image\/"},"sameAs":["https:\/\/www.facebook.com\/pi3gshop","https:\/\/x.com\/pi3g"]}]}},"_links":{"self":[{"href":"https:\/\/picockpit.com\/raspberry-pi\/sv\/wp-json\/wp\/v2\/pages\/254","targetHints":{"allow":["GET"]}}],"collection":[{"href":"https:\/\/picockpit.com\/raspberry-pi\/sv\/wp-json\/wp\/v2\/pages"}],"about":[{"href":"https:\/\/picockpit.com\/raspberry-pi\/sv\/wp-json\/wp\/v2\/types\/page"}],"author":[{"embeddable":true,"href":"https:\/\/picockpit.com\/raspberry-pi\/sv\/wp-json\/wp\/v2\/users\/2"}],"replies":[{"embeddable":true,"href":"https:\/\/picockpit.com\/raspberry-pi\/sv\/wp-json\/wp\/v2\/comments?post=254"}],"version-history":[{"count":8,"href":"https:\/\/picockpit.com\/raspberry-pi\/sv\/wp-json\/wp\/v2\/pages\/254\/revisions"}],"predecessor-version":[{"id":6782,"href":"https:\/\/picockpit.com\/raspberry-pi\/sv\/wp-json\/wp\/v2\/pages\/254\/revisions\/6782"}],"wp:featuredmedia":[{"embeddable":true,"href":"https:\/\/picockpit.com\/raspberry-pi\/sv\/wp-json\/wp\/v2\/media\/6470"}],"wp:attachment":[{"href":"https:\/\/picockpit.com\/raspberry-pi\/sv\/wp-json\/wp\/v2\/media?parent=254"}],"curies":[{"name":"wp","href":"https:\/\/api.w.org\/{rel}","templated":true}]}}