{"id":3597,"date":"2022-12-19T11:02:02","date_gmt":"2022-12-19T11:02:02","guid":{"rendered":"https:\/\/picockpit.com\/raspberry-pi\/?page_id=3597"},"modified":"2024-03-11T10:02:00","modified_gmt":"2024-03-11T10:02:00","slug":"picockpit-raspberry-pi-pico-w-installation","status":"publish","type":"page","link":"https:\/\/picockpit.com\/raspberry-pi\/sv\/picockpit-raspberry-pi-pico-w-installation\/","title":{"rendered":"Hur man installerar PiCockpit p\u00e5 en Pico W"},"content":{"rendered":"<figure class=\"wp-block-image size-large\"><img loading=\"lazy\" decoding=\"async\" width=\"1024\" height=\"322\" src=\"https:\/\/picockpit.com\/raspberry-pi\/wp-content\/uploads\/2023\/12\/PiCockpit-Pico-W-Installation-Title-Image-1024x322.png\" alt=\"PiCockpit Pico W Installation Titelbild\" class=\"wp-image-6488\" srcset=\"https:\/\/picockpit.com\/raspberry-pi\/wp-content\/uploads\/2023\/12\/PiCockpit-Pico-W-Installation-Title-Image-1024x322.png 1024w, https:\/\/picockpit.com\/raspberry-pi\/wp-content\/uploads\/2023\/12\/PiCockpit-Pico-W-Installation-Title-Image-300x94.png 300w, https:\/\/picockpit.com\/raspberry-pi\/wp-content\/uploads\/2023\/12\/PiCockpit-Pico-W-Installation-Title-Image-768x241.png 768w, https:\/\/picockpit.com\/raspberry-pi\/wp-content\/uploads\/2023\/12\/PiCockpit-Pico-W-Installation-Title-Image-18x6.png 18w, https:\/\/picockpit.com\/raspberry-pi\/wp-content\/uploads\/2023\/12\/PiCockpit-Pico-W-Installation-Title-Image-24x8.png 24w, https:\/\/picockpit.com\/raspberry-pi\/wp-content\/uploads\/2023\/12\/PiCockpit-Pico-W-Installation-Title-Image-36x11.png 36w, https:\/\/picockpit.com\/raspberry-pi\/wp-content\/uploads\/2023\/12\/PiCockpit-Pico-W-Installation-Title-Image-48x15.png 48w, https:\/\/picockpit.com\/raspberry-pi\/wp-content\/uploads\/2023\/12\/PiCockpit-Pico-W-Installation-Title-Image.png 1200w\" sizes=\"auto, (max-width: 1024px) 100vw, 1024px\" \/><\/figure>\n\n\n\n<p>F\u00f6lj bara de h\u00e4r instruktionerna f\u00f6r att l\u00e4gga till din <a href=\"https:\/\/buyzero.de\/products\/raspberry-pi-pico-w-h-konfigurator-pico-pico-w-pico-h-pico-wh?variant=43536399958283\" target=\"_blank\" rel=\"noreferrer noopener\">Pico W<\/a> till PiCockpit.<\/p>\n\n\n\n<p>Detta fungerar endast f\u00f6r Pico W, inte f\u00f6r Pico. Stegen under '<em>\u00c5terst\u00e4ll till fabriksinst\u00e4llningar<\/em>' \u00e4r n\u00f6dv\u00e4ndiga om du har anv\u00e4nt din Pico f\u00f6r n\u00e5got tidigare. <\/p>\n\n\n\n<p>Om du har k\u00f6pt en ny kan du hoppa \u00f6ver dem, men de skadar verkligen inte i vilket fall som helst.<\/p>\n\n\n\n<p>H\u00e4r \u00e4r 10 steg f\u00f6r att installera PiCockpit-klienten p\u00e5 din Pico W.<\/p>\n\n\n\n<h2 class=\"wp-block-heading has-text-align-left\">\u00c5terst\u00e4ll fabriksinst\u00e4llningar<\/h2>\n\n\n\n<p>1) Spara alla filer fr\u00e5n din Pico som du inte vill f\u00f6rlora! <em>(Om det <strong>\u00e4r inte<\/strong> en helt ny Pico - i allm\u00e4nhet \u00e4r det b\u00e4ttre att vara p\u00e5 den s\u00e4kra sidan \u00e4n att vara ledsen).<\/em><\/p>\n\n\n\n<p>2) Tryck p\u00e5 BOOTSEL-knappen medan du ansluter den till din dator. Pico b\u00f6r visas som en monterad volym. <\/p>\n\n\n\n<p>3) \u00c5terst\u00e4ll din Pico genom att <a href=\"https:\/\/picockpit.com\/pcp_js\/assets\/flash_nuke.uf2\" target=\"_blank\" rel=\"noreferrer noopener\">ladda ner en Flash Nuke<\/a> och kopierar uf2-filen till Pico. Detta \u00e5terst\u00e4ller Pico till fabriksinst\u00e4llningarna.<\/p>\n\n\n\n<p>4) Koppla bort Pico.<\/p>\n\n\n<div class=\"wp-block-image\">\n<figure class=\"aligncenter size-full is-resized\"><img loading=\"lazy\" decoding=\"async\" width=\"923\" height=\"282\" src=\"https:\/\/picockpit.com\/raspberry-pi\/wp-content\/uploads\/2022\/12\/one-1.png\" alt=\"\" class=\"wp-image-3616\" style=\"width:475px\" srcset=\"https:\/\/picockpit.com\/raspberry-pi\/wp-content\/uploads\/2022\/12\/one-1.png 923w, https:\/\/picockpit.com\/raspberry-pi\/wp-content\/uploads\/2022\/12\/one-1-300x92.png 300w, https:\/\/picockpit.com\/raspberry-pi\/wp-content\/uploads\/2022\/12\/one-1-768x235.png 768w, https:\/\/picockpit.com\/raspberry-pi\/wp-content\/uploads\/2022\/12\/one-1-18x5.png 18w\" sizes=\"auto, (max-width: 923px) 100vw, 923px\" \/><\/figure>\n<\/div>\n\n\n<h2 class=\"wp-block-heading has-text-align-left\">Installera PiCockpit<\/h2>\n\n\n\n<p>5) G\u00e5 till <a href=\"http:\/\/www.picockpit.com\" target=\"_blank\" rel=\"noreferrer noopener\">PiCockpit.com<\/a>. Logga in och se till att du bara har antingen 4 Pis eller har f\u00f6rl\u00e4ngt gr\u00e4nsen. F\u00f6r n\u00e4rvarande till\u00e5ter vi endast max 5 Pis p\u00e5 v\u00e5r kostnadsfria niv\u00e5.<\/p>\n\n\n\n<p>6) Klicka p\u00e5 \"<strong>L\u00e4gg till en ny Pico W<\/strong>\" och ange din information. All information sparas endast lokalt och skrivs in i uf2-bilden - s\u00e5 vi skickar inte dina WiFi-uppgifter till v\u00e5r server. De \u00e4r s\u00e4kra!<\/p>\n\n\n\n<p>7) Tryck p\u00e5 \"<strong>Generera en uf2-bild<\/strong>\". Nu laddas bilden ned.<\/p>\n\n\n\n<p>8) Tryck p\u00e5 BOOTSEL-knappen medan du ansluter Pico till din dator.<\/p>\n\n\n\n<p>9) Kopiera filen uf2 (<em>picockpit-picow-v2.5.0.uf2<\/em>) p\u00e5 Pico.<\/p>\n\n\n\n<p>10) Koppla inte bort Pico! V\u00e4nta tills Pico visas i webbgr\u00e4nssnittet. Detta b\u00f6r ta ca 2 minuter.<\/p>\n\n\n\n<p><br><\/p>\n\n\n<div class=\"wp-block-image\">\n<figure class=\"aligncenter size-full is-resized\"><img loading=\"lazy\" decoding=\"async\" width=\"525\" height=\"885\" src=\"https:\/\/picockpit.com\/raspberry-pi\/wp-content\/uploads\/2022\/12\/five-2.png\" alt=\"\" class=\"wp-image-3617\" style=\"width:475px\" srcset=\"https:\/\/picockpit.com\/raspberry-pi\/wp-content\/uploads\/2022\/12\/five-2.png 525w, https:\/\/picockpit.com\/raspberry-pi\/wp-content\/uploads\/2022\/12\/five-2-178x300.png 178w, https:\/\/picockpit.com\/raspberry-pi\/wp-content\/uploads\/2022\/12\/five-2-7x12.png 7w\" sizes=\"auto, (max-width: 525px) 100vw, 525px\" \/><\/figure>\n<\/div>\n\n\n<p><\/p>\n\n\n\n<p><\/p>\n\n\n\n<h2 class=\"wp-block-heading has-text-align-left\">VANLIGA FR\u00c5GOR<\/h2>\n\n\n\n<h3 class=\"wp-block-heading\"><strong>Varf\u00f6r \u00e4r inte <\/strong>min Pico W visas som en monterad volym?<\/h3>\n\n\n\n<p>Den vanligaste orsaken till detta problem \u00e4r att du anv\u00e4nder fel typ av USB-kabel. Pico W har en mikro-USB-port, men USB-kablar finns ofta i tv\u00e5 varianter: datakablar och laddningskablar. En laddningskabel kommer inte att montera din Pico W, s\u00e5 du m\u00e5ste se till att du anv\u00e4nder en datakabel.<\/p>\n\n\n\n<h3 class=\"wp-block-heading\"><strong>Vad \u00e4r det f\u00f6r serienummer som visas i gr\u00e4nssnittet?<\/strong><\/h3>\n\n\n\n<p>Detta \u00e4r helt enkelt ett UUID som genereras slumpm\u00e4ssigt. F\u00f6r n\u00e4rvarande finns det inget serienummer p\u00e5 en Pico W.<\/p>\n<div class=\"shariff shariff-align-center shariff-widget-align-left shariff-buttonstretch\"><ul class=\"shariff-buttons theme-white orientation-horizontal buttonsize-medium\"><li class=\"shariff-button twitter shariff-nocustomcolor\" style=\"background-color:#595959\"><a href=\"https:\/\/twitter.com\/share?url=https%3A%2F%2Fpicockpit.com%2Fraspberry-pi%2Fsv%2Fpicockpit-raspberry-pi-pico-w-installation%2F&text=How%20to%20Install%20PiCockpit%20on%20a%20Pico%20W\" title=\"Dela p\u00e5 X\" aria-label=\"Dela p\u00e5 X\" role=\"button\" rel=\"noopener nofollow\" class=\"shariff-link\" style=\"; background-color:#000; color:#000\" target=\"_blank\"><span class=\"shariff-icon\" style=\"fill:#000\"><svg width=\"32px\" height=\"20px\" xmlns=\"http:\/\/www.w3.org\/2000\/svg\" viewbox=\"0 0 24 24\"><path fill=\"#000\" d=\"M14.258 10.152L23.176 0h-2.113l-7.747 8.813L7.133 0H0l9.352 13.328L0 23.973h2.113l8.176-9.309 6.531 9.309h7.133zm-2.895 3.293l-.949-1.328L2.875 1.56h3.246l6.086 8.523.945 1.328 7.91 11.078h-3.246zm0 0\"\/><\/svg><\/span><span class=\"shariff-text\" style=\"color:#000\">dela<\/span>&nbsp;<\/a><\/li><li class=\"shariff-button facebook shariff-nocustomcolor\" style=\"background-color:#4273c8\"><a href=\"https:\/\/www.facebook.com\/sharer\/sharer.php?u=https%3A%2F%2Fpicockpit.com%2Fraspberry-pi%2Fsv%2Fpicockpit-raspberry-pi-pico-w-installation%2F\" title=\"Dela p\u00e5 Facebook\" aria-label=\"Dela p\u00e5 Facebook\" role=\"button\" rel=\"nofollow\" class=\"shariff-link\" style=\"; background-color:#3b5998; color:#3b5998\" target=\"_blank\"><span class=\"shariff-icon\" style=\"fill:#3b5998\"><svg width=\"32px\" height=\"20px\" xmlns=\"http:\/\/www.w3.org\/2000\/svg\" viewbox=\"0 0 18 32\"><path fill=\"#3b5998\" d=\"M17.1 0.2v4.7h-2.8q-1.5 0-2.1 0.6t-0.5 1.9v3.4h5.2l-0.7 5.3h-4.5v13.6h-5.5v-13.6h-4.5v-5.3h4.5v-3.9q0-3.3 1.9-5.2t5-1.8q2.6 0 4.1 0.2z\"\/><\/svg><\/span><span class=\"shariff-text\" style=\"color:#3b5998\">dela<\/span>&nbsp;<\/a><\/li><li class=\"shariff-button telegram shariff-nocustomcolor\" style=\"background-color:#4084A6\"><a href=\"https:\/\/telegram.me\/share\/url?url=https%3A%2F%2Fpicockpit.com%2Fraspberry-pi%2Fsv%2Fpicockpit-raspberry-pi-pico-w-installation%2F&text=How%20to%20Install%20PiCockpit%20on%20a%20Pico%20W\" title=\"Dela p\u00e5 Telegram\" aria-label=\"Dela p\u00e5 Telegram\" role=\"button\" rel=\"noopener nofollow\" class=\"shariff-link\" style=\"; background-color:#0088cc; color:#0088cc\" target=\"_blank\"><span class=\"shariff-icon\" style=\"fill:#0088cc\"><svg width=\"32px\" height=\"20px\" xmlns=\"http:\/\/www.w3.org\/2000\/svg\" viewbox=\"0 0 32 32\"><path fill=\"#0088cc\" d=\"M30.8 6.5l-4.5 21.4c-.3 1.5-1.2 1.9-2.5 1.2L16.9 24l-3.3 3.2c-.4.4-.7.7-1.4.7l.5-7L25.5 9.2c.6-.5-.1-.8-.9-.3l-15.8 10L2 16.7c-1.5-.5-1.5-1.5.3-2.2L28.9 4.3c1.3-.5 2.3.3 1.9 2.2z\"\/><\/svg><\/span><span class=\"shariff-text\" style=\"color:#0088cc\">dela<\/span>&nbsp;<\/a><\/li><li class=\"shariff-button reddit shariff-nocustomcolor\" style=\"background-color:#ff5700\"><a href=\"https:\/\/www.reddit.com\/submit?url=https%3A%2F%2Fpicockpit.com%2Fraspberry-pi%2Fsv%2Fpicockpit-raspberry-pi-pico-w-installation%2F\" title=\"Dela p\u00e5 Reddit\" aria-label=\"Dela p\u00e5 Reddit\" role=\"button\" rel=\"noopener nofollow\" class=\"shariff-link\" style=\"; background-color:#ff4500; color:#ff4500\" target=\"_blank\"><span class=\"shariff-icon\" style=\"fill:#ff4500\"><svg xmlns=\"http:\/\/www.w3.org\/2000\/svg\" viewbox=\"0 0 512 512\"><path fill=\"#ff4500\" d=\"M440.3 203.5c-15 0-28.2 6.2-37.9 15.9-35.7-24.7-83.8-40.6-137.1-42.3L293 52.3l88.2 19.8c0 21.6 17.6 39.2 39.2 39.2 22 0 39.7-18.1 39.7-39.7s-17.6-39.7-39.7-39.7c-15.4 0-28.7 9.3-35.3 22l-97.4-21.6c-4.9-1.3-9.7 2.2-11 7.1L246.3 177c-52.9 2.2-100.5 18.1-136.3 42.8-9.7-10.1-23.4-16.3-38.4-16.3-55.6 0-73.8 74.6-22.9 100.1-1.8 7.9-2.6 16.3-2.6 24.7 0 83.8 94.4 151.7 210.3 151.7 116.4 0 210.8-67.9 210.8-151.7 0-8.4-.9-17.2-3.1-25.1 49.9-25.6 31.5-99.7-23.8-99.7zM129.4 308.9c0-22 17.6-39.7 39.7-39.7 21.6 0 39.2 17.6 39.2 39.7 0 21.6-17.6 39.2-39.2 39.2-22 .1-39.7-17.6-39.7-39.2zm214.3 93.5c-36.4 36.4-139.1 36.4-175.5 0-4-3.5-4-9.7 0-13.7 3.5-3.5 9.7-3.5 13.2 0 27.8 28.5 120 29 149 0 3.5-3.5 9.7-3.5 13.2 0 4.1 4 4.1 10.2.1 13.7zm-.8-54.2c-21.6 0-39.2-17.6-39.2-39.2 0-22 17.6-39.7 39.2-39.7 22 0 39.7 17.6 39.7 39.7-.1 21.5-17.7 39.2-39.7 39.2z\"\/><\/svg><\/span><span class=\"shariff-text\" style=\"color:#ff4500\">dela<\/span>&nbsp;<\/a><\/li><\/ul><\/div>","protected":false},"excerpt":{"rendered":"<p>F\u00f6lj bara dessa instruktioner f\u00f6r att l\u00e4gga till din Pico W i PiCockpit. Detta fungerar endast f\u00f6r Pico W, inte f\u00f6r Pico. Stegen under \"\u00c5terst\u00e4ll till fabriksinst\u00e4llningar\" \u00e4r n\u00f6dv\u00e4ndiga om du har anv\u00e4nt din Pico till n\u00e5got tidigare. Om du har k\u00f6pt en ny kan du hoppa \u00f6ver dem, men de skadar verkligen inte i...<\/p>","protected":false},"author":7,"featured_media":6488,"parent":0,"menu_order":0,"comment_status":"closed","ping_status":"closed","template":"","meta":{"footnotes":""},"class_list":["post-3597","page","type-page","status-publish","has-post-thumbnail","hentry"],"yoast_head":"<!-- This site is optimized with the Yoast SEO plugin v27.4 - https:\/\/yoast.com\/product\/yoast-seo-wordpress\/ -->\n<title>How to Install PiCockpit on a Pico W | PiCockpit<\/title>\n<meta name=\"description\" content=\"This page explains how to install PiCockpit onto a Raspberry Pi Pico W so that you can control and monitor your Pico W.\" \/>\n<meta name=\"robots\" content=\"index, follow, max-snippet:-1, max-image-preview:large, max-video-preview:-1\" \/>\n<link rel=\"canonical\" href=\"https:\/\/picockpit.com\/raspberry-pi\/sv\/picockpit-raspberry-pi-pico-w-installation\/\" \/>\n<meta property=\"og:locale\" content=\"sv_SE\" \/>\n<meta property=\"og:type\" content=\"article\" \/>\n<meta property=\"og:title\" content=\"How to Install PiCockpit on a Pico W | PiCockpit\" \/>\n<meta property=\"og:description\" content=\"This page explains how to install PiCockpit onto a Raspberry Pi Pico W so that you can control and monitor your Pico W.\" \/>\n<meta property=\"og:url\" content=\"https:\/\/picockpit.com\/raspberry-pi\/sv\/picockpit-raspberry-pi-pico-w-installation\/\" \/>\n<meta property=\"og:site_name\" content=\"PiCockpit\" \/>\n<meta property=\"article:publisher\" content=\"https:\/\/www.facebook.com\/pi3gshop\" \/>\n<meta property=\"article:modified_time\" content=\"2024-03-11T10:02:00+00:00\" \/>\n<meta property=\"og:image\" content=\"https:\/\/picockpit.com\/raspberry-pi\/wp-content\/uploads\/2023\/12\/PiCockpit-Pico-W-Installation-Title-Image.png\" \/>\n\t<meta property=\"og:image:width\" content=\"1200\" \/>\n\t<meta property=\"og:image:height\" content=\"377\" \/>\n\t<meta property=\"og:image:type\" content=\"image\/png\" \/>\n<meta name=\"twitter:card\" content=\"summary_large_image\" \/>\n<meta name=\"twitter:site\" content=\"@pi3g\" \/>\n<meta name=\"twitter:label1\" content=\"Ber\u00e4knad l\u00e4stid\" \/>\n\t<meta name=\"twitter:data1\" content=\"3 minuter\" \/>\n<script type=\"application\/ld+json\" class=\"yoast-schema-graph\">{\"@context\":\"https:\\\/\\\/schema.org\",\"@graph\":[{\"@type\":\"WebPage\",\"@id\":\"https:\\\/\\\/picockpit.com\\\/raspberry-pi\\\/picockpit-raspberry-pi-pico-w-installation\\\/\",\"url\":\"https:\\\/\\\/picockpit.com\\\/raspberry-pi\\\/picockpit-raspberry-pi-pico-w-installation\\\/\",\"name\":\"How to Install PiCockpit on a Pico W | PiCockpit\",\"isPartOf\":{\"@id\":\"https:\\\/\\\/picockpit.com\\\/raspberry-pi\\\/#website\"},\"primaryImageOfPage\":{\"@id\":\"https:\\\/\\\/picockpit.com\\\/raspberry-pi\\\/picockpit-raspberry-pi-pico-w-installation\\\/#primaryimage\"},\"image\":{\"@id\":\"https:\\\/\\\/picockpit.com\\\/raspberry-pi\\\/picockpit-raspberry-pi-pico-w-installation\\\/#primaryimage\"},\"thumbnailUrl\":\"https:\\\/\\\/picockpit.com\\\/raspberry-pi\\\/wp-content\\\/uploads\\\/2023\\\/12\\\/PiCockpit-Pico-W-Installation-Title-Image.png\",\"datePublished\":\"2022-12-19T11:02:02+00:00\",\"dateModified\":\"2024-03-11T10:02:00+00:00\",\"description\":\"This page explains how to install PiCockpit onto a Raspberry Pi Pico W so that you can control and monitor your Pico W.\",\"breadcrumb\":{\"@id\":\"https:\\\/\\\/picockpit.com\\\/raspberry-pi\\\/picockpit-raspberry-pi-pico-w-installation\\\/#breadcrumb\"},\"inLanguage\":\"sv-SE\",\"potentialAction\":[{\"@type\":\"ReadAction\",\"target\":[\"https:\\\/\\\/picockpit.com\\\/raspberry-pi\\\/picockpit-raspberry-pi-pico-w-installation\\\/\"]}]},{\"@type\":\"ImageObject\",\"inLanguage\":\"sv-SE\",\"@id\":\"https:\\\/\\\/picockpit.com\\\/raspberry-pi\\\/picockpit-raspberry-pi-pico-w-installation\\\/#primaryimage\",\"url\":\"https:\\\/\\\/picockpit.com\\\/raspberry-pi\\\/wp-content\\\/uploads\\\/2023\\\/12\\\/PiCockpit-Pico-W-Installation-Title-Image.png\",\"contentUrl\":\"https:\\\/\\\/picockpit.com\\\/raspberry-pi\\\/wp-content\\\/uploads\\\/2023\\\/12\\\/PiCockpit-Pico-W-Installation-Title-Image.png\",\"width\":1200,\"height\":377,\"caption\":\"PiCockpit Pico W Installation Title Image\"},{\"@type\":\"BreadcrumbList\",\"@id\":\"https:\\\/\\\/picockpit.com\\\/raspberry-pi\\\/picockpit-raspberry-pi-pico-w-installation\\\/#breadcrumb\",\"itemListElement\":[{\"@type\":\"ListItem\",\"position\":1,\"name\":\"Home\",\"item\":\"https:\\\/\\\/picockpit.com\\\/raspberry-pi\\\/\"},{\"@type\":\"ListItem\",\"position\":2,\"name\":\"How to Install PiCockpit on a Pico W\"}]},{\"@type\":\"WebSite\",\"@id\":\"https:\\\/\\\/picockpit.com\\\/raspberry-pi\\\/#website\",\"url\":\"https:\\\/\\\/picockpit.com\\\/raspberry-pi\\\/\",\"name\":\"PiCockpit\",\"description\":\"\",\"publisher\":{\"@id\":\"https:\\\/\\\/picockpit.com\\\/raspberry-pi\\\/#organization\"},\"potentialAction\":[{\"@type\":\"SearchAction\",\"target\":{\"@type\":\"EntryPoint\",\"urlTemplate\":\"https:\\\/\\\/picockpit.com\\\/raspberry-pi\\\/?s={search_term_string}\"},\"query-input\":{\"@type\":\"PropertyValueSpecification\",\"valueRequired\":true,\"valueName\":\"search_term_string\"}}],\"inLanguage\":\"sv-SE\"},{\"@type\":\"Organization\",\"@id\":\"https:\\\/\\\/picockpit.com\\\/raspberry-pi\\\/#organization\",\"name\":\"PiCockpit.com\",\"url\":\"https:\\\/\\\/picockpit.com\\\/raspberry-pi\\\/\",\"logo\":{\"@type\":\"ImageObject\",\"inLanguage\":\"sv-SE\",\"@id\":\"https:\\\/\\\/picockpit.com\\\/raspberry-pi\\\/#\\\/schema\\\/logo\\\/image\\\/\",\"url\":\"https:\\\/\\\/picockpit.com\\\/raspberry-pi\\\/wp-content\\\/uploads\\\/2023\\\/07\\\/Screenshot-from-2023-07-24-15-01-24.png\",\"contentUrl\":\"https:\\\/\\\/picockpit.com\\\/raspberry-pi\\\/wp-content\\\/uploads\\\/2023\\\/07\\\/Screenshot-from-2023-07-24-15-01-24.png\",\"width\":1165,\"height\":283,\"caption\":\"PiCockpit.com\"},\"image\":{\"@id\":\"https:\\\/\\\/picockpit.com\\\/raspberry-pi\\\/#\\\/schema\\\/logo\\\/image\\\/\"},\"sameAs\":[\"https:\\\/\\\/www.facebook.com\\\/pi3gshop\",\"https:\\\/\\\/x.com\\\/pi3g\"]}]}<\/script>\n<!-- \/ Yoast SEO plugin. -->","yoast_head_json":{"title":"Hur man installerar PiCockpit p\u00e5 en Pico W | PiCockpit","description":"Den h\u00e4r sidan f\u00f6rklarar hur du installerar PiCockpit p\u00e5 en Raspberry Pi Pico W s\u00e5 att du kan styra och \u00f6vervaka din Pico W.","robots":{"index":"index","follow":"follow","max-snippet":"max-snippet:-1","max-image-preview":"max-image-preview:large","max-video-preview":"max-video-preview:-1"},"canonical":"https:\/\/picockpit.com\/raspberry-pi\/sv\/picockpit-raspberry-pi-pico-w-installation\/","og_locale":"sv_SE","og_type":"article","og_title":"How to Install PiCockpit on a Pico W | PiCockpit","og_description":"This page explains how to install PiCockpit onto a Raspberry Pi Pico W so that you can control and monitor your Pico W.","og_url":"https:\/\/picockpit.com\/raspberry-pi\/sv\/picockpit-raspberry-pi-pico-w-installation\/","og_site_name":"PiCockpit","article_publisher":"https:\/\/www.facebook.com\/pi3gshop","article_modified_time":"2024-03-11T10:02:00+00:00","og_image":[{"width":1200,"height":377,"url":"https:\/\/picockpit.com\/raspberry-pi\/wp-content\/uploads\/2023\/12\/PiCockpit-Pico-W-Installation-Title-Image.png","type":"image\/png"}],"twitter_card":"summary_large_image","twitter_site":"@pi3g","twitter_misc":{"Ber\u00e4knad l\u00e4stid":"3 minuter"},"schema":{"@context":"https:\/\/schema.org","@graph":[{"@type":"WebPage","@id":"https:\/\/picockpit.com\/raspberry-pi\/picockpit-raspberry-pi-pico-w-installation\/","url":"https:\/\/picockpit.com\/raspberry-pi\/picockpit-raspberry-pi-pico-w-installation\/","name":"Hur man installerar PiCockpit p\u00e5 en Pico W | PiCockpit","isPartOf":{"@id":"https:\/\/picockpit.com\/raspberry-pi\/#website"},"primaryImageOfPage":{"@id":"https:\/\/picockpit.com\/raspberry-pi\/picockpit-raspberry-pi-pico-w-installation\/#primaryimage"},"image":{"@id":"https:\/\/picockpit.com\/raspberry-pi\/picockpit-raspberry-pi-pico-w-installation\/#primaryimage"},"thumbnailUrl":"https:\/\/picockpit.com\/raspberry-pi\/wp-content\/uploads\/2023\/12\/PiCockpit-Pico-W-Installation-Title-Image.png","datePublished":"2022-12-19T11:02:02+00:00","dateModified":"2024-03-11T10:02:00+00:00","description":"Den h\u00e4r sidan f\u00f6rklarar hur du installerar PiCockpit p\u00e5 en Raspberry Pi Pico W s\u00e5 att du kan styra och \u00f6vervaka din Pico W.","breadcrumb":{"@id":"https:\/\/picockpit.com\/raspberry-pi\/picockpit-raspberry-pi-pico-w-installation\/#breadcrumb"},"inLanguage":"sv-SE","potentialAction":[{"@type":"ReadAction","target":["https:\/\/picockpit.com\/raspberry-pi\/picockpit-raspberry-pi-pico-w-installation\/"]}]},{"@type":"ImageObject","inLanguage":"sv-SE","@id":"https:\/\/picockpit.com\/raspberry-pi\/picockpit-raspberry-pi-pico-w-installation\/#primaryimage","url":"https:\/\/picockpit.com\/raspberry-pi\/wp-content\/uploads\/2023\/12\/PiCockpit-Pico-W-Installation-Title-Image.png","contentUrl":"https:\/\/picockpit.com\/raspberry-pi\/wp-content\/uploads\/2023\/12\/PiCockpit-Pico-W-Installation-Title-Image.png","width":1200,"height":377,"caption":"PiCockpit Pico W Installation Title Image"},{"@type":"BreadcrumbList","@id":"https:\/\/picockpit.com\/raspberry-pi\/picockpit-raspberry-pi-pico-w-installation\/#breadcrumb","itemListElement":[{"@type":"ListItem","position":1,"name":"Home","item":"https:\/\/picockpit.com\/raspberry-pi\/"},{"@type":"ListItem","position":2,"name":"How to Install PiCockpit on a Pico W"}]},{"@type":"WebSite","@id":"https:\/\/picockpit.com\/raspberry-pi\/#website","url":"https:\/\/picockpit.com\/raspberry-pi\/","name":"PiCockpit","description":"","publisher":{"@id":"https:\/\/picockpit.com\/raspberry-pi\/#organization"},"potentialAction":[{"@type":"SearchAction","target":{"@type":"EntryPoint","urlTemplate":"https:\/\/picockpit.com\/raspberry-pi\/?s={search_term_string}"},"query-input":{"@type":"PropertyValueSpecification","valueRequired":true,"valueName":"search_term_string"}}],"inLanguage":"sv-SE"},{"@type":"Organization","@id":"https:\/\/picockpit.com\/raspberry-pi\/#organization","name":"PiCockpit.com","url":"https:\/\/picockpit.com\/raspberry-pi\/","logo":{"@type":"ImageObject","inLanguage":"sv-SE","@id":"https:\/\/picockpit.com\/raspberry-pi\/#\/schema\/logo\/image\/","url":"https:\/\/picockpit.com\/raspberry-pi\/wp-content\/uploads\/2023\/07\/Screenshot-from-2023-07-24-15-01-24.png","contentUrl":"https:\/\/picockpit.com\/raspberry-pi\/wp-content\/uploads\/2023\/07\/Screenshot-from-2023-07-24-15-01-24.png","width":1165,"height":283,"caption":"PiCockpit.com"},"image":{"@id":"https:\/\/picockpit.com\/raspberry-pi\/#\/schema\/logo\/image\/"},"sameAs":["https:\/\/www.facebook.com\/pi3gshop","https:\/\/x.com\/pi3g"]}]}},"_links":{"self":[{"href":"https:\/\/picockpit.com\/raspberry-pi\/sv\/wp-json\/wp\/v2\/pages\/3597","targetHints":{"allow":["GET"]}}],"collection":[{"href":"https:\/\/picockpit.com\/raspberry-pi\/sv\/wp-json\/wp\/v2\/pages"}],"about":[{"href":"https:\/\/picockpit.com\/raspberry-pi\/sv\/wp-json\/wp\/v2\/types\/page"}],"author":[{"embeddable":true,"href":"https:\/\/picockpit.com\/raspberry-pi\/sv\/wp-json\/wp\/v2\/users\/7"}],"replies":[{"embeddable":true,"href":"https:\/\/picockpit.com\/raspberry-pi\/sv\/wp-json\/wp\/v2\/comments?post=3597"}],"version-history":[{"count":16,"href":"https:\/\/picockpit.com\/raspberry-pi\/sv\/wp-json\/wp\/v2\/pages\/3597\/revisions"}],"predecessor-version":[{"id":6998,"href":"https:\/\/picockpit.com\/raspberry-pi\/sv\/wp-json\/wp\/v2\/pages\/3597\/revisions\/6998"}],"wp:featuredmedia":[{"embeddable":true,"href":"https:\/\/picockpit.com\/raspberry-pi\/sv\/wp-json\/wp\/v2\/media\/6488"}],"wp:attachment":[{"href":"https:\/\/picockpit.com\/raspberry-pi\/sv\/wp-json\/wp\/v2\/media?parent=3597"}],"curies":[{"name":"wp","href":"https:\/\/api.w.org\/{rel}","templated":true}]}}