{"id":60,"date":"2020-11-08T11:49:56","date_gmt":"2020-11-08T11:49:56","guid":{"rendered":"https:\/\/picockpit.com\/raspberry-pi\/?page_id=60"},"modified":"2024-04-04T13:19:39","modified_gmt":"2024-04-04T13:19:39","slug":"picockpit-terms-of-service","status":"publish","type":"page","link":"https:\/\/picockpit.com\/raspberry-pi\/sv\/picockpit-terms-of-service\/","title":{"rendered":"Villkor f\u00f6r PiCockpit"},"content":{"rendered":"<h2 class=\"wp-block-heading\"><strong>Anv\u00e4ndarvillkor<\/strong><\/h2>\n\n\n\n<p>Dessa Anv\u00e4ndarvillkor reglerar din anv\u00e4ndning av webbplatsen www.picockpit.com (\"Webbplatsen\") som drivs av pi3g GmbH &amp; Co. KG (\"pi3g\", \"vi\", \"v\u00e5r\" eller \"oss\"). Genom att g\u00e5 in p\u00e5 eller anv\u00e4nda Webbplatsen samtycker du till att vara bunden av dessa Villkor. Om du inte samtycker till dessa Villkor f\u00e5r du inte g\u00e5 in p\u00e5 eller anv\u00e4nda Webbplatsen.<\/p>\n\n\n\n<p>Dessa Anv\u00e4ndarvillkor g\u00e4ller \u00e4ven f\u00f6r all anv\u00e4ndning av PiCockpit-klienten och PiCockpit-tj\u00e4nsten mer generellt.<\/p>\n\n\n\n<p>De officiella anv\u00e4ndarvillkoren \u00e4r skrivna och presenterade p\u00e5 engelska. Vi ansvarar inte f\u00f6r fel i \u00f6vers\u00e4ttningen.<\/p>\n\n\n\n<ol class=\"wp-block-list\">\n<li>Godk\u00e4nnande av villkor<\/li>\n<\/ol>\n\n\n\n<p>Genom att anv\u00e4nda tj\u00e4nsten som tillhandah\u00e5lls p\u00e5 Webbplatsen samtycker du till att vara bunden av f\u00f6ljande villkor. Dessa Tj\u00e4nstevillkor tillsammans med till\u00e4mpligt best\u00e4llningsformul\u00e4r utg\u00f6r den fullst\u00e4ndiga och exklusiva \u00f6verenskommelsen mellan pi3g och dig avseende tj\u00e4nsten, och dessa Tj\u00e4nstevillkor ers\u00e4tter alla tidigare muntliga eller skriftliga \u00f6verenskommelser eller avtal mellan pi3g och dig avseende tj\u00e4nsten.<\/p>\n\n\n\n<ol class=\"wp-block-list\" start=\"2\">\n<li>Modifiering<\/li>\n<\/ol>\n\n\n\n<p>Vi f\u00f6rbeh\u00e5ller oss r\u00e4tten att \u00e4ndra dessa anv\u00e4ndarvillkor n\u00e4r som helst, efter eget gottfinnande. Det \u00e4r viktigt att du granskar anv\u00e4ndarvillkoren n\u00e4r vi \u00e4ndrar dem, eftersom om du forts\u00e4tter att anv\u00e4nda tj\u00e4nsten efter att vi har publicerat \u00e4ndrade anv\u00e4ndarvillkor p\u00e5 webbplatsen, anger du f\u00f6r oss att du samtycker till att vara bunden av de \u00e4ndrade villkoren. Om du inte samtycker till att vara bunden av de \u00e4ndrade anv\u00e4ndarvillkoren f\u00e5r du inte anv\u00e4nda v\u00e5r tj\u00e4nst.<\/p>\n\n\n\n<ol class=\"wp-block-list\" start=\"3\">\n<li>F\u00f6rm\u00e5ga att acceptera villkor<\/li>\n<\/ol>\n\n\n\n<p>Webbplatsen \u00e4r avsedd f\u00f6r personer som \u00e4r tretton (13) \u00e5r eller \u00e4ldre. Du m\u00e5ste vara 13 \u00e5r eller \u00e4ldre f\u00f6r att anv\u00e4nda tj\u00e4nsten. Endast m\u00e4nniskor f\u00e5r anv\u00e4nda tj\u00e4nsten, som du endast kan anv\u00e4nda om du skapar ett konto (\"Konto\"). Vi till\u00e5ter inte att robotar eller andra automatiseringsverktyg registrerar konton, och det \u00e4r f\u00f6rbjudet att registrera ett konto p\u00e5 detta s\u00e4tt. Du m\u00e5ste tillhandah\u00e5lla den information vi beh\u00f6ver f\u00f6r att slutf\u00f6ra din registrering av ett konto, inklusive ditt namn, en giltig e-postadress och all annan information vi ber om under registreringsprocessen.<\/p>\n\n\n\n<ol class=\"wp-block-list\" start=\"4\">\n<li>Anv\u00e4ndning av inneh\u00e5ll<\/li>\n<\/ol>\n\n\n\n<p>Inneh\u00e5llet p\u00e5 webbplatsen tillhandah\u00e5lls dig endast f\u00f6r din information och personliga anv\u00e4ndning och f\u00e5r inte anv\u00e4ndas, modifieras, kopieras, distribueras, \u00f6verf\u00f6ras, s\u00e4ndas, visas, s\u00e4ljas, licensieras, dekompileras eller p\u00e5 annat s\u00e4tt utnyttjas f\u00f6r n\u00e5gra som helst andra \u00e4ndam\u00e5l utan v\u00e5rt f\u00f6reg\u00e5ende skriftliga medgivande.<\/p>\n\n\n\n<ol class=\"wp-block-list\" start=\"5\">\n<li>Immateriella r\u00e4ttigheter<\/li>\n<\/ol>\n\n\n\n<p>Allt inneh\u00e5ll p\u00e5 Webbplatsen, inklusive text, dokument, artiklar, broschyrer, beskrivningar, produkter, programvara, grafik, foton, ljud, videor, interaktiva funktioner och tj\u00e4nster, tillh\u00f6r pi3g och\/eller dess licensgivare och kan vara skyddat av till\u00e4mplig upphovsr\u00e4tt eller andra lagar och avtal om immateriell \u00e4gander\u00e4tt. PiCockpit \u00e4r skyddat av upphovsr\u00e4tt. Alla r\u00e4ttigheter f\u00f6rbeh\u00e5lls. Obeh\u00f6rig anv\u00e4ndning, reproduktion eller distribution av PiCockpit eller dess komponenter \u00e4r f\u00f6rbjuden.<\/p>\n\n\n\n<ol class=\"wp-block-list\" start=\"6\">\n<li>Betalning<\/li>\n<\/ol>\n\n\n\n<p>Betalningen f\u00f6r en betald plan (PiCockpit Pro &amp; PiCockpit Pro Plus) sker via onlinebetalningssystem som drivs av tredje part, till exempel Stripe, som vi kan anv\u00e4nda f\u00f6r betalningshantering.<\/p>\n\n\n\n<ol class=\"wp-block-list\" start=\"7\">\n<li>Begr\u00e4nsning av ansvar<\/li>\n<\/ol>\n\n\n\n<p>I den utstr\u00e4ckning det \u00e4r till\u00e5tet enligt lag ska pi3g inte h\u00e5llas ansvarigt f\u00f6r n\u00e5gra direkta, indirekta, exemplariska, speciella, f\u00f6ljdm\u00e4ssiga eller tillf\u00e4lliga skador av n\u00e5got slag, eller f\u00f6r f\u00f6rlust av data, int\u00e4kter, vinster eller rykte, som uppst\u00e5r enligt dessa Anv\u00e4ndarvillkor eller p\u00e5 grund av din anv\u00e4ndning av, eller of\u00f6rm\u00e5ga att anv\u00e4nda, Webbplatsen.<\/p>\n\n\n\n<ol class=\"wp-block-list\" start=\"8\">\n<li>Garanti<\/li>\n<\/ol>\n\n\n\n<p>PiCockpit tillhandah\u00e5lls \"i befintligt skick\" utan garantier av n\u00e5got slag, uttryckliga eller underf\u00f6rst\u00e5dda. Vi garanterar inte att tj\u00e4nsten kommer att vara oavbruten, felfri eller fri fr\u00e5n s\u00e4kerhets\u00f6vertr\u00e4delser eller attacker.<\/p>\n\n\n\n<ol class=\"wp-block-list\" start=\"9\">\n<li>\u00c5terbetalningar<\/li>\n<\/ol>\n\n\n\n<p>Vi erbjuder \u00e5terbetalning inom 30 dagar efter det f\u00f6rsta k\u00f6pet av en PiCockpit Pro eller en PiCockpit Pro Plus betalningsplan. F\u00f6r att beg\u00e4ra en \u00e5terbetalning, v\u00e4nligen kontakta oss p\u00e5 <a href=\"mailto:info@picockpit.com\">info@picockpit.com<\/a>.<\/p>\n\n\n\n<ol class=\"wp-block-list\" start=\"10\">\n<li>Priss\u00e4ttningspolicy<\/li>\n<\/ol>\n\n\n\n<p>Aktuella priser finns tillg\u00e4ngliga via <a href=\"https:\/\/picockpit.com\/raspberry-pi\/picockpit-pricing\/\">https:\/\/picockpit.com\/raspberry-pi\/picockpit-pricing\/<\/a>. Vi f\u00f6rbeh\u00e5ller oss r\u00e4tten att justera priset med en m\u00e5nads varsel till befintliga anv\u00e4ndare.<\/p>\n\n\n\n<ol class=\"wp-block-list\" start=\"11\">\n<li>Avbokning<\/li>\n<\/ol>\n\n\n\n<p>Anv\u00e4ndaren kan n\u00e4r som helst avsluta sitt konto. Vid upps\u00e4gning raderas deras uppgifter fr\u00e5n v\u00e5ra system.<\/p>\n\n\n\n<p>Efter 30-dagarsperioden efter det f\u00f6rsta k\u00f6pet kommer dock en eventuell avbokning inte att leda till \u00e5terbetalning, inklusive f\u00f6r den aktuella betalningsperioden.<\/p>\n\n\n\n<ol class=\"wp-block-list\" start=\"12\">\n<li>Allm\u00e4nt<\/li>\n<\/ol>\n\n\n\n<p>Pi3g f\u00f6rbeh\u00e5ller sig r\u00e4tten att n\u00e4r som helst avbryta eller \u00e4ndra n\u00e5gon aspekt av PiCockpit-tj\u00e4nsten, inklusive webbplatsen, klienten och alla andra delar av PiCockpit. Om n\u00e5gon best\u00e4mmelse i dessa Villkor anses ogiltig av en beh\u00f6rig domstol, ska ogiltigheten av en s\u00e5dan best\u00e4mmelse inte p\u00e5verka giltigheten av de \u00e5terst\u00e5ende best\u00e4mmelserna i dessa Anv\u00e4ndarvillkor, som ska f\u00f6rbli i full kraft och effekt.<\/p>\n\n\n\n<hr class=\"wp-block-separator has-alpha-channel-opacity\"\/>\n\n\n\n<h3 class=\"wp-block-heading\">Tj\u00e4nsten tillhandah\u00e5lls av:<\/h3>\n\n\n\n<p> pi3g GmbH &amp; Co. KG<br> Zschochersche Allee 1<br> 04207 Leipzig<br>Tyskland <\/p>\n\n\n\n<h3 class=\"wp-block-heading\">Kontakta<\/h3>\n\n\n\n<p>V\u00e4nligen&nbsp;<a href=\"https:\/\/pi3g.com\/kontakt\/\">kontakta oss<\/a>&nbsp;vid fr\u00e5gor.<\/p>\n<div class=\"shariff shariff-align-center shariff-widget-align-left shariff-buttonstretch\"><ul class=\"shariff-buttons theme-white orientation-horizontal buttonsize-medium\"><li class=\"shariff-button twitter shariff-nocustomcolor\" style=\"background-color:#595959\"><a href=\"https:\/\/twitter.com\/share?url=https%3A%2F%2Fpicockpit.com%2Fraspberry-pi%2Fsv%2Fpicockpit-terms-of-service%2F&text=PiCockpit%20Terms%20of%20Service\" title=\"Dela p\u00e5 X\" aria-label=\"Dela p\u00e5 X\" role=\"button\" rel=\"noopener nofollow\" class=\"shariff-link\" style=\"; background-color:#000; color:#000\" target=\"_blank\"><span class=\"shariff-icon\" style=\"fill:#000\"><svg width=\"32px\" height=\"20px\" xmlns=\"http:\/\/www.w3.org\/2000\/svg\" viewbox=\"0 0 24 24\"><path fill=\"#000\" d=\"M14.258 10.152L23.176 0h-2.113l-7.747 8.813L7.133 0H0l9.352 13.328L0 23.973h2.113l8.176-9.309 6.531 9.309h7.133zm-2.895 3.293l-.949-1.328L2.875 1.56h3.246l6.086 8.523.945 1.328 7.91 11.078h-3.246zm0 0\"\/><\/svg><\/span><span class=\"shariff-text\" style=\"color:#000\">dela<\/span>&nbsp;<\/a><\/li><li class=\"shariff-button facebook shariff-nocustomcolor\" style=\"background-color:#4273c8\"><a href=\"https:\/\/www.facebook.com\/sharer\/sharer.php?u=https%3A%2F%2Fpicockpit.com%2Fraspberry-pi%2Fsv%2Fpicockpit-terms-of-service%2F\" title=\"Dela p\u00e5 Facebook\" aria-label=\"Dela p\u00e5 Facebook\" role=\"button\" rel=\"nofollow\" class=\"shariff-link\" style=\"; background-color:#3b5998; color:#3b5998\" target=\"_blank\"><span class=\"shariff-icon\" style=\"fill:#3b5998\"><svg width=\"32px\" height=\"20px\" xmlns=\"http:\/\/www.w3.org\/2000\/svg\" viewbox=\"0 0 18 32\"><path fill=\"#3b5998\" d=\"M17.1 0.2v4.7h-2.8q-1.5 0-2.1 0.6t-0.5 1.9v3.4h5.2l-0.7 5.3h-4.5v13.6h-5.5v-13.6h-4.5v-5.3h4.5v-3.9q0-3.3 1.9-5.2t5-1.8q2.6 0 4.1 0.2z\"\/><\/svg><\/span><span class=\"shariff-text\" style=\"color:#3b5998\">dela<\/span>&nbsp;<\/a><\/li><li class=\"shariff-button telegram shariff-nocustomcolor\" style=\"background-color:#4084A6\"><a href=\"https:\/\/telegram.me\/share\/url?url=https%3A%2F%2Fpicockpit.com%2Fraspberry-pi%2Fsv%2Fpicockpit-terms-of-service%2F&text=PiCockpit%20Terms%20of%20Service\" title=\"Dela p\u00e5 Telegram\" aria-label=\"Dela p\u00e5 Telegram\" role=\"button\" rel=\"noopener nofollow\" class=\"shariff-link\" style=\"; background-color:#0088cc; color:#0088cc\" target=\"_blank\"><span class=\"shariff-icon\" style=\"fill:#0088cc\"><svg width=\"32px\" height=\"20px\" xmlns=\"http:\/\/www.w3.org\/2000\/svg\" viewbox=\"0 0 32 32\"><path fill=\"#0088cc\" d=\"M30.8 6.5l-4.5 21.4c-.3 1.5-1.2 1.9-2.5 1.2L16.9 24l-3.3 3.2c-.4.4-.7.7-1.4.7l.5-7L25.5 9.2c.6-.5-.1-.8-.9-.3l-15.8 10L2 16.7c-1.5-.5-1.5-1.5.3-2.2L28.9 4.3c1.3-.5 2.3.3 1.9 2.2z\"\/><\/svg><\/span><span class=\"shariff-text\" style=\"color:#0088cc\">dela<\/span>&nbsp;<\/a><\/li><li class=\"shariff-button reddit shariff-nocustomcolor\" style=\"background-color:#ff5700\"><a href=\"https:\/\/www.reddit.com\/submit?url=https%3A%2F%2Fpicockpit.com%2Fraspberry-pi%2Fsv%2Fpicockpit-terms-of-service%2F\" title=\"Dela p\u00e5 Reddit\" aria-label=\"Dela p\u00e5 Reddit\" role=\"button\" rel=\"noopener nofollow\" class=\"shariff-link\" style=\"; background-color:#ff4500; color:#ff4500\" target=\"_blank\"><span class=\"shariff-icon\" style=\"fill:#ff4500\"><svg xmlns=\"http:\/\/www.w3.org\/2000\/svg\" viewbox=\"0 0 512 512\"><path fill=\"#ff4500\" d=\"M440.3 203.5c-15 0-28.2 6.2-37.9 15.9-35.7-24.7-83.8-40.6-137.1-42.3L293 52.3l88.2 19.8c0 21.6 17.6 39.2 39.2 39.2 22 0 39.7-18.1 39.7-39.7s-17.6-39.7-39.7-39.7c-15.4 0-28.7 9.3-35.3 22l-97.4-21.6c-4.9-1.3-9.7 2.2-11 7.1L246.3 177c-52.9 2.2-100.5 18.1-136.3 42.8-9.7-10.1-23.4-16.3-38.4-16.3-55.6 0-73.8 74.6-22.9 100.1-1.8 7.9-2.6 16.3-2.6 24.7 0 83.8 94.4 151.7 210.3 151.7 116.4 0 210.8-67.9 210.8-151.7 0-8.4-.9-17.2-3.1-25.1 49.9-25.6 31.5-99.7-23.8-99.7zM129.4 308.9c0-22 17.6-39.7 39.7-39.7 21.6 0 39.2 17.6 39.2 39.7 0 21.6-17.6 39.2-39.2 39.2-22 .1-39.7-17.6-39.7-39.2zm214.3 93.5c-36.4 36.4-139.1 36.4-175.5 0-4-3.5-4-9.7 0-13.7 3.5-3.5 9.7-3.5 13.2 0 27.8 28.5 120 29 149 0 3.5-3.5 9.7-3.5 13.2 0 4.1 4 4.1 10.2.1 13.7zm-.8-54.2c-21.6 0-39.2-17.6-39.2-39.2 0-22 17.6-39.7 39.2-39.7 22 0 39.7 17.6 39.7 39.7-.1 21.5-17.7 39.2-39.7 39.2z\"\/><\/svg><\/span><span class=\"shariff-text\" style=\"color:#ff4500\">dela<\/span>&nbsp;<\/a><\/li><\/ul><\/div>","protected":false},"excerpt":{"rendered":"<p>Anv\u00e4ndarvillkor Dessa anv\u00e4ndarvillkor reglerar din anv\u00e4ndning av webbplatsen www.picockpit.com (\"Webbplatsen\") som drivs av pi3g GmbH &amp; Co. KG (\"pi3g\", \"vi\", \"v\u00e5r\" eller \"oss\"). Genom att g\u00e5 in p\u00e5 eller anv\u00e4nda Webbplatsen samtycker du till att vara bunden av dessa Villkor. Om du inte samtycker till dessa villkor f\u00e5r du inte komma \u00e5t eller anv\u00e4nda...<\/p>","protected":false},"author":2,"featured_media":0,"parent":0,"menu_order":0,"comment_status":"closed","ping_status":"closed","template":"tpl-sidebar.php","meta":{"footnotes":""},"class_list":["post-60","page","type-page","status-publish","hentry"],"yoast_head":"<!-- This site is optimized with the Yoast SEO plugin v27.5 - https:\/\/yoast.com\/product\/yoast-seo-wordpress\/ -->\n<title>PiCockpit Terms of Service | PiCockpit<\/title>\n<meta name=\"description\" content=\"This page provides PiCockpit&#039;s Terms of Service, which apply to both the website and the client, as well as PiCockpit more generally.\" \/>\n<meta name=\"robots\" content=\"index, follow, max-snippet:-1, max-image-preview:large, max-video-preview:-1\" \/>\n<link rel=\"canonical\" href=\"https:\/\/picockpit.com\/raspberry-pi\/sv\/picockpit-terms-of-service\/\" \/>\n<meta property=\"og:locale\" content=\"sv_SE\" \/>\n<meta property=\"og:type\" content=\"article\" \/>\n<meta property=\"og:title\" content=\"PiCockpit Terms of Service | PiCockpit\" \/>\n<meta property=\"og:description\" content=\"This page provides PiCockpit&#039;s Terms of Service, which apply to both the website and the client, as well as PiCockpit more generally.\" \/>\n<meta property=\"og:url\" content=\"https:\/\/picockpit.com\/raspberry-pi\/sv\/picockpit-terms-of-service\/\" \/>\n<meta property=\"og:site_name\" content=\"PiCockpit\" \/>\n<meta property=\"article:publisher\" content=\"https:\/\/www.facebook.com\/pi3gshop\" \/>\n<meta property=\"article:modified_time\" content=\"2024-04-04T13:19:39+00:00\" \/>\n<meta property=\"og:image\" content=\"https:\/\/picockpit.com\/raspberry-pi\/wp-content\/uploads\/2023\/07\/Screenshot-from-2023-07-24-15-01-24.png\" \/>\n\t<meta property=\"og:image:width\" content=\"1165\" \/>\n\t<meta property=\"og:image:height\" content=\"283\" \/>\n\t<meta property=\"og:image:type\" content=\"image\/png\" \/>\n<meta name=\"twitter:card\" content=\"summary_large_image\" \/>\n<meta name=\"twitter:site\" content=\"@pi3g\" \/>\n<meta name=\"twitter:label1\" content=\"Ber\u00e4knad l\u00e4stid\" \/>\n\t<meta name=\"twitter:data1\" content=\"4 minuter\" \/>\n<script type=\"application\/ld+json\" class=\"yoast-schema-graph\">{\"@context\":\"https:\\\/\\\/schema.org\",\"@graph\":[{\"@type\":\"WebPage\",\"@id\":\"https:\\\/\\\/picockpit.com\\\/raspberry-pi\\\/picockpit-terms-of-service\\\/\",\"url\":\"https:\\\/\\\/picockpit.com\\\/raspberry-pi\\\/picockpit-terms-of-service\\\/\",\"name\":\"PiCockpit Terms of Service | PiCockpit\",\"isPartOf\":{\"@id\":\"https:\\\/\\\/picockpit.com\\\/raspberry-pi\\\/#website\"},\"datePublished\":\"2020-11-08T11:49:56+00:00\",\"dateModified\":\"2024-04-04T13:19:39+00:00\",\"description\":\"This page provides PiCockpit's Terms of Service, which apply to both the website and the client, as well as PiCockpit more generally.\",\"breadcrumb\":{\"@id\":\"https:\\\/\\\/picockpit.com\\\/raspberry-pi\\\/picockpit-terms-of-service\\\/#breadcrumb\"},\"inLanguage\":\"sv-SE\",\"potentialAction\":[{\"@type\":\"ReadAction\",\"target\":[\"https:\\\/\\\/picockpit.com\\\/raspberry-pi\\\/picockpit-terms-of-service\\\/\"]}]},{\"@type\":\"BreadcrumbList\",\"@id\":\"https:\\\/\\\/picockpit.com\\\/raspberry-pi\\\/picockpit-terms-of-service\\\/#breadcrumb\",\"itemListElement\":[{\"@type\":\"ListItem\",\"position\":1,\"name\":\"Home\",\"item\":\"https:\\\/\\\/picockpit.com\\\/raspberry-pi\\\/\"},{\"@type\":\"ListItem\",\"position\":2,\"name\":\"PiCockpit Terms of Service\"}]},{\"@type\":\"WebSite\",\"@id\":\"https:\\\/\\\/picockpit.com\\\/raspberry-pi\\\/#website\",\"url\":\"https:\\\/\\\/picockpit.com\\\/raspberry-pi\\\/\",\"name\":\"PiCockpit\",\"description\":\"\",\"publisher\":{\"@id\":\"https:\\\/\\\/picockpit.com\\\/raspberry-pi\\\/#organization\"},\"potentialAction\":[{\"@type\":\"SearchAction\",\"target\":{\"@type\":\"EntryPoint\",\"urlTemplate\":\"https:\\\/\\\/picockpit.com\\\/raspberry-pi\\\/?s={search_term_string}\"},\"query-input\":{\"@type\":\"PropertyValueSpecification\",\"valueRequired\":true,\"valueName\":\"search_term_string\"}}],\"inLanguage\":\"sv-SE\"},{\"@type\":\"Organization\",\"@id\":\"https:\\\/\\\/picockpit.com\\\/raspberry-pi\\\/#organization\",\"name\":\"PiCockpit.com\",\"url\":\"https:\\\/\\\/picockpit.com\\\/raspberry-pi\\\/\",\"logo\":{\"@type\":\"ImageObject\",\"inLanguage\":\"sv-SE\",\"@id\":\"https:\\\/\\\/picockpit.com\\\/raspberry-pi\\\/#\\\/schema\\\/logo\\\/image\\\/\",\"url\":\"https:\\\/\\\/picockpit.com\\\/raspberry-pi\\\/wp-content\\\/uploads\\\/2023\\\/07\\\/Screenshot-from-2023-07-24-15-01-24.png\",\"contentUrl\":\"https:\\\/\\\/picockpit.com\\\/raspberry-pi\\\/wp-content\\\/uploads\\\/2023\\\/07\\\/Screenshot-from-2023-07-24-15-01-24.png\",\"width\":1165,\"height\":283,\"caption\":\"PiCockpit.com\"},\"image\":{\"@id\":\"https:\\\/\\\/picockpit.com\\\/raspberry-pi\\\/#\\\/schema\\\/logo\\\/image\\\/\"},\"sameAs\":[\"https:\\\/\\\/www.facebook.com\\\/pi3gshop\",\"https:\\\/\\\/x.com\\\/pi3g\"]}]}<\/script>\n<!-- \/ Yoast SEO plugin. -->","yoast_head_json":{"title":"PiCockpit Anv\u00e4ndarvillkor | PiCockpit","description":"P\u00e5 denna sida finns PiCockpits anv\u00e4ndarvillkor, som g\u00e4ller f\u00f6r b\u00e5de webbplatsen och kunden, samt PiCockpit mer generellt.","robots":{"index":"index","follow":"follow","max-snippet":"max-snippet:-1","max-image-preview":"max-image-preview:large","max-video-preview":"max-video-preview:-1"},"canonical":"https:\/\/picockpit.com\/raspberry-pi\/sv\/picockpit-terms-of-service\/","og_locale":"sv_SE","og_type":"article","og_title":"PiCockpit Terms of Service | PiCockpit","og_description":"This page provides PiCockpit's Terms of Service, which apply to both the website and the client, as well as PiCockpit more generally.","og_url":"https:\/\/picockpit.com\/raspberry-pi\/sv\/picockpit-terms-of-service\/","og_site_name":"PiCockpit","article_publisher":"https:\/\/www.facebook.com\/pi3gshop","article_modified_time":"2024-04-04T13:19:39+00:00","og_image":[{"width":1165,"height":283,"url":"https:\/\/picockpit.com\/raspberry-pi\/wp-content\/uploads\/2023\/07\/Screenshot-from-2023-07-24-15-01-24.png","type":"image\/png"}],"twitter_card":"summary_large_image","twitter_site":"@pi3g","twitter_misc":{"Ber\u00e4knad l\u00e4stid":"4 minuter"},"schema":{"@context":"https:\/\/schema.org","@graph":[{"@type":"WebPage","@id":"https:\/\/picockpit.com\/raspberry-pi\/picockpit-terms-of-service\/","url":"https:\/\/picockpit.com\/raspberry-pi\/picockpit-terms-of-service\/","name":"PiCockpit Anv\u00e4ndarvillkor | PiCockpit","isPartOf":{"@id":"https:\/\/picockpit.com\/raspberry-pi\/#website"},"datePublished":"2020-11-08T11:49:56+00:00","dateModified":"2024-04-04T13:19:39+00:00","description":"P\u00e5 denna sida finns PiCockpits anv\u00e4ndarvillkor, som g\u00e4ller f\u00f6r b\u00e5de webbplatsen och kunden, samt PiCockpit mer generellt.","breadcrumb":{"@id":"https:\/\/picockpit.com\/raspberry-pi\/picockpit-terms-of-service\/#breadcrumb"},"inLanguage":"sv-SE","potentialAction":[{"@type":"ReadAction","target":["https:\/\/picockpit.com\/raspberry-pi\/picockpit-terms-of-service\/"]}]},{"@type":"BreadcrumbList","@id":"https:\/\/picockpit.com\/raspberry-pi\/picockpit-terms-of-service\/#breadcrumb","itemListElement":[{"@type":"ListItem","position":1,"name":"Home","item":"https:\/\/picockpit.com\/raspberry-pi\/"},{"@type":"ListItem","position":2,"name":"PiCockpit Terms of Service"}]},{"@type":"WebSite","@id":"https:\/\/picockpit.com\/raspberry-pi\/#website","url":"https:\/\/picockpit.com\/raspberry-pi\/","name":"PiCockpit","description":"","publisher":{"@id":"https:\/\/picockpit.com\/raspberry-pi\/#organization"},"potentialAction":[{"@type":"SearchAction","target":{"@type":"EntryPoint","urlTemplate":"https:\/\/picockpit.com\/raspberry-pi\/?s={search_term_string}"},"query-input":{"@type":"PropertyValueSpecification","valueRequired":true,"valueName":"search_term_string"}}],"inLanguage":"sv-SE"},{"@type":"Organization","@id":"https:\/\/picockpit.com\/raspberry-pi\/#organization","name":"PiCockpit.com","url":"https:\/\/picockpit.com\/raspberry-pi\/","logo":{"@type":"ImageObject","inLanguage":"sv-SE","@id":"https:\/\/picockpit.com\/raspberry-pi\/#\/schema\/logo\/image\/","url":"https:\/\/picockpit.com\/raspberry-pi\/wp-content\/uploads\/2023\/07\/Screenshot-from-2023-07-24-15-01-24.png","contentUrl":"https:\/\/picockpit.com\/raspberry-pi\/wp-content\/uploads\/2023\/07\/Screenshot-from-2023-07-24-15-01-24.png","width":1165,"height":283,"caption":"PiCockpit.com"},"image":{"@id":"https:\/\/picockpit.com\/raspberry-pi\/#\/schema\/logo\/image\/"},"sameAs":["https:\/\/www.facebook.com\/pi3gshop","https:\/\/x.com\/pi3g"]}]}},"_links":{"self":[{"href":"https:\/\/picockpit.com\/raspberry-pi\/sv\/wp-json\/wp\/v2\/pages\/60","targetHints":{"allow":["GET"]}}],"collection":[{"href":"https:\/\/picockpit.com\/raspberry-pi\/sv\/wp-json\/wp\/v2\/pages"}],"about":[{"href":"https:\/\/picockpit.com\/raspberry-pi\/sv\/wp-json\/wp\/v2\/types\/page"}],"author":[{"embeddable":true,"href":"https:\/\/picockpit.com\/raspberry-pi\/sv\/wp-json\/wp\/v2\/users\/2"}],"replies":[{"embeddable":true,"href":"https:\/\/picockpit.com\/raspberry-pi\/sv\/wp-json\/wp\/v2\/comments?post=60"}],"version-history":[{"count":5,"href":"https:\/\/picockpit.com\/raspberry-pi\/sv\/wp-json\/wp\/v2\/pages\/60\/revisions"}],"predecessor-version":[{"id":7183,"href":"https:\/\/picockpit.com\/raspberry-pi\/sv\/wp-json\/wp\/v2\/pages\/60\/revisions\/7183"}],"wp:attachment":[{"href":"https:\/\/picockpit.com\/raspberry-pi\/sv\/wp-json\/wp\/v2\/media?parent=60"}],"curies":[{"name":"wp","href":"https:\/\/api.w.org\/{rel}","templated":true}]}}