{"id":6962,"date":"2024-03-06T18:09:00","date_gmt":"2024-03-06T18:09:00","guid":{"rendered":"https:\/\/picockpit.com\/raspberry-pi\/?page_id=6962"},"modified":"2024-03-19T07:52:49","modified_gmt":"2024-03-19T07:52:49","slug":"video-streaming-app","status":"publish","type":"page","link":"https:\/\/picockpit.com\/raspberry-pi\/sv\/app-for-videostreaming\/","title":{"rendered":"App f\u00f6r videostreaming"},"content":{"rendered":"<figure class=\"wp-block-image size-full\"><img loading=\"lazy\" decoding=\"async\" width=\"1024\" height=\"322\" src=\"https:\/\/picockpit.com\/raspberry-pi\/wp-content\/uploads\/2024\/03\/Video-Streaming-App-PiCockpit.jpg\" alt=\"App f\u00f6r videostreaming Titelbild\" class=\"wp-image-6963\" srcset=\"https:\/\/picockpit.com\/raspberry-pi\/wp-content\/uploads\/2024\/03\/Video-Streaming-App-PiCockpit.jpg 1024w, https:\/\/picockpit.com\/raspberry-pi\/wp-content\/uploads\/2024\/03\/Video-Streaming-App-PiCockpit-300x94.jpg 300w, https:\/\/picockpit.com\/raspberry-pi\/wp-content\/uploads\/2024\/03\/Video-Streaming-App-PiCockpit-768x242.jpg 768w, https:\/\/picockpit.com\/raspberry-pi\/wp-content\/uploads\/2024\/03\/Video-Streaming-App-PiCockpit-18x6.jpg 18w, https:\/\/picockpit.com\/raspberry-pi\/wp-content\/uploads\/2024\/03\/Video-Streaming-App-PiCockpit-24x8.jpg 24w, https:\/\/picockpit.com\/raspberry-pi\/wp-content\/uploads\/2024\/03\/Video-Streaming-App-PiCockpit-36x11.jpg 36w, https:\/\/picockpit.com\/raspberry-pi\/wp-content\/uploads\/2024\/03\/Video-Streaming-App-PiCockpit-48x15.jpg 48w\" sizes=\"auto, (max-width: 1024px) 100vw, 1024px\" \/><\/figure>\n\n\n\n<p>Appen PiCockpit Video Streaming g\u00f6r det m\u00f6jligt att f\u00e5 ett livefl\u00f6de fr\u00e5n din Raspberry Pi-kamera var som helst i v\u00e4rlden. Allt du beh\u00f6ver \u00e4r en internetanslutning.<\/p>\n\n\n\n<h2 class=\"wp-block-heading\">Installation och inst\u00e4llning<\/h2>\n\n\n\n<p>Kontrollera f\u00f6rst att du redan har <a href=\"https:\/\/picockpit.com\/raspberry-pi\/installation-of-picockpit\/\">installerat PiCockpit p\u00e5 din Raspberry Pi<\/a>.<\/p>\n\n\n\n<p>St\u00e4ng av Raspberry Pi och anslut kameran.<\/p>\n\n\n\n<p>Appen Video Streaming fungerar med kameror som ansluts till CSI-portarna (eller MIPI-portarna) och med kameror som ansluts till USB-porten.<\/p>\n\n\n\n<p><\/p>\n\n\n<div class=\"wp-block-image\">\n<figure class=\"aligncenter size-large is-resized\"><img loading=\"lazy\" decoding=\"async\" width=\"1024\" height=\"533\" src=\"https:\/\/picockpit.com\/raspberry-pi\/wp-content\/uploads\/2024\/03\/photo_2024-03-05_11-03-07-1024x533.png\" alt=\"\" class=\"wp-image-6958\" style=\"width:475px\" srcset=\"https:\/\/picockpit.com\/raspberry-pi\/wp-content\/uploads\/2024\/03\/photo_2024-03-05_11-03-07-1024x533.png 1024w, https:\/\/picockpit.com\/raspberry-pi\/wp-content\/uploads\/2024\/03\/photo_2024-03-05_11-03-07-300x156.png 300w, https:\/\/picockpit.com\/raspberry-pi\/wp-content\/uploads\/2024\/03\/photo_2024-03-05_11-03-07-768x400.png 768w, https:\/\/picockpit.com\/raspberry-pi\/wp-content\/uploads\/2024\/03\/photo_2024-03-05_11-03-07-18x9.png 18w, https:\/\/picockpit.com\/raspberry-pi\/wp-content\/uploads\/2024\/03\/photo_2024-03-05_11-03-07-24x12.png 24w, https:\/\/picockpit.com\/raspberry-pi\/wp-content\/uploads\/2024\/03\/photo_2024-03-05_11-03-07-36x19.png 36w, https:\/\/picockpit.com\/raspberry-pi\/wp-content\/uploads\/2024\/03\/photo_2024-03-05_11-03-07-48x25.png 48w, https:\/\/picockpit.com\/raspberry-pi\/wp-content\/uploads\/2024\/03\/photo_2024-03-05_11-03-07.png 1266w\" sizes=\"auto, (max-width: 1024px) 100vw, 1024px\" \/><\/figure>\n<\/div>\n\n\n<p><\/p>\n\n\n\n<p>N\u00e4r du har anslutit kameran kan du sl\u00e5 p\u00e5 Raspberry Pi igen.<\/p>\n\n\n\n<p>Navigera nu till Raspberry Pi Video Streaming App och du b\u00f6r se live-feeden dyka upp i webbgr\u00e4nssnittet.<\/p>\n\n\n\n<p><\/p>\n\n\n<div class=\"wp-block-image\">\n<figure class=\"aligncenter size-large is-resized\"><img loading=\"lazy\" decoding=\"async\" width=\"1024\" height=\"551\" src=\"https:\/\/picockpit.com\/raspberry-pi\/wp-content\/uploads\/2024\/03\/PiCockpit-Camera-1024x551.png\" alt=\"\" class=\"wp-image-6957\" style=\"width:475px\" srcset=\"https:\/\/picockpit.com\/raspberry-pi\/wp-content\/uploads\/2024\/03\/PiCockpit-Camera-1024x551.png 1024w, https:\/\/picockpit.com\/raspberry-pi\/wp-content\/uploads\/2024\/03\/PiCockpit-Camera-300x162.png 300w, https:\/\/picockpit.com\/raspberry-pi\/wp-content\/uploads\/2024\/03\/PiCockpit-Camera-768x414.png 768w, https:\/\/picockpit.com\/raspberry-pi\/wp-content\/uploads\/2024\/03\/PiCockpit-Camera-1536x827.png 1536w, https:\/\/picockpit.com\/raspberry-pi\/wp-content\/uploads\/2024\/03\/PiCockpit-Camera-18x10.png 18w, https:\/\/picockpit.com\/raspberry-pi\/wp-content\/uploads\/2024\/03\/PiCockpit-Camera-24x13.png 24w, https:\/\/picockpit.com\/raspberry-pi\/wp-content\/uploads\/2024\/03\/PiCockpit-Camera-36x19.png 36w, https:\/\/picockpit.com\/raspberry-pi\/wp-content\/uploads\/2024\/03\/PiCockpit-Camera-48x26.png 48w, https:\/\/picockpit.com\/raspberry-pi\/wp-content\/uploads\/2024\/03\/PiCockpit-Camera.png 1907w\" sizes=\"auto, (max-width: 1024px) 100vw, 1024px\" \/><\/figure>\n<\/div>\n\n\n<p><\/p>\n\n\n\n<p>P\u00e5 sk\u00e4rmen visas b\u00e5de kamerans namn och direkts\u00e4ndningen.<\/p>\n\n\n\n<h2 class=\"wp-block-heading\">Flera kameror<\/h2>\n\n\n\n<p>Om du har mer \u00e4n en kamera ansluten kan du v\u00e4lja vilket fl\u00f6de som ska visas. F\u00f6r att g\u00f6ra detta klickar du bara p\u00e5 den bildsk\u00e4rm som du vill visa och den f\u00f6rstorade bildsk\u00e4rmen visas.<\/p>\n\n\n\n<p><\/p>\n\n\n\n<figure class=\"wp-block-image size-large\"><img loading=\"lazy\" decoding=\"async\" width=\"1024\" height=\"510\" src=\"https:\/\/picockpit.com\/raspberry-pi\/wp-content\/uploads\/2024\/03\/image-1024x510.png\" alt=\"\" class=\"wp-image-6970\" srcset=\"https:\/\/picockpit.com\/raspberry-pi\/wp-content\/uploads\/2024\/03\/image-1024x510.png 1024w, https:\/\/picockpit.com\/raspberry-pi\/wp-content\/uploads\/2024\/03\/image-300x149.png 300w, https:\/\/picockpit.com\/raspberry-pi\/wp-content\/uploads\/2024\/03\/image-768x382.png 768w, https:\/\/picockpit.com\/raspberry-pi\/wp-content\/uploads\/2024\/03\/image-1536x764.png 1536w, https:\/\/picockpit.com\/raspberry-pi\/wp-content\/uploads\/2024\/03\/image-18x9.png 18w, https:\/\/picockpit.com\/raspberry-pi\/wp-content\/uploads\/2024\/03\/image-24x12.png 24w, https:\/\/picockpit.com\/raspberry-pi\/wp-content\/uploads\/2024\/03\/image-36x18.png 36w, https:\/\/picockpit.com\/raspberry-pi\/wp-content\/uploads\/2024\/03\/image-48x24.png 48w, https:\/\/picockpit.com\/raspberry-pi\/wp-content\/uploads\/2024\/03\/image.png 1917w\" sizes=\"auto, (max-width: 1024px) 100vw, 1024px\" \/><\/figure>\n\n\n\n<p><\/p>\n\n\n\n<h2 class=\"wp-block-heading\">Gratis vs. Pro-planer<\/h2>\n\n\n\n<p>Om du har en kostnadsfri plan ger appen tillg\u00e5ng till 30 minuters videostreaming \u00f6ver olika kameror per dag. <\/p>\n\n\n\n<p>S\u00e5 om du har tv\u00e5 kameror kommer din livefeed att begr\u00e4nsas till 15 minuter per dag.<\/p>\n\n\n\n<p>Med Pro-planen kan du njuta av obegr\u00e4nsad videostreaming \u00f6ver ett obegr\u00e4nsat antal kameror.<\/p>\n\n\n\n<h2 class=\"wp-block-heading\">S\u00e4kerhet och kryptering<\/h2>\n\n\n\n<p>V\u00e5r app f\u00f6r videostreaming bygger p\u00e5 WebRTC, vilket \u00e4r det s\u00e4tt p\u00e5 vilket anv\u00e4ndarna kan f\u00e5 tillg\u00e5ng till realtidskommunikation i webbl\u00e4saren. <\/p>\n\n\n\n<p>WebRTC anv\u00e4nder tre specifikationer f\u00f6r sin kryptering: Secure Real-Time Protocol (SRTP), s\u00e4kert nyckelutbyte och s\u00e4ker signalering.<\/p>\n\n\n\n<p>Dessutom anv\u00e4nder vi en TURNS-server, d\u00e4r \"S\" st\u00e5r f\u00f6r secure, liknande HTTPS, vilket garanterar samma s\u00e4kerhetsniv\u00e5.<\/p>\n\n\n\n<h2 class=\"wp-block-heading\">Slutsats<\/h2>\n\n\n\n<p>Om du har n\u00e5gra fr\u00e5gor eller st\u00f6ter p\u00e5 problem, tveka inte att kontakta oss s\u00e5 hj\u00e4lper vi dig att f\u00e5 ig\u00e5ng appen f\u00f6r videostreaming!<\/p>\n<div class=\"shariff shariff-align-center shariff-widget-align-left shariff-buttonstretch\"><ul class=\"shariff-buttons theme-white orientation-horizontal buttonsize-medium\"><li class=\"shariff-button twitter shariff-nocustomcolor\" style=\"background-color:#595959\"><a href=\"https:\/\/twitter.com\/share?url=https%3A%2F%2Fpicockpit.com%2Fraspberry-pi%2Fsv%2Fapp-for-videostreaming%2F&text=Video%20Streaming%20App\" title=\"Dela p\u00e5 X\" aria-label=\"Dela p\u00e5 X\" role=\"button\" rel=\"noopener nofollow\" class=\"shariff-link\" style=\"; background-color:#000; color:#000\" target=\"_blank\"><span class=\"shariff-icon\" style=\"fill:#000\"><svg width=\"32px\" height=\"20px\" xmlns=\"http:\/\/www.w3.org\/2000\/svg\" viewbox=\"0 0 24 24\"><path fill=\"#000\" d=\"M14.258 10.152L23.176 0h-2.113l-7.747 8.813L7.133 0H0l9.352 13.328L0 23.973h2.113l8.176-9.309 6.531 9.309h7.133zm-2.895 3.293l-.949-1.328L2.875 1.56h3.246l6.086 8.523.945 1.328 7.91 11.078h-3.246zm0 0\"\/><\/svg><\/span><span class=\"shariff-text\" style=\"color:#000\">dela<\/span>&nbsp;<\/a><\/li><li class=\"shariff-button facebook shariff-nocustomcolor\" style=\"background-color:#4273c8\"><a href=\"https:\/\/www.facebook.com\/sharer\/sharer.php?u=https%3A%2F%2Fpicockpit.com%2Fraspberry-pi%2Fsv%2Fapp-for-videostreaming%2F\" title=\"Dela p\u00e5 Facebook\" aria-label=\"Dela p\u00e5 Facebook\" role=\"button\" rel=\"nofollow\" class=\"shariff-link\" style=\"; background-color:#3b5998; color:#3b5998\" target=\"_blank\"><span class=\"shariff-icon\" style=\"fill:#3b5998\"><svg width=\"32px\" height=\"20px\" xmlns=\"http:\/\/www.w3.org\/2000\/svg\" viewbox=\"0 0 18 32\"><path fill=\"#3b5998\" d=\"M17.1 0.2v4.7h-2.8q-1.5 0-2.1 0.6t-0.5 1.9v3.4h5.2l-0.7 5.3h-4.5v13.6h-5.5v-13.6h-4.5v-5.3h4.5v-3.9q0-3.3 1.9-5.2t5-1.8q2.6 0 4.1 0.2z\"\/><\/svg><\/span><span class=\"shariff-text\" style=\"color:#3b5998\">dela<\/span>&nbsp;<\/a><\/li><li class=\"shariff-button telegram shariff-nocustomcolor\" style=\"background-color:#4084A6\"><a href=\"https:\/\/telegram.me\/share\/url?url=https%3A%2F%2Fpicockpit.com%2Fraspberry-pi%2Fsv%2Fapp-for-videostreaming%2F&text=Video%20Streaming%20App\" title=\"Dela p\u00e5 Telegram\" aria-label=\"Dela p\u00e5 Telegram\" role=\"button\" rel=\"noopener nofollow\" class=\"shariff-link\" style=\"; background-color:#0088cc; color:#0088cc\" target=\"_blank\"><span class=\"shariff-icon\" style=\"fill:#0088cc\"><svg width=\"32px\" height=\"20px\" xmlns=\"http:\/\/www.w3.org\/2000\/svg\" viewbox=\"0 0 32 32\"><path fill=\"#0088cc\" d=\"M30.8 6.5l-4.5 21.4c-.3 1.5-1.2 1.9-2.5 1.2L16.9 24l-3.3 3.2c-.4.4-.7.7-1.4.7l.5-7L25.5 9.2c.6-.5-.1-.8-.9-.3l-15.8 10L2 16.7c-1.5-.5-1.5-1.5.3-2.2L28.9 4.3c1.3-.5 2.3.3 1.9 2.2z\"\/><\/svg><\/span><span class=\"shariff-text\" style=\"color:#0088cc\">dela<\/span>&nbsp;<\/a><\/li><li class=\"shariff-button reddit shariff-nocustomcolor\" style=\"background-color:#ff5700\"><a href=\"https:\/\/www.reddit.com\/submit?url=https%3A%2F%2Fpicockpit.com%2Fraspberry-pi%2Fsv%2Fapp-for-videostreaming%2F\" title=\"Dela p\u00e5 Reddit\" aria-label=\"Dela p\u00e5 Reddit\" role=\"button\" rel=\"noopener nofollow\" class=\"shariff-link\" style=\"; background-color:#ff4500; color:#ff4500\" target=\"_blank\"><span class=\"shariff-icon\" style=\"fill:#ff4500\"><svg xmlns=\"http:\/\/www.w3.org\/2000\/svg\" viewbox=\"0 0 512 512\"><path fill=\"#ff4500\" d=\"M440.3 203.5c-15 0-28.2 6.2-37.9 15.9-35.7-24.7-83.8-40.6-137.1-42.3L293 52.3l88.2 19.8c0 21.6 17.6 39.2 39.2 39.2 22 0 39.7-18.1 39.7-39.7s-17.6-39.7-39.7-39.7c-15.4 0-28.7 9.3-35.3 22l-97.4-21.6c-4.9-1.3-9.7 2.2-11 7.1L246.3 177c-52.9 2.2-100.5 18.1-136.3 42.8-9.7-10.1-23.4-16.3-38.4-16.3-55.6 0-73.8 74.6-22.9 100.1-1.8 7.9-2.6 16.3-2.6 24.7 0 83.8 94.4 151.7 210.3 151.7 116.4 0 210.8-67.9 210.8-151.7 0-8.4-.9-17.2-3.1-25.1 49.9-25.6 31.5-99.7-23.8-99.7zM129.4 308.9c0-22 17.6-39.7 39.7-39.7 21.6 0 39.2 17.6 39.2 39.7 0 21.6-17.6 39.2-39.2 39.2-22 .1-39.7-17.6-39.7-39.2zm214.3 93.5c-36.4 36.4-139.1 36.4-175.5 0-4-3.5-4-9.7 0-13.7 3.5-3.5 9.7-3.5 13.2 0 27.8 28.5 120 29 149 0 3.5-3.5 9.7-3.5 13.2 0 4.1 4 4.1 10.2.1 13.7zm-.8-54.2c-21.6 0-39.2-17.6-39.2-39.2 0-22 17.6-39.7 39.2-39.7 22 0 39.7 17.6 39.7 39.7-.1 21.5-17.7 39.2-39.7 39.2z\"\/><\/svg><\/span><span class=\"shariff-text\" style=\"color:#ff4500\">dela<\/span>&nbsp;<\/a><\/li><\/ul><\/div>","protected":false},"excerpt":{"rendered":"<p>Appen PiCockpit Video Streaming g\u00f6r det m\u00f6jligt att f\u00e5 ett livefl\u00f6de fr\u00e5n din Raspberry Pi-kamera var som helst i v\u00e4rlden. Allt du beh\u00f6ver \u00e4r en internetanslutning. Installation och inst\u00e4llningar Kontrollera f\u00f6rst att du redan har installerat PiCockpit p\u00e5 din Raspberry Pi. St\u00e4ng av din Raspberry Pi och anslut kameran. Den...<\/p>","protected":false},"author":2,"featured_media":6963,"parent":0,"menu_order":0,"comment_status":"closed","ping_status":"closed","template":"","meta":{"footnotes":""},"class_list":["post-6962","page","type-page","status-publish","has-post-thumbnail","hentry"],"yoast_head":"<!-- This site is optimized with the Yoast SEO plugin v27.6 - https:\/\/yoast.com\/product\/yoast-seo-wordpress\/ -->\n<title>Video Streaming App | PiCockpit<\/title>\n<meta name=\"description\" content=\"This page has the documentation for the PiCockpit Video Streaming App, which enables users to stream video from their Raspberry Pi.\" \/>\n<meta name=\"robots\" content=\"index, follow, max-snippet:-1, max-image-preview:large, max-video-preview:-1\" \/>\n<link rel=\"canonical\" href=\"https:\/\/picockpit.com\/raspberry-pi\/sv\/app-for-videostreaming\/\" \/>\n<meta property=\"og:locale\" content=\"sv_SE\" \/>\n<meta property=\"og:type\" content=\"article\" \/>\n<meta property=\"og:title\" content=\"Video Streaming App | PiCockpit\" \/>\n<meta property=\"og:description\" content=\"This page has the documentation for the PiCockpit Video Streaming App, which enables users to stream video from their Raspberry Pi.\" \/>\n<meta property=\"og:url\" content=\"https:\/\/picockpit.com\/raspberry-pi\/sv\/app-for-videostreaming\/\" \/>\n<meta property=\"og:site_name\" content=\"PiCockpit\" \/>\n<meta property=\"article:publisher\" content=\"https:\/\/www.facebook.com\/pi3gshop\" \/>\n<meta property=\"article:modified_time\" content=\"2024-03-19T07:52:49+00:00\" \/>\n<meta property=\"og:image\" content=\"https:\/\/picockpit.com\/raspberry-pi\/wp-content\/uploads\/2024\/03\/Video-Streaming-App-PiCockpit.jpg\" \/>\n\t<meta property=\"og:image:width\" content=\"1024\" \/>\n\t<meta property=\"og:image:height\" content=\"322\" \/>\n\t<meta property=\"og:image:type\" content=\"image\/jpeg\" \/>\n<meta name=\"twitter:card\" content=\"summary_large_image\" \/>\n<meta name=\"twitter:site\" content=\"@pi3g\" \/>\n<meta name=\"twitter:label1\" content=\"Ber\u00e4knad l\u00e4stid\" \/>\n\t<meta name=\"twitter:data1\" content=\"3 minuter\" \/>\n<script type=\"application\/ld+json\" class=\"yoast-schema-graph\">{\"@context\":\"https:\\\/\\\/schema.org\",\"@graph\":[{\"@type\":\"WebPage\",\"@id\":\"https:\\\/\\\/picockpit.com\\\/raspberry-pi\\\/video-streaming-app\\\/\",\"url\":\"https:\\\/\\\/picockpit.com\\\/raspberry-pi\\\/video-streaming-app\\\/\",\"name\":\"Video Streaming App | PiCockpit\",\"isPartOf\":{\"@id\":\"https:\\\/\\\/picockpit.com\\\/raspberry-pi\\\/#website\"},\"primaryImageOfPage\":{\"@id\":\"https:\\\/\\\/picockpit.com\\\/raspberry-pi\\\/video-streaming-app\\\/#primaryimage\"},\"image\":{\"@id\":\"https:\\\/\\\/picockpit.com\\\/raspberry-pi\\\/video-streaming-app\\\/#primaryimage\"},\"thumbnailUrl\":\"https:\\\/\\\/picockpit.com\\\/raspberry-pi\\\/wp-content\\\/uploads\\\/2024\\\/03\\\/Video-Streaming-App-PiCockpit.jpg\",\"datePublished\":\"2024-03-06T18:09:00+00:00\",\"dateModified\":\"2024-03-19T07:52:49+00:00\",\"description\":\"This page has the documentation for the PiCockpit Video Streaming App, which enables users to stream video from their Raspberry Pi.\",\"breadcrumb\":{\"@id\":\"https:\\\/\\\/picockpit.com\\\/raspberry-pi\\\/video-streaming-app\\\/#breadcrumb\"},\"inLanguage\":\"sv-SE\",\"potentialAction\":[{\"@type\":\"ReadAction\",\"target\":[\"https:\\\/\\\/picockpit.com\\\/raspberry-pi\\\/video-streaming-app\\\/\"]}]},{\"@type\":\"ImageObject\",\"inLanguage\":\"sv-SE\",\"@id\":\"https:\\\/\\\/picockpit.com\\\/raspberry-pi\\\/video-streaming-app\\\/#primaryimage\",\"url\":\"https:\\\/\\\/picockpit.com\\\/raspberry-pi\\\/wp-content\\\/uploads\\\/2024\\\/03\\\/Video-Streaming-App-PiCockpit.jpg\",\"contentUrl\":\"https:\\\/\\\/picockpit.com\\\/raspberry-pi\\\/wp-content\\\/uploads\\\/2024\\\/03\\\/Video-Streaming-App-PiCockpit.jpg\",\"width\":1024,\"height\":322,\"caption\":\"Video Streaming App Title Image\"},{\"@type\":\"BreadcrumbList\",\"@id\":\"https:\\\/\\\/picockpit.com\\\/raspberry-pi\\\/video-streaming-app\\\/#breadcrumb\",\"itemListElement\":[{\"@type\":\"ListItem\",\"position\":1,\"name\":\"Home\",\"item\":\"https:\\\/\\\/picockpit.com\\\/raspberry-pi\\\/\"},{\"@type\":\"ListItem\",\"position\":2,\"name\":\"Video Streaming App\"}]},{\"@type\":\"WebSite\",\"@id\":\"https:\\\/\\\/picockpit.com\\\/raspberry-pi\\\/#website\",\"url\":\"https:\\\/\\\/picockpit.com\\\/raspberry-pi\\\/\",\"name\":\"PiCockpit\",\"description\":\"\",\"publisher\":{\"@id\":\"https:\\\/\\\/picockpit.com\\\/raspberry-pi\\\/#organization\"},\"potentialAction\":[{\"@type\":\"SearchAction\",\"target\":{\"@type\":\"EntryPoint\",\"urlTemplate\":\"https:\\\/\\\/picockpit.com\\\/raspberry-pi\\\/?s={search_term_string}\"},\"query-input\":{\"@type\":\"PropertyValueSpecification\",\"valueRequired\":true,\"valueName\":\"search_term_string\"}}],\"inLanguage\":\"sv-SE\"},{\"@type\":\"Organization\",\"@id\":\"https:\\\/\\\/picockpit.com\\\/raspberry-pi\\\/#organization\",\"name\":\"PiCockpit.com\",\"url\":\"https:\\\/\\\/picockpit.com\\\/raspberry-pi\\\/\",\"logo\":{\"@type\":\"ImageObject\",\"inLanguage\":\"sv-SE\",\"@id\":\"https:\\\/\\\/picockpit.com\\\/raspberry-pi\\\/#\\\/schema\\\/logo\\\/image\\\/\",\"url\":\"https:\\\/\\\/picockpit.com\\\/raspberry-pi\\\/wp-content\\\/uploads\\\/2023\\\/07\\\/Screenshot-from-2023-07-24-15-01-24.png\",\"contentUrl\":\"https:\\\/\\\/picockpit.com\\\/raspberry-pi\\\/wp-content\\\/uploads\\\/2023\\\/07\\\/Screenshot-from-2023-07-24-15-01-24.png\",\"width\":1165,\"height\":283,\"caption\":\"PiCockpit.com\"},\"image\":{\"@id\":\"https:\\\/\\\/picockpit.com\\\/raspberry-pi\\\/#\\\/schema\\\/logo\\\/image\\\/\"},\"sameAs\":[\"https:\\\/\\\/www.facebook.com\\\/pi3gshop\",\"https:\\\/\\\/x.com\\\/pi3g\"]}]}<\/script>\n<!-- \/ Yoast SEO plugin. -->","yoast_head_json":{"title":"App f\u00f6r videostreaming | PiCockpit","description":"P\u00e5 den h\u00e4r sidan finns dokumentationen f\u00f6r appen PiCockpit Video Streaming, som g\u00f6r det m\u00f6jligt f\u00f6r anv\u00e4ndare att str\u00f6mma video fr\u00e5n sin Raspberry Pi.","robots":{"index":"index","follow":"follow","max-snippet":"max-snippet:-1","max-image-preview":"max-image-preview:large","max-video-preview":"max-video-preview:-1"},"canonical":"https:\/\/picockpit.com\/raspberry-pi\/sv\/app-for-videostreaming\/","og_locale":"sv_SE","og_type":"article","og_title":"Video Streaming App | PiCockpit","og_description":"This page has the documentation for the PiCockpit Video Streaming App, which enables users to stream video from their Raspberry Pi.","og_url":"https:\/\/picockpit.com\/raspberry-pi\/sv\/app-for-videostreaming\/","og_site_name":"PiCockpit","article_publisher":"https:\/\/www.facebook.com\/pi3gshop","article_modified_time":"2024-03-19T07:52:49+00:00","og_image":[{"width":1024,"height":322,"url":"https:\/\/picockpit.com\/raspberry-pi\/wp-content\/uploads\/2024\/03\/Video-Streaming-App-PiCockpit.jpg","type":"image\/jpeg"}],"twitter_card":"summary_large_image","twitter_site":"@pi3g","twitter_misc":{"Ber\u00e4knad l\u00e4stid":"3 minuter"},"schema":{"@context":"https:\/\/schema.org","@graph":[{"@type":"WebPage","@id":"https:\/\/picockpit.com\/raspberry-pi\/video-streaming-app\/","url":"https:\/\/picockpit.com\/raspberry-pi\/video-streaming-app\/","name":"App f\u00f6r videostreaming | PiCockpit","isPartOf":{"@id":"https:\/\/picockpit.com\/raspberry-pi\/#website"},"primaryImageOfPage":{"@id":"https:\/\/picockpit.com\/raspberry-pi\/video-streaming-app\/#primaryimage"},"image":{"@id":"https:\/\/picockpit.com\/raspberry-pi\/video-streaming-app\/#primaryimage"},"thumbnailUrl":"https:\/\/picockpit.com\/raspberry-pi\/wp-content\/uploads\/2024\/03\/Video-Streaming-App-PiCockpit.jpg","datePublished":"2024-03-06T18:09:00+00:00","dateModified":"2024-03-19T07:52:49+00:00","description":"P\u00e5 den h\u00e4r sidan finns dokumentationen f\u00f6r appen PiCockpit Video Streaming, som g\u00f6r det m\u00f6jligt f\u00f6r anv\u00e4ndare att str\u00f6mma video fr\u00e5n sin Raspberry Pi.","breadcrumb":{"@id":"https:\/\/picockpit.com\/raspberry-pi\/video-streaming-app\/#breadcrumb"},"inLanguage":"sv-SE","potentialAction":[{"@type":"ReadAction","target":["https:\/\/picockpit.com\/raspberry-pi\/video-streaming-app\/"]}]},{"@type":"ImageObject","inLanguage":"sv-SE","@id":"https:\/\/picockpit.com\/raspberry-pi\/video-streaming-app\/#primaryimage","url":"https:\/\/picockpit.com\/raspberry-pi\/wp-content\/uploads\/2024\/03\/Video-Streaming-App-PiCockpit.jpg","contentUrl":"https:\/\/picockpit.com\/raspberry-pi\/wp-content\/uploads\/2024\/03\/Video-Streaming-App-PiCockpit.jpg","width":1024,"height":322,"caption":"Video Streaming App Title Image"},{"@type":"BreadcrumbList","@id":"https:\/\/picockpit.com\/raspberry-pi\/video-streaming-app\/#breadcrumb","itemListElement":[{"@type":"ListItem","position":1,"name":"Home","item":"https:\/\/picockpit.com\/raspberry-pi\/"},{"@type":"ListItem","position":2,"name":"Video Streaming App"}]},{"@type":"WebSite","@id":"https:\/\/picockpit.com\/raspberry-pi\/#website","url":"https:\/\/picockpit.com\/raspberry-pi\/","name":"PiCockpit","description":"","publisher":{"@id":"https:\/\/picockpit.com\/raspberry-pi\/#organization"},"potentialAction":[{"@type":"SearchAction","target":{"@type":"EntryPoint","urlTemplate":"https:\/\/picockpit.com\/raspberry-pi\/?s={search_term_string}"},"query-input":{"@type":"PropertyValueSpecification","valueRequired":true,"valueName":"search_term_string"}}],"inLanguage":"sv-SE"},{"@type":"Organization","@id":"https:\/\/picockpit.com\/raspberry-pi\/#organization","name":"PiCockpit.com","url":"https:\/\/picockpit.com\/raspberry-pi\/","logo":{"@type":"ImageObject","inLanguage":"sv-SE","@id":"https:\/\/picockpit.com\/raspberry-pi\/#\/schema\/logo\/image\/","url":"https:\/\/picockpit.com\/raspberry-pi\/wp-content\/uploads\/2023\/07\/Screenshot-from-2023-07-24-15-01-24.png","contentUrl":"https:\/\/picockpit.com\/raspberry-pi\/wp-content\/uploads\/2023\/07\/Screenshot-from-2023-07-24-15-01-24.png","width":1165,"height":283,"caption":"PiCockpit.com"},"image":{"@id":"https:\/\/picockpit.com\/raspberry-pi\/#\/schema\/logo\/image\/"},"sameAs":["https:\/\/www.facebook.com\/pi3gshop","https:\/\/x.com\/pi3g"]}]}},"_links":{"self":[{"href":"https:\/\/picockpit.com\/raspberry-pi\/sv\/wp-json\/wp\/v2\/pages\/6962","targetHints":{"allow":["GET"]}}],"collection":[{"href":"https:\/\/picockpit.com\/raspberry-pi\/sv\/wp-json\/wp\/v2\/pages"}],"about":[{"href":"https:\/\/picockpit.com\/raspberry-pi\/sv\/wp-json\/wp\/v2\/types\/page"}],"author":[{"embeddable":true,"href":"https:\/\/picockpit.com\/raspberry-pi\/sv\/wp-json\/wp\/v2\/users\/2"}],"replies":[{"embeddable":true,"href":"https:\/\/picockpit.com\/raspberry-pi\/sv\/wp-json\/wp\/v2\/comments?post=6962"}],"version-history":[{"count":4,"href":"https:\/\/picockpit.com\/raspberry-pi\/sv\/wp-json\/wp\/v2\/pages\/6962\/revisions"}],"predecessor-version":[{"id":7049,"href":"https:\/\/picockpit.com\/raspberry-pi\/sv\/wp-json\/wp\/v2\/pages\/6962\/revisions\/7049"}],"wp:featuredmedia":[{"embeddable":true,"href":"https:\/\/picockpit.com\/raspberry-pi\/sv\/wp-json\/wp\/v2\/media\/6963"}],"wp:attachment":[{"href":"https:\/\/picockpit.com\/raspberry-pi\/sv\/wp-json\/wp\/v2\/media?parent=6962"}],"curies":[{"name":"wp","href":"https:\/\/api.w.org\/{rel}","templated":true}]}}